{"id":9350,"date":"2025-06-14T03:55:12","date_gmt":"2025-06-14T03:55:12","guid":{"rendered":"https:\/\/jinhuaceramic.com\/?post_type=product&#038;p=9350"},"modified":"2025-06-14T03:55:13","modified_gmt":"2025-06-14T03:55:13","slug":"empty-candle-jars-bulk","status":"publish","type":"product","link":"https:\/\/jinhuaceramic.com\/de\/product\/empty-candle-jars-bulk\/","title":{"rendered":"Keramische gepr\u00e4gte leere Kerze Gl\u00e4ser Bulk mit benutzerdefinierten Logo"},"content":{"rendered":"<div class=\"wp-block-columns is-layout-flex wp-container-core-columns-is-layout-9d6595d7 wp-block-columns-is-layout-flex\">\n<div class=\"wp-block-column is-layout-flow wp-block-column-is-layout-flow\">\n<h3 class=\"wp-block-heading\">Premium Leere Kerzengl\u00e4ser Bulk Eigenschaften:<\/h3>\n\n\n\n<ul class=\"wp-block-list\">\n<li><strong>Elegantes Design: <\/strong>Das Gesamtdesign dieser leeren Kerzengl\u00e4ser ist raffiniert und minimalistisch mit glatten Linien. Die Pr\u00e4gung Designs auf den Gl\u00e4sern sind zart und klar, die die gro\u00dfe Handwerkskunst widerspiegelt, hat eine traditionelle k\u00fcnstlerische Atmosph\u00e4re, und kann perfekt in jede Art von Haus Stil platziert werden.<\/li>\n\n\n\n<li><strong>Weiche Farben: <\/strong>Diese Gro\u00dfhandelskerzengef\u00e4\u00dfe sind in einer Vielzahl von sanften Farben erh\u00e4ltlich: Beige, Hellgrau, Schwarz und Wei\u00df. Diese wenig ges\u00e4ttigten Farbt\u00f6ne k\u00f6nnen ein Gef\u00fchl von Luxus in der Umgebung vermitteln. Die Verbraucher k\u00f6nnen je nach Stil und Wohnkultur w\u00e4hlen.<\/li>\n\n\n\n<li><strong>Hochwertiges Material: <\/strong>Diese leeren Kerzengl\u00e4ser werden aus hochwertigem Keramikmaterial hergestellt und bei hoher Temperatur gebrannt. Daher haben sie eine hohe H\u00e4rte und gute Hitzebest\u00e4ndigkeit. Sie k\u00f6nnen die Hitze von brennenden Kerzen aushalten und sind nicht leicht zu brechen.<\/li>\n\n\n\n<li><strong>Wiederverwendbar und umweltfreundlich:<\/strong> Diese exquisiten Kerzengef\u00e4\u00dfe f\u00fcr den Gro\u00dfhandel k\u00f6nnen wiederverwendet werden, was dem Konzept der nachhaltigen Entwicklung besser entspricht als Kerzengl\u00e4ser aus Metall und die Verwendung von Einwegbeh\u00e4ltern reduziert. Wenn die Kerzen ausgebrannt sind, k\u00f6nnen diese Kerzengef\u00e4\u00dfe gereinigt und als Stifthalter, Aufbewahrungsgef\u00e4\u00dfe oder kleine Vasen usw. verwendet werden.<\/li>\n<\/ul>\n<\/div>\n\n\n\n<div class=\"wp-block-column is-layout-flow wp-block-column-is-layout-flow\">\n<figure class=\"wp-block-image size-full\"><img fetchpriority=\"high\" decoding=\"async\" width=\"750\" height=\"750\" src=\"https:\/\/jinhuaceramic.com\/wp-content\/uploads\/2025\/06\/Bulk-Embossed-Candle-Jar-with-Custom-Logo-Wholesale-Candle-Container-3.webp\" alt=\"Keramische gepr\u00e4gte leere Kerze Gl\u00e4ser Bulk mit benutzerdefinierten Logo-1\" class=\"wp-image-9352\" srcset=\"https:\/\/jinhuaceramic.com\/wp-content\/uploads\/2025\/06\/Bulk-Embossed-Candle-Jar-with-Custom-Logo-Wholesale-Candle-Container-3.webp 750w, https:\/\/jinhuaceramic.com\/wp-content\/uploads\/2025\/06\/Bulk-Embossed-Candle-Jar-with-Custom-Logo-Wholesale-Candle-Container-3-300x300.webp 300w, https:\/\/jinhuaceramic.com\/wp-content\/uploads\/2025\/06\/Bulk-Embossed-Candle-Jar-with-Custom-Logo-Wholesale-Candle-Container-3-150x150.webp 150w, https:\/\/jinhuaceramic.com\/wp-content\/uploads\/2025\/06\/Bulk-Embossed-Candle-Jar-with-Custom-Logo-Wholesale-Candle-Container-3-12x12.webp 12w, https:\/\/jinhuaceramic.com\/wp-content\/uploads\/2025\/06\/Bulk-Embossed-Candle-Jar-with-Custom-Logo-Wholesale-Candle-Container-3-285x285.webp 285w, https:\/\/jinhuaceramic.com\/wp-content\/uploads\/2025\/06\/Bulk-Embossed-Candle-Jar-with-Custom-Logo-Wholesale-Candle-Container-3-270x270.webp 270w, https:\/\/jinhuaceramic.com\/wp-content\/uploads\/2025\/06\/Bulk-Embossed-Candle-Jar-with-Custom-Logo-Wholesale-Candle-Container-3-540x540.webp 540w, https:\/\/jinhuaceramic.com\/wp-content\/uploads\/2025\/06\/Bulk-Embossed-Candle-Jar-with-Custom-Logo-Wholesale-Candle-Container-3-660x660.webp 660w\" sizes=\"(max-width: 750px) 100vw, 750px\" \/><\/figure>\n<\/div>\n<\/div>","protected":false},"excerpt":{"rendered":"<p>Willkommen im Gro\u00dfhandel Kerzengef\u00e4\u00dfe zu kaufen. Diese leere Kerze Gl\u00e4ser bulk sind aus hochwertigen keramischen Materialien, die exquisite Relief, verschiedene Farben und recycelbaren Designs machen sie High-End-Heim Ornamente, die die Umwelt schm\u00fccken kann und spiegeln die Besitzer ausgezeichneten Geschmack.<\/p>","protected":false},"featured_media":9357,"comment_status":"closed","ping_status":"closed","template":"","meta":{"_acf_changed":false},"product_brand":[],"product_cat":[52],"product_tag":[66],"class_list":{"0":"post-9350","1":"product","2":"type-product","3":"status-publish","4":"has-post-thumbnail","6":"product_cat-wholesale-candle-containers","7":"product_tag-candle-jars-wholesale","9":"first","10":"instock","11":"shipping-taxable","12":"product-type-simple"},"acf":[],"_links":{"self":[{"href":"https:\/\/jinhuaceramic.com\/de\/wp-json\/wp\/v2\/product\/9350","targetHints":{"allow":["GET"]}}],"collection":[{"href":"https:\/\/jinhuaceramic.com\/de\/wp-json\/wp\/v2\/product"}],"about":[{"href":"https:\/\/jinhuaceramic.com\/de\/wp-json\/wp\/v2\/types\/product"}],"replies":[{"embeddable":true,"href":"https:\/\/jinhuaceramic.com\/de\/wp-json\/wp\/v2\/comments?post=9350"}],"version-history":[{"count":0,"href":"https:\/\/jinhuaceramic.com\/de\/wp-json\/wp\/v2\/product\/9350\/revisions"}],"wp:featuredmedia":[{"embeddable":true,"href":"https:\/\/jinhuaceramic.com\/de\/wp-json\/wp\/v2\/media\/9357"}],"wp:attachment":[{"href":"https:\/\/jinhuaceramic.com\/de\/wp-json\/wp\/v2\/media?parent=9350"}],"wp:term":[{"taxonomy":"product_brand","embeddable":true,"href":"https:\/\/jinhuaceramic.com\/de\/wp-json\/wp\/v2\/product_brand?post=9350"},{"taxonomy":"product_cat","embeddable":true,"href":"https:\/\/jinhuaceramic.com\/de\/wp-json\/wp\/v2\/product_cat?post=9350"},{"taxonomy":"product_tag","embeddable":true,"href":"https:\/\/jinhuaceramic.com\/de\/wp-json\/wp\/v2\/product_tag?post=9350"}],"curies":[{"name":"wp","href":"https:\/\/api.w.org\/{rel}","templated":true}]}}