{"id":9369,"date":"2025-06-17T01:50:10","date_gmt":"2025-06-17T01:50:10","guid":{"rendered":"https:\/\/jinhuaceramic.com\/?post_type=product&#038;p=9369"},"modified":"2025-06-17T01:50:12","modified_gmt":"2025-06-17T01:50:12","slug":"grey-bathroom-set-wholesale","status":"publish","type":"product","link":"https:\/\/jinhuaceramic.com\/de\/product\/grey-bathroom-set-wholesale\/","title":{"rendered":"Minimalistisches graues Badezimmer-Set Gro\u00dfhandel, benutzerdefinierte keramische Badezimmer-Accessoires"},"content":{"rendered":"<div class=\"wp-block-columns is-layout-flex wp-container-core-columns-is-layout-9d6595d7 wp-block-columns-is-layout-flex\">\n<div class=\"wp-block-column is-layout-flow wp-block-column-is-layout-flow\">\n<h3 class=\"wp-block-heading\">Premium Grey Bathroom Set Gro\u00dfhandel Eigenschaften:<\/h3>\n\n\n\n<ul class=\"wp-block-list\">\n<li><strong>Hochwertige Materialien:<\/strong> F\u00fcr dieses graue Badezimmerset im Gro\u00dfhandel wird hochwertige Keramik verwendet, die verformungs- und alterungsbest\u00e4ndig ist. Die wasserdichte und feuchtigkeitsbest\u00e4ndige Keramikoberfl\u00e4che ist perfekt f\u00fcr dampfende Badezimmer geeignet.<\/li>\n\n\n\n<li><strong>Minimalistisches Design:<\/strong> Dieses graue Badezimmerset im Gro\u00dfhandel zeichnet sich durch seine schlichte Form aus, und mit der hellgrauen, matten Oberfl\u00e4che l\u00e4sst es sich leicht integrieren. Die matte Oberfl\u00e4che ist weniger auff\u00e4llig und dezenter als die gl\u00e4nzende Oberfl\u00e4che und l\u00e4sst sich leicht in die meisten Badezimmerdekorationen integrieren, um eine saubere und ruhige Atmosph\u00e4re zu schaffen. Der schwarze Pumpenkopf dieses Seifenspenders verleiht dem Produkt einen Hauch von Modernit\u00e4t.<\/li>\n\n\n\n<li><strong>Praktikabilit\u00e4t: <\/strong>Praktisch: Das individuell gestaltete Keramikset f\u00fcr das Badezimmer besteht aus einem Zahnb\u00fcrstenhalter, einem Mundwasserbecher, einem Seifenspender und einem Wattest\u00e4bchenglas mit Deckel, in dem die t\u00e4glichen Badutensilien aufbewahrt werden k\u00f6nnen, um eine saubere und organisierte Arbeitsfl\u00e4che zu erhalten.<\/li>\n\n\n\n<li><strong>Vielseitigkeit: <\/strong>All diese kundenspezifischen Keramik-Badezimmer-Accessoires sind flexibel und k\u00f6nnen in allen m\u00f6glichen Situationen eingesetzt werden, nicht nur zu Hause, sondern auch in Gesch\u00e4ftsr\u00e4umen wie Hotels und Wohnungen. Sie sind auch geeignet, um als Geschenk im Falle einer Einweihung oder als Einweihungsgeschenk an Freunde, die Haus Dekorationen sch\u00e4tzen ausgetauscht werden.<\/li>\n<\/ul>\n<\/div>\n\n\n\n<div class=\"wp-block-column is-layout-flow wp-block-column-is-layout-flow\">\n<figure class=\"wp-block-image size-full\"><img fetchpriority=\"high\" decoding=\"async\" width=\"2000\" height=\"2000\" src=\"https:\/\/jinhuaceramic.com\/wp-content\/uploads\/2025\/06\/Minimalist-Grey-Bathroom-Set-Ceramic-Bathroom-Accessories-Wholesale-5.webp\" alt=\"Minimalistisches-graues-Badezimmer-Set-Gro\u00dfhandel-individuelles-Keramik-Badezimmer-Zubeh\u00f6r-5\" class=\"wp-image-9373\" srcset=\"https:\/\/jinhuaceramic.com\/wp-content\/uploads\/2025\/06\/Minimalist-Grey-Bathroom-Set-Ceramic-Bathroom-Accessories-Wholesale-5.webp 2000w, https:\/\/jinhuaceramic.com\/wp-content\/uploads\/2025\/06\/Minimalist-Grey-Bathroom-Set-Ceramic-Bathroom-Accessories-Wholesale-5-300x300.webp 300w, https:\/\/jinhuaceramic.com\/wp-content\/uploads\/2025\/06\/Minimalist-Grey-Bathroom-Set-Ceramic-Bathroom-Accessories-Wholesale-5-150x150.webp 150w, https:\/\/jinhuaceramic.com\/wp-content\/uploads\/2025\/06\/Minimalist-Grey-Bathroom-Set-Ceramic-Bathroom-Accessories-Wholesale-5-768x768.webp 768w, https:\/\/jinhuaceramic.com\/wp-content\/uploads\/2025\/06\/Minimalist-Grey-Bathroom-Set-Ceramic-Bathroom-Accessories-Wholesale-5-12x12.webp 12w, https:\/\/jinhuaceramic.com\/wp-content\/uploads\/2025\/06\/Minimalist-Grey-Bathroom-Set-Ceramic-Bathroom-Accessories-Wholesale-5-285x285.webp 285w, https:\/\/jinhuaceramic.com\/wp-content\/uploads\/2025\/06\/Minimalist-Grey-Bathroom-Set-Ceramic-Bathroom-Accessories-Wholesale-5-1600x1600.webp 1600w, https:\/\/jinhuaceramic.com\/wp-content\/uploads\/2025\/06\/Minimalist-Grey-Bathroom-Set-Ceramic-Bathroom-Accessories-Wholesale-5-270x270.webp 270w, https:\/\/jinhuaceramic.com\/wp-content\/uploads\/2025\/06\/Minimalist-Grey-Bathroom-Set-Ceramic-Bathroom-Accessories-Wholesale-5-540x540.webp 540w, https:\/\/jinhuaceramic.com\/wp-content\/uploads\/2025\/06\/Minimalist-Grey-Bathroom-Set-Ceramic-Bathroom-Accessories-Wholesale-5-660x660.webp 660w\" sizes=\"(max-width: 2000px) 100vw, 2000px\" \/><\/figure>\n<\/div>\n<\/div>\n\n\n\n<p><\/p>","protected":false},"excerpt":{"rendered":"<p>Willkommen zum Kauf unserer grauen Bad-Set Gro\u00dfhandel. Diese benutzerdefinierte Keramik Bad-Accessoires haben einen einfachen und modischen Look und eine ausgewogene und einheitliche Farbe, die das Gesamtbild des Badezimmers verbessern k\u00f6nnen. Die Qualit\u00e4t keramischen Materialien und komplette Reihe von Zubeh\u00f6r sind funktional. Durch die Verschmelzung von Funktionalit\u00e4t und Sch\u00f6nheit, k\u00f6nnen diese Bad-Sets in verschiedenen Umst\u00e4nden verwendet werden.<\/p>","protected":false},"featured_media":9376,"comment_status":"closed","ping_status":"closed","template":"","meta":{"_acf_changed":false},"product_brand":[],"product_cat":[51],"product_tag":[74],"class_list":{"0":"post-9369","1":"product","2":"type-product","3":"status-publish","4":"has-post-thumbnail","6":"product_cat-bathroom-accessories-wholesale","7":"product_tag-ceramic-bath-accessories-wholesale","9":"first","10":"instock","11":"shipping-taxable","12":"product-type-simple"},"acf":[],"_links":{"self":[{"href":"https:\/\/jinhuaceramic.com\/de\/wp-json\/wp\/v2\/product\/9369","targetHints":{"allow":["GET"]}}],"collection":[{"href":"https:\/\/jinhuaceramic.com\/de\/wp-json\/wp\/v2\/product"}],"about":[{"href":"https:\/\/jinhuaceramic.com\/de\/wp-json\/wp\/v2\/types\/product"}],"replies":[{"embeddable":true,"href":"https:\/\/jinhuaceramic.com\/de\/wp-json\/wp\/v2\/comments?post=9369"}],"version-history":[{"count":0,"href":"https:\/\/jinhuaceramic.com\/de\/wp-json\/wp\/v2\/product\/9369\/revisions"}],"wp:featuredmedia":[{"embeddable":true,"href":"https:\/\/jinhuaceramic.com\/de\/wp-json\/wp\/v2\/media\/9376"}],"wp:attachment":[{"href":"https:\/\/jinhuaceramic.com\/de\/wp-json\/wp\/v2\/media?parent=9369"}],"wp:term":[{"taxonomy":"product_brand","embeddable":true,"href":"https:\/\/jinhuaceramic.com\/de\/wp-json\/wp\/v2\/product_brand?post=9369"},{"taxonomy":"product_cat","embeddable":true,"href":"https:\/\/jinhuaceramic.com\/de\/wp-json\/wp\/v2\/product_cat?post=9369"},{"taxonomy":"product_tag","embeddable":true,"href":"https:\/\/jinhuaceramic.com\/de\/wp-json\/wp\/v2\/product_tag?post=9369"}],"curies":[{"name":"wp","href":"https:\/\/api.w.org\/{rel}","templated":true}]}}