{"id":9441,"date":"2025-06-28T02:13:42","date_gmt":"2025-06-28T02:13:42","guid":{"rendered":"https:\/\/jinhuaceramic.com\/?post_type=product&#038;p=9441"},"modified":"2025-06-28T02:13:44","modified_gmt":"2025-06-28T02:13:44","slug":"wholesale-vessels-for-candles","status":"publish","type":"product","link":"https:\/\/jinhuaceramic.com\/de\/product\/wholesale-vessels-for-candles\/","title":{"rendered":"K\u00fcnstlerische Gro\u00dfhandel Gef\u00e4\u00dfe f\u00fcr Kerzen, einzigartige Kerze Jars"},"content":{"rendered":"<div class=\"wp-block-columns is-layout-flex wp-container-core-columns-is-layout-9d6595d7 wp-block-columns-is-layout-flex\">\n<div class=\"wp-block-column is-layout-flow wp-block-column-is-layout-flow\">\n<h3 class=\"wp-block-heading\">Premium-Gro\u00dfhandel Gef\u00e4\u00dfe f\u00fcr Kerzen Merkmale:<\/h3>\n\n\n\n<ul class=\"wp-block-list\">\n<li><strong>Blase Textur: <\/strong>Die Oberfl\u00e4chen dieser Gro\u00dfhandelsgef\u00e4\u00dfe f\u00fcr Kerzen sind gleichm\u00e4\u00dfig mit dreidimensionalen kreisf\u00f6rmigen \"Blasen\"-Reliefs versehen. Dieses einzigartige Design durchbricht die Monotonie der traditionellen glatten Gef\u00e4\u00dfe, erh\u00f6ht das visuelle Interesse und die Haptik und vermittelt den Menschen ein lebendiges und sch\u00f6nes Gef\u00fchl.<\/li>\n\n\n\n<li><strong>Sanfte Farben: <\/strong>Diese einzigartigen Kerzengl\u00e4ser sind in den Farben Rosa und Wei\u00df erh\u00e4ltlich und lassen sich leicht in die meisten Einrichtungsstile integrieren, z. B. in den modernen oder nordischen Stil, um eine warme, entspannende und friedliche Atmosph\u00e4re zu schaffen.<\/li>\n\n\n\n<li><strong>Hochwertiges Material:<\/strong> Diese Gro\u00dfhandelskerzengl\u00e4ser sind aus hochwertigem Keramikmaterial hergestellt, das bei hohen Temperaturen gebrannt wird, hitzebest\u00e4ndig ist und die Temperatur der brennenden Kerzenflamme aushalten kann. Das Material ist dick und hat Anti-Verbrennung Eigenschaften, um eine sichere Verwendung zu gew\u00e4hrleisten.<\/li>\n\n\n\n<li><strong>Vielseitigkeit: <\/strong>Diese Keramik-Kerzengl\u00e4ser sind sowohl praktisch als auch sch\u00f6n, so dass sie nicht nur als Kerzenbeh\u00e4lter, sondern auch als Stifthalter, Schminktopf, kleine Vase usw. verwendet werden k\u00f6nnen und vielseitig einsetzbar sind.<\/li>\n<\/ul>\n<\/div>\n\n\n\n<div class=\"wp-block-column is-layout-flow wp-block-column-is-layout-flow\">\n<figure class=\"wp-block-image size-full\"><img fetchpriority=\"high\" decoding=\"async\" width=\"750\" height=\"750\" src=\"https:\/\/jinhuaceramic.com\/wp-content\/uploads\/2025\/06\/Custom-Creative-Candle-Jar-Ceramic-Empty-Candle-Vessels-Wholesale-5.webp\" alt=\"K\u00fcnstlerische Gro\u00dfhandel Gef\u00e4\u00dfe f\u00fcr Kerzen, einzigartige Kerze Jars-1\" class=\"wp-image-9445\" srcset=\"https:\/\/jinhuaceramic.com\/wp-content\/uploads\/2025\/06\/Custom-Creative-Candle-Jar-Ceramic-Empty-Candle-Vessels-Wholesale-5.webp 750w, https:\/\/jinhuaceramic.com\/wp-content\/uploads\/2025\/06\/Custom-Creative-Candle-Jar-Ceramic-Empty-Candle-Vessels-Wholesale-5-300x300.webp 300w, https:\/\/jinhuaceramic.com\/wp-content\/uploads\/2025\/06\/Custom-Creative-Candle-Jar-Ceramic-Empty-Candle-Vessels-Wholesale-5-150x150.webp 150w, https:\/\/jinhuaceramic.com\/wp-content\/uploads\/2025\/06\/Custom-Creative-Candle-Jar-Ceramic-Empty-Candle-Vessels-Wholesale-5-12x12.webp 12w, https:\/\/jinhuaceramic.com\/wp-content\/uploads\/2025\/06\/Custom-Creative-Candle-Jar-Ceramic-Empty-Candle-Vessels-Wholesale-5-285x285.webp 285w, https:\/\/jinhuaceramic.com\/wp-content\/uploads\/2025\/06\/Custom-Creative-Candle-Jar-Ceramic-Empty-Candle-Vessels-Wholesale-5-270x270.webp 270w, https:\/\/jinhuaceramic.com\/wp-content\/uploads\/2025\/06\/Custom-Creative-Candle-Jar-Ceramic-Empty-Candle-Vessels-Wholesale-5-540x540.webp 540w, https:\/\/jinhuaceramic.com\/wp-content\/uploads\/2025\/06\/Custom-Creative-Candle-Jar-Ceramic-Empty-Candle-Vessels-Wholesale-5-660x660.webp 660w\" sizes=\"(max-width: 750px) 100vw, 750px\" \/><\/figure>\n<\/div>\n<\/div>","protected":false},"excerpt":{"rendered":"<p>Willkommen zu kaufen einzigartige Kerze Gl\u00e4ser in der Masse. Die Vorteile dieser Gro\u00dfhandel Gef\u00e4\u00dfe f\u00fcr Kerzen haben einzigartige und niedliche Blase Designs, weiche und vielseitige Farben, multifunktionale Anwendungen und hochwertige keramische Materialien, so dass sie sowohl sch\u00f6n und praktisch zu Hause Dekorationen.<\/p>","protected":false},"featured_media":9449,"comment_status":"closed","ping_status":"closed","template":"","meta":{"_acf_changed":false},"product_brand":[],"product_cat":[52],"product_tag":[66],"class_list":{"0":"post-9441","1":"product","2":"type-product","3":"status-publish","4":"has-post-thumbnail","6":"product_cat-wholesale-candle-containers","7":"product_tag-candle-jars-wholesale","9":"first","10":"instock","11":"shipping-taxable","12":"product-type-simple"},"acf":[],"_links":{"self":[{"href":"https:\/\/jinhuaceramic.com\/de\/wp-json\/wp\/v2\/product\/9441","targetHints":{"allow":["GET"]}}],"collection":[{"href":"https:\/\/jinhuaceramic.com\/de\/wp-json\/wp\/v2\/product"}],"about":[{"href":"https:\/\/jinhuaceramic.com\/de\/wp-json\/wp\/v2\/types\/product"}],"replies":[{"embeddable":true,"href":"https:\/\/jinhuaceramic.com\/de\/wp-json\/wp\/v2\/comments?post=9441"}],"version-history":[{"count":0,"href":"https:\/\/jinhuaceramic.com\/de\/wp-json\/wp\/v2\/product\/9441\/revisions"}],"wp:featuredmedia":[{"embeddable":true,"href":"https:\/\/jinhuaceramic.com\/de\/wp-json\/wp\/v2\/media\/9449"}],"wp:attachment":[{"href":"https:\/\/jinhuaceramic.com\/de\/wp-json\/wp\/v2\/media?parent=9441"}],"wp:term":[{"taxonomy":"product_brand","embeddable":true,"href":"https:\/\/jinhuaceramic.com\/de\/wp-json\/wp\/v2\/product_brand?post=9441"},{"taxonomy":"product_cat","embeddable":true,"href":"https:\/\/jinhuaceramic.com\/de\/wp-json\/wp\/v2\/product_cat?post=9441"},{"taxonomy":"product_tag","embeddable":true,"href":"https:\/\/jinhuaceramic.com\/de\/wp-json\/wp\/v2\/product_tag?post=9441"}],"curies":[{"name":"wp","href":"https:\/\/api.w.org\/{rel}","templated":true}]}}