{"id":9452,"date":"2025-06-28T01:30:49","date_gmt":"2025-06-28T01:30:49","guid":{"rendered":"https:\/\/jinhuaceramic.com\/?post_type=product&#038;p=9452"},"modified":"2025-06-28T01:30:51","modified_gmt":"2025-06-28T01:30:51","slug":"creme-brulee-ramekins-wholesale","status":"publish","type":"product","link":"https:\/\/jinhuaceramic.com\/de\/product\/creme-brulee-ramekins-wholesale\/","title":{"rendered":"Keramische Creme Brulee Ramekins Gro\u00dfhandel mit Deckel und Griff"},"content":{"rendered":"<div class=\"wp-block-columns is-layout-flex wp-container-core-columns-is-layout-9d6595d7 wp-block-columns-is-layout-flex\">\n<div class=\"wp-block-column is-layout-flow wp-block-column-is-layout-flow\">\n<h3 class=\"wp-block-heading\">Premium Creme Brulee Ramekins Gro\u00dfhandel Merkmale:<\/h3>\n\n\n\n<ul class=\"wp-block-list\">\n<li><strong>Niedliches Design: <\/strong>Diese Creme-Brulee-Auflauff\u00f6rmchen im Gro\u00dfhandel sind in einer Vielzahl leuchtender Farben gestaltet, darunter rot, gr\u00fcn, gelb und beige. Die beige Backform hat ein buntes Tupfen-Design auf der Au\u00dfenseite, w\u00e4hrend die anderen Farben mit wei\u00dfen Tupfen gepaart sind, so dass diese Auflaufformen voller Vitalit\u00e4t und kindlichen Spa\u00df, und sehr niedlich.<\/li>\n\n\n\n<li><strong>Hochwertiges Material: <\/strong>Diese hochwertigen Auflaufformen aus Keramik nehmen keine Flecken oder Lebensmittelger\u00fcche an, sind aber auch nach langem Gebrauch noch so sch\u00f6n und hygienisch wie neu. Sie sind frei von Chemikalien wie Blei und Kadmium, so dass sie sicher f\u00fcr die Aufbewahrung von Lebensmitteln verwendet werden k\u00f6nnen.<\/li>\n\n\n\n<li><strong>Funktioneller Deckel: <\/strong>Die Deckel dieser Creme-Brulee-Auflaufformen im Gro\u00dfhandel haben funktionale Deckel, die die Feuchtigkeit w\u00e4hrend des Backens in den Speisen halten und ein Austrocknen oder Anbrennen an der Oberfl\u00e4che verhindern. Au\u00dferdem w\u00e4rmen sie die Speisen und halten sie bis zum Servieren sauber.<\/li>\n\n\n\n<li><strong>Vielseitigkeit:<\/strong> Diese Auflaufformen aus Keramik eignen sich perfekt f\u00fcr Desserts wie Souffl\u00e9, Cr\u00e8me br\u00fbl\u00e9e usw., Mini-Aufl\u00e4ufe, Eint\u00f6pfe, Vorspeisen usw. Neben dem Backen k\u00f6nnen sie auch zum Servieren von Suppen, Snacks, Saucen oder als Mini-Tischdekoration verwendet werden.<\/li>\n<\/ul>\n<\/div>\n\n\n\n<div class=\"wp-block-column is-layout-flow wp-block-column-is-layout-flow\">\n<figure class=\"wp-block-image size-full\"><img fetchpriority=\"high\" decoding=\"async\" width=\"1500\" height=\"1500\" src=\"https:\/\/jinhuaceramic.com\/wp-content\/uploads\/2025\/06\/Wholesale-Bulk-Ramekins-with-Lid-Ceramic-Baking-Dish-with-Various-Colors-5.webp\" alt=\"Keramische Creme Brulee Ramekins Gro\u00dfhandel mit Deckel und Handle-1\" class=\"wp-image-9456\" srcset=\"https:\/\/jinhuaceramic.com\/wp-content\/uploads\/2025\/06\/Wholesale-Bulk-Ramekins-with-Lid-Ceramic-Baking-Dish-with-Various-Colors-5.webp 1500w, https:\/\/jinhuaceramic.com\/wp-content\/uploads\/2025\/06\/Wholesale-Bulk-Ramekins-with-Lid-Ceramic-Baking-Dish-with-Various-Colors-5-300x300.webp 300w, https:\/\/jinhuaceramic.com\/wp-content\/uploads\/2025\/06\/Wholesale-Bulk-Ramekins-with-Lid-Ceramic-Baking-Dish-with-Various-Colors-5-150x150.webp 150w, https:\/\/jinhuaceramic.com\/wp-content\/uploads\/2025\/06\/Wholesale-Bulk-Ramekins-with-Lid-Ceramic-Baking-Dish-with-Various-Colors-5-768x768.webp 768w, https:\/\/jinhuaceramic.com\/wp-content\/uploads\/2025\/06\/Wholesale-Bulk-Ramekins-with-Lid-Ceramic-Baking-Dish-with-Various-Colors-5-12x12.webp 12w, https:\/\/jinhuaceramic.com\/wp-content\/uploads\/2025\/06\/Wholesale-Bulk-Ramekins-with-Lid-Ceramic-Baking-Dish-with-Various-Colors-5-285x285.webp 285w, https:\/\/jinhuaceramic.com\/wp-content\/uploads\/2025\/06\/Wholesale-Bulk-Ramekins-with-Lid-Ceramic-Baking-Dish-with-Various-Colors-5-270x270.webp 270w, https:\/\/jinhuaceramic.com\/wp-content\/uploads\/2025\/06\/Wholesale-Bulk-Ramekins-with-Lid-Ceramic-Baking-Dish-with-Various-Colors-5-540x540.webp 540w, https:\/\/jinhuaceramic.com\/wp-content\/uploads\/2025\/06\/Wholesale-Bulk-Ramekins-with-Lid-Ceramic-Baking-Dish-with-Various-Colors-5-660x660.webp 660w\" sizes=\"(max-width: 1500px) 100vw, 1500px\" \/><\/figure>\n<\/div>\n<\/div>","protected":false},"excerpt":{"rendered":"<p>Willkommen zu kaufen Keramik Auflaufformen in der Masse. Diese Creme Brulee Auflaufformen Gro\u00dfhandel haben funktionale Deckel und praktische Griffe, mit Premium-Keramik-Material und die richtige Gr\u00f6\u00dfe, die sie ideal f\u00fcr Multi-Rezepte Backen macht. Das h\u00fcbsche Design erm\u00f6glicht es ihnen, direkt auf dem Esstisch serviert werden, das Hinzuf\u00fcgen der Mahlzeit mit einigen Eleganz und Ritual.<\/p>","protected":false},"featured_media":9457,"comment_status":"closed","ping_status":"closed","template":"","meta":{"_acf_changed":false},"product_brand":[],"product_cat":[53],"product_tag":[69],"class_list":{"0":"post-9452","1":"product","2":"type-product","3":"status-publish","4":"has-post-thumbnail","6":"product_cat-bakeware-in-bulk","7":"product_tag-bulk-ramekins","9":"first","10":"instock","11":"shipping-taxable","12":"product-type-simple"},"acf":[],"_links":{"self":[{"href":"https:\/\/jinhuaceramic.com\/de\/wp-json\/wp\/v2\/product\/9452","targetHints":{"allow":["GET"]}}],"collection":[{"href":"https:\/\/jinhuaceramic.com\/de\/wp-json\/wp\/v2\/product"}],"about":[{"href":"https:\/\/jinhuaceramic.com\/de\/wp-json\/wp\/v2\/types\/product"}],"replies":[{"embeddable":true,"href":"https:\/\/jinhuaceramic.com\/de\/wp-json\/wp\/v2\/comments?post=9452"}],"version-history":[{"count":0,"href":"https:\/\/jinhuaceramic.com\/de\/wp-json\/wp\/v2\/product\/9452\/revisions"}],"wp:featuredmedia":[{"embeddable":true,"href":"https:\/\/jinhuaceramic.com\/de\/wp-json\/wp\/v2\/media\/9457"}],"wp:attachment":[{"href":"https:\/\/jinhuaceramic.com\/de\/wp-json\/wp\/v2\/media?parent=9452"}],"wp:term":[{"taxonomy":"product_brand","embeddable":true,"href":"https:\/\/jinhuaceramic.com\/de\/wp-json\/wp\/v2\/product_brand?post=9452"},{"taxonomy":"product_cat","embeddable":true,"href":"https:\/\/jinhuaceramic.com\/de\/wp-json\/wp\/v2\/product_cat?post=9452"},{"taxonomy":"product_tag","embeddable":true,"href":"https:\/\/jinhuaceramic.com\/de\/wp-json\/wp\/v2\/product_tag?post=9452"}],"curies":[{"name":"wp","href":"https:\/\/api.w.org\/{rel}","templated":true}]}}