{"id":9585,"date":"2025-07-01T01:46:16","date_gmt":"2025-07-01T01:46:16","guid":{"rendered":"https:\/\/jinhuaceramic.com\/?post_type=product&#038;p=9585"},"modified":"2025-07-01T01:46:18","modified_gmt":"2025-07-01T01:46:18","slug":"baking-dish-wholesale","status":"publish","type":"product","link":"https:\/\/jinhuaceramic.com\/de\/product\/baking-dish-wholesale\/","title":{"rendered":"Steingut-Backform Gro\u00dfhandel, 3-teilige benutzerdefinierte Backformen Set"},"content":{"rendered":"<div class=\"wp-block-columns is-layout-flex wp-container-core-columns-is-layout-9d6595d7 wp-block-columns-is-layout-flex\">\n<div class=\"wp-block-column is-layout-flow wp-block-column-is-layout-flow\">\n<h3 class=\"wp-block-heading\">Premium-Backform Gro\u00dfhandel Merkmale:<\/h3>\n\n\n\n<ul class=\"wp-block-list\">\n<li><strong>Design im pastoralen Stil:<\/strong> Diese Auflaufform im Gro\u00dfhandel ist in warmen und nat\u00fcrlichen Farben gehalten, mit Beige als Hauptfarbe und einem hellbraunen Farbverlauf an den R\u00e4ndern, der f\u00fcr ein angenehmes Esserlebnis sorgt.<\/li>\n\n\n\n<li><strong>Hochwertiges keramisches Material: <\/strong>Unser ma\u00dfgefertigtes Backformenset ist robust und langlebig, kratz- und rissfest, f\u00fcr hohe Temperaturen im Ofen geeignet und verformt sich nicht so leicht und altert nicht. Die keramische Struktur sorgt f\u00fcr eine gleichm\u00e4\u00dfige Erw\u00e4rmung und tr\u00e4gt dazu bei, dass die Speisen vollst\u00e4ndig durchgebacken werden.<\/li>\n\n\n\n<li><strong>Drei praktische Gr\u00f6\u00dfen: <\/strong>Unsere Backformen im Gro\u00dfhandel gibt es in drei Ausf\u00fchrungen: gro\u00df, mittel und klein, geeignet f\u00fcr eine Vielzahl von Zutaten und Gerichten, von gebratenen ganzen H\u00fchnern, Lasagne, Desserts bis zum t\u00e4glichen Gem\u00fcsebacken.<\/li>\n\n\n\n<li><strong>Nestbare Aufbewahrung und praktische Griffe:<\/strong> Das nestbare Design dieses ma\u00dfgeschneiderten Backformen-Sets spart Platz, und die verbreiterten Griffe an beiden Seiten sind leicht zu bedienen, was es sicherer und bequemer macht, egal ob man es aus dem Ofen nimmt oder direkt auf dem Tisch serviert.<\/li>\n<\/ul>\n<\/div>\n\n\n\n<div class=\"wp-block-column is-layout-flow wp-block-column-is-layout-flow\">\n<figure class=\"wp-block-image size-full\"><img fetchpriority=\"high\" decoding=\"async\" width=\"800\" height=\"800\" src=\"https:\/\/jinhuaceramic.com\/wp-content\/uploads\/2025\/06\/3-Piece-Custom-Baking-Dishes-Set-Ceramic-Bakeware-Set-Wholesale-5.webp\" alt=\"Steingut-Backform Gro\u00dfhandel, 3-teilige benutzerdefinierte Backformen Set-4\" class=\"wp-image-9589\" srcset=\"https:\/\/jinhuaceramic.com\/wp-content\/uploads\/2025\/06\/3-Piece-Custom-Baking-Dishes-Set-Ceramic-Bakeware-Set-Wholesale-5.webp 800w, https:\/\/jinhuaceramic.com\/wp-content\/uploads\/2025\/06\/3-Piece-Custom-Baking-Dishes-Set-Ceramic-Bakeware-Set-Wholesale-5-300x300.webp 300w, https:\/\/jinhuaceramic.com\/wp-content\/uploads\/2025\/06\/3-Piece-Custom-Baking-Dishes-Set-Ceramic-Bakeware-Set-Wholesale-5-150x150.webp 150w, https:\/\/jinhuaceramic.com\/wp-content\/uploads\/2025\/06\/3-Piece-Custom-Baking-Dishes-Set-Ceramic-Bakeware-Set-Wholesale-5-768x768.webp 768w, https:\/\/jinhuaceramic.com\/wp-content\/uploads\/2025\/06\/3-Piece-Custom-Baking-Dishes-Set-Ceramic-Bakeware-Set-Wholesale-5-12x12.webp 12w, https:\/\/jinhuaceramic.com\/wp-content\/uploads\/2025\/06\/3-Piece-Custom-Baking-Dishes-Set-Ceramic-Bakeware-Set-Wholesale-5-285x285.webp 285w, https:\/\/jinhuaceramic.com\/wp-content\/uploads\/2025\/06\/3-Piece-Custom-Baking-Dishes-Set-Ceramic-Bakeware-Set-Wholesale-5-270x270.webp 270w, https:\/\/jinhuaceramic.com\/wp-content\/uploads\/2025\/06\/3-Piece-Custom-Baking-Dishes-Set-Ceramic-Bakeware-Set-Wholesale-5-540x540.webp 540w, https:\/\/jinhuaceramic.com\/wp-content\/uploads\/2025\/06\/3-Piece-Custom-Baking-Dishes-Set-Ceramic-Bakeware-Set-Wholesale-5-660x660.webp 660w\" sizes=\"(max-width: 800px) 100vw, 800px\" \/><\/figure>\n<\/div>\n<\/div>","protected":false},"excerpt":{"rendered":"<p>Willkommen zum Kauf Backform Gro\u00dfhandel. Diese pastorale Stil benutzerdefinierte Backformen Set ist beige als die Hauptfarbe, mit einem hellbraunen Farbverlauf Design an den R\u00e4ndern, einfach und nat\u00fcrlich, geeignet f\u00fcr verschiedene K\u00fcchenstile. Es verwendet hochtemperaturbest\u00e4ndige hochwertige Keramik, die gleichm\u00e4\u00dfig erhitzt, robust und rissfest sind, und unterst\u00fctzen Multi-Szene Backen.<\/p>","protected":false},"featured_media":9587,"comment_status":"closed","ping_status":"closed","template":"","meta":{"_acf_changed":false},"product_brand":[],"product_cat":[53],"product_tag":[71],"class_list":{"0":"post-9585","1":"product","2":"type-product","3":"status-publish","4":"has-post-thumbnail","6":"product_cat-bakeware-in-bulk","7":"product_tag-wholesale-baking-pans","9":"first","10":"instock","11":"shipping-taxable","12":"product-type-simple"},"acf":[],"_links":{"self":[{"href":"https:\/\/jinhuaceramic.com\/de\/wp-json\/wp\/v2\/product\/9585","targetHints":{"allow":["GET"]}}],"collection":[{"href":"https:\/\/jinhuaceramic.com\/de\/wp-json\/wp\/v2\/product"}],"about":[{"href":"https:\/\/jinhuaceramic.com\/de\/wp-json\/wp\/v2\/types\/product"}],"replies":[{"embeddable":true,"href":"https:\/\/jinhuaceramic.com\/de\/wp-json\/wp\/v2\/comments?post=9585"}],"version-history":[{"count":0,"href":"https:\/\/jinhuaceramic.com\/de\/wp-json\/wp\/v2\/product\/9585\/revisions"}],"wp:featuredmedia":[{"embeddable":true,"href":"https:\/\/jinhuaceramic.com\/de\/wp-json\/wp\/v2\/media\/9587"}],"wp:attachment":[{"href":"https:\/\/jinhuaceramic.com\/de\/wp-json\/wp\/v2\/media?parent=9585"}],"wp:term":[{"taxonomy":"product_brand","embeddable":true,"href":"https:\/\/jinhuaceramic.com\/de\/wp-json\/wp\/v2\/product_brand?post=9585"},{"taxonomy":"product_cat","embeddable":true,"href":"https:\/\/jinhuaceramic.com\/de\/wp-json\/wp\/v2\/product_cat?post=9585"},{"taxonomy":"product_tag","embeddable":true,"href":"https:\/\/jinhuaceramic.com\/de\/wp-json\/wp\/v2\/product_tag?post=9585"}],"curies":[{"name":"wp","href":"https:\/\/api.w.org\/{rel}","templated":true}]}}