{"id":9601,"date":"2025-07-04T01:12:03","date_gmt":"2025-07-04T01:12:03","guid":{"rendered":"https:\/\/jinhuaceramic.com\/?post_type=product&#038;p=9601"},"modified":"2025-07-04T01:12:04","modified_gmt":"2025-07-04T01:12:04","slug":"wholesale-stoneware","status":"publish","type":"product","link":"https:\/\/jinhuaceramic.com\/de\/product\/wholesale-stoneware\/","title":{"rendered":"Gro\u00dfhandel Steingut Teller und Schalen, Ozean Themed Geschirr"},"content":{"rendered":"<div class=\"wp-block-columns is-layout-flex wp-container-core-columns-is-layout-9d6595d7 wp-block-columns-is-layout-flex\">\n<div class=\"wp-block-column is-layout-flow wp-block-column-is-layout-flow\">\n<h3 class=\"wp-block-heading\">Premium Gro\u00dfhandel Steingut Set Eigenschaften:<\/h3>\n\n\n\n<ul class=\"wp-block-list\">\n<li><strong>K\u00fcnstlerisches Muster: <\/strong>Diese Gro\u00dfhandel Steingut Geschirr \u00fcbernehmen k\u00fcnstlerische Muster, mit sch\u00f6nen Meeresbewohner wie Muscheln, Seesterne und Korallen gedruckt, mit frischen blauen als Hintergrundfarbe, im Gegensatz zu rustikalen warmen grauen Hintergrund, evoziert eine beruhigende Urlaub oder Strand Stimmung.<\/li>\n\n\n\n<li><strong>Nat\u00fcrliche Textur: <\/strong>Die Teller, Schalen und Tassen dieses Restaurantgeschirrs sind mit zarten Spiralmustern auf der Oberfl\u00e4che versehen, die die Handarbeit handgefertigter T\u00f6pferwaren imitieren und ein rustikales und erdiges Aussehen haben.<\/li>\n\n\n\n<li><strong>Langlebige Keramik:<\/strong> Dieses hochwertige Steingutgeschirr f\u00fcr den Gro\u00dfhandel besteht nicht aus Chemikalien wie Blei und Kadmium und ist lebensmittelecht. Keramik ist weniger bruchanf\u00e4llig, fester als normale Keramik, nicht spr\u00f6de und hat eine l\u00e4ngere Lebensdauer.<\/li>\n<\/ul>\n<\/div>\n\n\n\n<div class=\"wp-block-column is-layout-flow wp-block-column-is-layout-flow\">\n<figure class=\"wp-block-image size-full\"><img fetchpriority=\"high\" decoding=\"async\" width=\"800\" height=\"800\" src=\"https:\/\/jinhuaceramic.com\/wp-content\/uploads\/2025\/07\/Ocean-Themed-Tableware-Set-Stoneware-Dinner-Plate-and-Bowls-in-Bulk-6.webp\" alt=\"Gro\u00dfhandel Steingut Teller und Schalen, Ozean Themed Tableware-1\" class=\"wp-image-9606\" srcset=\"https:\/\/jinhuaceramic.com\/wp-content\/uploads\/2025\/07\/Ocean-Themed-Tableware-Set-Stoneware-Dinner-Plate-and-Bowls-in-Bulk-6.webp 800w, https:\/\/jinhuaceramic.com\/wp-content\/uploads\/2025\/07\/Ocean-Themed-Tableware-Set-Stoneware-Dinner-Plate-and-Bowls-in-Bulk-6-300x300.webp 300w, https:\/\/jinhuaceramic.com\/wp-content\/uploads\/2025\/07\/Ocean-Themed-Tableware-Set-Stoneware-Dinner-Plate-and-Bowls-in-Bulk-6-150x150.webp 150w, https:\/\/jinhuaceramic.com\/wp-content\/uploads\/2025\/07\/Ocean-Themed-Tableware-Set-Stoneware-Dinner-Plate-and-Bowls-in-Bulk-6-768x768.webp 768w, https:\/\/jinhuaceramic.com\/wp-content\/uploads\/2025\/07\/Ocean-Themed-Tableware-Set-Stoneware-Dinner-Plate-and-Bowls-in-Bulk-6-12x12.webp 12w, https:\/\/jinhuaceramic.com\/wp-content\/uploads\/2025\/07\/Ocean-Themed-Tableware-Set-Stoneware-Dinner-Plate-and-Bowls-in-Bulk-6-285x285.webp 285w, https:\/\/jinhuaceramic.com\/wp-content\/uploads\/2025\/07\/Ocean-Themed-Tableware-Set-Stoneware-Dinner-Plate-and-Bowls-in-Bulk-6-270x270.webp 270w, https:\/\/jinhuaceramic.com\/wp-content\/uploads\/2025\/07\/Ocean-Themed-Tableware-Set-Stoneware-Dinner-Plate-and-Bowls-in-Bulk-6-540x540.webp 540w, https:\/\/jinhuaceramic.com\/wp-content\/uploads\/2025\/07\/Ocean-Themed-Tableware-Set-Stoneware-Dinner-Plate-and-Bowls-in-Bulk-6-660x660.webp 660w\" sizes=\"(max-width: 800px) 100vw, 800px\" \/><\/figure>\n<\/div>\n<\/div>","protected":false},"excerpt":{"rendered":"<p>Willkommen im Gro\u00dfhandel Steingutgeschirr zu kaufen. Diese Restaurant Geschirr bulk nehmen einzigartige Meer Thema Design, langlebige Keramik-Material, voll ausgestattet, sowohl sch\u00f6n und praktisch. F\u00fcgen Sie eine einzigartige maritime Atmosph\u00e4re zu den Speisesaal Umwelt und verbessern das Esserlebnis.<\/p>","protected":false},"featured_media":9603,"comment_status":"closed","ping_status":"closed","template":"","meta":{"_acf_changed":false},"product_brand":[],"product_cat":[83,54],"product_tag":[],"class_list":{"0":"post-9601","1":"product","2":"type-product","3":"status-publish","4":"has-post-thumbnail","6":"product_cat-wholesale-dinnerware-sets","7":"product_cat-tableware-wholesale","9":"first","10":"instock","11":"shipping-taxable","12":"product-type-simple"},"acf":[],"_links":{"self":[{"href":"https:\/\/jinhuaceramic.com\/de\/wp-json\/wp\/v2\/product\/9601","targetHints":{"allow":["GET"]}}],"collection":[{"href":"https:\/\/jinhuaceramic.com\/de\/wp-json\/wp\/v2\/product"}],"about":[{"href":"https:\/\/jinhuaceramic.com\/de\/wp-json\/wp\/v2\/types\/product"}],"replies":[{"embeddable":true,"href":"https:\/\/jinhuaceramic.com\/de\/wp-json\/wp\/v2\/comments?post=9601"}],"version-history":[{"count":0,"href":"https:\/\/jinhuaceramic.com\/de\/wp-json\/wp\/v2\/product\/9601\/revisions"}],"wp:featuredmedia":[{"embeddable":true,"href":"https:\/\/jinhuaceramic.com\/de\/wp-json\/wp\/v2\/media\/9603"}],"wp:attachment":[{"href":"https:\/\/jinhuaceramic.com\/de\/wp-json\/wp\/v2\/media?parent=9601"}],"wp:term":[{"taxonomy":"product_brand","embeddable":true,"href":"https:\/\/jinhuaceramic.com\/de\/wp-json\/wp\/v2\/product_brand?post=9601"},{"taxonomy":"product_cat","embeddable":true,"href":"https:\/\/jinhuaceramic.com\/de\/wp-json\/wp\/v2\/product_cat?post=9601"},{"taxonomy":"product_tag","embeddable":true,"href":"https:\/\/jinhuaceramic.com\/de\/wp-json\/wp\/v2\/product_tag?post=9601"}],"curies":[{"name":"wp","href":"https:\/\/api.w.org\/{rel}","templated":true}]}}