{"id":9618,"date":"2025-07-04T01:50:56","date_gmt":"2025-07-04T01:50:56","guid":{"rendered":"https:\/\/jinhuaceramic.com\/?post_type=product&#038;p=9618"},"modified":"2025-07-04T01:50:58","modified_gmt":"2025-07-04T01:50:58","slug":"bulk-dishware","status":"publish","type":"product","link":"https:\/\/jinhuaceramic.com\/de\/product\/bulk-dishware\/","title":{"rendered":"Fabrik Versorgung Bulk Geschirr, Gro\u00dfhandel blau Geschirr-Sets"},"content":{"rendered":"<div class=\"wp-block-columns is-layout-flex wp-container-core-columns-is-layout-9d6595d7 wp-block-columns-is-layout-flex\">\n<div class=\"wp-block-column is-layout-flow wp-block-column-is-layout-flow\">\n<h3 class=\"wp-block-heading\">Premium Bulk-Geschirr Merkmale:<\/h3>\n\n\n\n<ul class=\"wp-block-list\">\n<li><strong>Elegantes Design:<\/strong> Dieses Massengeschirr ist in dunklen Blaut\u00f6nen gehalten und strahlt einen sternf\u00f6rmigen Glanz aus, der sehr elegant ist. Der unregelm\u00e4\u00dfige braune Rand am Rand des Geschirrs hat ein raues, handgefertigtes Aussehen, was die Kunstfertigkeit des Geschirrs erh\u00f6ht.<\/li>\n\n\n\n<li><strong>Hochwertiges Material: <\/strong>Diese blauen Geschirrsets f\u00fcr den Gro\u00dfhandel bestehen aus hochwertiger, lebensmittelechter Keramik, die frei von sch\u00e4dlichen Chemikalien wie Blei und Kadmium ist, und sind sicherer im Gebrauch. Dieses Geschirr kann in Mikrowellen, Back\u00f6fen, Fritteusen, K\u00fchlschr\u00e4nken und Geschirrsp\u00fclern verwendet werden, was sehr praktisch ist.<\/li>\n\n\n\n<li><strong>Starke Praktikabilit\u00e4t: <\/strong>Unser Gro\u00dfgeschirr besteht aus einer 7,5-Zoll-Sch\u00fcssel mit breiter \u00d6ffnung, einem 8,5-Zoll-Teller und einem 10,5-Zoll-Teller, die den Anforderungen beim Servieren einer Vielzahl von Speisen wie Grundnahrungsmitteln, Beilagen, Suppen, Salaten, Desserts usw. gerecht werden und \u00e4u\u00dferst praktisch sind.<\/li>\n\n\n\n<li><strong>Perfektes Geschenk: <\/strong>Unsere blauen Geschirrsets sind sowohl praktisch als auch sch\u00f6n und eignen sich sehr gut als Hochzeitsgeschenk oder Einweihungsgeschenk, das den Geschmack des Schenkers unterstreicht und seine guten W\u00fcnsche \u00fcbermittelt.<\/li>\n<\/ul>\n<\/div>\n\n\n\n<div class=\"wp-block-column is-layout-flow wp-block-column-is-layout-flow\">\n<figure class=\"wp-block-image size-full\"><img fetchpriority=\"high\" decoding=\"async\" width=\"800\" height=\"800\" src=\"https:\/\/jinhuaceramic.com\/wp-content\/uploads\/2025\/07\/Blue-Dinner-Plate-and-Bowl-Set-Wholesale-Ceramic-Tableware-Set-5.webp\" alt=\"Fabrik Versorgung Bulk Geschirr, Gro\u00dfhandel blau Geschirr Sets-1\" class=\"wp-image-9622\" srcset=\"https:\/\/jinhuaceramic.com\/wp-content\/uploads\/2025\/07\/Blue-Dinner-Plate-and-Bowl-Set-Wholesale-Ceramic-Tableware-Set-5.webp 800w, https:\/\/jinhuaceramic.com\/wp-content\/uploads\/2025\/07\/Blue-Dinner-Plate-and-Bowl-Set-Wholesale-Ceramic-Tableware-Set-5-300x300.webp 300w, https:\/\/jinhuaceramic.com\/wp-content\/uploads\/2025\/07\/Blue-Dinner-Plate-and-Bowl-Set-Wholesale-Ceramic-Tableware-Set-5-150x150.webp 150w, https:\/\/jinhuaceramic.com\/wp-content\/uploads\/2025\/07\/Blue-Dinner-Plate-and-Bowl-Set-Wholesale-Ceramic-Tableware-Set-5-768x768.webp 768w, https:\/\/jinhuaceramic.com\/wp-content\/uploads\/2025\/07\/Blue-Dinner-Plate-and-Bowl-Set-Wholesale-Ceramic-Tableware-Set-5-12x12.webp 12w, https:\/\/jinhuaceramic.com\/wp-content\/uploads\/2025\/07\/Blue-Dinner-Plate-and-Bowl-Set-Wholesale-Ceramic-Tableware-Set-5-285x285.webp 285w, https:\/\/jinhuaceramic.com\/wp-content\/uploads\/2025\/07\/Blue-Dinner-Plate-and-Bowl-Set-Wholesale-Ceramic-Tableware-Set-5-270x270.webp 270w, https:\/\/jinhuaceramic.com\/wp-content\/uploads\/2025\/07\/Blue-Dinner-Plate-and-Bowl-Set-Wholesale-Ceramic-Tableware-Set-5-540x540.webp 540w, https:\/\/jinhuaceramic.com\/wp-content\/uploads\/2025\/07\/Blue-Dinner-Plate-and-Bowl-Set-Wholesale-Ceramic-Tableware-Set-5-660x660.webp 660w\" sizes=\"(max-width: 800px) 100vw, 800px\" \/><\/figure>\n<\/div>\n<\/div>","protected":false},"excerpt":{"rendered":"<p>Willkommen zum Kauf von Massengeschirr. Unsere blauen Geschirrsets f\u00fcr den Gro\u00dfhandel haben ein elegantes Design und praktische Kombinationen aus verschiedenen Geschirren. Sie sind nicht nur f\u00fcr den Gebrauch zu Hause oder im Restaurant geeignet, sondern auch perfekte Geschenke.<\/p>","protected":false},"featured_media":9624,"comment_status":"closed","ping_status":"closed","template":"","meta":{"_acf_changed":false},"product_brand":[],"product_cat":[83,54],"product_tag":[],"class_list":{"0":"post-9618","1":"product","2":"type-product","3":"status-publish","4":"has-post-thumbnail","6":"product_cat-wholesale-dinnerware-sets","7":"product_cat-tableware-wholesale","9":"first","10":"instock","11":"shipping-taxable","12":"product-type-simple"},"acf":[],"_links":{"self":[{"href":"https:\/\/jinhuaceramic.com\/de\/wp-json\/wp\/v2\/product\/9618","targetHints":{"allow":["GET"]}}],"collection":[{"href":"https:\/\/jinhuaceramic.com\/de\/wp-json\/wp\/v2\/product"}],"about":[{"href":"https:\/\/jinhuaceramic.com\/de\/wp-json\/wp\/v2\/types\/product"}],"replies":[{"embeddable":true,"href":"https:\/\/jinhuaceramic.com\/de\/wp-json\/wp\/v2\/comments?post=9618"}],"version-history":[{"count":0,"href":"https:\/\/jinhuaceramic.com\/de\/wp-json\/wp\/v2\/product\/9618\/revisions"}],"wp:featuredmedia":[{"embeddable":true,"href":"https:\/\/jinhuaceramic.com\/de\/wp-json\/wp\/v2\/media\/9624"}],"wp:attachment":[{"href":"https:\/\/jinhuaceramic.com\/de\/wp-json\/wp\/v2\/media?parent=9618"}],"wp:term":[{"taxonomy":"product_brand","embeddable":true,"href":"https:\/\/jinhuaceramic.com\/de\/wp-json\/wp\/v2\/product_brand?post=9618"},{"taxonomy":"product_cat","embeddable":true,"href":"https:\/\/jinhuaceramic.com\/de\/wp-json\/wp\/v2\/product_cat?post=9618"},{"taxonomy":"product_tag","embeddable":true,"href":"https:\/\/jinhuaceramic.com\/de\/wp-json\/wp\/v2\/product_tag?post=9618"}],"curies":[{"name":"wp","href":"https:\/\/api.w.org\/{rel}","templated":true}]}}