{"id":9651,"date":"2025-07-10T04:09:37","date_gmt":"2025-07-10T04:09:37","guid":{"rendered":"https:\/\/jinhuaceramic.com\/?post_type=product&#038;p=9651"},"modified":"2025-11-12T03:32:15","modified_gmt":"2025-11-12T03:32:15","slug":"rectangular-baking-dish-wholesale","status":"publish","type":"product","link":"https:\/\/jinhuaceramic.com\/de\/product\/rectangular-baking-dish-wholesale\/","title":{"rendered":"Rechteckige Auflaufformen Gro\u00dfhandel, Individuell gestaltete Auflaufformen"},"content":{"rendered":"<div class=\"wp-block-columns is-layout-flex wp-container-core-columns-is-layout-9d6595d7 wp-block-columns-is-layout-flex\">\n<div class=\"wp-block-column is-layout-flow wp-block-column-is-layout-flow\">\n<h3 class=\"wp-block-heading\">Premium-Rechteckige Backform Gro\u00dfhandel Merkmale:<\/h3>\n\n\n\n<ul class=\"wp-block-list\">\n<li><strong>Stilvolles Design:<\/strong> Diese ma\u00dfgeschneiderten Backformen haben harmonische Farben und stilvolle Designs. Das Innere ist cremefarben glasiert, einfach und sauber, und die Farbe der Lebensmittel ist leicht zu erkennen. Die Au\u00dfenwand ist in einem warmen Orange gehalten, das einen sanften Kontrasteffekt erzeugt, und die dunkelbraune Umrandung sorgt f\u00fcr ein Gef\u00fchl der Schichtung.<\/li>\n\n\n\n<li><strong>Gutes Material: <\/strong>Die reine nat\u00fcrliche keramische Material Hochtemperatur gebrannt Antihaft-rechteckige Backform Gro\u00dfhandel hat keine giftigen Stoffe wie Blei und Cadmium, hat keine andere giftige Substanz, und kann sicher in Kontakt mit Lebensmitteln sein.<\/li>\n\n\n\n<li><strong>Vielseitigkeit:<\/strong> Diese ma\u00dfgeschneiderten Auflaufformen mit dem traditionellen rechteckigen Design eignen sich perfekt f\u00fcr eine Vielzahl von Backwaren wie Lasagne, Aufl\u00e4ufe, gebratenes Gem\u00fcse, Brownies, Brotpudding und so weiter. Dank ihres sch\u00f6nen Aussehens kann man die gebackenen Speisen auch in der Auflaufform selbst als Servierplatte pr\u00e4sentieren.<\/li>\n\n\n\n<li><strong>Breite Griffe: <\/strong>Die rechteckige Auflaufform im Gro\u00dfhandel ist an beiden Enden mit breiten Griffen versehen, die es dem Benutzer erleichtern, sie sicher aus dem Ofen zu nehmen oder sie beim Servieren auf dem Tisch zu halten. Das auff\u00e4llige Streifendesign der Griffe sorgt zudem f\u00fcr einen Hauch von Detail und verhindert ein Abrutschen.<\/li>\n<\/ul>\n<\/div>\n\n\n\n<div class=\"wp-block-column is-layout-flow wp-block-column-is-layout-flow\">\n<figure class=\"wp-block-image size-full\"><img fetchpriority=\"high\" decoding=\"async\" width=\"1500\" height=\"1500\" src=\"https:\/\/jinhuaceramic.com\/wp-content\/uploads\/2025\/07\/Rectangular-Non-Stick-Baking-Dish-Ceramic-Custom-Casserole-Dish-10.webp\" alt=\"Antihaft-Rechteckige-Backform-Gro\u00dfhandel-Keramik-Kasserolle-10\" class=\"wp-image-9659\" srcset=\"https:\/\/jinhuaceramic.com\/wp-content\/uploads\/2025\/07\/Rectangular-Non-Stick-Baking-Dish-Ceramic-Custom-Casserole-Dish-10.webp 1500w, https:\/\/jinhuaceramic.com\/wp-content\/uploads\/2025\/07\/Rectangular-Non-Stick-Baking-Dish-Ceramic-Custom-Casserole-Dish-10-300x300.webp 300w, https:\/\/jinhuaceramic.com\/wp-content\/uploads\/2025\/07\/Rectangular-Non-Stick-Baking-Dish-Ceramic-Custom-Casserole-Dish-10-150x150.webp 150w, https:\/\/jinhuaceramic.com\/wp-content\/uploads\/2025\/07\/Rectangular-Non-Stick-Baking-Dish-Ceramic-Custom-Casserole-Dish-10-768x768.webp 768w, https:\/\/jinhuaceramic.com\/wp-content\/uploads\/2025\/07\/Rectangular-Non-Stick-Baking-Dish-Ceramic-Custom-Casserole-Dish-10-12x12.webp 12w, https:\/\/jinhuaceramic.com\/wp-content\/uploads\/2025\/07\/Rectangular-Non-Stick-Baking-Dish-Ceramic-Custom-Casserole-Dish-10-285x285.webp 285w, https:\/\/jinhuaceramic.com\/wp-content\/uploads\/2025\/07\/Rectangular-Non-Stick-Baking-Dish-Ceramic-Custom-Casserole-Dish-10-270x270.webp 270w, https:\/\/jinhuaceramic.com\/wp-content\/uploads\/2025\/07\/Rectangular-Non-Stick-Baking-Dish-Ceramic-Custom-Casserole-Dish-10-540x540.webp 540w, https:\/\/jinhuaceramic.com\/wp-content\/uploads\/2025\/07\/Rectangular-Non-Stick-Baking-Dish-Ceramic-Custom-Casserole-Dish-10-660x660.webp 660w\" sizes=\"(max-width: 1500px) 100vw, 1500px\" \/><\/figure>\n<\/div>\n<\/div>","protected":false},"excerpt":{"rendered":"<p>Wir begr\u00fc\u00dfen Ihre Bestellungen f\u00fcr unsere rechteckige Backform Gro\u00dfhandel. Diese antihaftbeschichtete rechteckige Keramik-Backform ist langlebig und stilvoll, perfekt zum Backen von leckeren Gerichten oder Reiben in verschiedenen K\u00fcchenstilen. Ideal f\u00fcr Gro\u00dfhandel und kundenspezifische Auftr\u00e4ge.<\/p>","protected":false},"featured_media":9652,"comment_status":"closed","ping_status":"closed","template":"","meta":{"_acf_changed":false},"product_brand":[],"product_cat":[53],"product_tag":[71],"class_list":{"0":"post-9651","1":"product","2":"type-product","3":"status-publish","4":"has-post-thumbnail","6":"product_cat-bakeware-in-bulk","7":"product_tag-wholesale-baking-pans","9":"first","10":"instock","11":"shipping-taxable","12":"product-type-simple"},"acf":[],"_links":{"self":[{"href":"https:\/\/jinhuaceramic.com\/de\/wp-json\/wp\/v2\/product\/9651","targetHints":{"allow":["GET"]}}],"collection":[{"href":"https:\/\/jinhuaceramic.com\/de\/wp-json\/wp\/v2\/product"}],"about":[{"href":"https:\/\/jinhuaceramic.com\/de\/wp-json\/wp\/v2\/types\/product"}],"replies":[{"embeddable":true,"href":"https:\/\/jinhuaceramic.com\/de\/wp-json\/wp\/v2\/comments?post=9651"}],"version-history":[{"count":0,"href":"https:\/\/jinhuaceramic.com\/de\/wp-json\/wp\/v2\/product\/9651\/revisions"}],"wp:featuredmedia":[{"embeddable":true,"href":"https:\/\/jinhuaceramic.com\/de\/wp-json\/wp\/v2\/media\/9652"}],"wp:attachment":[{"href":"https:\/\/jinhuaceramic.com\/de\/wp-json\/wp\/v2\/media?parent=9651"}],"wp:term":[{"taxonomy":"product_brand","embeddable":true,"href":"https:\/\/jinhuaceramic.com\/de\/wp-json\/wp\/v2\/product_brand?post=9651"},{"taxonomy":"product_cat","embeddable":true,"href":"https:\/\/jinhuaceramic.com\/de\/wp-json\/wp\/v2\/product_cat?post=9651"},{"taxonomy":"product_tag","embeddable":true,"href":"https:\/\/jinhuaceramic.com\/de\/wp-json\/wp\/v2\/product_tag?post=9651"}],"curies":[{"name":"wp","href":"https:\/\/api.w.org\/{rel}","templated":true}]}}