{"id":9678,"date":"2025-07-10T02:46:27","date_gmt":"2025-07-10T02:46:27","guid":{"rendered":"https:\/\/jinhuaceramic.com\/?post_type=product&#038;p=9678"},"modified":"2025-11-12T03:43:17","modified_gmt":"2025-11-12T03:43:17","slug":"wholesale-bakeware-set","status":"publish","type":"product","link":"https:\/\/jinhuaceramic.com\/de\/product\/wholesale-bakeware-set\/","title":{"rendered":"Dunkelblau Gro\u00dfhandel Backformen Set, benutzerdefinierte Backen Gerichte"},"content":{"rendered":"<div class=\"wp-block-columns is-layout-flex wp-container-core-columns-is-layout-9d6595d7 wp-block-columns-is-layout-flex\">\n<div class=\"wp-block-column is-layout-flow wp-block-column-is-layout-flow\">\n<h3 class=\"wp-block-heading\">Premium Dark Blue Gro\u00dfhandel Backformen Set Eigenschaften:<\/h3>\n\n\n\n<ul class=\"wp-block-list\">\n<li><strong>Gewellte Kante:<\/strong> Die R\u00e4nder dieser Gro\u00dfhandels-Backformen haben eine glatte, gewellte Form, die nicht nur die Backform sch\u00f6ner aussehen l\u00e4sst, sondern auch das gebackene Produkt schichtet und die R\u00e4nder knusprig macht, was den Effekt des Backens und den Ausblick auf den Esstisch verbessert.<\/li>\n\n\n\n<li><strong>Dunkelblau: <\/strong>Diese ma\u00dfgefertigten Backformen sind in einem tiefen, leuchtenden Blau gehalten. W\u00e4hrend des Backvorgangs wird ein reaktives Glasurverfahren angewandt, um eine einzigartige Farbtiefe und Textur f\u00fcr jede Backform zu erzielen. Die R\u00e4nder der Auflaufformen sind mit schwarzen Linien umrandet, was sie noch raffinierter und dreidimensionaler wirken l\u00e4sst.<\/li>\n\n\n\n<li><strong>Hochwertiges Material: <\/strong>Diese ma\u00dfgefertigten Auflaufformen bestehen aus hochwertigem Keramikmaterial, das eine bessere W\u00e4rmespeicherung und eine gleichm\u00e4\u00dfige W\u00e4rmeverteilung gew\u00e4hrleistet, so dass die Speisen gleichm\u00e4\u00dfig von innen nach au\u00dfen gegart werden und nicht anbrennen oder nur teilweise durchgaren.<\/li>\n\n\n\n<li><strong>Verschiedene Gr\u00f6\u00dfen:<\/strong> Diese Backformen-Sets f\u00fcr den Gro\u00dfhandel umfassen drei verschiedene Gr\u00f6\u00dfen, aus denen Sie je nach Menge der Zutaten oder der Art des Gerichts w\u00e4hlen k\u00f6nnen. Ob Brath\u00e4hnchen, Lasagne, Einzelportionen oder Miniaturdesserts, es gibt immer die richtige Gr\u00f6\u00dfe.<\/li>\n<\/ul>\n<\/div>\n\n\n\n<div class=\"wp-block-column is-layout-flow wp-block-column-is-layout-flow\">\n<figure class=\"wp-block-image size-full\"><img fetchpriority=\"high\" decoding=\"async\" width=\"2560\" height=\"2560\" src=\"https:\/\/jinhuaceramic.com\/wp-content\/uploads\/2025\/07\/Dark-Blue-Bakeware-Set-With-Wavy-Edge-Wholesale-Custom-Baking-Dishes-7.webp\" alt=\"dunkelblaues-gro\u00dfhandel-backformen-set-mit-wellen-rand-individuelle-backformen-7\" class=\"wp-image-9684\" srcset=\"https:\/\/jinhuaceramic.com\/wp-content\/uploads\/2025\/07\/Dark-Blue-Bakeware-Set-With-Wavy-Edge-Wholesale-Custom-Baking-Dishes-7.webp 2560w, https:\/\/jinhuaceramic.com\/wp-content\/uploads\/2025\/07\/Dark-Blue-Bakeware-Set-With-Wavy-Edge-Wholesale-Custom-Baking-Dishes-7-300x300.webp 300w, https:\/\/jinhuaceramic.com\/wp-content\/uploads\/2025\/07\/Dark-Blue-Bakeware-Set-With-Wavy-Edge-Wholesale-Custom-Baking-Dishes-7-150x150.webp 150w, https:\/\/jinhuaceramic.com\/wp-content\/uploads\/2025\/07\/Dark-Blue-Bakeware-Set-With-Wavy-Edge-Wholesale-Custom-Baking-Dishes-7-768x768.webp 768w, https:\/\/jinhuaceramic.com\/wp-content\/uploads\/2025\/07\/Dark-Blue-Bakeware-Set-With-Wavy-Edge-Wholesale-Custom-Baking-Dishes-7-12x12.webp 12w, https:\/\/jinhuaceramic.com\/wp-content\/uploads\/2025\/07\/Dark-Blue-Bakeware-Set-With-Wavy-Edge-Wholesale-Custom-Baking-Dishes-7-285x285.webp 285w, https:\/\/jinhuaceramic.com\/wp-content\/uploads\/2025\/07\/Dark-Blue-Bakeware-Set-With-Wavy-Edge-Wholesale-Custom-Baking-Dishes-7-1600x1600.webp 1600w, https:\/\/jinhuaceramic.com\/wp-content\/uploads\/2025\/07\/Dark-Blue-Bakeware-Set-With-Wavy-Edge-Wholesale-Custom-Baking-Dishes-7-270x270.webp 270w, https:\/\/jinhuaceramic.com\/wp-content\/uploads\/2025\/07\/Dark-Blue-Bakeware-Set-With-Wavy-Edge-Wholesale-Custom-Baking-Dishes-7-540x540.webp 540w, https:\/\/jinhuaceramic.com\/wp-content\/uploads\/2025\/07\/Dark-Blue-Bakeware-Set-With-Wavy-Edge-Wholesale-Custom-Baking-Dishes-7-660x660.webp 660w\" sizes=\"(max-width: 2560px) 100vw, 2560px\" \/><\/figure>\n<\/div>\n<\/div>","protected":false},"excerpt":{"rendered":"<p>Bitte kontaktieren Sie uns f\u00fcr den Gro\u00dfeinkauf unseres Gro\u00dfhandels-Backformen-Sets. Diese benutzerdefinierten Backformen-Sets sind auf dem Markt wegen ihrer sch\u00f6nen gewellten Design, tiefblaue Farbe, praktische Kombination von mehreren Gr\u00f6\u00dfen, und hochwertige, langlebige Materialien beliebt. Durch die Kombination von Zweckm\u00e4\u00dfigkeit und Sch\u00f6nheit sind diese Backformen ideal f\u00fcr die Verbesserung des Backerlebnisses und der K\u00fcchen\u00e4sthetik.<\/p>","protected":false},"featured_media":9680,"comment_status":"closed","ping_status":"closed","template":"","meta":{"_acf_changed":false},"product_brand":[],"product_cat":[53],"product_tag":[71],"class_list":{"0":"post-9678","1":"product","2":"type-product","3":"status-publish","4":"has-post-thumbnail","6":"product_cat-bakeware-in-bulk","7":"product_tag-wholesale-baking-pans","9":"first","10":"instock","11":"shipping-taxable","12":"product-type-simple"},"acf":[],"_links":{"self":[{"href":"https:\/\/jinhuaceramic.com\/de\/wp-json\/wp\/v2\/product\/9678","targetHints":{"allow":["GET"]}}],"collection":[{"href":"https:\/\/jinhuaceramic.com\/de\/wp-json\/wp\/v2\/product"}],"about":[{"href":"https:\/\/jinhuaceramic.com\/de\/wp-json\/wp\/v2\/types\/product"}],"replies":[{"embeddable":true,"href":"https:\/\/jinhuaceramic.com\/de\/wp-json\/wp\/v2\/comments?post=9678"}],"version-history":[{"count":0,"href":"https:\/\/jinhuaceramic.com\/de\/wp-json\/wp\/v2\/product\/9678\/revisions"}],"wp:featuredmedia":[{"embeddable":true,"href":"https:\/\/jinhuaceramic.com\/de\/wp-json\/wp\/v2\/media\/9680"}],"wp:attachment":[{"href":"https:\/\/jinhuaceramic.com\/de\/wp-json\/wp\/v2\/media?parent=9678"}],"wp:term":[{"taxonomy":"product_brand","embeddable":true,"href":"https:\/\/jinhuaceramic.com\/de\/wp-json\/wp\/v2\/product_brand?post=9678"},{"taxonomy":"product_cat","embeddable":true,"href":"https:\/\/jinhuaceramic.com\/de\/wp-json\/wp\/v2\/product_cat?post=9678"},{"taxonomy":"product_tag","embeddable":true,"href":"https:\/\/jinhuaceramic.com\/de\/wp-json\/wp\/v2\/product_tag?post=9678"}],"curies":[{"name":"wp","href":"https:\/\/api.w.org\/{rel}","templated":true}]}}