{"id":9709,"date":"2025-07-17T02:46:37","date_gmt":"2025-07-17T02:46:37","guid":{"rendered":"https:\/\/jinhuaceramic.com\/?post_type=product&#038;p=9709"},"modified":"2025-11-12T03:41:55","modified_gmt":"2025-11-12T03:41:55","slug":"custom-ceramic-candle-jar","status":"publish","type":"product","link":"https:\/\/jinhuaceramic.com\/de\/product\/custom-ceramic-candle-jar\/","title":{"rendered":"Benutzerdefinierte Keramik-Kerze Gl\u00e4ser, einzigartige Kerze Container in Bulk"},"content":{"rendered":"<div class=\"wp-block-columns is-layout-flex wp-container-core-columns-is-layout-9d6595d7 wp-block-columns-is-layout-flex\">\n<div class=\"wp-block-column is-layout-flow wp-block-column-is-layout-flow\">\n<h3 class=\"wp-block-heading\">Premium Custom Keramik Kerze Jar Features:<\/h3>\n\n\n\n<ul class=\"wp-block-list\">\n<li><strong>Unkonventionelles Design:<\/strong> Die einzigartig geformten, individuell gestalteten Keramik-Kerzengl\u00e4ser haben eine runde Form, aber einen l\u00e4ngeren Boden, wodurch die H\u00f6he des Glases zunimmt und die Gesamtform skulpturaler und k\u00fcnstlerischer wird. Es gibt sogar vertikale Streifen auf der Au\u00dfenseite des Gef\u00e4\u00dfes, die Textur und visuelle Schichtung schaffen, wodurch es noch exquisiter und einzigartiger erscheint.<\/li>\n\n\n\n<li><strong>Verschiedene weiche Farbt\u00f6ne: <\/strong>Verschiedene sanfte Farbt\u00f6ne wie Wei\u00df, Off-White, Rosa, Hellrosa, Hellgr\u00fcn usw. sind f\u00fcr diese individuellen Keramikkerzengl\u00e4ser erh\u00e4ltlich. Diese Farbt\u00f6ne mit geringer S\u00e4ttigung sind sehr vielseitig und k\u00f6nnen ein entspannendes, warmes und gem\u00fctliches Ambiente schaffen.<\/li>\n\n\n\n<li><strong>Langlebiges Material:<\/strong> Die Kerzengl\u00e4ser f\u00fcr den Gro\u00dfhandel werden aus haltbarem Keramikmaterial hergestellt und in Hochtemperatur\u00f6fen gebrannt. Die Gl\u00e4ser sind robust, langlebig und hitzebest\u00e4ndig. Sie k\u00f6nnen die Hitze, die durch brennende Kerzen entsteht, problemlos aushalten und brechen nicht so leicht.<\/li>\n\n\n\n<li><strong>Vielseitigkeit: <\/strong>Diese Keramikbeh\u00e4lter f\u00fcr den Gro\u00dfhandel sind vielseitig einsetzbar. Erstens sind sie von moderater Gr\u00f6\u00dfe und eignen sich am besten als Beh\u00e4lter f\u00fcr Duftkerzen. Zweitens k\u00f6nnen sie als kleine Blument\u00f6pfe verwendet werden, um kleine Pflanzen zu z\u00fcchten, und sie k\u00f6nnen auch als Vorratsgl\u00e4ser verwendet werden, um kleine Gegenst\u00e4nde aufzubewahren.<\/li>\n<\/ul>\n<\/div>\n\n\n\n<div class=\"wp-block-column is-layout-flow wp-block-column-is-layout-flow\">\n<figure class=\"wp-block-image size-full\"><img fetchpriority=\"high\" decoding=\"async\" width=\"800\" height=\"800\" src=\"https:\/\/jinhuaceramic.com\/wp-content\/uploads\/2025\/07\/Unique-Candle-Jars-Wholesale-Ceramic-Containers-For-Candle-Or-Plants-3.webp\" alt=\"keramik-kerzengl\u00e4ser-einzigartige-kerzengl\u00e4ser-grosshandel-f\u00fcr-kerzen-oder-pflanzen-3\" class=\"wp-image-9711\" srcset=\"https:\/\/jinhuaceramic.com\/wp-content\/uploads\/2025\/07\/Unique-Candle-Jars-Wholesale-Ceramic-Containers-For-Candle-Or-Plants-3.webp 800w, https:\/\/jinhuaceramic.com\/wp-content\/uploads\/2025\/07\/Unique-Candle-Jars-Wholesale-Ceramic-Containers-For-Candle-Or-Plants-3-300x300.webp 300w, https:\/\/jinhuaceramic.com\/wp-content\/uploads\/2025\/07\/Unique-Candle-Jars-Wholesale-Ceramic-Containers-For-Candle-Or-Plants-3-150x150.webp 150w, https:\/\/jinhuaceramic.com\/wp-content\/uploads\/2025\/07\/Unique-Candle-Jars-Wholesale-Ceramic-Containers-For-Candle-Or-Plants-3-768x768.webp 768w, https:\/\/jinhuaceramic.com\/wp-content\/uploads\/2025\/07\/Unique-Candle-Jars-Wholesale-Ceramic-Containers-For-Candle-Or-Plants-3-12x12.webp 12w, https:\/\/jinhuaceramic.com\/wp-content\/uploads\/2025\/07\/Unique-Candle-Jars-Wholesale-Ceramic-Containers-For-Candle-Or-Plants-3-285x285.webp 285w, https:\/\/jinhuaceramic.com\/wp-content\/uploads\/2025\/07\/Unique-Candle-Jars-Wholesale-Ceramic-Containers-For-Candle-Or-Plants-3-270x270.webp 270w, https:\/\/jinhuaceramic.com\/wp-content\/uploads\/2025\/07\/Unique-Candle-Jars-Wholesale-Ceramic-Containers-For-Candle-Or-Plants-3-540x540.webp 540w, https:\/\/jinhuaceramic.com\/wp-content\/uploads\/2025\/07\/Unique-Candle-Jars-Wholesale-Ceramic-Containers-For-Candle-Or-Plants-3-660x660.webp 660w\" sizes=\"(max-width: 800px) 100vw, 800px\" \/><\/figure>\n<\/div>\n<\/div>\n\n\n\n<p><\/p>","protected":false},"excerpt":{"rendered":"<p>F\u00fchlen Sie sich frei, uns f\u00fcr den Gro\u00dfeinkauf unserer benutzerdefinierten Keramik-Kerzengl\u00e4ser zu kontaktieren. Die Vorteile dieser Gro\u00dfhandel Kerzengl\u00e4ser geh\u00f6ren ein einzigartiges Design, weiche und flexible Farben, mehrere Verwendungen und ausgezeichnete Keramik-Materialien. Diese Kerzengl\u00e4ser sehen nicht nur gut aus, sondern sind auch praktisch. Sie verleihen dem Innenraum einen Hauch von Raffinesse und Kunstfertigkeit und verbessern die Qualit\u00e4t und das Ritual des t\u00e4glichen Lebens.<\/p>","protected":false},"featured_media":9710,"comment_status":"closed","ping_status":"closed","template":"","meta":{"_acf_changed":false},"product_brand":[],"product_cat":[52],"product_tag":[66],"class_list":{"0":"post-9709","1":"product","2":"type-product","3":"status-publish","4":"has-post-thumbnail","6":"product_cat-wholesale-candle-containers","7":"product_tag-candle-jars-wholesale","9":"first","10":"instock","11":"shipping-taxable","12":"product-type-simple"},"acf":[],"_links":{"self":[{"href":"https:\/\/jinhuaceramic.com\/de\/wp-json\/wp\/v2\/product\/9709","targetHints":{"allow":["GET"]}}],"collection":[{"href":"https:\/\/jinhuaceramic.com\/de\/wp-json\/wp\/v2\/product"}],"about":[{"href":"https:\/\/jinhuaceramic.com\/de\/wp-json\/wp\/v2\/types\/product"}],"replies":[{"embeddable":true,"href":"https:\/\/jinhuaceramic.com\/de\/wp-json\/wp\/v2\/comments?post=9709"}],"version-history":[{"count":0,"href":"https:\/\/jinhuaceramic.com\/de\/wp-json\/wp\/v2\/product\/9709\/revisions"}],"wp:featuredmedia":[{"embeddable":true,"href":"https:\/\/jinhuaceramic.com\/de\/wp-json\/wp\/v2\/media\/9710"}],"wp:attachment":[{"href":"https:\/\/jinhuaceramic.com\/de\/wp-json\/wp\/v2\/media?parent=9709"}],"wp:term":[{"taxonomy":"product_brand","embeddable":true,"href":"https:\/\/jinhuaceramic.com\/de\/wp-json\/wp\/v2\/product_brand?post=9709"},{"taxonomy":"product_cat","embeddable":true,"href":"https:\/\/jinhuaceramic.com\/de\/wp-json\/wp\/v2\/product_cat?post=9709"},{"taxonomy":"product_tag","embeddable":true,"href":"https:\/\/jinhuaceramic.com\/de\/wp-json\/wp\/v2\/product_tag?post=9709"}],"curies":[{"name":"wp","href":"https:\/\/api.w.org\/{rel}","templated":true}]}}