{"id":9720,"date":"2025-07-17T03:28:18","date_gmt":"2025-07-17T03:28:18","guid":{"rendered":"https:\/\/jinhuaceramic.com\/?post_type=product&#038;p=9720"},"modified":"2025-11-12T03:41:00","modified_gmt":"2025-11-12T03:41:00","slug":"candle-container-bulk","status":"publish","type":"product","link":"https:\/\/jinhuaceramic.com\/de\/product\/candle-container-bulk\/","title":{"rendered":"Matte Kerzenbeh\u00e4lter in Gro\u00dfmengen, individuelle Kerzenbeh\u00e4lter im Gro\u00dfhandel"},"content":{"rendered":"<div class=\"wp-block-columns is-layout-flex wp-container-core-columns-is-layout-9d6595d7 wp-block-columns-is-layout-flex\">\n<div class=\"wp-block-column is-layout-flow wp-block-column-is-layout-flow\">\n<h3 class=\"wp-block-heading\">Premium Matte Kerze Container Bulk Merkmale:<\/h3>\n\n\n\n<ul class=\"wp-block-list\">\n<li><strong>Minimalistische Form: <\/strong>Diese ma\u00dfgefertigten Kerzengl\u00e4ser haben eine sehr einheitliche zylindrische Form mit einem sehr schmalen Boden am unteren Ende. Die Gesamtlinien sind auch ordentlich und glatt ohne unn\u00f6tige Dekorationen, die mit dem modernen Mainstream minimalistischen Stilen entspricht.<\/li>\n\n\n\n<li><strong>Matte weiche Farben:<\/strong> Diese Kerzenbeh\u00e4lter sind in einer Vielzahl von sanften Farben wie Wei\u00df, Grau, Hellrosa, Hellgr\u00fcn usw. erh\u00e4ltlich. Die Farben sind matt und wenig ges\u00e4ttigt, die zur\u00fcckhaltend, hochwertig und vielseitig erscheinen und eine ruhige, gem\u00fctliche und warme Atmosph\u00e4re schaffen k\u00f6nnen.<\/li>\n\n\n\n<li><strong>Hitzebest\u00e4ndiges Material:<\/strong> Diese Kerzenbeh\u00e4lter werden aus hochwertigem Keramikmaterial hergestellt und anschlie\u00dfend bei hohen Temperaturen gebrannt, wodurch sie hart und hitzebest\u00e4ndig werden. Sie werden durch die Hitze der brennenden Kerzen nicht leicht verformt oder geknackt und sind daher sicher zu verwenden.<\/li>\n\n\n\n<li><strong>Wiederverwendbar: <\/strong>Diese hochwertigen Gro\u00dfhandelskerzengl\u00e4ser sind wiederverwendbar. Wenn die Duftkerzen ausgebrannt sind, k\u00f6nnen sie leicht gereinigt und als Mini-Vasen oder Schreibtisch-Aufbewahrungsgl\u00e4ser zur Aufbewahrung von Schl\u00fcsseln, M\u00fcnzen und anderen kleinen Gegenst\u00e4nden verwendet werden.<\/li>\n<\/ul>\n<\/div>\n\n\n\n<div class=\"wp-block-column is-layout-flow wp-block-column-is-layout-flow\">\n<figure class=\"wp-block-image size-full\"><img fetchpriority=\"high\" decoding=\"async\" width=\"800\" height=\"800\" src=\"https:\/\/jinhuaceramic.com\/wp-content\/uploads\/2025\/07\/Minimalist-Matte-Ceramic-Candle-Jars-Custom-Empty-Candle-Vessel-Wholesale-3.webp\" alt=\"matte keramik-keramik-kerzengef\u00e4\u00dfe-gro\u00dfhandel-3\" class=\"wp-image-9722\" srcset=\"https:\/\/jinhuaceramic.com\/wp-content\/uploads\/2025\/07\/Minimalist-Matte-Ceramic-Candle-Jars-Custom-Empty-Candle-Vessel-Wholesale-3.webp 800w, https:\/\/jinhuaceramic.com\/wp-content\/uploads\/2025\/07\/Minimalist-Matte-Ceramic-Candle-Jars-Custom-Empty-Candle-Vessel-Wholesale-3-300x300.webp 300w, https:\/\/jinhuaceramic.com\/wp-content\/uploads\/2025\/07\/Minimalist-Matte-Ceramic-Candle-Jars-Custom-Empty-Candle-Vessel-Wholesale-3-150x150.webp 150w, https:\/\/jinhuaceramic.com\/wp-content\/uploads\/2025\/07\/Minimalist-Matte-Ceramic-Candle-Jars-Custom-Empty-Candle-Vessel-Wholesale-3-768x768.webp 768w, https:\/\/jinhuaceramic.com\/wp-content\/uploads\/2025\/07\/Minimalist-Matte-Ceramic-Candle-Jars-Custom-Empty-Candle-Vessel-Wholesale-3-12x12.webp 12w, https:\/\/jinhuaceramic.com\/wp-content\/uploads\/2025\/07\/Minimalist-Matte-Ceramic-Candle-Jars-Custom-Empty-Candle-Vessel-Wholesale-3-285x285.webp 285w, https:\/\/jinhuaceramic.com\/wp-content\/uploads\/2025\/07\/Minimalist-Matte-Ceramic-Candle-Jars-Custom-Empty-Candle-Vessel-Wholesale-3-270x270.webp 270w, https:\/\/jinhuaceramic.com\/wp-content\/uploads\/2025\/07\/Minimalist-Matte-Ceramic-Candle-Jars-Custom-Empty-Candle-Vessel-Wholesale-3-540x540.webp 540w, https:\/\/jinhuaceramic.com\/wp-content\/uploads\/2025\/07\/Minimalist-Matte-Ceramic-Candle-Jars-Custom-Empty-Candle-Vessel-Wholesale-3-660x660.webp 660w\" sizes=\"(max-width: 800px) 100vw, 800px\" \/><\/figure>\n<\/div>\n<\/div>","protected":false},"excerpt":{"rendered":"<p>Willkommen zum Kauf unserer matten Kerzenbeh\u00e4lter in gro\u00dfen Mengen. Diese benutzerdefinierten Kerzengl\u00e4ser sind einfach und elegant in der Form, mit einer Vielzahl von weichen, matten Farbt\u00f6nen, und die Qualit\u00e4t der Keramik ist gut und kann wiederverwendet werden. Sie bilden ein harmonisches Gleichgewicht zwischen Sch\u00f6nheit, Funktionalit\u00e4t und hoher Qualit\u00e4t, und diese Kerzengl\u00e4ser sind in der Lage, den Raum zu erw\u00e4rmen und Raffinesse und Stil in das moderne Heimleben zu bringen.<\/p>","protected":false},"featured_media":9725,"comment_status":"closed","ping_status":"closed","template":"","meta":{"_acf_changed":false},"product_brand":[],"product_cat":[52],"product_tag":[66],"class_list":{"0":"post-9720","1":"product","2":"type-product","3":"status-publish","4":"has-post-thumbnail","6":"product_cat-wholesale-candle-containers","7":"product_tag-candle-jars-wholesale","9":"first","10":"instock","11":"shipping-taxable","12":"product-type-simple"},"acf":[],"_links":{"self":[{"href":"https:\/\/jinhuaceramic.com\/de\/wp-json\/wp\/v2\/product\/9720","targetHints":{"allow":["GET"]}}],"collection":[{"href":"https:\/\/jinhuaceramic.com\/de\/wp-json\/wp\/v2\/product"}],"about":[{"href":"https:\/\/jinhuaceramic.com\/de\/wp-json\/wp\/v2\/types\/product"}],"replies":[{"embeddable":true,"href":"https:\/\/jinhuaceramic.com\/de\/wp-json\/wp\/v2\/comments?post=9720"}],"version-history":[{"count":0,"href":"https:\/\/jinhuaceramic.com\/de\/wp-json\/wp\/v2\/product\/9720\/revisions"}],"wp:featuredmedia":[{"embeddable":true,"href":"https:\/\/jinhuaceramic.com\/de\/wp-json\/wp\/v2\/media\/9725"}],"wp:attachment":[{"href":"https:\/\/jinhuaceramic.com\/de\/wp-json\/wp\/v2\/media?parent=9720"}],"wp:term":[{"taxonomy":"product_brand","embeddable":true,"href":"https:\/\/jinhuaceramic.com\/de\/wp-json\/wp\/v2\/product_brand?post=9720"},{"taxonomy":"product_cat","embeddable":true,"href":"https:\/\/jinhuaceramic.com\/de\/wp-json\/wp\/v2\/product_cat?post=9720"},{"taxonomy":"product_tag","embeddable":true,"href":"https:\/\/jinhuaceramic.com\/de\/wp-json\/wp\/v2\/product_tag?post=9720"}],"curies":[{"name":"wp","href":"https:\/\/api.w.org\/{rel}","templated":true}]}}