{"id":9792,"date":"2025-07-18T01:21:28","date_gmt":"2025-07-18T01:21:28","guid":{"rendered":"https:\/\/jinhuaceramic.com\/?post_type=product&#038;p=9792"},"modified":"2025-07-18T01:21:31","modified_gmt":"2025-07-18T01:21:31","slug":"candle-containers-in-bulk","status":"publish","type":"product","link":"https:\/\/jinhuaceramic.com\/de\/product\/candle-containers-in-bulk\/","title":{"rendered":"Moderne Kerzenbeh\u00e4lter in Bulk, Ton Kerze T\u00f6pfe Gro\u00dfhandel"},"content":{"rendered":"<div class=\"wp-block-columns is-layout-flex wp-container-core-columns-is-layout-9d6595d7 wp-block-columns-is-layout-flex\">\n<div class=\"wp-block-column is-layout-flow wp-block-column-is-layout-flow\">\n<h3 class=\"wp-block-heading\">Premium-Kerze-Container in Bulk Features:<\/h3>\n\n\n\n<ul class=\"wp-block-list\">\n<li><strong>Modernes Design: <\/strong>Unsere Keramik-Kerzengef\u00e4\u00dfe in loser Sch\u00fcttung haben eine zylindrische Form mit gleichem Durchmesser oben und unten, sind aber in der Mitte leicht eingeschn\u00fcrt und bieten ein sauberes und luftiges Aussehen. Die Gl\u00e4ser haben eine gleichm\u00e4\u00dfige, geriffelte Textur auf der Au\u00dfenseite, die eine visuelle Hierarchie und einen Hauch von Flachheit verhindert.<\/li>\n\n\n\n<li><strong>Vielfalt der Farben: <\/strong>Diese keramischen Kerzent\u00f6pfe Gro\u00dfhandel sind in einer Vielzahl von Farben, einschlie\u00dflich hellgr\u00fcn, gelb, rosa, braun, schwarz, rot, hellgrau, lila, usw., die verschiedenen Heimdekoration Bed\u00fcrfnisse und \u00e4sthetischen Vorlieben gerecht zu werden.<\/li>\n\n\n\n<li><strong>Hochwertiges Material: <\/strong>Unsere keramischen Kerzenbeh\u00e4lter in loser Sch\u00fcttung sind aus hochwertiger Keramik gefertigt und bei hoher Temperatur gebrannt. Sie sind langlebig und k\u00f6nnen dem t\u00e4glichen Gebrauch standhalten, ohne zu zerkratzen oder zu brechen.<\/li>\n\n\n\n<li><strong>Vielseitigkeit: <\/strong>Diese Keramik Kerze T\u00f6pfe Gro\u00dfhandel sind vielseitig zun\u00e4chst als Kerze machen T\u00f6pfe der geeigneten Gr\u00f6\u00dfe, um eine warme und gem\u00fctliche Atmosph\u00e4re zu schaffen. Diese Keramik-Gl\u00e4ser k\u00f6nnen auch als Stifthalter Speicher Gl\u00e4ser, Make-up Pinsel Halter Gl\u00e4ser, Zahnb\u00fcrste Glas Lagerung und so weiter genutzt werden.<\/li>\n<\/ul>\n<\/div>\n\n\n\n<div class=\"wp-block-column is-layout-flow wp-block-column-is-layout-flow\">\n<figure class=\"wp-block-image size-full\"><img fetchpriority=\"high\" decoding=\"async\" width=\"800\" height=\"800\" src=\"https:\/\/jinhuaceramic.com\/wp-content\/uploads\/2025\/07\/Modern-Candle-Vessel-With-Various-Colors-Custom-Ceramic-Candle-Jars-8.webp\" alt=\"Moderne Kerzengef\u00e4\u00dfe in Bulk, Ton Kerze T\u00f6pfe Gro\u00dfhandel-1\" class=\"wp-image-9798\" srcset=\"https:\/\/jinhuaceramic.com\/wp-content\/uploads\/2025\/07\/Modern-Candle-Vessel-With-Various-Colors-Custom-Ceramic-Candle-Jars-8.webp 800w, https:\/\/jinhuaceramic.com\/wp-content\/uploads\/2025\/07\/Modern-Candle-Vessel-With-Various-Colors-Custom-Ceramic-Candle-Jars-8-300x300.webp 300w, https:\/\/jinhuaceramic.com\/wp-content\/uploads\/2025\/07\/Modern-Candle-Vessel-With-Various-Colors-Custom-Ceramic-Candle-Jars-8-150x150.webp 150w, https:\/\/jinhuaceramic.com\/wp-content\/uploads\/2025\/07\/Modern-Candle-Vessel-With-Various-Colors-Custom-Ceramic-Candle-Jars-8-768x768.webp 768w, https:\/\/jinhuaceramic.com\/wp-content\/uploads\/2025\/07\/Modern-Candle-Vessel-With-Various-Colors-Custom-Ceramic-Candle-Jars-8-12x12.webp 12w, https:\/\/jinhuaceramic.com\/wp-content\/uploads\/2025\/07\/Modern-Candle-Vessel-With-Various-Colors-Custom-Ceramic-Candle-Jars-8-285x285.webp 285w, https:\/\/jinhuaceramic.com\/wp-content\/uploads\/2025\/07\/Modern-Candle-Vessel-With-Various-Colors-Custom-Ceramic-Candle-Jars-8-270x270.webp 270w, https:\/\/jinhuaceramic.com\/wp-content\/uploads\/2025\/07\/Modern-Candle-Vessel-With-Various-Colors-Custom-Ceramic-Candle-Jars-8-540x540.webp 540w, https:\/\/jinhuaceramic.com\/wp-content\/uploads\/2025\/07\/Modern-Candle-Vessel-With-Various-Colors-Custom-Ceramic-Candle-Jars-8-660x660.webp 660w\" sizes=\"(max-width: 800px) 100vw, 800px\" \/><\/figure>\n<\/div>\n<\/div>","protected":false},"excerpt":{"rendered":"<p>Willkommen zum Kauf von keramischen Kerzenbeh\u00e4ltern in gro\u00dfen Mengen. Diese Kerzent\u00f6pfe Gro\u00dfhandel haben ein modernes Design und sind in einer breiten Palette von stilvollen Farben erh\u00e4ltlich. Sie vereinen Sch\u00f6nheit und Zweckm\u00e4\u00dfigkeit und sind eine ausgezeichnete Wahl f\u00fcr die Heimdekoration.<\/p>","protected":false},"featured_media":9799,"comment_status":"closed","ping_status":"closed","template":"","meta":{"_acf_changed":false},"product_brand":[],"product_cat":[52],"product_tag":[66],"class_list":{"0":"post-9792","1":"product","2":"type-product","3":"status-publish","4":"has-post-thumbnail","6":"product_cat-wholesale-candle-containers","7":"product_tag-candle-jars-wholesale","9":"first","10":"instock","11":"shipping-taxable","12":"product-type-simple"},"acf":[],"_links":{"self":[{"href":"https:\/\/jinhuaceramic.com\/de\/wp-json\/wp\/v2\/product\/9792","targetHints":{"allow":["GET"]}}],"collection":[{"href":"https:\/\/jinhuaceramic.com\/de\/wp-json\/wp\/v2\/product"}],"about":[{"href":"https:\/\/jinhuaceramic.com\/de\/wp-json\/wp\/v2\/types\/product"}],"replies":[{"embeddable":true,"href":"https:\/\/jinhuaceramic.com\/de\/wp-json\/wp\/v2\/comments?post=9792"}],"version-history":[{"count":0,"href":"https:\/\/jinhuaceramic.com\/de\/wp-json\/wp\/v2\/product\/9792\/revisions"}],"wp:featuredmedia":[{"embeddable":true,"href":"https:\/\/jinhuaceramic.com\/de\/wp-json\/wp\/v2\/media\/9799"}],"wp:attachment":[{"href":"https:\/\/jinhuaceramic.com\/de\/wp-json\/wp\/v2\/media?parent=9792"}],"wp:term":[{"taxonomy":"product_brand","embeddable":true,"href":"https:\/\/jinhuaceramic.com\/de\/wp-json\/wp\/v2\/product_brand?post=9792"},{"taxonomy":"product_cat","embeddable":true,"href":"https:\/\/jinhuaceramic.com\/de\/wp-json\/wp\/v2\/product_cat?post=9792"},{"taxonomy":"product_tag","embeddable":true,"href":"https:\/\/jinhuaceramic.com\/de\/wp-json\/wp\/v2\/product_tag?post=9792"}],"curies":[{"name":"wp","href":"https:\/\/api.w.org\/{rel}","templated":true}]}}