{"id":9806,"date":"2025-07-24T09:14:39","date_gmt":"2025-07-24T09:14:39","guid":{"rendered":"https:\/\/jinhuaceramic.com\/?post_type=product&#038;p=9806"},"modified":"2025-11-12T02:38:10","modified_gmt":"2025-11-12T02:38:10","slug":"white-baking-dishes-wholesale","status":"publish","type":"product","link":"https:\/\/jinhuaceramic.com\/de\/product\/white-baking-dishes-wholesale\/","title":{"rendered":"Benutzerdefinierte wei\u00dfe Backformen Gro\u00dfhandel mit gepunkteten Textur"},"content":{"rendered":"<div class=\"wp-block-columns is-layout-flex wp-container-core-columns-is-layout-9d6595d7 wp-block-columns-is-layout-flex\">\n<div class=\"wp-block-column is-layout-flow wp-block-column-is-layout-flow\">\n<h3 class=\"wp-block-heading\">Premium White Baking Dishes Gro\u00dfhandel Merkmale:<\/h3>\n\n\n\n<ul class=\"wp-block-list\">\n<li><strong>Gefleckte Textur: <\/strong>Diese individuellen Backformen sind in einem klassischen Schwarz-Wei\u00df-Farbschema gehalten, mit unregelm\u00e4\u00dfigen schwarzen Punkten auf dem wei\u00dfen Boden, die einen Spritzeffekt erzeugen. Dieses Design durchbricht die Monotonie von Einheitsfarben und sorgt f\u00fcr visuelles Interesse.<\/li>\n\n\n\n<li><strong>Ripple Textur: <\/strong>Die Au\u00dfenseite dieser wei\u00dfen Backformen im Gro\u00dfhandel ist mit einer erhabenen Riffelstruktur versehen, die dem Produkt eine taktile und mehrschichtige Haptik verleiht und die Backformen noch edler erscheinen l\u00e4sst.<\/li>\n\n\n\n<li><strong>Verschiedene Gr\u00f6\u00dfen: <\/strong>Diese wei\u00dfen Backformen gibt es im Gro\u00dfhandel in drei Gr\u00f6\u00dfen, so dass Sie je nach Portionsgr\u00f6\u00dfe und Art des Gerichts die richtige Gr\u00f6\u00dfe der Backform w\u00e4hlen k\u00f6nnen, z. B. eine gro\u00dfe zum Braten eines ganzen H\u00e4hnchens oder einer gro\u00dfen Lasagne, eine mittelgro\u00dfe zum Braten von Gem\u00fcse oder Aufl\u00e4ufen und eine kleine f\u00fcr Brownies oder Gerichte, die in einer einzigen Portion serviert werden.<\/li>\n\n\n\n<li><strong>Hochwertiges Material:<\/strong> Our custom Stoneware bakeware is made of high-quality material has better heat conduction and storage properties, enabling the food to cook uniformly from the center to the edge, resulting in tastier food and avoiding burnt edges and raw centers.<\/li>\n<\/ul>\n<\/div>\n\n\n\n<div class=\"wp-block-column is-layout-flow wp-block-column-is-layout-flow\">\n<figure class=\"wp-block-image size-full\"><img fetchpriority=\"high\" decoding=\"async\" width=\"1800\" height=\"1800\" src=\"https:\/\/jinhuaceramic.com\/wp-content\/uploads\/2025\/07\/White-Baking-Dishes-with-Spotted-Texture-Stoneware-Bakeware-Set-Custom-3.webp\" alt=\"wei\u00dfe-backformen-gro\u00dfhandel-mit-gepunkteter-textur-steinzeug-backformen-custom-3\" class=\"wp-image-9808\" srcset=\"https:\/\/jinhuaceramic.com\/wp-content\/uploads\/2025\/07\/White-Baking-Dishes-with-Spotted-Texture-Stoneware-Bakeware-Set-Custom-3.webp 1800w, https:\/\/jinhuaceramic.com\/wp-content\/uploads\/2025\/07\/White-Baking-Dishes-with-Spotted-Texture-Stoneware-Bakeware-Set-Custom-3-300x300.webp 300w, https:\/\/jinhuaceramic.com\/wp-content\/uploads\/2025\/07\/White-Baking-Dishes-with-Spotted-Texture-Stoneware-Bakeware-Set-Custom-3-150x150.webp 150w, https:\/\/jinhuaceramic.com\/wp-content\/uploads\/2025\/07\/White-Baking-Dishes-with-Spotted-Texture-Stoneware-Bakeware-Set-Custom-3-768x768.webp 768w, https:\/\/jinhuaceramic.com\/wp-content\/uploads\/2025\/07\/White-Baking-Dishes-with-Spotted-Texture-Stoneware-Bakeware-Set-Custom-3-12x12.webp 12w, https:\/\/jinhuaceramic.com\/wp-content\/uploads\/2025\/07\/White-Baking-Dishes-with-Spotted-Texture-Stoneware-Bakeware-Set-Custom-3-285x285.webp 285w, https:\/\/jinhuaceramic.com\/wp-content\/uploads\/2025\/07\/White-Baking-Dishes-with-Spotted-Texture-Stoneware-Bakeware-Set-Custom-3-1600x1600.webp 1600w, https:\/\/jinhuaceramic.com\/wp-content\/uploads\/2025\/07\/White-Baking-Dishes-with-Spotted-Texture-Stoneware-Bakeware-Set-Custom-3-270x270.webp 270w, https:\/\/jinhuaceramic.com\/wp-content\/uploads\/2025\/07\/White-Baking-Dishes-with-Spotted-Texture-Stoneware-Bakeware-Set-Custom-3-540x540.webp 540w, https:\/\/jinhuaceramic.com\/wp-content\/uploads\/2025\/07\/White-Baking-Dishes-with-Spotted-Texture-Stoneware-Bakeware-Set-Custom-3-660x660.webp 660w\" sizes=\"(max-width: 1800px) 100vw, 1800px\" \/><\/figure>\n<\/div>\n<\/div>","protected":false},"excerpt":{"rendered":"<p>Willkommen zum Kauf unserer wei\u00dfen Backformen im Gro\u00dfhandel. Unsere Sets von Backformen sind beliebt f\u00fcr ihre einzigartigen und sch\u00f6nen gepunkteten und geriffelten Designs, verschiedene Gr\u00f6\u00dfenkombinationen und \u00fcberlegene Steinzeug. Diese sch\u00f6nen und funktionalen Backformen sind nicht nur unentbehrliche Kochwerkzeuge in der K\u00fcche, sondern k\u00f6nnen auch direkt auf dem Tisch serviert werden, um das Essen noch angenehmer zu machen.<\/p>","protected":false},"featured_media":9807,"comment_status":"closed","ping_status":"closed","template":"","meta":{"_acf_changed":false},"product_brand":[],"product_cat":[53],"product_tag":[71],"class_list":{"0":"post-9806","1":"product","2":"type-product","3":"status-publish","4":"has-post-thumbnail","6":"product_cat-bakeware-in-bulk","7":"product_tag-wholesale-baking-pans","9":"first","10":"instock","11":"shipping-taxable","12":"product-type-simple"},"acf":[],"_links":{"self":[{"href":"https:\/\/jinhuaceramic.com\/de\/wp-json\/wp\/v2\/product\/9806","targetHints":{"allow":["GET"]}}],"collection":[{"href":"https:\/\/jinhuaceramic.com\/de\/wp-json\/wp\/v2\/product"}],"about":[{"href":"https:\/\/jinhuaceramic.com\/de\/wp-json\/wp\/v2\/types\/product"}],"replies":[{"embeddable":true,"href":"https:\/\/jinhuaceramic.com\/de\/wp-json\/wp\/v2\/comments?post=9806"}],"version-history":[{"count":0,"href":"https:\/\/jinhuaceramic.com\/de\/wp-json\/wp\/v2\/product\/9806\/revisions"}],"wp:featuredmedia":[{"embeddable":true,"href":"https:\/\/jinhuaceramic.com\/de\/wp-json\/wp\/v2\/media\/9807"}],"wp:attachment":[{"href":"https:\/\/jinhuaceramic.com\/de\/wp-json\/wp\/v2\/media?parent=9806"}],"wp:term":[{"taxonomy":"product_brand","embeddable":true,"href":"https:\/\/jinhuaceramic.com\/de\/wp-json\/wp\/v2\/product_brand?post=9806"},{"taxonomy":"product_cat","embeddable":true,"href":"https:\/\/jinhuaceramic.com\/de\/wp-json\/wp\/v2\/product_cat?post=9806"},{"taxonomy":"product_tag","embeddable":true,"href":"https:\/\/jinhuaceramic.com\/de\/wp-json\/wp\/v2\/product_tag?post=9806"}],"curies":[{"name":"wp","href":"https:\/\/api.w.org\/{rel}","templated":true}]}}