{"id":9833,"date":"2025-07-24T08:44:48","date_gmt":"2025-07-24T08:44:48","guid":{"rendered":"https:\/\/jinhuaceramic.com\/?post_type=product&#038;p=9833"},"modified":"2025-11-12T03:49:43","modified_gmt":"2025-11-12T03:49:43","slug":"stoneware-baking-dish-custom","status":"publish","type":"product","link":"https:\/\/jinhuaceramic.com\/de\/product\/stoneware-baking-dish-custom\/","title":{"rendered":"Steingut-Backform Custom, zweifarbige Backformen Gro\u00dfhandel"},"content":{"rendered":"<div class=\"wp-block-columns is-layout-flex wp-container-core-columns-is-layout-9d6595d7 wp-block-columns-is-layout-flex\">\n<div class=\"wp-block-column is-layout-flow wp-block-column-is-layout-flow\">\n<h3 class=\"wp-block-heading\">Premium-Steinzeug-Backform Benutzerdefinierte Merkmale:<\/h3>\n\n\n\n<ul class=\"wp-block-list\">\n<li><strong>Zweifarbiges Design: <\/strong>Die Steingut-Backform ist klassisch zweifarbig, mit reinem Wei\u00df auf der Oberseite und R\u00f6stbraun auf der Unterseite, in einem ausgewogenen und stilvollen Farbschema. Au\u00dferdem gibt es einen asymmetrischen kleinen Fleck auf der wei\u00dfen Seite der Backform, der das Produkt mehrschichtig und elegant aussehen l\u00e4sst.<\/li>\n\n\n\n<li><strong>Steingut Material: <\/strong>Die hochwertige Steingut-Backform verteilt die W\u00e4rme sehr effizient, verhindert \u00dcberhitzung und gart die Speisen gleichm\u00e4\u00dfig, ohne sie anzubrennen oder zu verkochen.<\/li>\n\n\n\n<li><strong>Robuste Praktikabilit\u00e4t:<\/strong> Die typische rechteckige Form dieser Gro\u00dfhandelsbackformen eignet sich perfekt zum Backen der meisten Gerichte wie Aufl\u00e4ufe, Lasagne, Brath\u00e4hnchen, Brownies usw. Die gro\u00dfen, rutschfesten Griffe an beiden Seiten der Backform bieten einen bequemen und festen Halt, so dass die Backform auch mit Ofenhandschuhen leicht zu transportieren ist.<\/li>\n\n\n\n<li><strong>Einfach zu reinigen:<\/strong> Die Gro\u00dfhandels-Backformen bestehen aus einer glatten Glasur, die das Anhaften von Lebensmitteln im Vergleich zu Metall-Backformen vermindert und die Reinigung mit Wasser und Seife erleichtert.<\/li>\n<\/ul>\n<\/div>\n\n\n\n<div class=\"wp-block-column is-layout-flow wp-block-column-is-layout-flow\">\n<figure class=\"wp-block-image size-full\"><img fetchpriority=\"high\" decoding=\"async\" width=\"1600\" height=\"1600\" src=\"https:\/\/jinhuaceramic.com\/wp-content\/uploads\/2025\/07\/Two-Tone-Food-Service-Baking-Pans-Stoneware-Custom-Baking-Dishes-6.webp\" alt=\"steinzeug-backformen-zwei-tone-food-service-backformen-grosshandel-6\" class=\"wp-image-9838\" srcset=\"https:\/\/jinhuaceramic.com\/wp-content\/uploads\/2025\/07\/Two-Tone-Food-Service-Baking-Pans-Stoneware-Custom-Baking-Dishes-6.webp 1600w, https:\/\/jinhuaceramic.com\/wp-content\/uploads\/2025\/07\/Two-Tone-Food-Service-Baking-Pans-Stoneware-Custom-Baking-Dishes-6-300x300.webp 300w, https:\/\/jinhuaceramic.com\/wp-content\/uploads\/2025\/07\/Two-Tone-Food-Service-Baking-Pans-Stoneware-Custom-Baking-Dishes-6-150x150.webp 150w, https:\/\/jinhuaceramic.com\/wp-content\/uploads\/2025\/07\/Two-Tone-Food-Service-Baking-Pans-Stoneware-Custom-Baking-Dishes-6-768x768.webp 768w, https:\/\/jinhuaceramic.com\/wp-content\/uploads\/2025\/07\/Two-Tone-Food-Service-Baking-Pans-Stoneware-Custom-Baking-Dishes-6-12x12.webp 12w, https:\/\/jinhuaceramic.com\/wp-content\/uploads\/2025\/07\/Two-Tone-Food-Service-Baking-Pans-Stoneware-Custom-Baking-Dishes-6-285x285.webp 285w, https:\/\/jinhuaceramic.com\/wp-content\/uploads\/2025\/07\/Two-Tone-Food-Service-Baking-Pans-Stoneware-Custom-Baking-Dishes-6-270x270.webp 270w, https:\/\/jinhuaceramic.com\/wp-content\/uploads\/2025\/07\/Two-Tone-Food-Service-Baking-Pans-Stoneware-Custom-Baking-Dishes-6-540x540.webp 540w, https:\/\/jinhuaceramic.com\/wp-content\/uploads\/2025\/07\/Two-Tone-Food-Service-Baking-Pans-Stoneware-Custom-Baking-Dishes-6-660x660.webp 660w\" sizes=\"(max-width: 1600px) 100vw, 1600px\" \/><\/figure>\n<\/div>\n<\/div>\n\n\n\n<p><\/p>","protected":false},"excerpt":{"rendered":"<p>Willkommen zum Kauf unserer Steingut-Backform benutzerdefinierte. Diese benutzerdefinierten Backformen sind sch\u00f6n und elegant im zweifarbigen Design, und das hochwertige Steingut Material hat eine ausgezeichnete Leistung. Durch die Kombination von \u00c4sthetik und Funktionalit\u00e4t k\u00f6nnen diese Backformen verschiedene Koch- und Servierbed\u00fcrfnisse erf\u00fcllen und sind die beste Wahl f\u00fcr Backbegeisterte und diejenigen, die ein qualitativ hochwertiges Leben verfolgen.<\/p>","protected":false},"featured_media":9841,"comment_status":"closed","ping_status":"closed","template":"","meta":{"_acf_changed":false},"product_brand":[],"product_cat":[53],"product_tag":[71],"class_list":{"0":"post-9833","1":"product","2":"type-product","3":"status-publish","4":"has-post-thumbnail","6":"product_cat-bakeware-in-bulk","7":"product_tag-wholesale-baking-pans","9":"first","10":"instock","11":"shipping-taxable","12":"product-type-simple"},"acf":[],"_links":{"self":[{"href":"https:\/\/jinhuaceramic.com\/de\/wp-json\/wp\/v2\/product\/9833","targetHints":{"allow":["GET"]}}],"collection":[{"href":"https:\/\/jinhuaceramic.com\/de\/wp-json\/wp\/v2\/product"}],"about":[{"href":"https:\/\/jinhuaceramic.com\/de\/wp-json\/wp\/v2\/types\/product"}],"replies":[{"embeddable":true,"href":"https:\/\/jinhuaceramic.com\/de\/wp-json\/wp\/v2\/comments?post=9833"}],"version-history":[{"count":0,"href":"https:\/\/jinhuaceramic.com\/de\/wp-json\/wp\/v2\/product\/9833\/revisions"}],"wp:featuredmedia":[{"embeddable":true,"href":"https:\/\/jinhuaceramic.com\/de\/wp-json\/wp\/v2\/media\/9841"}],"wp:attachment":[{"href":"https:\/\/jinhuaceramic.com\/de\/wp-json\/wp\/v2\/media?parent=9833"}],"wp:term":[{"taxonomy":"product_brand","embeddable":true,"href":"https:\/\/jinhuaceramic.com\/de\/wp-json\/wp\/v2\/product_brand?post=9833"},{"taxonomy":"product_cat","embeddable":true,"href":"https:\/\/jinhuaceramic.com\/de\/wp-json\/wp\/v2\/product_cat?post=9833"},{"taxonomy":"product_tag","embeddable":true,"href":"https:\/\/jinhuaceramic.com\/de\/wp-json\/wp\/v2\/product_tag?post=9833"}],"curies":[{"name":"wp","href":"https:\/\/api.w.org\/{rel}","templated":true}]}}