{"id":9847,"date":"2025-07-24T10:32:55","date_gmt":"2025-07-24T10:32:55","guid":{"rendered":"https:\/\/jinhuaceramic.com\/?post_type=product&#038;p=9847"},"modified":"2025-11-12T02:21:39","modified_gmt":"2025-11-12T02:21:39","slug":"wholesale-candle-holders-in-bulk","status":"publish","type":"product","link":"https:\/\/jinhuaceramic.com\/de\/product\/wholesale-candle-holders-in-bulk\/","title":{"rendered":"Wei\u00dfe Gro\u00dfhandel Kerzenhalter in Bulk, Kerzenst\u00e4nder Versorgung"},"content":{"rendered":"<div class=\"wp-block-columns is-layout-flex wp-container-core-columns-is-layout-9d6595d7 wp-block-columns-is-layout-flex\">\n<div class=\"wp-block-column is-layout-flow wp-block-column-is-layout-flow\">\n<h3 class=\"wp-block-heading\">Premium-Gro\u00dfhandel Kerze Inhaber in Bulk Features:<\/h3>\n\n\n\n<ul class=\"wp-block-list\">\n<li><strong>Sch\u00f6nes Design: <\/strong>Diese ma\u00dfgefertigten Kerzenhalter bestehen aus einem sich verj\u00fcngenden Sockel und einem Tablett obenauf, was ihnen ein schlichtes, aber elegantes Aussehen verleiht. Ebenso entscheidend ist die saubere und neutrale wei\u00dfe Farbe, die sie f\u00fcr verschiedene Einrichtungsstile geeignet macht und eine beruhigende und gelassene Stimmung schaffen kann.<\/li>\n\n\n\n<li><strong>Hitzebest\u00e4ndiges Material: <\/strong>Diese Gro\u00dfhandel Kerzenhalter in loser Sch\u00fcttung sind aus hochwertigen keramischen Material und gebrannt bei hohen Temperaturen, so haben eine gute Hitzebest\u00e4ndigkeit und kann die Hitze aus der Verbrennung von Kerzen ohne Verformung oder brechen und sind auch feuerfest.<\/li>\n\n\n\n<li><strong>Robuste Zweckm\u00e4\u00dfigkeit:<\/strong> Die schwere Keramikschale und der breite, sich verj\u00fcngende Sockel dieser Gro\u00dfhandelskerzenhalter machen sie stabiler und weniger anf\u00e4llig f\u00fcr Umst\u00fcrze. Die flache, breite obere Schale bietet eine hervorragende, stabile Unterst\u00fctzung f\u00fcr Stumpenkerzen und hat eine Tropfenauffangfunktion, die Ihre Arbeitsplatte wachsfrei macht.<\/li>\n\n\n\n<li><strong>Zweiteiliges Set:<\/strong> Dieser Gro\u00dfhandelskerzenhalter wird in zwei Teilen verkauft, die jeweils eine andere Form haben. Sie k\u00f6nnen diese Kerzenhalter zusammen auf einem Regal, Esstisch oder Kaminsims arrangieren, um einen Effekt der Schichtung und Tiefe zu erzeugen, was der Einrichtung ein attraktives und k\u00fcnstlerisches Gef\u00fchl verleiht.<\/li>\n<\/ul>\n<\/div>\n\n\n\n<div class=\"wp-block-column is-layout-flow wp-block-column-is-layout-flow\">\n<figure class=\"wp-block-image size-full\"><img fetchpriority=\"high\" decoding=\"async\" width=\"1500\" height=\"1500\" src=\"https:\/\/jinhuaceramic.com\/wp-content\/uploads\/2025\/07\/Nordic-White-Wholesale-Candle-Holders-In-Bulk-Candlestick-Holders-3.webp\" alt=\"nordic-white-gro\u00dfhandel-kerzenhalter-im-massentransport-kerzenhalter-im-massentransport-3\" class=\"wp-image-9849\" srcset=\"https:\/\/jinhuaceramic.com\/wp-content\/uploads\/2025\/07\/Nordic-White-Wholesale-Candle-Holders-In-Bulk-Candlestick-Holders-3.webp 1500w, https:\/\/jinhuaceramic.com\/wp-content\/uploads\/2025\/07\/Nordic-White-Wholesale-Candle-Holders-In-Bulk-Candlestick-Holders-3-300x300.webp 300w, https:\/\/jinhuaceramic.com\/wp-content\/uploads\/2025\/07\/Nordic-White-Wholesale-Candle-Holders-In-Bulk-Candlestick-Holders-3-150x150.webp 150w, https:\/\/jinhuaceramic.com\/wp-content\/uploads\/2025\/07\/Nordic-White-Wholesale-Candle-Holders-In-Bulk-Candlestick-Holders-3-768x768.webp 768w, https:\/\/jinhuaceramic.com\/wp-content\/uploads\/2025\/07\/Nordic-White-Wholesale-Candle-Holders-In-Bulk-Candlestick-Holders-3-12x12.webp 12w, https:\/\/jinhuaceramic.com\/wp-content\/uploads\/2025\/07\/Nordic-White-Wholesale-Candle-Holders-In-Bulk-Candlestick-Holders-3-285x285.webp 285w, https:\/\/jinhuaceramic.com\/wp-content\/uploads\/2025\/07\/Nordic-White-Wholesale-Candle-Holders-In-Bulk-Candlestick-Holders-3-270x270.webp 270w, https:\/\/jinhuaceramic.com\/wp-content\/uploads\/2025\/07\/Nordic-White-Wholesale-Candle-Holders-In-Bulk-Candlestick-Holders-3-540x540.webp 540w, https:\/\/jinhuaceramic.com\/wp-content\/uploads\/2025\/07\/Nordic-White-Wholesale-Candle-Holders-In-Bulk-Candlestick-Holders-3-660x660.webp 660w\" sizes=\"(max-width: 1500px) 100vw, 1500px\" \/><\/figure>\n<\/div>\n<\/div>","protected":false},"excerpt":{"rendered":"<p>Kontaktieren Sie uns f\u00fcr den Kauf von unseren Gro\u00dfhandel Kerzenhalter in loser Sch\u00fcttung. Ein einfaches und elegantes Design von Kerzenhaltern, die aus keramischen Materialien hergestellt sind, so dass sie hitzebest\u00e4ndig und leicht zu reinigen sind, und hitzebest\u00e4ndig sollte nicht ihre Haltbarkeit zu verringern; sie sind stabil in jeder Ecke, die Sie ben\u00f6tigen, wie das Wohnzimmer, das Esszimmer, das Schlafzimmer, das Bad, und sogar in einem B\u00fcro Raum als eine verlockende Atmosph\u00e4re von W\u00e4rme und Eleganz zu verwenden.<\/p>","protected":false},"featured_media":9854,"comment_status":"closed","ping_status":"closed","template":"","meta":{"_acf_changed":false},"product_brand":[],"product_cat":[52],"product_tag":[68],"class_list":{"0":"post-9847","1":"product","2":"type-product","3":"status-publish","4":"has-post-thumbnail","6":"product_cat-wholesale-candle-containers","7":"product_tag-ceramic-candlesticks-bulk","9":"first","10":"instock","11":"shipping-taxable","12":"product-type-simple"},"acf":[],"_links":{"self":[{"href":"https:\/\/jinhuaceramic.com\/de\/wp-json\/wp\/v2\/product\/9847","targetHints":{"allow":["GET"]}}],"collection":[{"href":"https:\/\/jinhuaceramic.com\/de\/wp-json\/wp\/v2\/product"}],"about":[{"href":"https:\/\/jinhuaceramic.com\/de\/wp-json\/wp\/v2\/types\/product"}],"replies":[{"embeddable":true,"href":"https:\/\/jinhuaceramic.com\/de\/wp-json\/wp\/v2\/comments?post=9847"}],"version-history":[{"count":0,"href":"https:\/\/jinhuaceramic.com\/de\/wp-json\/wp\/v2\/product\/9847\/revisions"}],"wp:featuredmedia":[{"embeddable":true,"href":"https:\/\/jinhuaceramic.com\/de\/wp-json\/wp\/v2\/media\/9854"}],"wp:attachment":[{"href":"https:\/\/jinhuaceramic.com\/de\/wp-json\/wp\/v2\/media?parent=9847"}],"wp:term":[{"taxonomy":"product_brand","embeddable":true,"href":"https:\/\/jinhuaceramic.com\/de\/wp-json\/wp\/v2\/product_brand?post=9847"},{"taxonomy":"product_cat","embeddable":true,"href":"https:\/\/jinhuaceramic.com\/de\/wp-json\/wp\/v2\/product_cat?post=9847"},{"taxonomy":"product_tag","embeddable":true,"href":"https:\/\/jinhuaceramic.com\/de\/wp-json\/wp\/v2\/product_tag?post=9847"}],"curies":[{"name":"wp","href":"https:\/\/api.w.org\/{rel}","templated":true}]}}