{"id":9886,"date":"2025-07-31T02:51:49","date_gmt":"2025-07-31T02:51:49","guid":{"rendered":"https:\/\/jinhuaceramic.com\/?post_type=product&#038;p=9886"},"modified":"2025-11-12T03:48:03","modified_gmt":"2025-11-12T03:48:03","slug":"ceramic-palo-santo-holder-wholesale","status":"publish","type":"product","link":"https:\/\/jinhuaceramic.com\/de\/product\/ceramic-palo-santo-holder-wholesale\/","title":{"rendered":"Keramische Palo Santo Halter Gro\u00dfhandel, benutzerdefinierte Weihrauch-Brenner"},"content":{"rendered":"<div class=\"wp-block-columns is-layout-flex wp-container-core-columns-is-layout-9d6595d7 wp-block-columns-is-layout-flex\">\n<div class=\"wp-block-column is-layout-flow wp-block-column-is-layout-flow\">\n<h3 class=\"wp-block-heading\">Premium-Keramik Palo Santo Halter Gro\u00dfh\u00e4ndler Merkmale:<\/h3>\n\n\n\n<ul class=\"wp-block-list\">\n<li><strong>Elegantes Design:<\/strong> Diese Keramik Palo Santo Halter Gro\u00dfhandel sind vielseitig in off-white mit einem schwarzen Deckel, eine klassische und elegante Farbkombination. Die off-white Teil hat kleine unregelm\u00e4\u00dfige Flecken, einen Hauch von Rustikalit\u00e4t und Schichtung, um das Produkt hinzuzuf\u00fcgen.<\/li>\n\n\n\n<li><strong>Langlebiges Material: <\/strong>Diese individuell gestalteten R\u00e4uchergef\u00e4\u00dfe werden aus hochwertigen Keramikmaterialien hergestellt, die bei hohen Temperaturen gebrannt werden. Sie sind robust, langlebig und hitzebest\u00e4ndig und k\u00f6nnen brennende Palo Santo, Salbei, etc. sicher halten.<\/li>\n\n\n\n<li><strong>Praktische Details: <\/strong>Diese keramischen Palo-Santo-Halter im Gro\u00dfhandel haben eine schmale \u00d6ffnung an der Oberseite, die den Rauch nach oben leitet und ein beruhigendes Aroma verstr\u00f6mt, das Entspannung und Meditation f\u00f6rdert. Drei kleine F\u00fc\u00dfe an der Unterseite erh\u00f6hen die Stabilit\u00e4t, so dass er nicht so leicht umkippt. Gleichzeitig wird der Hauptk\u00f6rper angehoben, um zu verhindern, dass die Hitze direkt auf die darunter liegende Tischplatte \u00fcbertragen wird.<\/li>\n\n\n\n<li><strong>Leicht zu reinigen: <\/strong>Diese keramischen Salbeibrenner haben ein einfaches Innendesign und die obere Abdeckung kann zur einfachen Reinigung der Asche leicht abgenommen werden. Das keramische Material ist glatt, so dass es leicht zu reinigen und zu pflegen ist.<\/li>\n<\/ul>\n<\/div>\n\n\n\n<div class=\"wp-block-column is-layout-flow wp-block-column-is-layout-flow\">\n<figure class=\"wp-block-image size-full\"><img fetchpriority=\"high\" decoding=\"async\" width=\"1500\" height=\"1500\" src=\"https:\/\/jinhuaceramic.com\/wp-content\/uploads\/2025\/07\/Wholesale-Palo-Santo-Holder-With-Removable-Lid-Ceramic-Smudge-Sage-Burner-2.webp\" alt=\"keramik-palo-santo-halter-gro\u00dfhandel-mit-abnehmbarem-deckel-individuell-brenner-2\" class=\"wp-image-9887\" srcset=\"https:\/\/jinhuaceramic.com\/wp-content\/uploads\/2025\/07\/Wholesale-Palo-Santo-Holder-With-Removable-Lid-Ceramic-Smudge-Sage-Burner-2.webp 1500w, https:\/\/jinhuaceramic.com\/wp-content\/uploads\/2025\/07\/Wholesale-Palo-Santo-Holder-With-Removable-Lid-Ceramic-Smudge-Sage-Burner-2-300x300.webp 300w, https:\/\/jinhuaceramic.com\/wp-content\/uploads\/2025\/07\/Wholesale-Palo-Santo-Holder-With-Removable-Lid-Ceramic-Smudge-Sage-Burner-2-150x150.webp 150w, https:\/\/jinhuaceramic.com\/wp-content\/uploads\/2025\/07\/Wholesale-Palo-Santo-Holder-With-Removable-Lid-Ceramic-Smudge-Sage-Burner-2-768x768.webp 768w, https:\/\/jinhuaceramic.com\/wp-content\/uploads\/2025\/07\/Wholesale-Palo-Santo-Holder-With-Removable-Lid-Ceramic-Smudge-Sage-Burner-2-12x12.webp 12w, https:\/\/jinhuaceramic.com\/wp-content\/uploads\/2025\/07\/Wholesale-Palo-Santo-Holder-With-Removable-Lid-Ceramic-Smudge-Sage-Burner-2-285x285.webp 285w, https:\/\/jinhuaceramic.com\/wp-content\/uploads\/2025\/07\/Wholesale-Palo-Santo-Holder-With-Removable-Lid-Ceramic-Smudge-Sage-Burner-2-270x270.webp 270w, https:\/\/jinhuaceramic.com\/wp-content\/uploads\/2025\/07\/Wholesale-Palo-Santo-Holder-With-Removable-Lid-Ceramic-Smudge-Sage-Burner-2-540x540.webp 540w, https:\/\/jinhuaceramic.com\/wp-content\/uploads\/2025\/07\/Wholesale-Palo-Santo-Holder-With-Removable-Lid-Ceramic-Smudge-Sage-Burner-2-660x660.webp 660w\" sizes=\"(max-width: 1500px) 100vw, 1500px\" \/><\/figure>\n<\/div>\n<\/div>","protected":false},"excerpt":{"rendered":"<div class=\"highlights-border-container\" data-v-df95d256=\"\"><span class=\"highlights\" data-v-df95d256=\"\">Willkommen in unserem benutzerdefinierten Weihrauch-Brenner zu kaufen. Diese Keramik Palo Santo Halter Gro\u00dfhandel sind beliebt bei den Verbrauchern wegen ihrer einzigartigen und eleganten Aussehen, langlebig und hitzebest\u00e4ndiges Material, praktische Details und einfache Reinigung. Die Kombination von Praktikabilit\u00e4t und Sch\u00f6nheit, k\u00f6nnen diese Palo Santo Halter Palo Santo, Salbei, etc., die sehr geeignet f\u00fcr die Aromatherapie und kann auch ein Gef\u00fchl von Stil zu Hause Dekoration brennen.<\/span><\/div>\n<div class=\"text-stats\" data-v-df95d256=\"\">\u00a0<\/div>\n<p><script src=\"chrome-extension:\/\/fpelahbljekknahkcaegamhcndkfpfnc\/iFrame.js\" type=\"text\/javascript\"><\/script><\/p>","protected":false},"featured_media":9889,"comment_status":"closed","ping_status":"closed","template":"","meta":{"_acf_changed":false},"product_brand":[],"product_cat":[52],"product_tag":[67,66],"class_list":{"0":"post-9886","1":"product","2":"type-product","3":"status-publish","4":"has-post-thumbnail","6":"product_cat-wholesale-candle-containers","7":"product_tag-bulk-candle-jars-with-lids","8":"product_tag-candle-jars-wholesale","10":"first","11":"instock","12":"shipping-taxable","13":"product-type-simple"},"acf":[],"_links":{"self":[{"href":"https:\/\/jinhuaceramic.com\/de\/wp-json\/wp\/v2\/product\/9886","targetHints":{"allow":["GET"]}}],"collection":[{"href":"https:\/\/jinhuaceramic.com\/de\/wp-json\/wp\/v2\/product"}],"about":[{"href":"https:\/\/jinhuaceramic.com\/de\/wp-json\/wp\/v2\/types\/product"}],"replies":[{"embeddable":true,"href":"https:\/\/jinhuaceramic.com\/de\/wp-json\/wp\/v2\/comments?post=9886"}],"version-history":[{"count":0,"href":"https:\/\/jinhuaceramic.com\/de\/wp-json\/wp\/v2\/product\/9886\/revisions"}],"wp:featuredmedia":[{"embeddable":true,"href":"https:\/\/jinhuaceramic.com\/de\/wp-json\/wp\/v2\/media\/9889"}],"wp:attachment":[{"href":"https:\/\/jinhuaceramic.com\/de\/wp-json\/wp\/v2\/media?parent=9886"}],"wp:term":[{"taxonomy":"product_brand","embeddable":true,"href":"https:\/\/jinhuaceramic.com\/de\/wp-json\/wp\/v2\/product_brand?post=9886"},{"taxonomy":"product_cat","embeddable":true,"href":"https:\/\/jinhuaceramic.com\/de\/wp-json\/wp\/v2\/product_cat?post=9886"},{"taxonomy":"product_tag","embeddable":true,"href":"https:\/\/jinhuaceramic.com\/de\/wp-json\/wp\/v2\/product_tag?post=9886"}],"curies":[{"name":"wp","href":"https:\/\/api.w.org\/{rel}","templated":true}]}}