{"id":9907,"date":"2025-07-31T01:39:50","date_gmt":"2025-07-31T01:39:50","guid":{"rendered":"https:\/\/jinhuaceramic.com\/?post_type=product&#038;p=9907"},"modified":"2025-11-12T03:49:14","modified_gmt":"2025-11-12T03:49:14","slug":"custom-candle-vessels","status":"publish","type":"product","link":"https:\/\/jinhuaceramic.com\/de\/product\/custom-candle-vessels\/","title":{"rendered":"Minimalistische benutzerdefinierte Kerze Gef\u00e4\u00dfe, Keramik-Kerze Gl\u00e4ser Bulk"},"content":{"rendered":"<div class=\"wp-block-columns is-layout-flex wp-container-core-columns-is-layout-9d6595d7 wp-block-columns-is-layout-flex\">\n<div class=\"wp-block-column is-layout-flow wp-block-column-is-layout-flow\">\n<h3 class=\"wp-block-heading\">Premium Minimalist Custom Kerze Gef\u00e4\u00dfe Merkmale:<\/h3>\n\n\n\n<ul class=\"wp-block-list\">\n<li><strong>Minimalistischer Stil:<\/strong> Diese Kerzengl\u00e4ser f\u00fcr den Gro\u00dfhandel haben einen minimalistischen Stil ohne zus\u00e4tzlichen Schnickschnack, so dass sie sich in jedes Dekor einf\u00fcgen. Sie sind in zwei matten Farben erh\u00e4ltlich: Reines Wei\u00df und erdiges Rotbraun, was ihnen einen subtileren und luxuri\u00f6seren Look verleiht als gl\u00e4nzende Oberfl\u00e4chen.<\/li>\n\n\n\n<li><strong>Geometrische Details: <\/strong>Diese individuellen Kerzengef\u00e4\u00dfe verf\u00fcgen \u00fcber eine seitliche rechteckige Aussparung, die die Monotonie des Gef\u00e4\u00dfes unterbricht und ihm einen modernen, modischen Touch verleiht. Der vertiefte Bereich kann auch zum Anbringen eines pers\u00f6nlichen Etiketts verwendet werden, was dem Produkt eine weitere Ebene der Personalisierung verleiht.<\/li>\n\n\n\n<li><strong>Dauerhaftes keramisches Material:<\/strong> Diese individuellen Kerzengef\u00e4\u00dfe sind aus hochtemperaturbest\u00e4ndigem Keramikmaterial hergestellt, das stark und haltbar ist, nicht leicht zerkratzt oder zerbricht und eine lange Lebensdauer hat.<\/li>\n\n\n\n<li><strong>Wiederverwendbar:<\/strong> Abgesehen von den Kerzenbeh\u00e4ltern k\u00f6nnen diese Gro\u00dfhandelskerzengl\u00e4ser gewaschen werden, sobald die Kerze ausgebrannt ist, und als Stiftst\u00e4nder, Make-up-Pinselst\u00e4nder, Zahnb\u00fcrstenhalter oder als kleiner Blumentopf wiederverwendet werden.<\/li>\n<\/ul>\n<\/div>\n\n\n\n<div class=\"wp-block-column is-layout-flow wp-block-column-is-layout-flow\">\n<figure class=\"wp-block-image size-full\"><img fetchpriority=\"high\" decoding=\"async\" width=\"798\" height=\"798\" src=\"https:\/\/jinhuaceramic.com\/wp-content\/uploads\/2025\/07\/Minimalist-Custom-Candle-Making-Containers-Wholesale-Candle-Jars-Empty-Bulk-4.webp\" alt=\"minimalistische-individuelle-Kerzen-Gef\u00e4\u00dfe-Gro\u00dfhandel-Keramik-Kerzen-Gef\u00e4\u00dfe-Leergut-4\" class=\"wp-image-9910\" srcset=\"https:\/\/jinhuaceramic.com\/wp-content\/uploads\/2025\/07\/Minimalist-Custom-Candle-Making-Containers-Wholesale-Candle-Jars-Empty-Bulk-4.webp 798w, https:\/\/jinhuaceramic.com\/wp-content\/uploads\/2025\/07\/Minimalist-Custom-Candle-Making-Containers-Wholesale-Candle-Jars-Empty-Bulk-4-300x300.webp 300w, https:\/\/jinhuaceramic.com\/wp-content\/uploads\/2025\/07\/Minimalist-Custom-Candle-Making-Containers-Wholesale-Candle-Jars-Empty-Bulk-4-150x150.webp 150w, https:\/\/jinhuaceramic.com\/wp-content\/uploads\/2025\/07\/Minimalist-Custom-Candle-Making-Containers-Wholesale-Candle-Jars-Empty-Bulk-4-768x768.webp 768w, https:\/\/jinhuaceramic.com\/wp-content\/uploads\/2025\/07\/Minimalist-Custom-Candle-Making-Containers-Wholesale-Candle-Jars-Empty-Bulk-4-12x12.webp 12w, https:\/\/jinhuaceramic.com\/wp-content\/uploads\/2025\/07\/Minimalist-Custom-Candle-Making-Containers-Wholesale-Candle-Jars-Empty-Bulk-4-285x285.webp 285w, https:\/\/jinhuaceramic.com\/wp-content\/uploads\/2025\/07\/Minimalist-Custom-Candle-Making-Containers-Wholesale-Candle-Jars-Empty-Bulk-4-270x270.webp 270w, https:\/\/jinhuaceramic.com\/wp-content\/uploads\/2025\/07\/Minimalist-Custom-Candle-Making-Containers-Wholesale-Candle-Jars-Empty-Bulk-4-540x540.webp 540w, https:\/\/jinhuaceramic.com\/wp-content\/uploads\/2025\/07\/Minimalist-Custom-Candle-Making-Containers-Wholesale-Candle-Jars-Empty-Bulk-4-660x660.webp 660w\" sizes=\"(max-width: 798px) 100vw, 798px\" \/><\/figure>\n<\/div>\n<\/div>","protected":false},"excerpt":{"rendered":"<p>Willkommen zum Kauf unserer individuellen Kerzengef\u00e4\u00dfe. Die hitzebest\u00e4ndigen, soliden und wiederverwendbaren Keramik-Kerzengef\u00e4\u00dfe sind ein perfekter Kerzenbeh\u00e4lter. Die schlichte Form in Verbindung mit dem geometrischen Ornament verleiht dem Raum einen Hauch von Eleganz und Kunst und macht das Interieur warm und gem\u00fctlich.<\/p>\n<p><script src=\"chrome-extension:\/\/fpelahbljekknahkcaegamhcndkfpfnc\/iFrame.js\" type=\"text\/javascript\"><\/script><\/p>\n<p><script src=\"chrome-extension:\/\/fpelahbljekknahkcaegamhcndkfpfnc\/iFrame.js\" type=\"text\/javascript\"><\/script><\/p>","protected":false},"featured_media":9915,"comment_status":"closed","ping_status":"closed","template":"","meta":{"_acf_changed":false},"product_brand":[],"product_cat":[52],"product_tag":[68],"class_list":{"0":"post-9907","1":"product","2":"type-product","3":"status-publish","4":"has-post-thumbnail","6":"product_cat-wholesale-candle-containers","7":"product_tag-ceramic-candlesticks-bulk","9":"first","10":"instock","11":"shipping-taxable","12":"product-type-simple"},"acf":[],"_links":{"self":[{"href":"https:\/\/jinhuaceramic.com\/de\/wp-json\/wp\/v2\/product\/9907","targetHints":{"allow":["GET"]}}],"collection":[{"href":"https:\/\/jinhuaceramic.com\/de\/wp-json\/wp\/v2\/product"}],"about":[{"href":"https:\/\/jinhuaceramic.com\/de\/wp-json\/wp\/v2\/types\/product"}],"replies":[{"embeddable":true,"href":"https:\/\/jinhuaceramic.com\/de\/wp-json\/wp\/v2\/comments?post=9907"}],"version-history":[{"count":0,"href":"https:\/\/jinhuaceramic.com\/de\/wp-json\/wp\/v2\/product\/9907\/revisions"}],"wp:featuredmedia":[{"embeddable":true,"href":"https:\/\/jinhuaceramic.com\/de\/wp-json\/wp\/v2\/media\/9915"}],"wp:attachment":[{"href":"https:\/\/jinhuaceramic.com\/de\/wp-json\/wp\/v2\/media?parent=9907"}],"wp:term":[{"taxonomy":"product_brand","embeddable":true,"href":"https:\/\/jinhuaceramic.com\/de\/wp-json\/wp\/v2\/product_brand?post=9907"},{"taxonomy":"product_cat","embeddable":true,"href":"https:\/\/jinhuaceramic.com\/de\/wp-json\/wp\/v2\/product_cat?post=9907"},{"taxonomy":"product_tag","embeddable":true,"href":"https:\/\/jinhuaceramic.com\/de\/wp-json\/wp\/v2\/product_tag?post=9907"}],"curies":[{"name":"wp","href":"https:\/\/api.w.org\/{rel}","templated":true}]}}