{"id":9944,"date":"2025-08-07T01:39:39","date_gmt":"2025-08-07T01:39:39","guid":{"rendered":"https:\/\/jinhuaceramic.com\/?post_type=product&#038;p=9944"},"modified":"2025-11-12T01:48:46","modified_gmt":"2025-11-12T01:48:46","slug":"candle-holder-bulk","status":"publish","type":"product","link":"https:\/\/jinhuaceramic.com\/de\/product\/candle-holder-bulk\/","title":{"rendered":"Einzigartige Kerzenst\u00e4nder Bulk, Keramik-Kerzengef\u00e4\u00df Versorgung"},"content":{"rendered":"<div class=\"wp-block-columns is-layout-flex wp-container-core-columns-is-layout-9d6595d7 wp-block-columns-is-layout-flex\">\n<div class=\"wp-block-column is-layout-flow wp-block-column-is-layout-flow\">\n<h3 class=\"wp-block-heading\">Premium Unique Candle Holder Bulk Eigenschaften:<\/h3>\n\n\n\n<ul class=\"wp-block-list\">\n<li><strong>Einzigartiges Design:<\/strong> Diese Teelichthalter sind keine regelm\u00e4\u00dfigen geometrischen Formen, sondern weisen sanfte Kurven auf, \u00e4hnlich wie geschliffene Kieselsteine, mit anmutigen B\u00f6gen, die den Menschen eine nat\u00fcrliche und weiche Sch\u00f6nheit verleihen. Jeder Kerzenhalter hat eine spiralf\u00f6rmige Rillenstruktur auf einer Seite, die eine visuelle und taktile Ebene hinzuf\u00fcgt, so dass es mehr verfeinert aussehen.<\/li>\n\n\n\n<li><strong>Mehrere Farben: <\/strong>Der Teelichthalter ist in mehreren sanften Farbt\u00f6nen erh\u00e4ltlich: Braun, Mintgr\u00fcn, Off-White und Senfgelb. Dies sind neutrale, ged\u00e4mpfte Farben, die zu verschiedenen Einrichtungsstilen passen.<\/li>\n\n\n\n<li><strong>Hochwertiges Material: <\/strong>Solche individuellen Kerzengef\u00e4\u00dfe werden aus hochwertigem Keramikmaterial hergestellt und bei hoher Temperatur gebrannt, so dass sie eine gewisse H\u00e4rte und Hitzebest\u00e4ndigkeit aufweisen. Sie k\u00f6nnen der Hitze der brennenden Teelichter widerstehen und sind nicht leicht zu verformen oder zu zerbrechen.<\/li>\n\n\n\n<li><strong>Schaffen Sie eine angenehme Atmosph\u00e4re: <\/strong>Diese Gro\u00dfhandelskerzengef\u00e4\u00dfe sind gut gestaltet. Sobald ein Teelicht im Inneren platziert ist, wird der Kerzenhalter sanftes Kerzenlicht durch ein Loch im Kerzenhalter abgeben und den Duft der Aromatherapie durch den Kerzenhalter und in die Umgebung verbreiten und eine gem\u00fctliche, beruhigende, warme Umgebung schaffen.<\/li>\n<\/ul>\n<\/div>\n\n\n\n<div class=\"wp-block-column is-layout-flow wp-block-column-is-layout-flow\">\n<figure class=\"wp-block-image size-full\"><img fetchpriority=\"high\" decoding=\"async\" width=\"1200\" height=\"1200\" src=\"https:\/\/jinhuaceramic.com\/wp-content\/uploads\/2025\/07\/Unique-Tea-Light-Candle-Holders-Bulk-Small-Wedding-Candle-Holders-Wholesale.webp\" alt=\"Einzigartige-Tee-Licht-Kerzenhalter-kleine-Hochzeitskerzenhalter-Gro\u00dfhandel-1\" class=\"wp-image-9950\" srcset=\"https:\/\/jinhuaceramic.com\/wp-content\/uploads\/2025\/07\/Unique-Tea-Light-Candle-Holders-Bulk-Small-Wedding-Candle-Holders-Wholesale.webp 1200w, https:\/\/jinhuaceramic.com\/wp-content\/uploads\/2025\/07\/Unique-Tea-Light-Candle-Holders-Bulk-Small-Wedding-Candle-Holders-Wholesale-300x300.webp 300w, https:\/\/jinhuaceramic.com\/wp-content\/uploads\/2025\/07\/Unique-Tea-Light-Candle-Holders-Bulk-Small-Wedding-Candle-Holders-Wholesale-150x150.webp 150w, https:\/\/jinhuaceramic.com\/wp-content\/uploads\/2025\/07\/Unique-Tea-Light-Candle-Holders-Bulk-Small-Wedding-Candle-Holders-Wholesale-768x768.webp 768w, https:\/\/jinhuaceramic.com\/wp-content\/uploads\/2025\/07\/Unique-Tea-Light-Candle-Holders-Bulk-Small-Wedding-Candle-Holders-Wholesale-12x12.webp 12w, https:\/\/jinhuaceramic.com\/wp-content\/uploads\/2025\/07\/Unique-Tea-Light-Candle-Holders-Bulk-Small-Wedding-Candle-Holders-Wholesale-285x285.webp 285w, https:\/\/jinhuaceramic.com\/wp-content\/uploads\/2025\/07\/Unique-Tea-Light-Candle-Holders-Bulk-Small-Wedding-Candle-Holders-Wholesale-270x270.webp 270w, https:\/\/jinhuaceramic.com\/wp-content\/uploads\/2025\/07\/Unique-Tea-Light-Candle-Holders-Bulk-Small-Wedding-Candle-Holders-Wholesale-540x540.webp 540w, https:\/\/jinhuaceramic.com\/wp-content\/uploads\/2025\/07\/Unique-Tea-Light-Candle-Holders-Bulk-Small-Wedding-Candle-Holders-Wholesale-660x660.webp 660w\" sizes=\"(max-width: 1200px) 100vw, 1200px\" \/><\/figure>\n<\/div>\n<\/div>","protected":false},"excerpt":{"rendered":"<p>Willkommen zum Kauf unserer Kerzenhalter in gro\u00dfen Mengen. Unsere Teelicht-Kerzenhalter sind Top-Verkauf f\u00fcr ihre einzigartige Form, elegantes Design, bunte Sorten, und hitzebest\u00e4ndige Keramik. Die perfekte Kombination aus Sch\u00f6nheit und Zweckm\u00e4\u00dfigkeit, unsere Gro\u00dfhandel Keramik Kerze Gef\u00e4\u00df macht eine beeindruckende Auswahl f\u00fcr die Hochzeit Dekor! Sie schaffen ein Ambiente, das warm und einladend ist.<\/p>","protected":false},"featured_media":9945,"comment_status":"closed","ping_status":"closed","template":"","meta":{"_acf_changed":false},"product_brand":[],"product_cat":[52],"product_tag":[66],"class_list":{"0":"post-9944","1":"product","2":"type-product","3":"status-publish","4":"has-post-thumbnail","6":"product_cat-wholesale-candle-containers","7":"product_tag-candle-jars-wholesale","9":"first","10":"instock","11":"shipping-taxable","12":"product-type-simple"},"acf":[],"_links":{"self":[{"href":"https:\/\/jinhuaceramic.com\/de\/wp-json\/wp\/v2\/product\/9944","targetHints":{"allow":["GET"]}}],"collection":[{"href":"https:\/\/jinhuaceramic.com\/de\/wp-json\/wp\/v2\/product"}],"about":[{"href":"https:\/\/jinhuaceramic.com\/de\/wp-json\/wp\/v2\/types\/product"}],"replies":[{"embeddable":true,"href":"https:\/\/jinhuaceramic.com\/de\/wp-json\/wp\/v2\/comments?post=9944"}],"version-history":[{"count":0,"href":"https:\/\/jinhuaceramic.com\/de\/wp-json\/wp\/v2\/product\/9944\/revisions"}],"wp:featuredmedia":[{"embeddable":true,"href":"https:\/\/jinhuaceramic.com\/de\/wp-json\/wp\/v2\/media\/9945"}],"wp:attachment":[{"href":"https:\/\/jinhuaceramic.com\/de\/wp-json\/wp\/v2\/media?parent=9944"}],"wp:term":[{"taxonomy":"product_brand","embeddable":true,"href":"https:\/\/jinhuaceramic.com\/de\/wp-json\/wp\/v2\/product_brand?post=9944"},{"taxonomy":"product_cat","embeddable":true,"href":"https:\/\/jinhuaceramic.com\/de\/wp-json\/wp\/v2\/product_cat?post=9944"},{"taxonomy":"product_tag","embeddable":true,"href":"https:\/\/jinhuaceramic.com\/de\/wp-json\/wp\/v2\/product_tag?post=9944"}],"curies":[{"name":"wp","href":"https:\/\/api.w.org\/{rel}","templated":true}]}}