{"id":9954,"date":"2025-08-07T02:19:04","date_gmt":"2025-08-07T02:19:04","guid":{"rendered":"https:\/\/jinhuaceramic.com\/?post_type=product&#038;p=9954"},"modified":"2025-11-12T03:48:01","modified_gmt":"2025-11-12T03:48:01","slug":"black-bathroom-set-wholesale","status":"publish","type":"product","link":"https:\/\/jinhuaceramic.com\/de\/product\/black-bathroom-set-wholesale\/","title":{"rendered":"Schwarzes Badezimmer-Set Gro\u00dfhandel, benutzerdefinierte Bad-Accessoires"},"content":{"rendered":"<div class=\"wp-block-columns is-layout-flex wp-container-core-columns-is-layout-9d6595d7 wp-block-columns-is-layout-flex\">\n<div class=\"wp-block-column is-layout-flow wp-block-column-is-layout-flow\">\n<h3 class=\"wp-block-heading\">Premium Modernes Schwarzes Badezimmer Set Gro\u00dfhandel Eigenschaften:<\/h3>\n\n\n\n<ul class=\"wp-block-list\">\n<li><strong>Moderner Stil: <\/strong>Diese schwarzen Badezimmersets im Gro\u00dfhandel haben ein schlichtes, klares Design mit glatten Linien und minimalen Verzierungen, das der \u00c4sthetik des modernen Minimalismus folgt. Die schlichte, mattschwarze Farbe ist mystisch und raffiniert, aber auch vielseitig und f\u00fcgt sich perfekt in jeden Baddesign-Stil ein.<\/li>\n\n\n\n<li><strong>Hochwertiges Material: <\/strong>Solche hochwertigen Gro\u00dfhandels-Badkeramiksets haben eine gewisse H\u00e4rte. Im Vergleich zu Badaccessoires aus Harz, Kunststoff und anderen Materialien hat Keramik eine bessere Textur, eine h\u00f6here Festigkeit und eine l\u00e4ngere Lebenserwartung.<\/li>\n\n\n\n<li><strong>Gute Praktikabilit\u00e4t:<\/strong> Das schwarze Badezimmerset f\u00fcr den Gro\u00dfhandel besteht aus einem Seifenspender, einem Mundwasserbecher, einem Zahnb\u00fcrstenhalter, einer Seifenschale und einem Aufbewahrungsbeh\u00e4lter mit Deckel, die verschiedene t\u00e4gliche Wasch- und Aufbewahrungsanforderungen erf\u00fcllen. Der Zahnb\u00fcrstenhalter hat Unterteilungen, um mehr als eine Zahnb\u00fcrste auf einmal unterzubringen, und verf\u00fcgt sogar \u00fcber ein praktisches kleines Tablett zur Aufbewahrung von Schmuck.<\/li>\n\n\n\n<li><strong>Leicht zu reinigen: <\/strong>Die glatte Oberfl\u00e4che dieser ma\u00dfgefertigten Badezimmersets ist kalk- und schmutzabweisend und l\u00e4sst sich schnell mit einem feuchten Tuch reinigen. Keramik ist ein weniger bakterienanf\u00e4lliges Material, das die Sauberkeit der Badausstattung und die Gesundheit der Nutzer garantiert.<\/li>\n<\/ul>\n<\/div>\n\n\n\n<div class=\"wp-block-column is-layout-flow wp-block-column-is-layout-flow\">\n<figure class=\"wp-block-image size-full\"><img fetchpriority=\"high\" decoding=\"async\" width=\"2560\" height=\"2560\" src=\"https:\/\/jinhuaceramic.com\/wp-content\/uploads\/2025\/08\/Modern-Black-Custom-Bathroom-Set-Wholesale-Ceramic-Bathroom-Accessories-7.webp\" alt=\"modernes-schwarzes-badezimmer-set-gro\u00dfhandel-massgeschneidertes-keramik-badezimmer-zubeh\u00f6r-7\" class=\"wp-image-9960\" srcset=\"https:\/\/jinhuaceramic.com\/wp-content\/uploads\/2025\/08\/Modern-Black-Custom-Bathroom-Set-Wholesale-Ceramic-Bathroom-Accessories-7.webp 2560w, https:\/\/jinhuaceramic.com\/wp-content\/uploads\/2025\/08\/Modern-Black-Custom-Bathroom-Set-Wholesale-Ceramic-Bathroom-Accessories-7-300x300.webp 300w, https:\/\/jinhuaceramic.com\/wp-content\/uploads\/2025\/08\/Modern-Black-Custom-Bathroom-Set-Wholesale-Ceramic-Bathroom-Accessories-7-150x150.webp 150w, https:\/\/jinhuaceramic.com\/wp-content\/uploads\/2025\/08\/Modern-Black-Custom-Bathroom-Set-Wholesale-Ceramic-Bathroom-Accessories-7-768x768.webp 768w, https:\/\/jinhuaceramic.com\/wp-content\/uploads\/2025\/08\/Modern-Black-Custom-Bathroom-Set-Wholesale-Ceramic-Bathroom-Accessories-7-12x12.webp 12w, https:\/\/jinhuaceramic.com\/wp-content\/uploads\/2025\/08\/Modern-Black-Custom-Bathroom-Set-Wholesale-Ceramic-Bathroom-Accessories-7-285x285.webp 285w, https:\/\/jinhuaceramic.com\/wp-content\/uploads\/2025\/08\/Modern-Black-Custom-Bathroom-Set-Wholesale-Ceramic-Bathroom-Accessories-7-1600x1600.webp 1600w, https:\/\/jinhuaceramic.com\/wp-content\/uploads\/2025\/08\/Modern-Black-Custom-Bathroom-Set-Wholesale-Ceramic-Bathroom-Accessories-7-270x270.webp 270w, https:\/\/jinhuaceramic.com\/wp-content\/uploads\/2025\/08\/Modern-Black-Custom-Bathroom-Set-Wholesale-Ceramic-Bathroom-Accessories-7-540x540.webp 540w, https:\/\/jinhuaceramic.com\/wp-content\/uploads\/2025\/08\/Modern-Black-Custom-Bathroom-Set-Wholesale-Ceramic-Bathroom-Accessories-7-660x660.webp 660w\" sizes=\"(max-width: 2560px) 100vw, 2560px\" \/><\/figure>\n<\/div>\n<\/div>","protected":false},"excerpt":{"rendered":"<p>Willkommen zum Kauf unserer schwarzen Badezimmer-Set Gro\u00dfhandel. Diese benutzerdefinierten Bad-Sets zeichnen sich auf dem Markt f\u00fcr ihr modernes Design, langlebige Materialien, vielseitige Funktionalit\u00e4t und einfache Wartung. Das schlichte und elegante schwarze \u00c4u\u00dfere f\u00fcgt sich nahtlos in jede Badezimmereinrichtung ein und schafft eine komfortable und ruhige Badezimmerumgebung. Geeignet f\u00fcr den Einsatz zu Hause oder in Hotels und Gesch\u00e4ftsr\u00e4umen.<\/p>\n<p><script src=\"chrome-extension:\/\/fpelahbljekknahkcaegamhcndkfpfnc\/iFrame.js\" type=\"text\/javascript\"><\/script><\/p>","protected":false},"featured_media":9956,"comment_status":"closed","ping_status":"closed","template":"","meta":{"_acf_changed":false},"product_brand":[],"product_cat":[51],"product_tag":[74],"class_list":{"0":"post-9954","1":"product","2":"type-product","3":"status-publish","4":"has-post-thumbnail","6":"product_cat-bathroom-accessories-wholesale","7":"product_tag-ceramic-bath-accessories-wholesale","9":"first","10":"instock","11":"shipping-taxable","12":"product-type-simple"},"acf":[],"_links":{"self":[{"href":"https:\/\/jinhuaceramic.com\/de\/wp-json\/wp\/v2\/product\/9954","targetHints":{"allow":["GET"]}}],"collection":[{"href":"https:\/\/jinhuaceramic.com\/de\/wp-json\/wp\/v2\/product"}],"about":[{"href":"https:\/\/jinhuaceramic.com\/de\/wp-json\/wp\/v2\/types\/product"}],"replies":[{"embeddable":true,"href":"https:\/\/jinhuaceramic.com\/de\/wp-json\/wp\/v2\/comments?post=9954"}],"version-history":[{"count":0,"href":"https:\/\/jinhuaceramic.com\/de\/wp-json\/wp\/v2\/product\/9954\/revisions"}],"wp:featuredmedia":[{"embeddable":true,"href":"https:\/\/jinhuaceramic.com\/de\/wp-json\/wp\/v2\/media\/9956"}],"wp:attachment":[{"href":"https:\/\/jinhuaceramic.com\/de\/wp-json\/wp\/v2\/media?parent=9954"}],"wp:term":[{"taxonomy":"product_brand","embeddable":true,"href":"https:\/\/jinhuaceramic.com\/de\/wp-json\/wp\/v2\/product_brand?post=9954"},{"taxonomy":"product_cat","embeddable":true,"href":"https:\/\/jinhuaceramic.com\/de\/wp-json\/wp\/v2\/product_cat?post=9954"},{"taxonomy":"product_tag","embeddable":true,"href":"https:\/\/jinhuaceramic.com\/de\/wp-json\/wp\/v2\/product_tag?post=9954"}],"curies":[{"name":"wp","href":"https:\/\/api.w.org\/{rel}","templated":true}]}}