{"id":9964,"date":"2025-08-07T03:04:20","date_gmt":"2025-08-07T03:04:20","guid":{"rendered":"https:\/\/jinhuaceramic.com\/?post_type=product&#038;p=9964"},"modified":"2025-08-07T03:04:22","modified_gmt":"2025-08-07T03:04:22","slug":"pie-pan-bulk","status":"publish","type":"product","link":"https:\/\/jinhuaceramic.com\/de\/product\/pie-pan-bulk\/","title":{"rendered":"Kleine runde Kuchenform Bulk, keramische kundenspezifische runde Backform"},"content":{"rendered":"<div class=\"wp-block-columns is-layout-flex wp-container-core-columns-is-layout-9d6595d7 wp-block-columns-is-layout-flex\">\n<div class=\"wp-block-column is-layout-flow wp-block-column-is-layout-flow\">\n<h3 class=\"wp-block-heading\">Premium Small Round Pie Pan Bulk Eigenschaften:<\/h3>\n\n\n\n<ul class=\"wp-block-list\">\n<li><strong>Elegantes Design: <\/strong>Die gewellten R\u00e4nder der Kuchenformen verleihen den Formen nicht nur einen eleganten Vintage-Look, sondern auch einen sch\u00f6nen, knusprigen Rand f\u00fcr die gebackenen Kuchen. Die braunen Einfassungsrohre an den R\u00e4ndern kontrastieren mit dem wei\u00dfen Korpus und lassen die Backformen noch stilvoller aussehen.<\/li>\n\n\n\n<li><strong>Langlebiges Material: <\/strong>Diese Keramikkuchenformen sind langlebig und k\u00f6nnen hohen Ofentemperaturen standhalten, ohne sich zu verziehen oder Risse zu bekommen. Keramik enth\u00e4lt keine giftigen Stoffe wie Blei und Chrom und ist daher lebensmittelecht.<\/li>\n\n\n\n<li><strong>Vielseitigkeit: <\/strong>Die kompakte Gr\u00f6\u00dfe dieser Gro\u00dfhandels-Backformen ist perfekt f\u00fcr das Backen vieler einzelner Portionen von Torten, kleinen Kuchen, Geb\u00e4ck und Aufl\u00e4ufen. Sie sind auch so niedlich, dass sie direkt auf den Tisch gestellt werden k\u00f6nnen.<\/li>\n\n\n\n<li><strong>Leicht zu reinigen: <\/strong>Diese individuellen Keramik-Backformen f\u00fchlen sich dank ihrer Antihaft-Glasur seidig an und lassen sich leicht von Hand oder in der Sp\u00fclmaschine reinigen.<\/li>\n<\/ul>\n<\/div>\n\n\n\n<div class=\"wp-block-column is-layout-flow wp-block-column-is-layout-flow\">\n<figure class=\"wp-block-image size-full\"><img fetchpriority=\"high\" decoding=\"async\" width=\"1600\" height=\"1600\" src=\"https:\/\/jinhuaceramic.com\/wp-content\/uploads\/2025\/08\/Small-Round-Pie-Baking-Pans-Ceramic-Custom-Casserole-Dish-Wholesale-6.webp\" alt=\"Kleine-runde-Kuchenform-Masse-Keramik-Rund-Backform-6\" class=\"wp-image-9969\" srcset=\"https:\/\/jinhuaceramic.com\/wp-content\/uploads\/2025\/08\/Small-Round-Pie-Baking-Pans-Ceramic-Custom-Casserole-Dish-Wholesale-6.webp 1600w, https:\/\/jinhuaceramic.com\/wp-content\/uploads\/2025\/08\/Small-Round-Pie-Baking-Pans-Ceramic-Custom-Casserole-Dish-Wholesale-6-300x300.webp 300w, https:\/\/jinhuaceramic.com\/wp-content\/uploads\/2025\/08\/Small-Round-Pie-Baking-Pans-Ceramic-Custom-Casserole-Dish-Wholesale-6-150x150.webp 150w, https:\/\/jinhuaceramic.com\/wp-content\/uploads\/2025\/08\/Small-Round-Pie-Baking-Pans-Ceramic-Custom-Casserole-Dish-Wholesale-6-768x768.webp 768w, https:\/\/jinhuaceramic.com\/wp-content\/uploads\/2025\/08\/Small-Round-Pie-Baking-Pans-Ceramic-Custom-Casserole-Dish-Wholesale-6-12x12.webp 12w, https:\/\/jinhuaceramic.com\/wp-content\/uploads\/2025\/08\/Small-Round-Pie-Baking-Pans-Ceramic-Custom-Casserole-Dish-Wholesale-6-285x285.webp 285w, https:\/\/jinhuaceramic.com\/wp-content\/uploads\/2025\/08\/Small-Round-Pie-Baking-Pans-Ceramic-Custom-Casserole-Dish-Wholesale-6-270x270.webp 270w, https:\/\/jinhuaceramic.com\/wp-content\/uploads\/2025\/08\/Small-Round-Pie-Baking-Pans-Ceramic-Custom-Casserole-Dish-Wholesale-6-540x540.webp 540w, https:\/\/jinhuaceramic.com\/wp-content\/uploads\/2025\/08\/Small-Round-Pie-Baking-Pans-Ceramic-Custom-Casserole-Dish-Wholesale-6-660x660.webp 660w\" sizes=\"(max-width: 1600px) 100vw, 1600px\" \/><\/figure>\n<\/div>\n<\/div>","protected":false},"excerpt":{"rendered":"<p>Willkommen zum Kauf unserer Keramik-Kuchenform in gro\u00dfen Mengen. Die Vorteile dieser Backformen sind ihr elegantes Design, das hochwertige Keramikmaterial, die Vielseitigkeit und die einfache Reinigung. Sie sind sowohl praktisch als auch sch\u00f6n, was sie zu einem unverzichtbaren Backwerkzeug in der K\u00fcche macht, das nicht nur f\u00fcr den normalen Hausgebrauch geeignet ist, sondern auch f\u00fcr Restaurants oder Backbegeisterte.<\/p>\n<p>\n<script src=\"chrome-extension:\/\/fpelahbljekknahkcaegamhcndkfpfnc\/iFrame.js\" type=\"text\/javascript\"><\/script><\/p>","protected":false},"featured_media":9968,"comment_status":"closed","ping_status":"closed","template":"","meta":{"_acf_changed":false},"product_brand":[],"product_cat":[53],"product_tag":[70],"class_list":{"0":"post-9964","1":"product","2":"type-product","3":"status-publish","4":"has-post-thumbnail","6":"product_cat-bakeware-in-bulk","7":"product_tag-custom-pie-pans","9":"first","10":"instock","11":"shipping-taxable","12":"product-type-simple"},"acf":[],"_links":{"self":[{"href":"https:\/\/jinhuaceramic.com\/de\/wp-json\/wp\/v2\/product\/9964","targetHints":{"allow":["GET"]}}],"collection":[{"href":"https:\/\/jinhuaceramic.com\/de\/wp-json\/wp\/v2\/product"}],"about":[{"href":"https:\/\/jinhuaceramic.com\/de\/wp-json\/wp\/v2\/types\/product"}],"replies":[{"embeddable":true,"href":"https:\/\/jinhuaceramic.com\/de\/wp-json\/wp\/v2\/comments?post=9964"}],"version-history":[{"count":0,"href":"https:\/\/jinhuaceramic.com\/de\/wp-json\/wp\/v2\/product\/9964\/revisions"}],"wp:featuredmedia":[{"embeddable":true,"href":"https:\/\/jinhuaceramic.com\/de\/wp-json\/wp\/v2\/media\/9968"}],"wp:attachment":[{"href":"https:\/\/jinhuaceramic.com\/de\/wp-json\/wp\/v2\/media?parent=9964"}],"wp:term":[{"taxonomy":"product_brand","embeddable":true,"href":"https:\/\/jinhuaceramic.com\/de\/wp-json\/wp\/v2\/product_brand?post=9964"},{"taxonomy":"product_cat","embeddable":true,"href":"https:\/\/jinhuaceramic.com\/de\/wp-json\/wp\/v2\/product_cat?post=9964"},{"taxonomy":"product_tag","embeddable":true,"href":"https:\/\/jinhuaceramic.com\/de\/wp-json\/wp\/v2\/product_tag?post=9964"}],"curies":[{"name":"wp","href":"https:\/\/api.w.org\/{rel}","templated":true}]}}