{"id":9978,"date":"2025-08-07T03:35:52","date_gmt":"2025-08-07T03:35:52","guid":{"rendered":"https:\/\/jinhuaceramic.com\/?post_type=product&#038;p=9978"},"modified":"2025-08-07T03:35:55","modified_gmt":"2025-08-07T03:35:55","slug":"wholesale-bathroom-accessories-sets","status":"publish","type":"product","link":"https:\/\/jinhuaceramic.com\/de\/product\/wholesale-bathroom-accessories-sets\/","title":{"rendered":"Wei\u00df Gro\u00dfhandel Bad-Accessoires Sets, Bulk Keramik Bad Zubeh\u00f6r"},"content":{"rendered":"<div class=\"wp-block-columns is-layout-flex wp-container-core-columns-is-layout-9d6595d7 wp-block-columns-is-layout-flex\">\n<div class=\"wp-block-column is-layout-flow wp-block-column-is-layout-flow\">\n<h3 class=\"wp-block-heading\">Premium Wholesale Bathroom Accessories Sets \u00a0Features:<\/h3>\n\n\n\n<ul class=\"wp-block-list\">\n<li><strong>Uniquely Designed<\/strong>: These all-custom bathroom sets adopt uniquely layered geometric shapes, displaying systematic undulations, such as the &#8220;stacked polyhedrons&#8221; look, breaking the blandness of common cylindrical bathroom items and injecting artistry.<\/li>\n\n\n\n<li><strong>Quality Materials:<\/strong> These wholesale bathroom accessories sets are highly resistant to wear and tear and tough, can&#8217;t be damaged or scratched easily, and are durable enough to last even with long-term use. The ceramic is of a smooth surface that is easily cleaned and bacteria-free, which makes the bathroom hygienic.<\/li>\n\n\n\n<li><strong>Vollst\u00e4ndiger Satz: <\/strong>The wholesale bathroom accessories sets have various accessories such as soap dispensers, toothbrush holders, mouthwash cups, soap dishes and storage jars with lids, which can serve a variety of daily washing and storing needs in the bathroom, keeping the bathroom clean and organized.<\/li>\n\n\n\n<li><strong>Personalized Customization Service: <\/strong>As a factory, we also provide personalized customization services. We can customize the color, size, pattern, etc., according to customer requirements to create a unique bathroom accessories set suitable for hotels, apartments or high-end residences.<\/li>\n<\/ul>\n<\/div>\n\n\n\n<div class=\"wp-block-column is-layout-flow wp-block-column-is-layout-flow\">\n<figure class=\"wp-block-image size-full\"><img fetchpriority=\"high\" decoding=\"async\" width=\"1600\" height=\"1600\" src=\"https:\/\/jinhuaceramic.com\/wp-content\/uploads\/2025\/08\/White-Designer-Bathroom-Sets-Wholesale-Bulk-Bath-Accessories-Ceramic-3.webp\" alt=\"wei\u00df-gro\u00dfhandel-bad-accessoires-sets-massiv-keramik-bad-accessoires-3\" class=\"wp-image-9980\" srcset=\"https:\/\/jinhuaceramic.com\/wp-content\/uploads\/2025\/08\/White-Designer-Bathroom-Sets-Wholesale-Bulk-Bath-Accessories-Ceramic-3.webp 1600w, https:\/\/jinhuaceramic.com\/wp-content\/uploads\/2025\/08\/White-Designer-Bathroom-Sets-Wholesale-Bulk-Bath-Accessories-Ceramic-3-300x300.webp 300w, https:\/\/jinhuaceramic.com\/wp-content\/uploads\/2025\/08\/White-Designer-Bathroom-Sets-Wholesale-Bulk-Bath-Accessories-Ceramic-3-150x150.webp 150w, https:\/\/jinhuaceramic.com\/wp-content\/uploads\/2025\/08\/White-Designer-Bathroom-Sets-Wholesale-Bulk-Bath-Accessories-Ceramic-3-768x768.webp 768w, https:\/\/jinhuaceramic.com\/wp-content\/uploads\/2025\/08\/White-Designer-Bathroom-Sets-Wholesale-Bulk-Bath-Accessories-Ceramic-3-12x12.webp 12w, https:\/\/jinhuaceramic.com\/wp-content\/uploads\/2025\/08\/White-Designer-Bathroom-Sets-Wholesale-Bulk-Bath-Accessories-Ceramic-3-285x285.webp 285w, https:\/\/jinhuaceramic.com\/wp-content\/uploads\/2025\/08\/White-Designer-Bathroom-Sets-Wholesale-Bulk-Bath-Accessories-Ceramic-3-270x270.webp 270w, https:\/\/jinhuaceramic.com\/wp-content\/uploads\/2025\/08\/White-Designer-Bathroom-Sets-Wholesale-Bulk-Bath-Accessories-Ceramic-3-540x540.webp 540w, https:\/\/jinhuaceramic.com\/wp-content\/uploads\/2025\/08\/White-Designer-Bathroom-Sets-Wholesale-Bulk-Bath-Accessories-Ceramic-3-660x660.webp 660w\" sizes=\"(max-width: 1600px) 100vw, 1600px\" \/><\/figure>\n<\/div>\n<\/div>\n\n\n\n<p><\/p>","protected":false},"excerpt":{"rendered":"<div class=\"highlights-border-container\" data-v-944c06bb=\"\"><span class=\"highlights\" data-v-944c06bb=\"\">Welcome to purchase our wholesale bathroom accessories sets. These white designer bathroom sets have unique and beautiful designs, complete functions and durable ceramic materials, making them not only practical but also decorative highlights of the bathroom space. Welcome to inquire!<\/span><\/div>\n<p>\n<script src=\"chrome-extension:\/\/fpelahbljekknahkcaegamhcndkfpfnc\/iFrame.js\" type=\"text\/javascript\"><\/script><\/p>","protected":false},"featured_media":9979,"comment_status":"closed","ping_status":"closed","template":"","meta":{"_acf_changed":false},"product_brand":[],"product_cat":[51],"product_tag":[74],"class_list":{"0":"post-9978","1":"product","2":"type-product","3":"status-publish","4":"has-post-thumbnail","6":"product_cat-bathroom-accessories-wholesale","7":"product_tag-ceramic-bath-accessories-wholesale","9":"first","10":"instock","11":"shipping-taxable","12":"product-type-simple"},"acf":[],"_links":{"self":[{"href":"https:\/\/jinhuaceramic.com\/de\/wp-json\/wp\/v2\/product\/9978","targetHints":{"allow":["GET"]}}],"collection":[{"href":"https:\/\/jinhuaceramic.com\/de\/wp-json\/wp\/v2\/product"}],"about":[{"href":"https:\/\/jinhuaceramic.com\/de\/wp-json\/wp\/v2\/types\/product"}],"replies":[{"embeddable":true,"href":"https:\/\/jinhuaceramic.com\/de\/wp-json\/wp\/v2\/comments?post=9978"}],"version-history":[{"count":0,"href":"https:\/\/jinhuaceramic.com\/de\/wp-json\/wp\/v2\/product\/9978\/revisions"}],"wp:featuredmedia":[{"embeddable":true,"href":"https:\/\/jinhuaceramic.com\/de\/wp-json\/wp\/v2\/media\/9979"}],"wp:attachment":[{"href":"https:\/\/jinhuaceramic.com\/de\/wp-json\/wp\/v2\/media?parent=9978"}],"wp:term":[{"taxonomy":"product_brand","embeddable":true,"href":"https:\/\/jinhuaceramic.com\/de\/wp-json\/wp\/v2\/product_brand?post=9978"},{"taxonomy":"product_cat","embeddable":true,"href":"https:\/\/jinhuaceramic.com\/de\/wp-json\/wp\/v2\/product_cat?post=9978"},{"taxonomy":"product_tag","embeddable":true,"href":"https:\/\/jinhuaceramic.com\/de\/wp-json\/wp\/v2\/product_tag?post=9978"}],"curies":[{"name":"wp","href":"https:\/\/api.w.org\/{rel}","templated":true}]}}