{"id":9988,"date":"2025-08-07T07:36:45","date_gmt":"2025-08-07T07:36:45","guid":{"rendered":"https:\/\/jinhuaceramic.com\/?post_type=product&#038;p=9988"},"modified":"2025-11-12T03:45:43","modified_gmt":"2025-11-12T03:45:43","slug":"rectangular-baking-pan-wholesale","status":"publish","type":"product","link":"https:\/\/jinhuaceramic.com\/de\/product\/rectangular-baking-pan-wholesale\/","title":{"rendered":"Rechteckige Backform Gro\u00dfhandel, benutzerdefinierte Keramik-Backformen"},"content":{"rendered":"<div class=\"wp-block-columns is-layout-flex wp-container-core-columns-is-layout-9d6595d7 wp-block-columns-is-layout-flex\">\n<div class=\"wp-block-column is-layout-flow wp-block-column-is-layout-flow\">\n<h3 class=\"wp-block-heading\"> Schwarz Rechteckig Backform Gro\u00dfhandel Merkmale:<\/h3>\n\n\n\n<ul class=\"wp-block-list\">\n<li><strong>Modernes Aussehen:<\/strong> Die wei\u00dfe Innenseite und die schwarze Au\u00dfenseite der rechteckigen Backformen im Gro\u00dfhandel bilden einen klaren, knackigen Farbkontrast, der sowohl modern als auch anspruchsvoll ist. An den Au\u00dfenseiten der Backformen sind horizontale Streifen eingepr\u00e4gt, die den Eindruck von Schichtung und Tiefe erwecken.<\/li>\n\n\n\n<li><strong>Langfristige Praktikabilit\u00e4t:<\/strong> Die zeitlose, rechteckige Form dieser Backformen eignet sich perfekt zum Backen verschiedener Speisen wie Lasagne, Braten, H\u00e4hnchenbraten, Aufl\u00e4ufe, Brownies usw. Die breiten Griffe auf beiden Seiten sorgen f\u00fcr einen festen Halt, so dass man sie leicht und sicher aus dem Ofen nehmen und tragen kann.<\/li>\n\n\n\n<li><strong>Hochwertiges keramisches Material:<\/strong> Die rechteckige Backform Gro\u00dfhandel ist von guter Qualit\u00e4t Keramik-Material, das hart und stark ist und hatte eine gute Hitzebest\u00e4ndigkeit, so wird nicht verformt oder geknackt auch f\u00fcr l\u00e4ngere Zeit verwendet werden.<\/li>\n\n\n\n<li><strong>Gleichm\u00e4\u00dfige Erw\u00e4rmung:<\/strong> Das keramische Material hat eine gute W\u00e4rmeleitf\u00e4higkeit und \u00fcbertr\u00e4gt die W\u00e4rme gleichm\u00e4\u00dfig, so dass die Speisen gleichm\u00e4\u00dfig gegart werden und ein lokales \u00dcberhitzen oder Untergaren verhindert wird.<\/li>\n<\/ul>\n<\/div>\n\n\n\n<div class=\"wp-block-column is-layout-flow wp-block-column-is-layout-flow\">\n<figure class=\"wp-block-image size-full\"><img fetchpriority=\"high\" decoding=\"async\" width=\"1600\" height=\"1600\" src=\"https:\/\/jinhuaceramic.com\/wp-content\/uploads\/2025\/08\/Modern-Black-Baking-Dish-Custom-Ceramic-Kitchen-Bakeware-Wholesale-2.webp\" alt=\"schwarz-rechteckige-backform-gro\u00dfhandel-individuelle-keramik-k\u00fcchen-backformen-2\" class=\"wp-image-9989\" srcset=\"https:\/\/jinhuaceramic.com\/wp-content\/uploads\/2025\/08\/Modern-Black-Baking-Dish-Custom-Ceramic-Kitchen-Bakeware-Wholesale-2.webp 1600w, https:\/\/jinhuaceramic.com\/wp-content\/uploads\/2025\/08\/Modern-Black-Baking-Dish-Custom-Ceramic-Kitchen-Bakeware-Wholesale-2-300x300.webp 300w, https:\/\/jinhuaceramic.com\/wp-content\/uploads\/2025\/08\/Modern-Black-Baking-Dish-Custom-Ceramic-Kitchen-Bakeware-Wholesale-2-150x150.webp 150w, https:\/\/jinhuaceramic.com\/wp-content\/uploads\/2025\/08\/Modern-Black-Baking-Dish-Custom-Ceramic-Kitchen-Bakeware-Wholesale-2-768x768.webp 768w, https:\/\/jinhuaceramic.com\/wp-content\/uploads\/2025\/08\/Modern-Black-Baking-Dish-Custom-Ceramic-Kitchen-Bakeware-Wholesale-2-12x12.webp 12w, https:\/\/jinhuaceramic.com\/wp-content\/uploads\/2025\/08\/Modern-Black-Baking-Dish-Custom-Ceramic-Kitchen-Bakeware-Wholesale-2-285x285.webp 285w, https:\/\/jinhuaceramic.com\/wp-content\/uploads\/2025\/08\/Modern-Black-Baking-Dish-Custom-Ceramic-Kitchen-Bakeware-Wholesale-2-270x270.webp 270w, https:\/\/jinhuaceramic.com\/wp-content\/uploads\/2025\/08\/Modern-Black-Baking-Dish-Custom-Ceramic-Kitchen-Bakeware-Wholesale-2-540x540.webp 540w, https:\/\/jinhuaceramic.com\/wp-content\/uploads\/2025\/08\/Modern-Black-Baking-Dish-Custom-Ceramic-Kitchen-Bakeware-Wholesale-2-660x660.webp 660w\" sizes=\"(max-width: 1600px) 100vw, 1600px\" \/><\/figure>\n<\/div>\n<\/div>","protected":false},"excerpt":{"rendered":"<p>Willkommen zum Kauf unserer rechteckigen Backform Gro\u00dfhandel. Diese kundenspezifischen Backformen sind bei den Verbrauchern wegen ihres modernen und sch\u00f6nen Designs, des haltbaren Keramikmaterials, der Vielseitigkeit und der einfachen Reinigung beliebt. Diese schwarze rechteckige Backform ist speziell f\u00fcr beide Hausk\u00fcchen und kommerzielle Backen Bed\u00fcrfnisse entwickelt, so dass es ein ideales Werkzeug zum Backen.<\/p>\n<p><script src=\"chrome-extension:\/\/fpelahbljekknahkcaegamhcndkfpfnc\/iFrame.js\" type=\"text\/javascript\"><\/script><\/p>","protected":false},"featured_media":9992,"comment_status":"closed","ping_status":"closed","template":"","meta":{"_acf_changed":false},"product_brand":[],"product_cat":[53],"product_tag":[71],"class_list":{"0":"post-9988","1":"product","2":"type-product","3":"status-publish","4":"has-post-thumbnail","6":"product_cat-bakeware-in-bulk","7":"product_tag-wholesale-baking-pans","9":"first","10":"instock","11":"shipping-taxable","12":"product-type-simple"},"acf":[],"_links":{"self":[{"href":"https:\/\/jinhuaceramic.com\/de\/wp-json\/wp\/v2\/product\/9988","targetHints":{"allow":["GET"]}}],"collection":[{"href":"https:\/\/jinhuaceramic.com\/de\/wp-json\/wp\/v2\/product"}],"about":[{"href":"https:\/\/jinhuaceramic.com\/de\/wp-json\/wp\/v2\/types\/product"}],"replies":[{"embeddable":true,"href":"https:\/\/jinhuaceramic.com\/de\/wp-json\/wp\/v2\/comments?post=9988"}],"version-history":[{"count":0,"href":"https:\/\/jinhuaceramic.com\/de\/wp-json\/wp\/v2\/product\/9988\/revisions"}],"wp:featuredmedia":[{"embeddable":true,"href":"https:\/\/jinhuaceramic.com\/de\/wp-json\/wp\/v2\/media\/9992"}],"wp:attachment":[{"href":"https:\/\/jinhuaceramic.com\/de\/wp-json\/wp\/v2\/media?parent=9988"}],"wp:term":[{"taxonomy":"product_brand","embeddable":true,"href":"https:\/\/jinhuaceramic.com\/de\/wp-json\/wp\/v2\/product_brand?post=9988"},{"taxonomy":"product_cat","embeddable":true,"href":"https:\/\/jinhuaceramic.com\/de\/wp-json\/wp\/v2\/product_cat?post=9988"},{"taxonomy":"product_tag","embeddable":true,"href":"https:\/\/jinhuaceramic.com\/de\/wp-json\/wp\/v2\/product_tag?post=9988"}],"curies":[{"name":"wp","href":"https:\/\/api.w.org\/{rel}","templated":true}]}}