{"id":10013,"date":"2025-08-15T03:28:52","date_gmt":"2025-08-15T03:28:52","guid":{"rendered":"https:\/\/jinhuaceramic.com\/?post_type=product&#038;p=10013"},"modified":"2025-08-20T09:43:45","modified_gmt":"2025-08-20T09:43:45","slug":"candle-empty-jars-wholesale","status":"publish","type":"product","link":"https:\/\/jinhuaceramic.com\/es\/product\/candle-empty-jars-wholesale\/","title":{"rendered":"Tarros Vac\u00edos para Velas Beige al por mayor, Recipientes de Cer\u00e1mica para Velas personalizados"},"content":{"rendered":"<div class=\"wp-block-columns is-layout-flex wp-container-core-columns-is-layout-9d6595d7 wp-block-columns-is-layout-flex\">\n<div class=\"wp-block-column is-layout-flow wp-block-column-is-layout-flow\">\n<h3 class=\"wp-block-heading\">Tarros Vac\u00edos para Velas Beige Premium al por mayor Caracter\u00edsticas:<\/h3>\n\n\n\n<ul class=\"wp-block-list\">\n<li><strong>Textura distintiva:<\/strong> El exterior de estos tarros para velas personalizados presenta una textura de rayas verticales con peque\u00f1os puntos negros. Este dise\u00f1o rompe la monoton\u00eda de los tarros lisos, a\u00f1ade un est\u00edmulo t\u00e1ctil y visual y confiere al producto un aspecto artesanal y casero.<\/li>\n\n\n\n<li><strong>Color c\u00e1lido y acogedor: <\/strong>Estos tarros vac\u00edos para velas al por mayor son de color beige c\u00e1lido, un bonito tono neutro que se integra f\u00e1cilmente en cualquier dise\u00f1o de decoraci\u00f3n del hogar y crea un ambiente c\u00e1lido y acogedor.<\/li>\n\n\n\n<li><strong>Material resistente al calor:<\/strong> Los tarros vac\u00edos para velas al por mayor est\u00e1n fabricados con material cer\u00e1mico de la mejor calidad, resistente al calor y a la deformaci\u00f3n. Son resistentes al calor de las velas encendidas y dif\u00edciles de deformar y agrietar.<\/li>\n\n\n\n<li><strong>Reutilizable y respetuoso con el medio ambiente:<\/strong> Estos tarros de cer\u00e1mica para velas al por mayor tienen una cierta sensaci\u00f3n de pesadez y textura y pueden reutilizarse. Una vez quemados, pueden utilizarse como portabol\u00edgrafos, portacepillos de maquillaje, peque\u00f1os maceteros, etc., con lo que se consigue un uso secundario y se cumple el concepto de protecci\u00f3n del medio ambiente.<\/li>\n<\/ul>\n<\/div>\n\n\n\n<div class=\"wp-block-column is-layout-flow wp-block-column-is-layout-flow\">\n<figure class=\"wp-block-image size-full\"><img fetchpriority=\"high\" decoding=\"async\" width=\"1500\" height=\"1500\" src=\"https:\/\/jinhuaceramic.com\/wp-content\/uploads\/2025\/08\/Beige-Empty-Candle-Jars-Bulk-Ceramic-Candle-Containers-Wholesale-5.webp\" alt=\"beige-velas-vacia-tarros-mayorista-velas-ceramicas-por-mayorista-5\" class=\"wp-image-10017\" srcset=\"https:\/\/jinhuaceramic.com\/wp-content\/uploads\/2025\/08\/Beige-Empty-Candle-Jars-Bulk-Ceramic-Candle-Containers-Wholesale-5.webp 1500w, https:\/\/jinhuaceramic.com\/wp-content\/uploads\/2025\/08\/Beige-Empty-Candle-Jars-Bulk-Ceramic-Candle-Containers-Wholesale-5-300x300.webp 300w, https:\/\/jinhuaceramic.com\/wp-content\/uploads\/2025\/08\/Beige-Empty-Candle-Jars-Bulk-Ceramic-Candle-Containers-Wholesale-5-150x150.webp 150w, https:\/\/jinhuaceramic.com\/wp-content\/uploads\/2025\/08\/Beige-Empty-Candle-Jars-Bulk-Ceramic-Candle-Containers-Wholesale-5-768x768.webp 768w, https:\/\/jinhuaceramic.com\/wp-content\/uploads\/2025\/08\/Beige-Empty-Candle-Jars-Bulk-Ceramic-Candle-Containers-Wholesale-5-12x12.webp 12w, https:\/\/jinhuaceramic.com\/wp-content\/uploads\/2025\/08\/Beige-Empty-Candle-Jars-Bulk-Ceramic-Candle-Containers-Wholesale-5-285x285.webp 285w, https:\/\/jinhuaceramic.com\/wp-content\/uploads\/2025\/08\/Beige-Empty-Candle-Jars-Bulk-Ceramic-Candle-Containers-Wholesale-5-270x270.webp 270w, https:\/\/jinhuaceramic.com\/wp-content\/uploads\/2025\/08\/Beige-Empty-Candle-Jars-Bulk-Ceramic-Candle-Containers-Wholesale-5-540x540.webp 540w, https:\/\/jinhuaceramic.com\/wp-content\/uploads\/2025\/08\/Beige-Empty-Candle-Jars-Bulk-Ceramic-Candle-Containers-Wholesale-5-660x660.webp 660w\" sizes=\"(max-width: 1500px) 100vw, 1500px\" \/><\/figure>\n<\/div>\n<\/div>","protected":false},"excerpt":{"rendered":"<p>Bienvenido a comprar tarros vac\u00edos para velas al por mayor. Estos tarros de velas personalizados est\u00e1n disponibles en texturas \u00fanicas, colores naturales, cer\u00e1mica duradera y propiedades reciclables, que los convierten no s\u00f3lo en los mejores recipientes para la fabricaci\u00f3n de velas, sino tambi\u00e9n en piezas perfectas de decoraci\u00f3n para el hogar, a\u00f1adiendo un toque vintage y elegante a cualquier mesita de noche, escritorio o sala de estar.<\/p>","protected":false},"featured_media":10014,"comment_status":"closed","ping_status":"closed","template":"","meta":{"_acf_changed":false},"product_brand":[],"product_cat":[52],"product_tag":[66],"class_list":{"0":"post-10013","1":"product","2":"type-product","3":"status-publish","4":"has-post-thumbnail","6":"product_cat-wholesale-candle-containers","7":"product_tag-candle-jars-wholesale","9":"first","10":"instock","11":"shipping-taxable","12":"product-type-simple"},"acf":[],"_links":{"self":[{"href":"https:\/\/jinhuaceramic.com\/es\/wp-json\/wp\/v2\/product\/10013","targetHints":{"allow":["GET"]}}],"collection":[{"href":"https:\/\/jinhuaceramic.com\/es\/wp-json\/wp\/v2\/product"}],"about":[{"href":"https:\/\/jinhuaceramic.com\/es\/wp-json\/wp\/v2\/types\/product"}],"replies":[{"embeddable":true,"href":"https:\/\/jinhuaceramic.com\/es\/wp-json\/wp\/v2\/comments?post=10013"}],"version-history":[{"count":0,"href":"https:\/\/jinhuaceramic.com\/es\/wp-json\/wp\/v2\/product\/10013\/revisions"}],"wp:featuredmedia":[{"embeddable":true,"href":"https:\/\/jinhuaceramic.com\/es\/wp-json\/wp\/v2\/media\/10014"}],"wp:attachment":[{"href":"https:\/\/jinhuaceramic.com\/es\/wp-json\/wp\/v2\/media?parent=10013"}],"wp:term":[{"taxonomy":"product_brand","embeddable":true,"href":"https:\/\/jinhuaceramic.com\/es\/wp-json\/wp\/v2\/product_brand?post=10013"},{"taxonomy":"product_cat","embeddable":true,"href":"https:\/\/jinhuaceramic.com\/es\/wp-json\/wp\/v2\/product_cat?post=10013"},{"taxonomy":"product_tag","embeddable":true,"href":"https:\/\/jinhuaceramic.com\/es\/wp-json\/wp\/v2\/product_tag?post=10013"}],"curies":[{"name":"wp","href":"https:\/\/api.w.org\/{rel}","templated":true}]}}