{"id":10023,"date":"2025-08-15T03:08:57","date_gmt":"2025-08-15T03:08:57","guid":{"rendered":"https:\/\/jinhuaceramic.com\/?post_type=product&#038;p=10023"},"modified":"2025-08-15T03:08:59","modified_gmt":"2025-08-15T03:08:59","slug":"custom-candle-containers","status":"publish","type":"product","link":"https:\/\/jinhuaceramic.com\/es\/product\/custom-candle-containers\/","title":{"rendered":"Recipientes para velas personalizados blancos, Recipientes para velas \u00fanicos al por mayor"},"content":{"rendered":"<div class=\"wp-block-columns is-layout-flex wp-container-core-columns-is-layout-9d6595d7 wp-block-columns-is-layout-flex\">\n<div class=\"wp-block-column is-layout-flow wp-block-column-is-layout-flow\">\n<h3 class=\"wp-block-heading\">Premium Blanco \u00danico Personalizado Candle Containers Caracter\u00edsticas:<\/h3>\n\n\n\n<ul class=\"wp-block-list\">\n<li><strong>Dise\u00f1o \u00fanico:<\/strong> Estos recipientes personalizados para velas tienen una textura vertical en relieve en el exterior que les da un aspecto de concha. Este dise\u00f1o a\u00f1ade inter\u00e9s t\u00e1ctil y visual, distingui\u00e9ndolos de los tarros lisos ordinarios.<\/li>\n\n\n\n<li><strong>Blanco vers\u00e1til: <\/strong>Estos tarros para velas al por mayor est\u00e1n disponibles en un suave color blanco roto, un tono apagado y vers\u00e1til que encajar\u00e1 con cualquier estilo de decoraci\u00f3n del hogar y proporcionar\u00e1 un ambiente c\u00e1lido y acogedor.<\/li>\n\n\n\n<li><strong>Material de alta calidad:<\/strong> Nuestros tarros para velas al por mayor se fabrican con material cer\u00e1mico de alta calidad y se someten a un tratamiento de alta temperatura, por lo que conservan cierta dureza y resistencia a las altas temperaturas. Por lo tanto, pueden soportar el calor de las velas encendidas y tambi\u00e9n resistir f\u00e1cilmente la rotura y deformaci\u00f3n, por lo que son seguros para su uso.<\/li>\n\n\n\n<li><strong>Reutilizable: <\/strong>Estos recipientes personalizados para velas son reutilizables y pueden usarse no s\u00f3lo como portavelas, sino tambi\u00e9n como peque\u00f1os tarros de almacenaje, portal\u00e1pices o jarrones una vez agotadas las velas, lo que se adhiere al pilar del desarrollo sostenible.<\/li>\n<\/ul>\n<\/div>\n\n\n\n<div class=\"wp-block-column is-layout-flow wp-block-column-is-layout-flow\">\n<figure class=\"wp-block-image size-full\"><img fetchpriority=\"high\" decoding=\"async\" width=\"2323\" height=\"2323\" src=\"https:\/\/jinhuaceramic.com\/wp-content\/uploads\/2025\/08\/White-Unique-Candle-Containers-Wholesale-Custom-Ceramic-Candle-Jars-5.webp\" alt=\"blanco-custom-candle-containers-\u00fanico-candle-containers-mayorista-5\" class=\"wp-image-10026\" srcset=\"https:\/\/jinhuaceramic.com\/wp-content\/uploads\/2025\/08\/White-Unique-Candle-Containers-Wholesale-Custom-Ceramic-Candle-Jars-5.webp 2323w, https:\/\/jinhuaceramic.com\/wp-content\/uploads\/2025\/08\/White-Unique-Candle-Containers-Wholesale-Custom-Ceramic-Candle-Jars-5-300x300.webp 300w, https:\/\/jinhuaceramic.com\/wp-content\/uploads\/2025\/08\/White-Unique-Candle-Containers-Wholesale-Custom-Ceramic-Candle-Jars-5-150x150.webp 150w, https:\/\/jinhuaceramic.com\/wp-content\/uploads\/2025\/08\/White-Unique-Candle-Containers-Wholesale-Custom-Ceramic-Candle-Jars-5-768x768.webp 768w, https:\/\/jinhuaceramic.com\/wp-content\/uploads\/2025\/08\/White-Unique-Candle-Containers-Wholesale-Custom-Ceramic-Candle-Jars-5-12x12.webp 12w, https:\/\/jinhuaceramic.com\/wp-content\/uploads\/2025\/08\/White-Unique-Candle-Containers-Wholesale-Custom-Ceramic-Candle-Jars-5-285x285.webp 285w, https:\/\/jinhuaceramic.com\/wp-content\/uploads\/2025\/08\/White-Unique-Candle-Containers-Wholesale-Custom-Ceramic-Candle-Jars-5-1600x1600.webp 1600w, https:\/\/jinhuaceramic.com\/wp-content\/uploads\/2025\/08\/White-Unique-Candle-Containers-Wholesale-Custom-Ceramic-Candle-Jars-5-270x270.webp 270w, https:\/\/jinhuaceramic.com\/wp-content\/uploads\/2025\/08\/White-Unique-Candle-Containers-Wholesale-Custom-Ceramic-Candle-Jars-5-540x540.webp 540w, https:\/\/jinhuaceramic.com\/wp-content\/uploads\/2025\/08\/White-Unique-Candle-Containers-Wholesale-Custom-Ceramic-Candle-Jars-5-660x660.webp 660w\" sizes=\"(max-width: 2323px) 100vw, 2323px\" \/><\/figure>\n<\/div>\n<\/div>","protected":false},"excerpt":{"rendered":"<div class=\"highlights-border-container\" data-v-944c06bb=\"\"><span class=\"highlights\" data-v-944c06bb=\"\">Bienvenido a comprar nuestros recipientes personalizados para velas. Estos tarros personalizados para velas tienen dise\u00f1os \u00fanicos, colores suaves y el\u00e1sticos, material cer\u00e1mico resistente al calor y son reciclables. La practicidad y la belleza se combinan ya que estos tarros para velas tienen el potencial de ser decoraciones para el hogar que pueden hacer que su casa sea c\u00e1lida y rom\u00e1ntica.<\/span><\/div>\n<p>\n<script src=\"chrome-extension:\/\/fpelahbljekknahkcaegamhcndkfpfnc\/iFrame.js\" type=\"text\/javascript\"><\/script><\/p>","protected":false},"featured_media":10027,"comment_status":"closed","ping_status":"closed","template":"","meta":{"_acf_changed":false},"product_brand":[],"product_cat":[52],"product_tag":[66],"class_list":{"0":"post-10023","1":"product","2":"type-product","3":"status-publish","4":"has-post-thumbnail","6":"product_cat-wholesale-candle-containers","7":"product_tag-candle-jars-wholesale","9":"first","10":"instock","11":"shipping-taxable","12":"product-type-simple"},"acf":[],"_links":{"self":[{"href":"https:\/\/jinhuaceramic.com\/es\/wp-json\/wp\/v2\/product\/10023","targetHints":{"allow":["GET"]}}],"collection":[{"href":"https:\/\/jinhuaceramic.com\/es\/wp-json\/wp\/v2\/product"}],"about":[{"href":"https:\/\/jinhuaceramic.com\/es\/wp-json\/wp\/v2\/types\/product"}],"replies":[{"embeddable":true,"href":"https:\/\/jinhuaceramic.com\/es\/wp-json\/wp\/v2\/comments?post=10023"}],"version-history":[{"count":0,"href":"https:\/\/jinhuaceramic.com\/es\/wp-json\/wp\/v2\/product\/10023\/revisions"}],"wp:featuredmedia":[{"embeddable":true,"href":"https:\/\/jinhuaceramic.com\/es\/wp-json\/wp\/v2\/media\/10027"}],"wp:attachment":[{"href":"https:\/\/jinhuaceramic.com\/es\/wp-json\/wp\/v2\/media?parent=10023"}],"wp:term":[{"taxonomy":"product_brand","embeddable":true,"href":"https:\/\/jinhuaceramic.com\/es\/wp-json\/wp\/v2\/product_brand?post=10023"},{"taxonomy":"product_cat","embeddable":true,"href":"https:\/\/jinhuaceramic.com\/es\/wp-json\/wp\/v2\/product_cat?post=10023"},{"taxonomy":"product_tag","embeddable":true,"href":"https:\/\/jinhuaceramic.com\/es\/wp-json\/wp\/v2\/product_tag?post=10023"}],"curies":[{"name":"wp","href":"https:\/\/api.w.org\/{rel}","templated":true}]}}