{"id":10031,"date":"2025-08-15T02:40:23","date_gmt":"2025-08-15T02:40:23","guid":{"rendered":"https:\/\/jinhuaceramic.com\/?post_type=product&#038;p=10031"},"modified":"2025-08-15T02:40:24","modified_gmt":"2025-08-15T02:40:24","slug":"unique-candle-containers-wholesale","status":"publish","type":"product","link":"https:\/\/jinhuaceramic.com\/es\/product\/unique-candle-containers-wholesale\/","title":{"rendered":"Recipientes de cer\u00e1mica para velas al por mayor, Tarros de cer\u00e1mica para velas al por mayor"},"content":{"rendered":"<div class=\"wp-block-columns is-layout-flex wp-container-core-columns-is-layout-9d6595d7 wp-block-columns-is-layout-flex\">\n<div class=\"wp-block-column is-layout-flow wp-block-column-is-layout-flow\">\n<h3 class=\"wp-block-heading\">Premium de dos tonos \u00fanicos contenedores de vela al por mayor Caracter\u00edsticas:<\/h3>\n\n\n\n<ul class=\"wp-block-list\">\n<li><strong>Colores suaves:<\/strong> Este tarro de velas personalizado presenta una encantadora mitad superior gris claro y una mitad inferior beige suave. Sus colores neutros los hacen f\u00e1ciles de integrar en cualquier dise\u00f1o de hogar, ya sea moderno o escandinavo.<\/li>\n\n\n\n<li><strong>Textura \u00fanica:<\/strong> La parte superior de estos exclusivos recipientes para velas al por mayor presenta un esmalte liso con diminutas manchas, mientras que la parte inferior es de cer\u00e1mica sin esmaltar con una textura escarchada. La textura contrastada a\u00f1ade atractivo visual y t\u00e1ctil.<\/li>\n\n\n\n<li><strong>Materiales duraderos: <\/strong>Estos recipientes para velas al por mayor, \u00fanicos y de alta calidad, tienen cierta dureza y son resistentes a las altas temperaturas. Soportan el calor de las velas encendidas, no se agrietan f\u00e1cilmente y tienen una larga vida \u00fatil.<\/li>\n\n\n\n<li><strong>Versatilidad:<\/strong> El dise\u00f1o cil\u00edndrico cl\u00e1sico de estos bonitos y duraderos tarros de cer\u00e1mica personalizados para velas los hace vers\u00e1tiles una vez que se han acabado las velas, ya que pueden utilizarse como peque\u00f1os jarrones, portabol\u00edgrafos o tarros de almacenaje.<\/li>\n<\/ul>\n<\/div>\n\n\n\n<div class=\"wp-block-column is-layout-flow wp-block-column-is-layout-flow\">\n<figure class=\"wp-block-image size-full\"><img fetchpriority=\"high\" decoding=\"async\" width=\"480\" height=\"480\" src=\"https:\/\/jinhuaceramic.com\/wp-content\/uploads\/2025\/08\/Two-Tone-Candle-Making-Containers-Wholesale-Ceramic-Empty-Candle-Jars-Bulk-3.webp\" alt=\"tarros-velas-de-ceramica-de-dos-tonos-unicos-al-mayor-bultos-3\" class=\"wp-image-10033\" srcset=\"https:\/\/jinhuaceramic.com\/wp-content\/uploads\/2025\/08\/Two-Tone-Candle-Making-Containers-Wholesale-Ceramic-Empty-Candle-Jars-Bulk-3.webp 480w, https:\/\/jinhuaceramic.com\/wp-content\/uploads\/2025\/08\/Two-Tone-Candle-Making-Containers-Wholesale-Ceramic-Empty-Candle-Jars-Bulk-3-300x300.webp 300w, https:\/\/jinhuaceramic.com\/wp-content\/uploads\/2025\/08\/Two-Tone-Candle-Making-Containers-Wholesale-Ceramic-Empty-Candle-Jars-Bulk-3-150x150.webp 150w, https:\/\/jinhuaceramic.com\/wp-content\/uploads\/2025\/08\/Two-Tone-Candle-Making-Containers-Wholesale-Ceramic-Empty-Candle-Jars-Bulk-3-12x12.webp 12w, https:\/\/jinhuaceramic.com\/wp-content\/uploads\/2025\/08\/Two-Tone-Candle-Making-Containers-Wholesale-Ceramic-Empty-Candle-Jars-Bulk-3-285x285.webp 285w, https:\/\/jinhuaceramic.com\/wp-content\/uploads\/2025\/08\/Two-Tone-Candle-Making-Containers-Wholesale-Ceramic-Empty-Candle-Jars-Bulk-3-270x270.webp 270w\" sizes=\"(max-width: 480px) 100vw, 480px\" \/><\/figure>\n<\/div>\n<\/div>","protected":false},"excerpt":{"rendered":"<p>Bienvenido a comprar nuestros exclusivos recipientes para velas al por mayor. Estos recipientes para velas son populares por sus combinaciones de colores neutros y suaves, sus dise\u00f1os de texturas \u00fanicas, sus materiales cer\u00e1micos de alta calidad y su versatilidad. Combinando practicidad y est\u00e9tica, estos tarros para velas no s\u00f3lo son los mejores recipientes para velas, sino tambi\u00e9n art\u00edculos decorativos independientes que pueden a\u00f1adir un sentido de sofisticaci\u00f3n a cualquier espacio del hogar.<\/p>\n<p>\n<script src=\"chrome-extension:\/\/fpelahbljekknahkcaegamhcndkfpfnc\/iFrame.js\" type=\"text\/javascript\"><\/script><\/p>","protected":false},"featured_media":10034,"comment_status":"closed","ping_status":"closed","template":"","meta":{"_acf_changed":false},"product_brand":[],"product_cat":[52],"product_tag":[66],"class_list":{"0":"post-10031","1":"product","2":"type-product","3":"status-publish","4":"has-post-thumbnail","6":"product_cat-wholesale-candle-containers","7":"product_tag-candle-jars-wholesale","9":"first","10":"instock","11":"shipping-taxable","12":"product-type-simple"},"acf":[],"_links":{"self":[{"href":"https:\/\/jinhuaceramic.com\/es\/wp-json\/wp\/v2\/product\/10031","targetHints":{"allow":["GET"]}}],"collection":[{"href":"https:\/\/jinhuaceramic.com\/es\/wp-json\/wp\/v2\/product"}],"about":[{"href":"https:\/\/jinhuaceramic.com\/es\/wp-json\/wp\/v2\/types\/product"}],"replies":[{"embeddable":true,"href":"https:\/\/jinhuaceramic.com\/es\/wp-json\/wp\/v2\/comments?post=10031"}],"version-history":[{"count":0,"href":"https:\/\/jinhuaceramic.com\/es\/wp-json\/wp\/v2\/product\/10031\/revisions"}],"wp:featuredmedia":[{"embeddable":true,"href":"https:\/\/jinhuaceramic.com\/es\/wp-json\/wp\/v2\/media\/10034"}],"wp:attachment":[{"href":"https:\/\/jinhuaceramic.com\/es\/wp-json\/wp\/v2\/media?parent=10031"}],"wp:term":[{"taxonomy":"product_brand","embeddable":true,"href":"https:\/\/jinhuaceramic.com\/es\/wp-json\/wp\/v2\/product_brand?post=10031"},{"taxonomy":"product_cat","embeddable":true,"href":"https:\/\/jinhuaceramic.com\/es\/wp-json\/wp\/v2\/product_cat?post=10031"},{"taxonomy":"product_tag","embeddable":true,"href":"https:\/\/jinhuaceramic.com\/es\/wp-json\/wp\/v2\/product_tag?post=10031"}],"curies":[{"name":"wp","href":"https:\/\/api.w.org\/{rel}","templated":true}]}}