{"id":10038,"date":"2025-08-15T02:09:33","date_gmt":"2025-08-15T02:09:33","guid":{"rendered":"https:\/\/jinhuaceramic.com\/?post_type=product&#038;p=10038"},"modified":"2025-11-12T03:44:56","modified_gmt":"2025-11-12T03:44:56","slug":"custom-restaurant-dinnerware","status":"publish","type":"product","link":"https:\/\/jinhuaceramic.com\/es\/product\/custom-restaurant-dinnerware\/","title":{"rendered":"Vajilla de Restaurante Personalizada, Vajilla de Cer\u00e1mica a Granel para 6"},"content":{"rendered":"<div class=\"wp-block-columns is-layout-flex wp-container-core-columns-is-layout-9d6595d7 wp-block-columns-is-layout-flex\">\n<div class=\"wp-block-column is-layout-flow wp-block-column-is-layout-flow\">\n<h3 class=\"wp-block-heading\">Vajilla de Restaurante R\u00fastica Personalizada Premium Caracter\u00edsticas:<\/h3>\n\n\n\n<ul class=\"wp-block-list\">\n<li><strong>Dise\u00f1o r\u00fastico: <\/strong>Estas piezas de vajilla de restaurante a medida se componen de un color crema p\u00e1lido con un dise\u00f1o de ribete marr\u00f3n a\u00f1adido, lo que le da un esquema de color uniforme. La vajilla contiene peque\u00f1as manchas irregulares en la superficie, lo que le da un aspecto de piedra y un acabado r\u00fastico y natural.<\/li>\n\n\n\n<li><strong>Cer\u00e1mica de alta calidad: <\/strong>Estas vajillas personalizadas para restaurantes est\u00e1n fabricadas en cer\u00e1mica de primera calidad sin plomo y no t\u00f3xica, resistente a los ara\u00f1azos y a los desconchones, f\u00e1cil de limpiar y cuidar, y con una vida \u00fatil m\u00e1s larga. Es apta para horno, microondas, congelador y lavavajillas.<\/li>\n\n\n\n<li><strong>Varias disposiciones de la vajilla:<\/strong> Estos juegos de vajilla al por mayor se componen de cuencos, platos y fuentes de diferentes tama\u00f1os para satisfacer las diversas necesidades de las comidas diarias. Sea cual sea el plato principal, la ensalada o el postre, siempre existe la vajilla adecuada.<\/li>\n\n\n\n<li><strong>Mejorar la experiencia de comer:<\/strong> Estos hermosos juegos de vajilla al por mayor mejoran la experiencia de comer, crean un ambiente c\u00f3modo y c\u00e1lido, realzan el ritual de la comida y hacen que comer sea un placer. Los colores p\u00e1lidos complementan muy bien el colorido de la comida, que resulta a\u00fan m\u00e1s deliciosa y apetitosa.<\/li>\n<\/ul>\n<\/div>\n\n\n\n<div class=\"wp-block-column is-layout-flow wp-block-column-is-layout-flow\">\n<figure class=\"wp-block-image size-full\"><img fetchpriority=\"high\" decoding=\"async\" width=\"1200\" height=\"1200\" src=\"https:\/\/jinhuaceramic.com\/wp-content\/uploads\/2025\/08\/Rustic-Cream-Custom-Tableware-Set-Ceramic-Dinnerware-Sets-Service-For-6-3.webp\" alt=\"vajilla r\u00fastica-personalizada-de-restaurante-vajilla-mayor-vajilla-de-cer\u00e1mica-para-6-3\" class=\"wp-image-10040\" srcset=\"https:\/\/jinhuaceramic.com\/wp-content\/uploads\/2025\/08\/Rustic-Cream-Custom-Tableware-Set-Ceramic-Dinnerware-Sets-Service-For-6-3.webp 1200w, https:\/\/jinhuaceramic.com\/wp-content\/uploads\/2025\/08\/Rustic-Cream-Custom-Tableware-Set-Ceramic-Dinnerware-Sets-Service-For-6-3-300x300.webp 300w, https:\/\/jinhuaceramic.com\/wp-content\/uploads\/2025\/08\/Rustic-Cream-Custom-Tableware-Set-Ceramic-Dinnerware-Sets-Service-For-6-3-150x150.webp 150w, https:\/\/jinhuaceramic.com\/wp-content\/uploads\/2025\/08\/Rustic-Cream-Custom-Tableware-Set-Ceramic-Dinnerware-Sets-Service-For-6-3-768x768.webp 768w, https:\/\/jinhuaceramic.com\/wp-content\/uploads\/2025\/08\/Rustic-Cream-Custom-Tableware-Set-Ceramic-Dinnerware-Sets-Service-For-6-3-12x12.webp 12w, https:\/\/jinhuaceramic.com\/wp-content\/uploads\/2025\/08\/Rustic-Cream-Custom-Tableware-Set-Ceramic-Dinnerware-Sets-Service-For-6-3-285x285.webp 285w, https:\/\/jinhuaceramic.com\/wp-content\/uploads\/2025\/08\/Rustic-Cream-Custom-Tableware-Set-Ceramic-Dinnerware-Sets-Service-For-6-3-270x270.webp 270w, https:\/\/jinhuaceramic.com\/wp-content\/uploads\/2025\/08\/Rustic-Cream-Custom-Tableware-Set-Ceramic-Dinnerware-Sets-Service-For-6-3-540x540.webp 540w, https:\/\/jinhuaceramic.com\/wp-content\/uploads\/2025\/08\/Rustic-Cream-Custom-Tableware-Set-Ceramic-Dinnerware-Sets-Service-For-6-3-660x660.webp 660w\" sizes=\"(max-width: 1200px) 100vw, 1200px\" \/><\/figure>\n<\/div>\n<\/div>","protected":false},"excerpt":{"rendered":"<p>Bienvenido a comprar nuestra vajilla de restaurante personalizada. Estos juegos de vajilla, con sus materiales de buena calidad, aspecto r\u00fastico, facilidad de limpieza y variedad de combinaciones de vajilla, se adaptan a las comidas familiares modernas. Esta vajilla personalizada equilibra con elegancia la funcionalidad y la est\u00e9tica, por lo que resulta adecuada para las comidas familiares cotidianas o para recibir a amigos \u00edntimos.<\/p>\n<p><script src=\"chrome-extension:\/\/fpelahbljekknahkcaegamhcndkfpfnc\/iFrame.js\" type=\"text\/javascript\"><\/script><\/p>","protected":false},"featured_media":10041,"comment_status":"closed","ping_status":"closed","template":"","meta":{"_acf_changed":false},"product_brand":[],"product_cat":[83,54],"product_tag":[],"class_list":{"0":"post-10038","1":"product","2":"type-product","3":"status-publish","4":"has-post-thumbnail","6":"product_cat-wholesale-dinnerware-sets","7":"product_cat-tableware-wholesale","9":"first","10":"instock","11":"shipping-taxable","12":"product-type-simple"},"acf":[],"_links":{"self":[{"href":"https:\/\/jinhuaceramic.com\/es\/wp-json\/wp\/v2\/product\/10038","targetHints":{"allow":["GET"]}}],"collection":[{"href":"https:\/\/jinhuaceramic.com\/es\/wp-json\/wp\/v2\/product"}],"about":[{"href":"https:\/\/jinhuaceramic.com\/es\/wp-json\/wp\/v2\/types\/product"}],"replies":[{"embeddable":true,"href":"https:\/\/jinhuaceramic.com\/es\/wp-json\/wp\/v2\/comments?post=10038"}],"version-history":[{"count":0,"href":"https:\/\/jinhuaceramic.com\/es\/wp-json\/wp\/v2\/product\/10038\/revisions"}],"wp:featuredmedia":[{"embeddable":true,"href":"https:\/\/jinhuaceramic.com\/es\/wp-json\/wp\/v2\/media\/10041"}],"wp:attachment":[{"href":"https:\/\/jinhuaceramic.com\/es\/wp-json\/wp\/v2\/media?parent=10038"}],"wp:term":[{"taxonomy":"product_brand","embeddable":true,"href":"https:\/\/jinhuaceramic.com\/es\/wp-json\/wp\/v2\/product_brand?post=10038"},{"taxonomy":"product_cat","embeddable":true,"href":"https:\/\/jinhuaceramic.com\/es\/wp-json\/wp\/v2\/product_cat?post=10038"},{"taxonomy":"product_tag","embeddable":true,"href":"https:\/\/jinhuaceramic.com\/es\/wp-json\/wp\/v2\/product_tag?post=10038"}],"curies":[{"name":"wp","href":"https:\/\/api.w.org\/{rel}","templated":true}]}}