{"id":10048,"date":"2025-08-15T01:54:01","date_gmt":"2025-08-15T01:54:01","guid":{"rendered":"https:\/\/jinhuaceramic.com\/?post_type=product&#038;p=10048"},"modified":"2025-08-15T02:40:46","modified_gmt":"2025-08-15T02:40:46","slug":"bulk-candle-jars-with-lids","status":"publish","type":"product","link":"https:\/\/jinhuaceramic.com\/es\/product\/bulk-candle-jars-with-lids\/","title":{"rendered":"Tarros para velas a granel con tapa, Recipientes para velas personalizados de colores"},"content":{"rendered":"<div class=\"wp-block-columns is-layout-flex wp-container-core-columns-is-layout-9d6595d7 wp-block-columns-is-layout-flex\">\n<div class=\"wp-block-column is-layout-flow wp-block-column-is-layout-flow\">\n<h3 class=\"wp-block-heading\">Tarros a granel para velas con tapa Caracter\u00edsticas:<\/h3>\n\n\n\n<ul class=\"wp-block-list\">\n<li><strong>Est\u00e9tica sofisticada:<\/strong> Estos tarros para velas a granel con tapa presentan una est\u00e9tica sofisticada con estr\u00edas verticales en el exterior, que ofrecen un toque t\u00e1ctil y sensorial. El exterior de los tarros tiene una textura moteada y desigual, lo que da como resultado un tacto similar al de la cer\u00e1mica hecha a mano.<\/li>\n\n\n\n<li><strong>Varios colores:<\/strong> Estos tarros de velas personalizados est\u00e1n disponibles en varios colores: amarillo c\u00e1lido terroso, blanco brillante y azul oscuro misterioso, que pueden seleccionarse seg\u00fan diversos temas de decoraci\u00f3n del hogar o pasiones personales.<\/li>\n\n\n\n<li><strong>Material resistente al calor: <\/strong>Estos tarros para velas a granel con tapa est\u00e1n fabricados con material cer\u00e1mico superior y se cuecen a alta temperatura. Son duros, resistentes y termorresistentes. Son seguros para encender velas y tienen una larga vida \u00fatil.<\/li>\n\n\n\n<li><strong>Alta practicidad: <\/strong>Los portavelas DIY tienen tapas con una peque\u00f1a asa en la parte superior para facilitar su apertura y proteger las velas del polvo cuando no se utilizan. Una vez agotadas las velas, los tarros pueden reutilizarse como recipientes.<\/li>\n<\/ul>\n<\/div>\n\n\n\n<div class=\"wp-block-column is-layout-flow wp-block-column-is-layout-flow\">\n<figure class=\"wp-block-image size-full\"><img fetchpriority=\"high\" decoding=\"async\" width=\"800\" height=\"1000\" src=\"https:\/\/jinhuaceramic.com\/wp-content\/uploads\/2025\/08\/Designer-Candle-Containers-with-Lids-Wholesale-Custom-Ceramic-Candle-Jars-Bulk-7.webp\" alt=\"botes-vela-a-granel-con-tapa-contenedores-vela-personalizados-colorful-7\" class=\"wp-image-10054\" srcset=\"https:\/\/jinhuaceramic.com\/wp-content\/uploads\/2025\/08\/Designer-Candle-Containers-with-Lids-Wholesale-Custom-Ceramic-Candle-Jars-Bulk-7.webp 800w, https:\/\/jinhuaceramic.com\/wp-content\/uploads\/2025\/08\/Designer-Candle-Containers-with-Lids-Wholesale-Custom-Ceramic-Candle-Jars-Bulk-7-240x300.webp 240w, https:\/\/jinhuaceramic.com\/wp-content\/uploads\/2025\/08\/Designer-Candle-Containers-with-Lids-Wholesale-Custom-Ceramic-Candle-Jars-Bulk-7-768x960.webp 768w, https:\/\/jinhuaceramic.com\/wp-content\/uploads\/2025\/08\/Designer-Candle-Containers-with-Lids-Wholesale-Custom-Ceramic-Candle-Jars-Bulk-7-10x12.webp 10w, https:\/\/jinhuaceramic.com\/wp-content\/uploads\/2025\/08\/Designer-Candle-Containers-with-Lids-Wholesale-Custom-Ceramic-Candle-Jars-Bulk-7-285x356.webp 285w, https:\/\/jinhuaceramic.com\/wp-content\/uploads\/2025\/08\/Designer-Candle-Containers-with-Lids-Wholesale-Custom-Ceramic-Candle-Jars-Bulk-7-528x660.webp 528w, https:\/\/jinhuaceramic.com\/wp-content\/uploads\/2025\/08\/Designer-Candle-Containers-with-Lids-Wholesale-Custom-Ceramic-Candle-Jars-Bulk-7-120x150.webp 120w\" sizes=\"(max-width: 800px) 100vw, 800px\" \/><\/figure>\n<\/div>\n<\/div>","protected":false},"excerpt":{"rendered":"<p>Bienvenido a la compra de tarros para velas con tapa a granel. Estos recipientes personalizados para velas ofrecen un valor tanto est\u00e9tico como pr\u00e1ctico gracias a su elegante dise\u00f1o, sus diversas opciones de color, sus materiales duraderos y sus tapas funcionales. M\u00e1s que un simple recipiente para velas, estos tarros para velas con tapa son un art\u00edculo decorativo que realza el estilo y el ambiente de cualquier espacio.<\/p>\n<p><script src=\"chrome-extension:\/\/fpelahbljekknahkcaegamhcndkfpfnc\/iFrame.js\" type=\"text\/javascript\"><\/script><\/p>\n<p>\n<script src=\"chrome-extension:\/\/fpelahbljekknahkcaegamhcndkfpfnc\/iFrame.js\" type=\"text\/javascript\"><\/script><\/p>","protected":false},"featured_media":10052,"comment_status":"closed","ping_status":"closed","template":"","meta":{"_acf_changed":false},"product_brand":[],"product_cat":[52],"product_tag":[67,66],"class_list":{"0":"post-10048","1":"product","2":"type-product","3":"status-publish","4":"has-post-thumbnail","6":"product_cat-wholesale-candle-containers","7":"product_tag-bulk-candle-jars-with-lids","8":"product_tag-candle-jars-wholesale","10":"first","11":"instock","12":"shipping-taxable","13":"product-type-simple"},"acf":[],"_links":{"self":[{"href":"https:\/\/jinhuaceramic.com\/es\/wp-json\/wp\/v2\/product\/10048","targetHints":{"allow":["GET"]}}],"collection":[{"href":"https:\/\/jinhuaceramic.com\/es\/wp-json\/wp\/v2\/product"}],"about":[{"href":"https:\/\/jinhuaceramic.com\/es\/wp-json\/wp\/v2\/types\/product"}],"replies":[{"embeddable":true,"href":"https:\/\/jinhuaceramic.com\/es\/wp-json\/wp\/v2\/comments?post=10048"}],"version-history":[{"count":0,"href":"https:\/\/jinhuaceramic.com\/es\/wp-json\/wp\/v2\/product\/10048\/revisions"}],"wp:featuredmedia":[{"embeddable":true,"href":"https:\/\/jinhuaceramic.com\/es\/wp-json\/wp\/v2\/media\/10052"}],"wp:attachment":[{"href":"https:\/\/jinhuaceramic.com\/es\/wp-json\/wp\/v2\/media?parent=10048"}],"wp:term":[{"taxonomy":"product_brand","embeddable":true,"href":"https:\/\/jinhuaceramic.com\/es\/wp-json\/wp\/v2\/product_brand?post=10048"},{"taxonomy":"product_cat","embeddable":true,"href":"https:\/\/jinhuaceramic.com\/es\/wp-json\/wp\/v2\/product_cat?post=10048"},{"taxonomy":"product_tag","embeddable":true,"href":"https:\/\/jinhuaceramic.com\/es\/wp-json\/wp\/v2\/product_tag?post=10048"}],"curies":[{"name":"wp","href":"https:\/\/api.w.org\/{rel}","templated":true}]}}