{"id":10082,"date":"2025-08-26T06:17:02","date_gmt":"2025-08-26T06:17:02","guid":{"rendered":"https:\/\/jinhuaceramic.com\/?post_type=product&#038;p=10082"},"modified":"2025-08-26T06:17:03","modified_gmt":"2025-08-26T06:17:03","slug":"candle-bowls-wholesale","status":"publish","type":"product","link":"https:\/\/jinhuaceramic.com\/es\/product\/candle-bowls-wholesale\/","title":{"rendered":"Tazones de cer\u00e1mica para velas al por mayor con varios dise\u00f1os"},"content":{"rendered":"<div class=\"wp-block-columns is-layout-flex wp-container-core-columns-is-layout-9d6595d7 wp-block-columns-is-layout-flex\">\n<div class=\"wp-block-column is-layout-flow wp-block-column-is-layout-flow\">\n<h3 class=\"wp-block-heading\">Premium Candle Bowls Wholesale Caracter\u00edsticas:<\/h3>\n\n\n\n<ul class=\"wp-block-list\">\n<li><strong>Forma \u00fanica:<\/strong> Estos cuencos de cer\u00e1mica para velas al por mayor tienen una base de patas bajas, redondas y bonitas, que rompen la monoton\u00eda de los tradicionales tarros rectos para velas y a\u00f1aden un toque art\u00edstico al espacio de tu hogar.<\/li>\n\n\n\n<li><strong>Varios Patr\u00f3n:<\/strong> Estos recipientes para velas al por mayor est\u00e1n disponibles en una gran variedad de colores y motivos, como blanco con lunares negros, beige rugoso con motivos bot\u00e1nicos, azul con motivos florales y diversos motivos de l\u00edneas geom\u00e9tricas.<\/li>\n\n\n\n<li><strong>Material de alta calidad:<\/strong> Estos cuencos de cer\u00e1mica para velas al por mayor est\u00e1n hechos de material cer\u00e1mico de alta calidad con buena resistencia al calor, lo que garantiza la seguridad en su uso. El material cer\u00e1mico es m\u00e1s denso, tiene mejor textura y parece m\u00e1s de gama alta en comparaci\u00f3n con los tarros para velas de metal y cristal.<\/li>\n\n\n\n<li><strong>Reutilizable y respetuoso con el medio ambiente: <\/strong>Estos recipientes para velas al por mayor de alta calidad son reutilizables. Cuando las velas se consumen, se pueden reutilizar como peque\u00f1os maceteros, tarros de almacenaje o simplemente adornos decorativos, lo que concuerda con la idea del ecologismo.<\/li>\n<\/ul>\n<\/div>\n\n\n\n<div class=\"wp-block-column is-layout-flow wp-block-column-is-layout-flow\">\n<figure class=\"wp-block-image size-full\"><img fetchpriority=\"high\" decoding=\"async\" width=\"798\" height=\"798\" src=\"https:\/\/jinhuaceramic.com\/wp-content\/uploads\/2025\/08\/Unique-Candle-Bowls-with-Various-Pattern-Wholesale-Ceramic-Candle-Vessels-Bulk-6.webp\" alt=\"Tazones de cer\u00e1mica de la vela \u00fanica al por mayor con varios patrones-1\" class=\"wp-image-10087\" srcset=\"https:\/\/jinhuaceramic.com\/wp-content\/uploads\/2025\/08\/Unique-Candle-Bowls-with-Various-Pattern-Wholesale-Ceramic-Candle-Vessels-Bulk-6.webp 798w, https:\/\/jinhuaceramic.com\/wp-content\/uploads\/2025\/08\/Unique-Candle-Bowls-with-Various-Pattern-Wholesale-Ceramic-Candle-Vessels-Bulk-6-300x300.webp 300w, https:\/\/jinhuaceramic.com\/wp-content\/uploads\/2025\/08\/Unique-Candle-Bowls-with-Various-Pattern-Wholesale-Ceramic-Candle-Vessels-Bulk-6-150x150.webp 150w, https:\/\/jinhuaceramic.com\/wp-content\/uploads\/2025\/08\/Unique-Candle-Bowls-with-Various-Pattern-Wholesale-Ceramic-Candle-Vessels-Bulk-6-768x768.webp 768w, https:\/\/jinhuaceramic.com\/wp-content\/uploads\/2025\/08\/Unique-Candle-Bowls-with-Various-Pattern-Wholesale-Ceramic-Candle-Vessels-Bulk-6-12x12.webp 12w, https:\/\/jinhuaceramic.com\/wp-content\/uploads\/2025\/08\/Unique-Candle-Bowls-with-Various-Pattern-Wholesale-Ceramic-Candle-Vessels-Bulk-6-285x285.webp 285w, https:\/\/jinhuaceramic.com\/wp-content\/uploads\/2025\/08\/Unique-Candle-Bowls-with-Various-Pattern-Wholesale-Ceramic-Candle-Vessels-Bulk-6-270x270.webp 270w, https:\/\/jinhuaceramic.com\/wp-content\/uploads\/2025\/08\/Unique-Candle-Bowls-with-Various-Pattern-Wholesale-Ceramic-Candle-Vessels-Bulk-6-540x540.webp 540w, https:\/\/jinhuaceramic.com\/wp-content\/uploads\/2025\/08\/Unique-Candle-Bowls-with-Various-Pattern-Wholesale-Ceramic-Candle-Vessels-Bulk-6-660x660.webp 660w\" sizes=\"(max-width: 798px) 100vw, 798px\" \/><\/figure>\n<\/div>\n<\/div>","protected":false},"excerpt":{"rendered":"<p>Bienvenido a comprar recipientes para velas al por mayor. Estos cuencos de cer\u00e1mica para velas al por mayor presentan formas especiales, patrones variados, material cer\u00e1mico s\u00f3lido y son reutilizables, por lo que no solo son \u00fatiles, sino tambi\u00e9n encantadores.<\/p>","protected":false},"featured_media":10083,"comment_status":"closed","ping_status":"closed","template":"","meta":{"_acf_changed":false},"product_brand":[],"product_cat":[52],"product_tag":[66],"class_list":{"0":"post-10082","1":"product","2":"type-product","3":"status-publish","4":"has-post-thumbnail","6":"product_cat-wholesale-candle-containers","7":"product_tag-candle-jars-wholesale","9":"first","10":"instock","11":"shipping-taxable","12":"product-type-simple"},"acf":[],"_links":{"self":[{"href":"https:\/\/jinhuaceramic.com\/es\/wp-json\/wp\/v2\/product\/10082","targetHints":{"allow":["GET"]}}],"collection":[{"href":"https:\/\/jinhuaceramic.com\/es\/wp-json\/wp\/v2\/product"}],"about":[{"href":"https:\/\/jinhuaceramic.com\/es\/wp-json\/wp\/v2\/types\/product"}],"replies":[{"embeddable":true,"href":"https:\/\/jinhuaceramic.com\/es\/wp-json\/wp\/v2\/comments?post=10082"}],"version-history":[{"count":0,"href":"https:\/\/jinhuaceramic.com\/es\/wp-json\/wp\/v2\/product\/10082\/revisions"}],"wp:featuredmedia":[{"embeddable":true,"href":"https:\/\/jinhuaceramic.com\/es\/wp-json\/wp\/v2\/media\/10083"}],"wp:attachment":[{"href":"https:\/\/jinhuaceramic.com\/es\/wp-json\/wp\/v2\/media?parent=10082"}],"wp:term":[{"taxonomy":"product_brand","embeddable":true,"href":"https:\/\/jinhuaceramic.com\/es\/wp-json\/wp\/v2\/product_brand?post=10082"},{"taxonomy":"product_cat","embeddable":true,"href":"https:\/\/jinhuaceramic.com\/es\/wp-json\/wp\/v2\/product_cat?post=10082"},{"taxonomy":"product_tag","embeddable":true,"href":"https:\/\/jinhuaceramic.com\/es\/wp-json\/wp\/v2\/product_tag?post=10082"}],"curies":[{"name":"wp","href":"https:\/\/api.w.org\/{rel}","templated":true}]}}