{"id":10106,"date":"2025-08-26T06:25:23","date_gmt":"2025-08-26T06:25:23","guid":{"rendered":"https:\/\/jinhuaceramic.com\/?post_type=product&#038;p=10106"},"modified":"2025-08-26T06:25:25","modified_gmt":"2025-08-26T06:25:25","slug":"candle-bowls-bulk","status":"publish","type":"product","link":"https:\/\/jinhuaceramic.com\/es\/product\/candle-bowls-bulk\/","title":{"rendered":"Recipientes de cer\u00e1mica para velas, Recipientes para velas en forma de barco a granel"},"content":{"rendered":"<div class=\"wp-block-columns is-layout-flex wp-container-core-columns-is-layout-9d6595d7 wp-block-columns-is-layout-flex\">\n<div class=\"wp-block-column is-layout-flow wp-block-column-is-layout-flow\">\n<h3 class=\"wp-block-heading\">Premium Candle Bowls Bulk Caracter\u00edsticas:<\/h3>\n\n\n\n<ul class=\"wp-block-list\">\n<li><strong>Forma \u00fanica:<\/strong> Estos tarros para velas a granel est\u00e1n dise\u00f1ados con la forma de un peque\u00f1o barco, de l\u00edneas suaves y con la proa y la popa ligeramente inclinadas hacia arriba, llenos de diversi\u00f3n n\u00e1utica y sensaci\u00f3n de vacaciones. Los tarros son de color blanco en la parte superior y azul oscuro en la inferior, una combinaci\u00f3n de colores n\u00e1utica cl\u00e1sica que es a la vez sencilla y elegante, y llena de estratificaci\u00f3n.<\/li>\n\n\n\n<li><strong>Texto emocional: <\/strong>Las palabras \"LA VIDA ES MEJOR en el barco\" est\u00e1n impresas en los laterales de estos recipientes para velas al por mayor. Este eslogan es m\u00e1s que una simple decoraci\u00f3n; expresa una actitud de estilo de vida que resuena entre los amantes de la navegaci\u00f3n, los viajes o la cultura marina, lo que a\u00f1ade valor al producto.<\/li>\n\n\n\n<li><strong>Dise\u00f1o de 3 mechas:<\/strong> El dise\u00f1o en forma de barco de estos recipientes para velas a granel hace que la boca del tarro sea relativamente espaciosa, lo que resulta c\u00f3modo para rellenar de cera y puede alojar 3 mechas de vela. El dise\u00f1o de 3 mechas hace que la llama m\u00e1s uniforme y brillante cuando la vela se quema, y puede liberar fragancia m\u00e1s r\u00e1pido.<\/li>\n\n\n\n<li><strong>Material duradero: <\/strong>Estos recipientes para velas al por mayor est\u00e1n fabricados con material cer\u00e1mico de alta calidad, que es robusto, duradero y resistente a las altas temperaturas para garantizar la combusti\u00f3n segura de las velas.<\/li>\n<\/ul>\n<\/div>\n\n\n\n<div class=\"wp-block-column is-layout-flow wp-block-column-is-layout-flow\">\n<figure class=\"wp-block-image size-full\"><img fetchpriority=\"high\" decoding=\"async\" width=\"1499\" height=\"1500\" src=\"https:\/\/jinhuaceramic.com\/wp-content\/uploads\/2025\/08\/3-Wick-Boat-Shaped-Candle-Making-Containers-Wholesale-Custom-Ceramic-Candle-Jars-5.webp\" alt=\"Recipientes para velas en forma de barco a granel, Recipientes de cer\u00e1mica para velas-4\" class=\"wp-image-10110\" srcset=\"https:\/\/jinhuaceramic.com\/wp-content\/uploads\/2025\/08\/3-Wick-Boat-Shaped-Candle-Making-Containers-Wholesale-Custom-Ceramic-Candle-Jars-5.webp 1499w, https:\/\/jinhuaceramic.com\/wp-content\/uploads\/2025\/08\/3-Wick-Boat-Shaped-Candle-Making-Containers-Wholesale-Custom-Ceramic-Candle-Jars-5-300x300.webp 300w, https:\/\/jinhuaceramic.com\/wp-content\/uploads\/2025\/08\/3-Wick-Boat-Shaped-Candle-Making-Containers-Wholesale-Custom-Ceramic-Candle-Jars-5-150x150.webp 150w, https:\/\/jinhuaceramic.com\/wp-content\/uploads\/2025\/08\/3-Wick-Boat-Shaped-Candle-Making-Containers-Wholesale-Custom-Ceramic-Candle-Jars-5-768x769.webp 768w, https:\/\/jinhuaceramic.com\/wp-content\/uploads\/2025\/08\/3-Wick-Boat-Shaped-Candle-Making-Containers-Wholesale-Custom-Ceramic-Candle-Jars-5-12x12.webp 12w, https:\/\/jinhuaceramic.com\/wp-content\/uploads\/2025\/08\/3-Wick-Boat-Shaped-Candle-Making-Containers-Wholesale-Custom-Ceramic-Candle-Jars-5-285x285.webp 285w, https:\/\/jinhuaceramic.com\/wp-content\/uploads\/2025\/08\/3-Wick-Boat-Shaped-Candle-Making-Containers-Wholesale-Custom-Ceramic-Candle-Jars-5-270x270.webp 270w, https:\/\/jinhuaceramic.com\/wp-content\/uploads\/2025\/08\/3-Wick-Boat-Shaped-Candle-Making-Containers-Wholesale-Custom-Ceramic-Candle-Jars-5-540x540.webp 540w, https:\/\/jinhuaceramic.com\/wp-content\/uploads\/2025\/08\/3-Wick-Boat-Shaped-Candle-Making-Containers-Wholesale-Custom-Ceramic-Candle-Jars-5-660x660.webp 660w\" sizes=\"(max-width: 1499px) 100vw, 1499px\" \/><\/figure>\n<\/div>\n<\/div>","protected":false},"excerpt":{"rendered":"<p>Bienvenido a comprar recipientes para velas al por mayor. Nuestros cuencos de vela en forma de barco a granel tienen un dise\u00f1o creativo, esquema de color n\u00e1utico cl\u00e1sico y funcionalidad pr\u00e1ctica de 3 mechas.<\/p>","protected":false},"featured_media":10107,"comment_status":"closed","ping_status":"closed","template":"","meta":{"_acf_changed":false},"product_brand":[],"product_cat":[52],"product_tag":[66],"class_list":{"0":"post-10106","1":"product","2":"type-product","3":"status-publish","4":"has-post-thumbnail","6":"product_cat-wholesale-candle-containers","7":"product_tag-candle-jars-wholesale","9":"first","10":"instock","11":"shipping-taxable","12":"product-type-simple"},"acf":[],"_links":{"self":[{"href":"https:\/\/jinhuaceramic.com\/es\/wp-json\/wp\/v2\/product\/10106","targetHints":{"allow":["GET"]}}],"collection":[{"href":"https:\/\/jinhuaceramic.com\/es\/wp-json\/wp\/v2\/product"}],"about":[{"href":"https:\/\/jinhuaceramic.com\/es\/wp-json\/wp\/v2\/types\/product"}],"replies":[{"embeddable":true,"href":"https:\/\/jinhuaceramic.com\/es\/wp-json\/wp\/v2\/comments?post=10106"}],"version-history":[{"count":0,"href":"https:\/\/jinhuaceramic.com\/es\/wp-json\/wp\/v2\/product\/10106\/revisions"}],"wp:featuredmedia":[{"embeddable":true,"href":"https:\/\/jinhuaceramic.com\/es\/wp-json\/wp\/v2\/media\/10107"}],"wp:attachment":[{"href":"https:\/\/jinhuaceramic.com\/es\/wp-json\/wp\/v2\/media?parent=10106"}],"wp:term":[{"taxonomy":"product_brand","embeddable":true,"href":"https:\/\/jinhuaceramic.com\/es\/wp-json\/wp\/v2\/product_brand?post=10106"},{"taxonomy":"product_cat","embeddable":true,"href":"https:\/\/jinhuaceramic.com\/es\/wp-json\/wp\/v2\/product_cat?post=10106"},{"taxonomy":"product_tag","embeddable":true,"href":"https:\/\/jinhuaceramic.com\/es\/wp-json\/wp\/v2\/product_tag?post=10106"}],"curies":[{"name":"wp","href":"https:\/\/api.w.org\/{rel}","templated":true}]}}