{"id":10116,"date":"2025-08-26T07:25:54","date_gmt":"2025-08-26T07:25:54","guid":{"rendered":"https:\/\/jinhuaceramic.com\/?post_type=product&#038;p=10116"},"modified":"2025-08-26T07:25:55","modified_gmt":"2025-08-26T07:25:55","slug":"luxury-candle-containers-wholesale","status":"publish","type":"product","link":"https:\/\/jinhuaceramic.com\/es\/product\/luxury-candle-containers-wholesale\/","title":{"rendered":"Recipientes de lujo para velas al por mayor, Morandi Color Candle Jar"},"content":{"rendered":"<div class=\"wp-block-columns is-layout-flex wp-container-core-columns-is-layout-9d6595d7 wp-block-columns-is-layout-flex\">\n<div class=\"wp-block-column is-layout-flow wp-block-column-is-layout-flow\">\n<h3 class=\"wp-block-heading\">Premium Luxury Candle Containers Wholesale Caracter\u00edsticas:<\/h3>\n\n\n\n<ul class=\"wp-block-list\">\n<li><strong>Dise\u00f1o minimalista: <\/strong>Estos recipientes de lujo para velas al por mayor tienen la forma cil\u00edndrica m\u00e1s b\u00e1sica, con rayas verticales uniformes en la superficie exterior. Este tratamiento tridimensional de la superficie c\u00f3ncava y convexa aumenta la estratificaci\u00f3n t\u00e1ctil y visual, haciendo que los tarros dejen de ser mon\u00f3tonos.<\/li>\n\n\n\n<li><strong>Combinaci\u00f3n de colores Morandi: <\/strong>Estos tarros de velas vac\u00edos a granel est\u00e1n disponibles en varios colores suaves de Morandi, como verde claro, verde gris\u00e1ceo, rosa claro y blanco. Tales colores desaturados pueden crear un ambiente c\u00e1lido y relajante, cooperando con el prop\u00f3sito de la vela.<\/li>\n\n\n\n<li><strong>Material de alta calidad: <\/strong>Estos lujosos recipientes para velas al por mayor est\u00e1n fabricados con materiales cer\u00e1micos de alta calidad. El material cer\u00e1mico es m\u00e1s grueso y \u00e1spero que los portavelas de metal o cristal. Por lo tanto, el material que se debe utilizar a la hora de fabricar recipientes para velas es la cer\u00e1mica.<\/li>\n\n\n\n<li><strong>Multifuncional y reutilizable:<\/strong> Una vez consumidas las velas, estos tarros de velas vac\u00edos a granel pueden limpiarse y reutilizarse. Pueden utilizarse como peque\u00f1os jarrones, portabol\u00edgrafos, portacepillos de maquillaje, tarros para guardar llaves, prolongando la vida \u00fatil de los productos.<\/li>\n<\/ul>\n<\/div>\n\n\n\n<div class=\"wp-block-column is-layout-flow wp-block-column-is-layout-flow\">\n<figure class=\"wp-block-image size-full\"><img fetchpriority=\"high\" decoding=\"async\" width=\"800\" height=\"800\" src=\"https:\/\/jinhuaceramic.com\/wp-content\/uploads\/2025\/08\/Morandi-Color-Ceramic-Candle-Vessels-Bulk-Empty-Candle-Jars-Wholesale-2.webp\" alt=\"Recipientes de lujo para velas al por mayor, Morandi Color Candle Jar-1\" class=\"wp-image-10117\" srcset=\"https:\/\/jinhuaceramic.com\/wp-content\/uploads\/2025\/08\/Morandi-Color-Ceramic-Candle-Vessels-Bulk-Empty-Candle-Jars-Wholesale-2.webp 800w, https:\/\/jinhuaceramic.com\/wp-content\/uploads\/2025\/08\/Morandi-Color-Ceramic-Candle-Vessels-Bulk-Empty-Candle-Jars-Wholesale-2-300x300.webp 300w, https:\/\/jinhuaceramic.com\/wp-content\/uploads\/2025\/08\/Morandi-Color-Ceramic-Candle-Vessels-Bulk-Empty-Candle-Jars-Wholesale-2-150x150.webp 150w, https:\/\/jinhuaceramic.com\/wp-content\/uploads\/2025\/08\/Morandi-Color-Ceramic-Candle-Vessels-Bulk-Empty-Candle-Jars-Wholesale-2-768x768.webp 768w, https:\/\/jinhuaceramic.com\/wp-content\/uploads\/2025\/08\/Morandi-Color-Ceramic-Candle-Vessels-Bulk-Empty-Candle-Jars-Wholesale-2-12x12.webp 12w, https:\/\/jinhuaceramic.com\/wp-content\/uploads\/2025\/08\/Morandi-Color-Ceramic-Candle-Vessels-Bulk-Empty-Candle-Jars-Wholesale-2-285x285.webp 285w, https:\/\/jinhuaceramic.com\/wp-content\/uploads\/2025\/08\/Morandi-Color-Ceramic-Candle-Vessels-Bulk-Empty-Candle-Jars-Wholesale-2-270x270.webp 270w, https:\/\/jinhuaceramic.com\/wp-content\/uploads\/2025\/08\/Morandi-Color-Ceramic-Candle-Vessels-Bulk-Empty-Candle-Jars-Wholesale-2-540x540.webp 540w, https:\/\/jinhuaceramic.com\/wp-content\/uploads\/2025\/08\/Morandi-Color-Ceramic-Candle-Vessels-Bulk-Empty-Candle-Jars-Wholesale-2-660x660.webp 660w\" sizes=\"(max-width: 800px) 100vw, 800px\" \/><\/figure>\n<\/div>\n<\/div>","protected":false},"excerpt":{"rendered":"<p>Bienvenido a comprar tarros vac\u00edos para velas al por mayor. Estos lujosos recipientes para velas al por mayor tienen rayas verticales distintivas y suaves colores Morandi, y son visualmente atractivos, realzan el estilo del hogar y crean un ambiente c\u00e1lido.<\/p>","protected":false},"featured_media":10120,"comment_status":"closed","ping_status":"closed","template":"","meta":{"_acf_changed":false},"product_brand":[],"product_cat":[52],"product_tag":[66],"class_list":{"0":"post-10116","1":"product","2":"type-product","3":"status-publish","4":"has-post-thumbnail","6":"product_cat-wholesale-candle-containers","7":"product_tag-candle-jars-wholesale","9":"first","10":"instock","11":"shipping-taxable","12":"product-type-simple"},"acf":[],"_links":{"self":[{"href":"https:\/\/jinhuaceramic.com\/es\/wp-json\/wp\/v2\/product\/10116","targetHints":{"allow":["GET"]}}],"collection":[{"href":"https:\/\/jinhuaceramic.com\/es\/wp-json\/wp\/v2\/product"}],"about":[{"href":"https:\/\/jinhuaceramic.com\/es\/wp-json\/wp\/v2\/types\/product"}],"replies":[{"embeddable":true,"href":"https:\/\/jinhuaceramic.com\/es\/wp-json\/wp\/v2\/comments?post=10116"}],"version-history":[{"count":0,"href":"https:\/\/jinhuaceramic.com\/es\/wp-json\/wp\/v2\/product\/10116\/revisions"}],"wp:featuredmedia":[{"embeddable":true,"href":"https:\/\/jinhuaceramic.com\/es\/wp-json\/wp\/v2\/media\/10120"}],"wp:attachment":[{"href":"https:\/\/jinhuaceramic.com\/es\/wp-json\/wp\/v2\/media?parent=10116"}],"wp:term":[{"taxonomy":"product_brand","embeddable":true,"href":"https:\/\/jinhuaceramic.com\/es\/wp-json\/wp\/v2\/product_brand?post=10116"},{"taxonomy":"product_cat","embeddable":true,"href":"https:\/\/jinhuaceramic.com\/es\/wp-json\/wp\/v2\/product_cat?post=10116"},{"taxonomy":"product_tag","embeddable":true,"href":"https:\/\/jinhuaceramic.com\/es\/wp-json\/wp\/v2\/product_tag?post=10116"}],"curies":[{"name":"wp","href":"https:\/\/api.w.org\/{rel}","templated":true}]}}