{"id":10140,"date":"2025-08-26T07:05:37","date_gmt":"2025-08-26T07:05:37","guid":{"rendered":"https:\/\/jinhuaceramic.com\/?post_type=product&#038;p=10140"},"modified":"2025-08-26T07:05:38","modified_gmt":"2025-08-26T07:05:38","slug":"containers-for-candles-bulk","status":"publish","type":"product","link":"https:\/\/jinhuaceramic.com\/es\/product\/containers-for-candles-bulk\/","title":{"rendered":"Envases Apilables De Pino Para Velas Al Por Mayor"},"content":{"rendered":"<div class=\"wp-block-columns is-layout-flex wp-container-core-columns-is-layout-9d6595d7 wp-block-columns-is-layout-flex\">\n<div class=\"wp-block-column is-layout-flow wp-block-column-is-layout-flow\">\n<h3 class=\"wp-block-heading\">Contenedores Premium para Velas a Granel Caracter\u00edsticas:<\/h3>\n\n\n\n<ul class=\"wp-block-list\">\n<li><strong>Cree un ambiente festivo: En<\/strong> La forma de pino de estos recipientes para velas a granel se adapta perfectamente a los temas navide\u00f1os e invernales, iluminando el ambiente festivo y haci\u00e9ndolos \u00f3ptimos para la decoraci\u00f3n de espacios comerciales y la venta de regalos navide\u00f1os.<\/li>\n\n\n\n<li><strong>Textura rugosa mate:<\/strong> Estos tarros para hacer velas al por mayor tienen una superficie esmerilada especial en lugar del esmalte liso tradicional. Esta textura les da un toque r\u00fastico y sin pulir, como si hubieran sido extra\u00eddos de la naturaleza, haci\u00e9ndose eco del tema \"tono bosque\" y aumentando la sensaci\u00f3n t\u00e1ctil.<\/li>\n\n\n\n<li><strong>M\u00faltiples combinaciones de colores verdes: <\/strong>Nuestros envases para velas a granel se presentan en distintos tonos de verde, adecuados para uso individual o exposici\u00f3n combinada, atendiendo a las preferencias est\u00e9ticas de diversos grupos de consumidores.<\/li>\n\n\n\n<li><strong>Apto para venta al por mayor y personalizaci\u00f3n: <\/strong>Nuestros tarros de vela vac\u00edos al por mayor admiten compras al por mayor y pueden personalizarse con opciones OEM\/ODM, creando una posici\u00f3n de mercado diferenciada para nuestros clientes.<\/li>\n<\/ul>\n<\/div>\n\n\n\n<div class=\"wp-block-column is-layout-flow wp-block-column-is-layout-flow\">\n<figure class=\"wp-block-image size-full\"><img fetchpriority=\"high\" decoding=\"async\" width=\"784\" height=\"784\" src=\"https:\/\/jinhuaceramic.com\/wp-content\/uploads\/2025\/08\/Pine-Tree-Candle-Empty-Jars-Wholesale-Ceramic-Unique-Candle-Containers-Bulk-3.webp\" alt=\"Envases Apilables De Pino Para Velas Al Por Mayor-1\" class=\"wp-image-10142\" srcset=\"https:\/\/jinhuaceramic.com\/wp-content\/uploads\/2025\/08\/Pine-Tree-Candle-Empty-Jars-Wholesale-Ceramic-Unique-Candle-Containers-Bulk-3.webp 784w, https:\/\/jinhuaceramic.com\/wp-content\/uploads\/2025\/08\/Pine-Tree-Candle-Empty-Jars-Wholesale-Ceramic-Unique-Candle-Containers-Bulk-3-300x300.webp 300w, https:\/\/jinhuaceramic.com\/wp-content\/uploads\/2025\/08\/Pine-Tree-Candle-Empty-Jars-Wholesale-Ceramic-Unique-Candle-Containers-Bulk-3-150x150.webp 150w, https:\/\/jinhuaceramic.com\/wp-content\/uploads\/2025\/08\/Pine-Tree-Candle-Empty-Jars-Wholesale-Ceramic-Unique-Candle-Containers-Bulk-3-768x768.webp 768w, https:\/\/jinhuaceramic.com\/wp-content\/uploads\/2025\/08\/Pine-Tree-Candle-Empty-Jars-Wholesale-Ceramic-Unique-Candle-Containers-Bulk-3-12x12.webp 12w, https:\/\/jinhuaceramic.com\/wp-content\/uploads\/2025\/08\/Pine-Tree-Candle-Empty-Jars-Wholesale-Ceramic-Unique-Candle-Containers-Bulk-3-285x285.webp 285w, https:\/\/jinhuaceramic.com\/wp-content\/uploads\/2025\/08\/Pine-Tree-Candle-Empty-Jars-Wholesale-Ceramic-Unique-Candle-Containers-Bulk-3-270x270.webp 270w, https:\/\/jinhuaceramic.com\/wp-content\/uploads\/2025\/08\/Pine-Tree-Candle-Empty-Jars-Wholesale-Ceramic-Unique-Candle-Containers-Bulk-3-540x540.webp 540w, https:\/\/jinhuaceramic.com\/wp-content\/uploads\/2025\/08\/Pine-Tree-Candle-Empty-Jars-Wholesale-Ceramic-Unique-Candle-Containers-Bulk-3-660x660.webp 660w\" sizes=\"(max-width: 784px) 100vw, 784px\" \/><\/figure>\n<\/div>\n<\/div>","protected":false},"excerpt":{"rendered":"<p>Bienvenido a la compra al por mayor de tarros vac\u00edos para velas. Nuestros recipientes en forma de pino para velas al por mayor presentan un refrescante tono verde con numerosas combinaciones de color. Son a la vez pr\u00e1cticos y bonitos y adecuados para regalos navide\u00f1os, decoraci\u00f3n del hogar y velas de aromaterapia.<\/p>","protected":false},"featured_media":10141,"comment_status":"closed","ping_status":"closed","template":"","meta":{"_acf_changed":false},"product_brand":[],"product_cat":[52],"product_tag":[66],"class_list":{"0":"post-10140","1":"product","2":"type-product","3":"status-publish","4":"has-post-thumbnail","6":"product_cat-wholesale-candle-containers","7":"product_tag-candle-jars-wholesale","9":"first","10":"instock","11":"shipping-taxable","12":"product-type-simple"},"acf":[],"_links":{"self":[{"href":"https:\/\/jinhuaceramic.com\/es\/wp-json\/wp\/v2\/product\/10140","targetHints":{"allow":["GET"]}}],"collection":[{"href":"https:\/\/jinhuaceramic.com\/es\/wp-json\/wp\/v2\/product"}],"about":[{"href":"https:\/\/jinhuaceramic.com\/es\/wp-json\/wp\/v2\/types\/product"}],"replies":[{"embeddable":true,"href":"https:\/\/jinhuaceramic.com\/es\/wp-json\/wp\/v2\/comments?post=10140"}],"version-history":[{"count":0,"href":"https:\/\/jinhuaceramic.com\/es\/wp-json\/wp\/v2\/product\/10140\/revisions"}],"wp:featuredmedia":[{"embeddable":true,"href":"https:\/\/jinhuaceramic.com\/es\/wp-json\/wp\/v2\/media\/10141"}],"wp:attachment":[{"href":"https:\/\/jinhuaceramic.com\/es\/wp-json\/wp\/v2\/media?parent=10140"}],"wp:term":[{"taxonomy":"product_brand","embeddable":true,"href":"https:\/\/jinhuaceramic.com\/es\/wp-json\/wp\/v2\/product_brand?post=10140"},{"taxonomy":"product_cat","embeddable":true,"href":"https:\/\/jinhuaceramic.com\/es\/wp-json\/wp\/v2\/product_cat?post=10140"},{"taxonomy":"product_tag","embeddable":true,"href":"https:\/\/jinhuaceramic.com\/es\/wp-json\/wp\/v2\/product_tag?post=10140"}],"curies":[{"name":"wp","href":"https:\/\/api.w.org\/{rel}","templated":true}]}}