{"id":10148,"date":"2025-08-26T02:43:25","date_gmt":"2025-08-26T02:43:25","guid":{"rendered":"https:\/\/jinhuaceramic.com\/?post_type=product&#038;p=10148"},"modified":"2025-08-26T02:43:26","modified_gmt":"2025-08-26T02:43:26","slug":"bulk-solid-color-tableware","status":"publish","type":"product","link":"https:\/\/jinhuaceramic.com\/es\/product\/bulk-solid-color-tableware\/","title":{"rendered":"Vajilla de Color S\u00f3lido a Granel, Vajilla Moderna para Restaurante"},"content":{"rendered":"<div class=\"wp-block-columns is-layout-flex wp-container-core-columns-is-layout-9d6595d7 wp-block-columns-is-layout-flex\">\n<div class=\"wp-block-column is-layout-flow wp-block-column-is-layout-flow\">\n<h3 class=\"wp-block-heading\">Vajilla de color s\u00f3lido a granel de primera calidad Caracter\u00edsticas:<\/h3>\n\n\n\n<ul class=\"wp-block-list\">\n<li><strong>Dise\u00f1o de contraste bicolor: <\/strong>El cuerpo principal de estos juegos de vajilla de color s\u00f3lido a granel es de color hueso con peque\u00f1as motas grises en la superficie, lo que le da una textura r\u00fastica. Los bordes de la vajilla se perfilan con una fina l\u00ednea de color carmes\u00ed. Esta combinaci\u00f3n de colores en contraste a\u00f1ade profundidad visual y sofisticaci\u00f3n.<\/li>\n\n\n\n<li><strong>Varios colores: <\/strong>Estas vajillas para restaurantes est\u00e1n disponibles en varios colores, como negro misterioso, blanco roto r\u00fastico y blanco puro. Los clientes pueden elegir seg\u00fan la disposici\u00f3n de la mesa y sus preferencias personales.<\/li>\n\n\n\n<li><strong>Material de alta calidad: <\/strong>Estos juegos de vajilla de colores s\u00f3lidos a granel est\u00e1n hechos de cer\u00e1mica de alta calidad con un esmalte duradero que no se raya ni se desgasta f\u00e1cilmente. La cer\u00e1mica no es t\u00f3xica ni nociva, por lo que su uso es seguro y saludable.<\/li>\n\n\n\n<li><strong>Juego completo: <\/strong>Estas vajillas para restaurantes incluyen cuencos y platos de varios tama\u00f1os para satisfacer las necesidades diarias de una familia numerosa. Los platos grandes se pueden utilizar para platos principales, los m\u00e1s peque\u00f1os para aperitivos o ensaladas, y los cuencos de cer\u00e1mica para cereales, arroz, sopa o postre.<\/li>\n<\/ul>\n<\/div>\n\n\n\n<div class=\"wp-block-column is-layout-flow wp-block-column-is-layout-flow\">\n<figure class=\"wp-block-image size-full\"><img fetchpriority=\"high\" decoding=\"async\" width=\"2000\" height=\"2000\" src=\"https:\/\/jinhuaceramic.com\/wp-content\/uploads\/2025\/08\/Modern-Fine-China-Custom-Tableware-Restaurant-Supply-Dinnerware-Set-5.webp\" alt=\"Vajilla de Color S\u00f3lido a Granel, Vajilla Moderna para Restaurante-1\" class=\"wp-image-10154\" srcset=\"https:\/\/jinhuaceramic.com\/wp-content\/uploads\/2025\/08\/Modern-Fine-China-Custom-Tableware-Restaurant-Supply-Dinnerware-Set-5.webp 2000w, https:\/\/jinhuaceramic.com\/wp-content\/uploads\/2025\/08\/Modern-Fine-China-Custom-Tableware-Restaurant-Supply-Dinnerware-Set-5-300x300.webp 300w, https:\/\/jinhuaceramic.com\/wp-content\/uploads\/2025\/08\/Modern-Fine-China-Custom-Tableware-Restaurant-Supply-Dinnerware-Set-5-150x150.webp 150w, https:\/\/jinhuaceramic.com\/wp-content\/uploads\/2025\/08\/Modern-Fine-China-Custom-Tableware-Restaurant-Supply-Dinnerware-Set-5-768x768.webp 768w, https:\/\/jinhuaceramic.com\/wp-content\/uploads\/2025\/08\/Modern-Fine-China-Custom-Tableware-Restaurant-Supply-Dinnerware-Set-5-12x12.webp 12w, https:\/\/jinhuaceramic.com\/wp-content\/uploads\/2025\/08\/Modern-Fine-China-Custom-Tableware-Restaurant-Supply-Dinnerware-Set-5-285x285.webp 285w, https:\/\/jinhuaceramic.com\/wp-content\/uploads\/2025\/08\/Modern-Fine-China-Custom-Tableware-Restaurant-Supply-Dinnerware-Set-5-1600x1600.webp 1600w, https:\/\/jinhuaceramic.com\/wp-content\/uploads\/2025\/08\/Modern-Fine-China-Custom-Tableware-Restaurant-Supply-Dinnerware-Set-5-270x270.webp 270w, https:\/\/jinhuaceramic.com\/wp-content\/uploads\/2025\/08\/Modern-Fine-China-Custom-Tableware-Restaurant-Supply-Dinnerware-Set-5-540x540.webp 540w, https:\/\/jinhuaceramic.com\/wp-content\/uploads\/2025\/08\/Modern-Fine-China-Custom-Tableware-Restaurant-Supply-Dinnerware-Set-5-660x660.webp 660w\" sizes=\"(max-width: 2000px) 100vw, 2000px\" \/><\/figure>\n<\/div>\n<\/div>","protected":false},"excerpt":{"rendered":"<p>Bienvenido a comprar vajillas de colores s\u00f3lidos a granel. La ventaja de estas vajillas para restaurantes reside en su perfecta fusi\u00f3n de est\u00e9tica moderna y minimalista con una funcionalidad excepcional. Estas vajillas de cer\u00e1mica no s\u00f3lo son perfectas para las comidas diarias en casa, sino que su hermoso dise\u00f1o tambi\u00e9n las hace perfectas para recibir invitados.<\/p>","protected":false},"featured_media":10156,"comment_status":"closed","ping_status":"closed","template":"","meta":{"_acf_changed":false},"product_brand":[],"product_cat":[83,54],"product_tag":[],"class_list":{"0":"post-10148","1":"product","2":"type-product","3":"status-publish","4":"has-post-thumbnail","6":"product_cat-wholesale-dinnerware-sets","7":"product_cat-tableware-wholesale","9":"first","10":"instock","11":"shipping-taxable","12":"product-type-simple"},"acf":[],"_links":{"self":[{"href":"https:\/\/jinhuaceramic.com\/es\/wp-json\/wp\/v2\/product\/10148","targetHints":{"allow":["GET"]}}],"collection":[{"href":"https:\/\/jinhuaceramic.com\/es\/wp-json\/wp\/v2\/product"}],"about":[{"href":"https:\/\/jinhuaceramic.com\/es\/wp-json\/wp\/v2\/types\/product"}],"replies":[{"embeddable":true,"href":"https:\/\/jinhuaceramic.com\/es\/wp-json\/wp\/v2\/comments?post=10148"}],"version-history":[{"count":0,"href":"https:\/\/jinhuaceramic.com\/es\/wp-json\/wp\/v2\/product\/10148\/revisions"}],"wp:featuredmedia":[{"embeddable":true,"href":"https:\/\/jinhuaceramic.com\/es\/wp-json\/wp\/v2\/media\/10156"}],"wp:attachment":[{"href":"https:\/\/jinhuaceramic.com\/es\/wp-json\/wp\/v2\/media?parent=10148"}],"wp:term":[{"taxonomy":"product_brand","embeddable":true,"href":"https:\/\/jinhuaceramic.com\/es\/wp-json\/wp\/v2\/product_brand?post=10148"},{"taxonomy":"product_cat","embeddable":true,"href":"https:\/\/jinhuaceramic.com\/es\/wp-json\/wp\/v2\/product_cat?post=10148"},{"taxonomy":"product_tag","embeddable":true,"href":"https:\/\/jinhuaceramic.com\/es\/wp-json\/wp\/v2\/product_tag?post=10148"}],"curies":[{"name":"wp","href":"https:\/\/api.w.org\/{rel}","templated":true}]}}