{"id":10160,"date":"2025-08-26T01:36:56","date_gmt":"2025-08-26T01:36:56","guid":{"rendered":"https:\/\/jinhuaceramic.com\/?post_type=product&#038;p=10160"},"modified":"2025-08-26T01:36:58","modified_gmt":"2025-08-26T01:36:58","slug":"vessels-for-candles-wholesale","status":"publish","type":"product","link":"https:\/\/jinhuaceramic.com\/es\/product\/vessels-for-candles-wholesale\/","title":{"rendered":"Vasos de cer\u00e1mica minimalistas para velas Suministro al por mayor"},"content":{"rendered":"<div class=\"wp-block-columns is-layout-flex wp-container-core-columns-is-layout-9d6595d7 wp-block-columns-is-layout-flex\">\n<div class=\"wp-block-column is-layout-flow wp-block-column-is-layout-flow\">\n<h3 class=\"wp-block-heading\">Premium Vasos De Cer\u00e1mica Para Velas Al Por Mayor Caracter\u00edsticas:<\/h3>\n\n\n\n<ul class=\"wp-block-list\">\n<li><strong>Dise\u00f1o minimalista:<\/strong> Estos recipientes para velas al por mayor tienen forma de trapecio geom\u00e9trico, delgado por arriba y grueso por abajo, y son m\u00e1s est\u00e9ticos que los simples tarros para velas de tubo recto. Tienen un color blanco n\u00edtido y limpio que los hace f\u00e1ciles de encajar en cualquier decoraci\u00f3n.<\/li>\n\n\n\n<li><strong>Material de alta calidad:<\/strong> Estos tarros para velas a granel est\u00e1n fabricados en cer\u00e1mica de alta calidad, con una superficie lisa y suave que resulta agradable al tacto. La cer\u00e1mica es resistente al calor y sujeta con seguridad una vela encendida, por lo que es una opci\u00f3n adecuada para los portavelas.<\/li>\n\n\n\n<li><strong>Tama\u00f1o ideal: <\/strong>Estos recipientes para velas al por mayor tienen un tama\u00f1o ideal de 450 ml, suficiente para contener cera que arder\u00e1 durante mucho tiempo sin ser demasiado grandes. El tama\u00f1o tambi\u00e9n hace que quepan c\u00f3modamente en cualquier escritorio, estanter\u00eda o mesilla de noche.<\/li>\n\n\n\n<li><strong>Uso vers\u00e1til: <\/strong>Estos tarros de velas a granel de alta calidad tambi\u00e9n son polivalentes y pueden utilizarse para varios fines aparte de su funci\u00f3n como portavelas. Una vez que las velas se han consumido, los tarros pueden reutilizarse como peque\u00f1os maceteros, portabol\u00edgrafos, recipientes para brochas de maquillaje o simplemente como adornos de escritorio.<\/li>\n<\/ul>\n<\/div>\n\n\n\n<div class=\"wp-block-column is-layout-flow wp-block-column-is-layout-flow\">\n<figure class=\"wp-block-image size-full\"><img fetchpriority=\"high\" decoding=\"async\" width=\"682\" height=\"682\" src=\"https:\/\/jinhuaceramic.com\/wp-content\/uploads\/2025\/08\/Minimalist-White-Empty-Candle-Jars-Wholesale-Ceramic-Candle-Vessels-Bulk-3.webp\" alt=\"Vasos de cer\u00e1mica minimalistas para velas Suministro al por mayor-1\" class=\"wp-image-10162\" srcset=\"https:\/\/jinhuaceramic.com\/wp-content\/uploads\/2025\/08\/Minimalist-White-Empty-Candle-Jars-Wholesale-Ceramic-Candle-Vessels-Bulk-3.webp 682w, https:\/\/jinhuaceramic.com\/wp-content\/uploads\/2025\/08\/Minimalist-White-Empty-Candle-Jars-Wholesale-Ceramic-Candle-Vessels-Bulk-3-300x300.webp 300w, https:\/\/jinhuaceramic.com\/wp-content\/uploads\/2025\/08\/Minimalist-White-Empty-Candle-Jars-Wholesale-Ceramic-Candle-Vessels-Bulk-3-150x150.webp 150w, https:\/\/jinhuaceramic.com\/wp-content\/uploads\/2025\/08\/Minimalist-White-Empty-Candle-Jars-Wholesale-Ceramic-Candle-Vessels-Bulk-3-12x12.webp 12w, https:\/\/jinhuaceramic.com\/wp-content\/uploads\/2025\/08\/Minimalist-White-Empty-Candle-Jars-Wholesale-Ceramic-Candle-Vessels-Bulk-3-285x285.webp 285w, https:\/\/jinhuaceramic.com\/wp-content\/uploads\/2025\/08\/Minimalist-White-Empty-Candle-Jars-Wholesale-Ceramic-Candle-Vessels-Bulk-3-270x270.webp 270w, https:\/\/jinhuaceramic.com\/wp-content\/uploads\/2025\/08\/Minimalist-White-Empty-Candle-Jars-Wholesale-Ceramic-Candle-Vessels-Bulk-3-540x540.webp 540w, https:\/\/jinhuaceramic.com\/wp-content\/uploads\/2025\/08\/Minimalist-White-Empty-Candle-Jars-Wholesale-Ceramic-Candle-Vessels-Bulk-3-660x660.webp 660w\" sizes=\"(max-width: 682px) 100vw, 682px\" \/><\/figure>\n<\/div>\n<\/div>","protected":false},"excerpt":{"rendered":"<p>Bienvenido a comprar tarros para velas al por mayor. La exclusiva forma trapezoidal, los colores puros y los duraderos recipientes de cer\u00e1mica para velas al por mayor destacan entre la multitud, convirti\u00e9ndose en decoraciones funcionales y art\u00edsticas para el hogar. No son s\u00f3lo recipientes para velas, sino tambi\u00e9n la encarnaci\u00f3n de una actitud de estilo de vida, que aporta al usuario una experiencia sensorial tranquila y agradable.<\/p>","protected":false},"featured_media":10166,"comment_status":"closed","ping_status":"closed","template":"","meta":{"_acf_changed":false},"product_brand":[],"product_cat":[52],"product_tag":[66],"class_list":{"0":"post-10160","1":"product","2":"type-product","3":"status-publish","4":"has-post-thumbnail","6":"product_cat-wholesale-candle-containers","7":"product_tag-candle-jars-wholesale","9":"first","10":"instock","11":"shipping-taxable","12":"product-type-simple"},"acf":[],"_links":{"self":[{"href":"https:\/\/jinhuaceramic.com\/es\/wp-json\/wp\/v2\/product\/10160","targetHints":{"allow":["GET"]}}],"collection":[{"href":"https:\/\/jinhuaceramic.com\/es\/wp-json\/wp\/v2\/product"}],"about":[{"href":"https:\/\/jinhuaceramic.com\/es\/wp-json\/wp\/v2\/types\/product"}],"replies":[{"embeddable":true,"href":"https:\/\/jinhuaceramic.com\/es\/wp-json\/wp\/v2\/comments?post=10160"}],"version-history":[{"count":0,"href":"https:\/\/jinhuaceramic.com\/es\/wp-json\/wp\/v2\/product\/10160\/revisions"}],"wp:featuredmedia":[{"embeddable":true,"href":"https:\/\/jinhuaceramic.com\/es\/wp-json\/wp\/v2\/media\/10166"}],"wp:attachment":[{"href":"https:\/\/jinhuaceramic.com\/es\/wp-json\/wp\/v2\/media?parent=10160"}],"wp:term":[{"taxonomy":"product_brand","embeddable":true,"href":"https:\/\/jinhuaceramic.com\/es\/wp-json\/wp\/v2\/product_brand?post=10160"},{"taxonomy":"product_cat","embeddable":true,"href":"https:\/\/jinhuaceramic.com\/es\/wp-json\/wp\/v2\/product_cat?post=10160"},{"taxonomy":"product_tag","embeddable":true,"href":"https:\/\/jinhuaceramic.com\/es\/wp-json\/wp\/v2\/product_tag?post=10160"}],"curies":[{"name":"wp","href":"https:\/\/api.w.org\/{rel}","templated":true}]}}