{"id":10169,"date":"2025-08-26T01:21:27","date_gmt":"2025-08-26T01:21:27","guid":{"rendered":"https:\/\/jinhuaceramic.com\/?post_type=product&#038;p=10169"},"modified":"2025-08-26T06:40:55","modified_gmt":"2025-08-26T06:40:55","slug":"massage-candle-containers-wholesale","status":"publish","type":"product","link":"https:\/\/jinhuaceramic.com\/es\/product\/massage-candle-containers-wholesale\/","title":{"rendered":"Recipientes De Cer\u00e1mica Para Velas De Masaje Al Por Mayor Con Picos"},"content":{"rendered":"<div class=\"wp-block-columns is-layout-flex wp-container-core-columns-is-layout-9d6595d7 wp-block-columns-is-layout-flex\">\n<div class=\"wp-block-column is-layout-flow wp-block-column-is-layout-flow\">\n<h3 class=\"wp-block-heading\">Premium Massage Candle Containers Wholesale Caracter\u00edsticas:<\/h3>\n\n\n\n<ul class=\"wp-block-list\">\n<li><strong>Vertedor compacto: <\/strong>Estos recipientes blancos para velas de masaje al por mayor tienen un pico vertedor en forma de \"pico de p\u00e1jaro\" en un lado. El pico vertedor est\u00e1 dise\u00f1ado espec\u00edficamente para velas de masaje y permite un vertido preciso del aceite esencial derretido sin gotear ni derramarse sobre el tarro, lo que resulta c\u00f3modo e higi\u00e9nico.<\/li>\n\n\n\n<li><strong>Blanco c\u00e1lido Acabado: <\/strong>Estos tarros de velas de cer\u00e1mica para masaje a granel vienen en un blanco c\u00e1lido, un color que no s\u00f3lo es vers\u00e1til sino que tambi\u00e9n da sensaci\u00f3n de pureza y relajaci\u00f3n, que es algo que pretenden conseguir las velas de masaje.<\/li>\n\n\n\n<li><strong>Cer\u00e1mica de alta calidad: <\/strong>Estos recipientes para velas de masaje al por mayor est\u00e1n fabricados con cer\u00e1mica de alta calidad, que es duradera y tiene un tacto c\u00e1lido. La cer\u00e1mica es resistente al calor y puede sostener el alto calor generado por la quema de velas, dando una sensaci\u00f3n de seguridad.<\/li>\n\n\n\n<li><strong>F\u00e1cil de limpiar: <\/strong>Estos tarros de cer\u00e1mica para velas a granel poseen un esmalte sedoso que no deja que se adhieran restos de cera ni manchas, por lo que son f\u00e1ciles de limpiar tras el consumo de la vela, de ah\u00ed que sean tarros reutilizables.<\/li>\n<\/ul>\n<\/div>\n\n\n\n<div class=\"wp-block-column is-layout-flow wp-block-column-is-layout-flow\">\n<figure class=\"wp-block-image size-full\"><img fetchpriority=\"high\" decoding=\"async\" width=\"740\" height=\"737\" src=\"https:\/\/jinhuaceramic.com\/wp-content\/uploads\/2025\/08\/White-Massage-Candle-Containers-Wholesale-Ceramic-Candle-Jars-Empty-Bulk-4.webp\" alt=\"Recipientes de Cer\u00e1mica para Velas de Masaje al por Mayor con Picos-1\" class=\"wp-image-10172\" srcset=\"https:\/\/jinhuaceramic.com\/wp-content\/uploads\/2025\/08\/White-Massage-Candle-Containers-Wholesale-Ceramic-Candle-Jars-Empty-Bulk-4.webp 740w, https:\/\/jinhuaceramic.com\/wp-content\/uploads\/2025\/08\/White-Massage-Candle-Containers-Wholesale-Ceramic-Candle-Jars-Empty-Bulk-4-300x300.webp 300w, https:\/\/jinhuaceramic.com\/wp-content\/uploads\/2025\/08\/White-Massage-Candle-Containers-Wholesale-Ceramic-Candle-Jars-Empty-Bulk-4-150x150.webp 150w, https:\/\/jinhuaceramic.com\/wp-content\/uploads\/2025\/08\/White-Massage-Candle-Containers-Wholesale-Ceramic-Candle-Jars-Empty-Bulk-4-12x12.webp 12w, https:\/\/jinhuaceramic.com\/wp-content\/uploads\/2025\/08\/White-Massage-Candle-Containers-Wholesale-Ceramic-Candle-Jars-Empty-Bulk-4-285x284.webp 285w, https:\/\/jinhuaceramic.com\/wp-content\/uploads\/2025\/08\/White-Massage-Candle-Containers-Wholesale-Ceramic-Candle-Jars-Empty-Bulk-4-270x270.webp 270w, https:\/\/jinhuaceramic.com\/wp-content\/uploads\/2025\/08\/White-Massage-Candle-Containers-Wholesale-Ceramic-Candle-Jars-Empty-Bulk-4-660x657.webp 660w\" sizes=\"(max-width: 740px) 100vw, 740px\" \/><\/figure>\n<\/div>\n<\/div>\n\n\n\n<p><\/p>","protected":false},"excerpt":{"rendered":"<p>Bienvenido a comprar tarros de cer\u00e1mica para velas al por mayor. Estos recipientes para velas de masaje blancas al por mayor combinan la belleza minimalista con un uso pr\u00e1ctico. Un pico vertedor \u00fanico y cer\u00e1mica de larga duraci\u00f3n garantizan funcionalidad, seguridad y longevidad.<\/p>","protected":false},"featured_media":10175,"comment_status":"closed","ping_status":"closed","template":"","meta":{"_acf_changed":false},"product_brand":[],"product_cat":[52],"product_tag":[66],"class_list":{"0":"post-10169","1":"product","2":"type-product","3":"status-publish","4":"has-post-thumbnail","6":"product_cat-wholesale-candle-containers","7":"product_tag-candle-jars-wholesale","9":"first","10":"instock","11":"shipping-taxable","12":"product-type-simple"},"acf":[],"_links":{"self":[{"href":"https:\/\/jinhuaceramic.com\/es\/wp-json\/wp\/v2\/product\/10169","targetHints":{"allow":["GET"]}}],"collection":[{"href":"https:\/\/jinhuaceramic.com\/es\/wp-json\/wp\/v2\/product"}],"about":[{"href":"https:\/\/jinhuaceramic.com\/es\/wp-json\/wp\/v2\/types\/product"}],"replies":[{"embeddable":true,"href":"https:\/\/jinhuaceramic.com\/es\/wp-json\/wp\/v2\/comments?post=10169"}],"version-history":[{"count":0,"href":"https:\/\/jinhuaceramic.com\/es\/wp-json\/wp\/v2\/product\/10169\/revisions"}],"wp:featuredmedia":[{"embeddable":true,"href":"https:\/\/jinhuaceramic.com\/es\/wp-json\/wp\/v2\/media\/10175"}],"wp:attachment":[{"href":"https:\/\/jinhuaceramic.com\/es\/wp-json\/wp\/v2\/media?parent=10169"}],"wp:term":[{"taxonomy":"product_brand","embeddable":true,"href":"https:\/\/jinhuaceramic.com\/es\/wp-json\/wp\/v2\/product_brand?post=10169"},{"taxonomy":"product_cat","embeddable":true,"href":"https:\/\/jinhuaceramic.com\/es\/wp-json\/wp\/v2\/product_cat?post=10169"},{"taxonomy":"product_tag","embeddable":true,"href":"https:\/\/jinhuaceramic.com\/es\/wp-json\/wp\/v2\/product_tag?post=10169"}],"curies":[{"name":"wp","href":"https:\/\/api.w.org\/{rel}","templated":true}]}}