{"id":10222,"date":"2025-08-29T02:15:32","date_gmt":"2025-08-29T02:15:32","guid":{"rendered":"https:\/\/jinhuaceramic.com\/?post_type=product&#038;p=10222"},"modified":"2025-08-29T02:15:34","modified_gmt":"2025-08-29T02:15:34","slug":"wholesale-luxury-candle-vessels","status":"publish","type":"product","link":"https:\/\/jinhuaceramic.com\/es\/product\/wholesale-luxury-candle-vessels\/","title":{"rendered":"Mayorista Recipientes de Lujo para Velas, Tarros de Cer\u00e1mica de Colores Vibrantes"},"content":{"rendered":"<div class=\"wp-block-columns is-layout-flex wp-container-core-columns-is-layout-9d6595d7 wp-block-columns-is-layout-flex\">\n<div class=\"wp-block-column is-layout-flow wp-block-column-is-layout-flow\">\n<h3 class=\"wp-block-heading\">Premium al por mayor de lujo Vela Vasos Caracter\u00edsticas:<\/h3>\n\n\n\n<ul class=\"wp-block-list\">\n<li><strong>Colores vivos y vibrantes: <\/strong>Estos recipientes para velas de lujo al por mayor ofrecen una variedad de colores muy saturados, como rojos y naranjas vibrantes, amarillos brillantes, verdes y azules profundos, y el cl\u00e1sico blanco y negro. Esta rica combinaci\u00f3n de colores puede satisfacer las preferencias est\u00e9ticas de distintos consumidores y ofrecer m\u00e1s posibilidades para la decoraci\u00f3n del hogar.<\/li>\n\n\n\n<li><strong>Diferentes combinaciones de formas:<\/strong> Estos tarros de velas de colores vibrantes a granel se presentan en dos formas diferentes: una forma cil\u00edndrica tradicional y una forma de \"copa regordeta\" ligeramente curvada. Estos tarros de formas diferentes pueden disponerse en interesantes combinaciones, creando un efecto visual escalonado.<\/li>\n\n\n\n<li><strong>Material de alta calidad: <\/strong>Estos recipientes al por mayor para velas de lujo est\u00e1n hechos de cer\u00e1mica de alta calidad, lo que los hace duraderos y resistentes. La cer\u00e1mica es un buen aislante t\u00e9rmico, lo que puede prolongar el tiempo de combusti\u00f3n de las velas. Tambi\u00e9n puede proteger de las altas temperaturas el tablero de la mesa y otros objetos que se coloquen sobre ellos.<\/li>\n\n\n\n<li><strong>Multifuncional: <\/strong>Una vez agotadas las velas, estos tarros de velas a granel pueden limpiarse y utilizarse como recipientes multifuncionales. Pueden reutilizarse para guardar brochas de maquillaje, bol\u00edgrafos, cubiertos, peque\u00f1os jarrones y adornos de escritorio, lo que responde a los conceptos de protecci\u00f3n del medio ambiente.<\/li>\n<\/ul>\n<\/div>\n\n\n\n<div class=\"wp-block-column is-layout-flow wp-block-column-is-layout-flow\">\n<figure class=\"wp-block-image size-full\"><img fetchpriority=\"high\" decoding=\"async\" width=\"800\" height=\"800\" src=\"https:\/\/jinhuaceramic.com\/wp-content\/uploads\/2025\/08\/Various-Colors-Candle-Vessels-Wholesale-Ceramic-Candle-Containers-Bulk-11.webp\" alt=\"Mayorista Recipientes de Lujo para Velas, Tarros de Cer\u00e1mica de Colores Vibrantes-1\" class=\"wp-image-10232\" srcset=\"https:\/\/jinhuaceramic.com\/wp-content\/uploads\/2025\/08\/Various-Colors-Candle-Vessels-Wholesale-Ceramic-Candle-Containers-Bulk-11.webp 800w, https:\/\/jinhuaceramic.com\/wp-content\/uploads\/2025\/08\/Various-Colors-Candle-Vessels-Wholesale-Ceramic-Candle-Containers-Bulk-11-300x300.webp 300w, https:\/\/jinhuaceramic.com\/wp-content\/uploads\/2025\/08\/Various-Colors-Candle-Vessels-Wholesale-Ceramic-Candle-Containers-Bulk-11-150x150.webp 150w, https:\/\/jinhuaceramic.com\/wp-content\/uploads\/2025\/08\/Various-Colors-Candle-Vessels-Wholesale-Ceramic-Candle-Containers-Bulk-11-768x768.webp 768w, https:\/\/jinhuaceramic.com\/wp-content\/uploads\/2025\/08\/Various-Colors-Candle-Vessels-Wholesale-Ceramic-Candle-Containers-Bulk-11-12x12.webp 12w, https:\/\/jinhuaceramic.com\/wp-content\/uploads\/2025\/08\/Various-Colors-Candle-Vessels-Wholesale-Ceramic-Candle-Containers-Bulk-11-285x285.webp 285w, https:\/\/jinhuaceramic.com\/wp-content\/uploads\/2025\/08\/Various-Colors-Candle-Vessels-Wholesale-Ceramic-Candle-Containers-Bulk-11-270x270.webp 270w, https:\/\/jinhuaceramic.com\/wp-content\/uploads\/2025\/08\/Various-Colors-Candle-Vessels-Wholesale-Ceramic-Candle-Containers-Bulk-11-540x540.webp 540w, https:\/\/jinhuaceramic.com\/wp-content\/uploads\/2025\/08\/Various-Colors-Candle-Vessels-Wholesale-Ceramic-Candle-Containers-Bulk-11-660x660.webp 660w\" sizes=\"(max-width: 800px) 100vw, 800px\" \/><\/figure>\n<\/div>\n<\/div>","protected":false},"excerpt":{"rendered":"<p>Bienvenido a comprar al por mayor recipientes de lujo para velas. Nuestros tarros para velas de colores vibrantes al por mayor tienen ricas opciones de color, combinan a la perfecci\u00f3n la est\u00e9tica moderna con funciones pr\u00e1cticas. No son s\u00f3lo recipientes para velas, sino tambi\u00e9n obras de arte que pueden iluminar el espacio y crear una atm\u00f3sfera.<\/p>","protected":false},"featured_media":10229,"comment_status":"closed","ping_status":"closed","template":"","meta":{"_acf_changed":false},"product_brand":[],"product_cat":[52],"product_tag":[66],"class_list":{"0":"post-10222","1":"product","2":"type-product","3":"status-publish","4":"has-post-thumbnail","6":"product_cat-wholesale-candle-containers","7":"product_tag-candle-jars-wholesale","9":"first","10":"instock","11":"shipping-taxable","12":"product-type-simple"},"acf":[],"_links":{"self":[{"href":"https:\/\/jinhuaceramic.com\/es\/wp-json\/wp\/v2\/product\/10222","targetHints":{"allow":["GET"]}}],"collection":[{"href":"https:\/\/jinhuaceramic.com\/es\/wp-json\/wp\/v2\/product"}],"about":[{"href":"https:\/\/jinhuaceramic.com\/es\/wp-json\/wp\/v2\/types\/product"}],"replies":[{"embeddable":true,"href":"https:\/\/jinhuaceramic.com\/es\/wp-json\/wp\/v2\/comments?post=10222"}],"version-history":[{"count":0,"href":"https:\/\/jinhuaceramic.com\/es\/wp-json\/wp\/v2\/product\/10222\/revisions"}],"wp:featuredmedia":[{"embeddable":true,"href":"https:\/\/jinhuaceramic.com\/es\/wp-json\/wp\/v2\/media\/10229"}],"wp:attachment":[{"href":"https:\/\/jinhuaceramic.com\/es\/wp-json\/wp\/v2\/media?parent=10222"}],"wp:term":[{"taxonomy":"product_brand","embeddable":true,"href":"https:\/\/jinhuaceramic.com\/es\/wp-json\/wp\/v2\/product_brand?post=10222"},{"taxonomy":"product_cat","embeddable":true,"href":"https:\/\/jinhuaceramic.com\/es\/wp-json\/wp\/v2\/product_cat?post=10222"},{"taxonomy":"product_tag","embeddable":true,"href":"https:\/\/jinhuaceramic.com\/es\/wp-json\/wp\/v2\/product_tag?post=10222"}],"curies":[{"name":"wp","href":"https:\/\/api.w.org\/{rel}","templated":true}]}}