{"id":10238,"date":"2025-08-29T02:02:21","date_gmt":"2025-08-29T02:02:21","guid":{"rendered":"https:\/\/jinhuaceramic.com\/?post_type=product&#038;p=10238"},"modified":"2025-08-29T02:02:22","modified_gmt":"2025-08-29T02:02:22","slug":"unique-candle-vessels-wholesale","status":"publish","type":"product","link":"https:\/\/jinhuaceramic.com\/es\/product\/unique-candle-vessels-wholesale\/","title":{"rendered":"Vasos de Velas Unicos al por mayor, Yin Yang Tarros de Velas de dos mechas"},"content":{"rendered":"<div class=\"wp-block-columns is-layout-flex wp-container-core-columns-is-layout-9d6595d7 wp-block-columns-is-layout-flex\">\n<div class=\"wp-block-column is-layout-flow wp-block-column-is-layout-flow\">\n<h3 class=\"wp-block-heading\">Premium Unique Candle Vessels Wholesale Caracter\u00edsticas:<\/h3>\n\n\n\n<ul class=\"wp-block-list\">\n<li><strong>Forma Yin Yang:<\/strong> El interior de los exclusivos recipientes para velas al por mayor presenta una partici\u00f3n en forma de \"S\" tomada del Tai Chi Bagua, que divide h\u00e1bilmente el tarro en dos partes. No s\u00f3lo es f\u00e1cilmente reconocible, sino que tambi\u00e9n simboliza el principio filos\u00f3fico oriental de que \"el yin y el yang se complementan, adquiriendo equilibrio y armon\u00eda.\"<\/li>\n\n\n\n<li><strong>Dise\u00f1o de dos mechas<\/strong>: El dise\u00f1o Yin Yang de nuestros tarros de velas a granel permite utilizar dos mechas en un tarro al mismo tiempo. El dise\u00f1o de dos mechas permite que la vela se queme de forma m\u00e1s uniforme y completa, libere la fragancia m\u00e1s r\u00e1pidamente y evite el \"efecto t\u00fanel\".<\/li>\n\n\n\n<li><strong>Textura moteada natural:<\/strong> Estos exclusivos recipientes para velas al por mayor presentan motas negras irregulares en su superficie, una textura similar a la \"roca moteada\" que a\u00f1ade un toque r\u00fastico y natural al producto. Disponibles en una variedad de colores suaves, como el blanco roto y el marr\u00f3n, estos colores, combinados con la textura moteada, crean un ambiente tranquilo y reconfortante.<\/li>\n\n\n\n<li><strong>Cer\u00e1mica de alta calidad: <\/strong>Estos tarros para velas a granel est\u00e1n fabricados con material cer\u00e1mico duradero, que es duro, resistente al desgaste, no se deforma f\u00e1cilmente y puede utilizarse durante mucho tiempo. Aunque las velas se quemen muchas veces, los tarros de cer\u00e1mica no se da\u00f1ar\u00e1n f\u00e1cilmente y podr\u00e1n utilizarse repetidamente.<\/li>\n<\/ul>\n<\/div>\n\n\n\n<div class=\"wp-block-column is-layout-flow wp-block-column-is-layout-flow\">\n<figure class=\"wp-block-image size-full\"><img fetchpriority=\"high\" decoding=\"async\" width=\"800\" height=\"800\" src=\"https:\/\/jinhuaceramic.com\/wp-content\/uploads\/2025\/08\/Yin-Yang-Two-Wick-Candle-Jar-Ceramic-Unique-Candle-Containers-Wholesale.webp\" alt=\"Vasos para Velas Unicos al por mayor, Yin Yang 2 Mechas Tarros para Velas-1\" class=\"wp-image-10244\" srcset=\"https:\/\/jinhuaceramic.com\/wp-content\/uploads\/2025\/08\/Yin-Yang-Two-Wick-Candle-Jar-Ceramic-Unique-Candle-Containers-Wholesale.webp 800w, https:\/\/jinhuaceramic.com\/wp-content\/uploads\/2025\/08\/Yin-Yang-Two-Wick-Candle-Jar-Ceramic-Unique-Candle-Containers-Wholesale-300x300.webp 300w, https:\/\/jinhuaceramic.com\/wp-content\/uploads\/2025\/08\/Yin-Yang-Two-Wick-Candle-Jar-Ceramic-Unique-Candle-Containers-Wholesale-150x150.webp 150w, https:\/\/jinhuaceramic.com\/wp-content\/uploads\/2025\/08\/Yin-Yang-Two-Wick-Candle-Jar-Ceramic-Unique-Candle-Containers-Wholesale-768x768.webp 768w, https:\/\/jinhuaceramic.com\/wp-content\/uploads\/2025\/08\/Yin-Yang-Two-Wick-Candle-Jar-Ceramic-Unique-Candle-Containers-Wholesale-12x12.webp 12w, https:\/\/jinhuaceramic.com\/wp-content\/uploads\/2025\/08\/Yin-Yang-Two-Wick-Candle-Jar-Ceramic-Unique-Candle-Containers-Wholesale-285x285.webp 285w, https:\/\/jinhuaceramic.com\/wp-content\/uploads\/2025\/08\/Yin-Yang-Two-Wick-Candle-Jar-Ceramic-Unique-Candle-Containers-Wholesale-270x270.webp 270w, https:\/\/jinhuaceramic.com\/wp-content\/uploads\/2025\/08\/Yin-Yang-Two-Wick-Candle-Jar-Ceramic-Unique-Candle-Containers-Wholesale-540x540.webp 540w, https:\/\/jinhuaceramic.com\/wp-content\/uploads\/2025\/08\/Yin-Yang-Two-Wick-Candle-Jar-Ceramic-Unique-Candle-Containers-Wholesale-660x660.webp 660w\" sizes=\"(max-width: 800px) 100vw, 800px\" \/><\/figure>\n<\/div>\n<\/div>","protected":false},"excerpt":{"rendered":"<p>Estos tarros de velas incorporan los conceptos filos\u00f3ficos del yin y el yang en su dise\u00f1o, creando productos \u00fanicos que son a la vez visualmente bellos y culturalmente significativos. Adem\u00e1s, su funcionalidad tiene en cuenta la eficacia de la combusti\u00f3n con dos mechas y mantiene los materiales de alta calidad. M\u00e1s que simples recipientes, estos tarros para velas son obras de arte que aportan equilibrio y armon\u00eda a cualquier hogar.<\/p>","protected":false},"featured_media":10239,"comment_status":"closed","ping_status":"closed","template":"","meta":{"_acf_changed":false},"product_brand":[],"product_cat":[52],"product_tag":[66],"class_list":{"0":"post-10238","1":"product","2":"type-product","3":"status-publish","4":"has-post-thumbnail","6":"product_cat-wholesale-candle-containers","7":"product_tag-candle-jars-wholesale","9":"first","10":"instock","11":"shipping-taxable","12":"product-type-simple"},"acf":[],"_links":{"self":[{"href":"https:\/\/jinhuaceramic.com\/es\/wp-json\/wp\/v2\/product\/10238","targetHints":{"allow":["GET"]}}],"collection":[{"href":"https:\/\/jinhuaceramic.com\/es\/wp-json\/wp\/v2\/product"}],"about":[{"href":"https:\/\/jinhuaceramic.com\/es\/wp-json\/wp\/v2\/types\/product"}],"replies":[{"embeddable":true,"href":"https:\/\/jinhuaceramic.com\/es\/wp-json\/wp\/v2\/comments?post=10238"}],"version-history":[{"count":0,"href":"https:\/\/jinhuaceramic.com\/es\/wp-json\/wp\/v2\/product\/10238\/revisions"}],"wp:featuredmedia":[{"embeddable":true,"href":"https:\/\/jinhuaceramic.com\/es\/wp-json\/wp\/v2\/media\/10239"}],"wp:attachment":[{"href":"https:\/\/jinhuaceramic.com\/es\/wp-json\/wp\/v2\/media?parent=10238"}],"wp:term":[{"taxonomy":"product_brand","embeddable":true,"href":"https:\/\/jinhuaceramic.com\/es\/wp-json\/wp\/v2\/product_brand?post=10238"},{"taxonomy":"product_cat","embeddable":true,"href":"https:\/\/jinhuaceramic.com\/es\/wp-json\/wp\/v2\/product_cat?post=10238"},{"taxonomy":"product_tag","embeddable":true,"href":"https:\/\/jinhuaceramic.com\/es\/wp-json\/wp\/v2\/product_tag?post=10238"}],"curies":[{"name":"wp","href":"https:\/\/api.w.org\/{rel}","templated":true}]}}