{"id":10257,"date":"2025-09-04T02:48:52","date_gmt":"2025-09-04T02:48:52","guid":{"rendered":"https:\/\/jinhuaceramic.com\/?post_type=product&#038;p=10257"},"modified":"2025-11-12T03:53:10","modified_gmt":"2025-11-12T03:53:10","slug":"candle-vessels-bulk-wholesale","status":"publish","type":"product","link":"https:\/\/jinhuaceramic.com\/es\/product\/candle-vessels-bulk-wholesale\/","title":{"rendered":"Vasos para velas \u00fanicos al por mayor, tarros para velas personalizados"},"content":{"rendered":"<div class=\"wp-block-columns is-layout-flex wp-container-core-columns-is-layout-9d6595d7 wp-block-columns-is-layout-flex\">\n<div class=\"wp-block-column is-layout-flow wp-block-column-is-layout-flow\">\n<h3 class=\"wp-block-heading\">Premium R\u00fastico \u00danico Vela Vasos al por mayor a granel Caracter\u00edsticas:<\/h3>\n\n\n\n<ul class=\"wp-block-list\">\n<li><strong>Forma de calabaza \u00fanica: <\/strong>Estos recipientes para velas personalizados son estrechos en el centro y abultados en la parte superior e inferior, presentando una forma parecida a la de una calabaza. Este dise\u00f1o rompe con la forma cil\u00edndrica \u00fanica de los tarros de velas tradicionales y los hace m\u00e1s art\u00edsticos y \u00fanicos.<\/li>\n\n\n\n<li><strong>Esmalte natural y terroso: <\/strong>El esmalte de estos recipientes para velas al por mayor tiene tonos variados y manchas irregulares, que imitan la textura de la roca natural y tienen un aspecto muy primitivo y r\u00fastico. La textura moteada combinada con el esmalte liso a\u00f1ade una sensaci\u00f3n de estratificaci\u00f3n a los productos y les da un aspecto m\u00e1s artesanal.<\/li>\n\n\n\n<li><strong>Colores r\u00fasticos:<\/strong> Estos recipientes para velas al por mayor est\u00e1n disponibles en dos colores: marr\u00f3n oscuro y blanco roto, de color liso. Son de aspecto muy natural y color neutro, igualmente apropiados para la mayor\u00eda de los hogares y evocan una sensaci\u00f3n calmante y relajante.<\/li>\n\n\n\n<li><strong>Material cer\u00e1mico duradero: <\/strong>Estos tarros para velas al por mayor est\u00e1n hechos de cer\u00e1mica de larga duraci\u00f3n que es extremadamente resistente al calor y puede sostener la llama de la vela durante un per\u00edodo prolongado sin agrietarse o romperse; por lo tanto, es seguro para su uso.<\/li>\n<\/ul>\n<\/div>\n\n\n\n<div class=\"wp-block-column is-layout-flow wp-block-column-is-layout-flow\">\n<figure class=\"wp-block-image size-full\"><img fetchpriority=\"high\" decoding=\"async\" width=\"826\" height=\"826\" src=\"https:\/\/jinhuaceramic.com\/wp-content\/uploads\/2025\/08\/Rustic-Unique-Candle-Vessels-Wholesale-Ceramic-Candle-Containers-Bulk.webp\" alt=\"recipientes-vela-r\u00fasticos-\u00fanicos-a-bultos-mayoristas-recipientes-vela-de-cer\u00e1mica-a-bultos-1\" class=\"wp-image-10264\" srcset=\"https:\/\/jinhuaceramic.com\/wp-content\/uploads\/2025\/08\/Rustic-Unique-Candle-Vessels-Wholesale-Ceramic-Candle-Containers-Bulk.webp 826w, https:\/\/jinhuaceramic.com\/wp-content\/uploads\/2025\/08\/Rustic-Unique-Candle-Vessels-Wholesale-Ceramic-Candle-Containers-Bulk-300x300.webp 300w, https:\/\/jinhuaceramic.com\/wp-content\/uploads\/2025\/08\/Rustic-Unique-Candle-Vessels-Wholesale-Ceramic-Candle-Containers-Bulk-150x150.webp 150w, https:\/\/jinhuaceramic.com\/wp-content\/uploads\/2025\/08\/Rustic-Unique-Candle-Vessels-Wholesale-Ceramic-Candle-Containers-Bulk-768x768.webp 768w, https:\/\/jinhuaceramic.com\/wp-content\/uploads\/2025\/08\/Rustic-Unique-Candle-Vessels-Wholesale-Ceramic-Candle-Containers-Bulk-12x12.webp 12w, https:\/\/jinhuaceramic.com\/wp-content\/uploads\/2025\/08\/Rustic-Unique-Candle-Vessels-Wholesale-Ceramic-Candle-Containers-Bulk-285x285.webp 285w, https:\/\/jinhuaceramic.com\/wp-content\/uploads\/2025\/08\/Rustic-Unique-Candle-Vessels-Wholesale-Ceramic-Candle-Containers-Bulk-270x270.webp 270w, https:\/\/jinhuaceramic.com\/wp-content\/uploads\/2025\/08\/Rustic-Unique-Candle-Vessels-Wholesale-Ceramic-Candle-Containers-Bulk-540x540.webp 540w, https:\/\/jinhuaceramic.com\/wp-content\/uploads\/2025\/08\/Rustic-Unique-Candle-Vessels-Wholesale-Ceramic-Candle-Containers-Bulk-660x660.webp 660w\" sizes=\"(max-width: 826px) 100vw, 826px\" \/><\/figure>\n<\/div>\n<\/div>\n\n\n\n<p><\/p>","protected":false},"excerpt":{"rendered":"<p>Bienvenido a comprar nuestros recipientes para velas al por mayor. La ventaja de estos recipientes de cer\u00e1mica personalizados para velas es que combinan armoniosamente formas \u00fanicas, esmaltes naturales, colores rurales y materiales de alta calidad. Estos recipientes para velas no son s\u00f3lo portavelas, sino tambi\u00e9n obras de arte, que pueden utilizarse para decorar el estilo del hogar y expresar la individualidad.<\/p>","protected":false},"featured_media":10263,"comment_status":"closed","ping_status":"closed","template":"","meta":{"_acf_changed":false},"product_brand":[],"product_cat":[52],"product_tag":[66],"class_list":{"0":"post-10257","1":"product","2":"type-product","3":"status-publish","4":"has-post-thumbnail","6":"product_cat-wholesale-candle-containers","7":"product_tag-candle-jars-wholesale","9":"first","10":"instock","11":"shipping-taxable","12":"product-type-simple"},"acf":[],"_links":{"self":[{"href":"https:\/\/jinhuaceramic.com\/es\/wp-json\/wp\/v2\/product\/10257","targetHints":{"allow":["GET"]}}],"collection":[{"href":"https:\/\/jinhuaceramic.com\/es\/wp-json\/wp\/v2\/product"}],"about":[{"href":"https:\/\/jinhuaceramic.com\/es\/wp-json\/wp\/v2\/types\/product"}],"replies":[{"embeddable":true,"href":"https:\/\/jinhuaceramic.com\/es\/wp-json\/wp\/v2\/comments?post=10257"}],"version-history":[{"count":0,"href":"https:\/\/jinhuaceramic.com\/es\/wp-json\/wp\/v2\/product\/10257\/revisions"}],"wp:featuredmedia":[{"embeddable":true,"href":"https:\/\/jinhuaceramic.com\/es\/wp-json\/wp\/v2\/media\/10263"}],"wp:attachment":[{"href":"https:\/\/jinhuaceramic.com\/es\/wp-json\/wp\/v2\/media?parent=10257"}],"wp:term":[{"taxonomy":"product_brand","embeddable":true,"href":"https:\/\/jinhuaceramic.com\/es\/wp-json\/wp\/v2\/product_brand?post=10257"},{"taxonomy":"product_cat","embeddable":true,"href":"https:\/\/jinhuaceramic.com\/es\/wp-json\/wp\/v2\/product_cat?post=10257"},{"taxonomy":"product_tag","embeddable":true,"href":"https:\/\/jinhuaceramic.com\/es\/wp-json\/wp\/v2\/product_tag?post=10257"}],"curies":[{"name":"wp","href":"https:\/\/api.w.org\/{rel}","templated":true}]}}