{"id":10269,"date":"2025-09-04T03:29:36","date_gmt":"2025-09-04T03:29:36","guid":{"rendered":"https:\/\/jinhuaceramic.com\/?post_type=product&#038;p=10269"},"modified":"2025-11-12T03:52:06","modified_gmt":"2025-11-12T03:52:06","slug":"customized-casserole-dish","status":"publish","type":"product","link":"https:\/\/jinhuaceramic.com\/es\/product\/customized-casserole-dish\/","title":{"rendered":"Cacerola Bohemia Personalizada Con Tapa Suministro al por mayor"},"content":{"rendered":"<div class=\"wp-block-columns is-layout-flex wp-container-core-columns-is-layout-9d6595d7 wp-block-columns-is-layout-flex\">\n<div class=\"wp-block-column is-layout-flow wp-block-column-is-layout-flow\">\n<h3 class=\"wp-block-heading\">Premium Bohemio Personalizado Cacerola Caracter\u00edsticas:<\/h3>\n\n\n\n<ul class=\"wp-block-list\">\n<li><strong>Patr\u00f3n \u00fanico:<\/strong> El exterior de estas bandejas para hornear al por mayor est\u00e1 decorado con motivos geom\u00e9tricos bohemios, como zigzags, peque\u00f1os puntos y rayas. La adici\u00f3n de estos motivos elimina la monoton\u00eda que se produce al utilizar bandejas de horno de colores lisos ordinarios, haci\u00e9ndolas llenas de sentido art\u00edstico y moda oriental.<\/li>\n\n\n\n<li><strong>Varios colores: <\/strong>Estas cazuelas personalizadas est\u00e1n disponibles en varios colores: rosa, amarillo, marr\u00f3n y verde oscuro. Se combinan con dise\u00f1os en blanco o negro para crear distintos ambientes y satisfacer las diversas preferencias de los consumidores.<\/li>\n\n\n\n<li><strong>Tapa funcional: <\/strong>Estas cazuelas personalizadas vienen equipadas con una tapa funcional con asas, que en realidad evitan que se escape la humedad y garantizan que los alimentos no se sequen durante la cocci\u00f3n, y los mantienen calientes y sin polvo mientras se sirven.<\/li>\n\n\n\n<li><strong>Material de mayor calidad<\/strong>: Estas grandes placas de cacerola est\u00e1n hechas con material cer\u00e1mico de primera calidad, que tiene muy buena resistencia al calor a altas temperaturas y es seguro de usar en el horno. El material cer\u00e1mico es seguro y no t\u00f3xico, sano y seguro.<\/li>\n<\/ul>\n<\/div>\n\n\n\n<div class=\"wp-block-column is-layout-flow wp-block-column-is-layout-flow\">\n<figure class=\"wp-block-image size-full\"><img fetchpriority=\"high\" decoding=\"async\" width=\"800\" height=\"800\" src=\"https:\/\/jinhuaceramic.com\/wp-content\/uploads\/2025\/09\/Bohemian-Custom-Casserole-Dish-With-Lid-Ceramic-Baking-Pan-Wholesale-5.webp\" alt=\"cacerola de cer\u00e1mica con tapa al por mayor-5\" class=\"wp-image-10273\" srcset=\"https:\/\/jinhuaceramic.com\/wp-content\/uploads\/2025\/09\/Bohemian-Custom-Casserole-Dish-With-Lid-Ceramic-Baking-Pan-Wholesale-5.webp 800w, https:\/\/jinhuaceramic.com\/wp-content\/uploads\/2025\/09\/Bohemian-Custom-Casserole-Dish-With-Lid-Ceramic-Baking-Pan-Wholesale-5-300x300.webp 300w, https:\/\/jinhuaceramic.com\/wp-content\/uploads\/2025\/09\/Bohemian-Custom-Casserole-Dish-With-Lid-Ceramic-Baking-Pan-Wholesale-5-150x150.webp 150w, https:\/\/jinhuaceramic.com\/wp-content\/uploads\/2025\/09\/Bohemian-Custom-Casserole-Dish-With-Lid-Ceramic-Baking-Pan-Wholesale-5-768x768.webp 768w, https:\/\/jinhuaceramic.com\/wp-content\/uploads\/2025\/09\/Bohemian-Custom-Casserole-Dish-With-Lid-Ceramic-Baking-Pan-Wholesale-5-12x12.webp 12w, https:\/\/jinhuaceramic.com\/wp-content\/uploads\/2025\/09\/Bohemian-Custom-Casserole-Dish-With-Lid-Ceramic-Baking-Pan-Wholesale-5-285x285.webp 285w, https:\/\/jinhuaceramic.com\/wp-content\/uploads\/2025\/09\/Bohemian-Custom-Casserole-Dish-With-Lid-Ceramic-Baking-Pan-Wholesale-5-270x270.webp 270w, https:\/\/jinhuaceramic.com\/wp-content\/uploads\/2025\/09\/Bohemian-Custom-Casserole-Dish-With-Lid-Ceramic-Baking-Pan-Wholesale-5-540x540.webp 540w, https:\/\/jinhuaceramic.com\/wp-content\/uploads\/2025\/09\/Bohemian-Custom-Casserole-Dish-With-Lid-Ceramic-Baking-Pan-Wholesale-5-660x660.webp 660w\" sizes=\"(max-width: 800px) 100vw, 800px\" \/><\/figure>\n<\/div>\n<\/div>\n\n\n\n<p><\/p>","protected":false},"excerpt":{"rendered":"<p>Le damos la bienvenida a la compra de estas cacerolas personalizadas que combinan a la perfecci\u00f3n motivos bohemios art\u00edsticos, diversas combinaciones de colores, pr\u00e1cticas tapas y materiales cer\u00e1micos de alta calidad. No solo son pr\u00e1cticos utensilios para hornear, sino que tambi\u00e9n aportan color y personalidad a la cocina y la mesa de comedor, por lo que son perfectos para quienes persiguen la calidad de vida.<\/p>","protected":false},"featured_media":10275,"comment_status":"closed","ping_status":"closed","template":"","meta":{"_acf_changed":false},"product_brand":[],"product_cat":[53],"product_tag":[71],"class_list":{"0":"post-10269","1":"product","2":"type-product","3":"status-publish","4":"has-post-thumbnail","6":"product_cat-bakeware-in-bulk","7":"product_tag-wholesale-baking-pans","9":"first","10":"instock","11":"shipping-taxable","12":"product-type-simple"},"acf":[],"_links":{"self":[{"href":"https:\/\/jinhuaceramic.com\/es\/wp-json\/wp\/v2\/product\/10269","targetHints":{"allow":["GET"]}}],"collection":[{"href":"https:\/\/jinhuaceramic.com\/es\/wp-json\/wp\/v2\/product"}],"about":[{"href":"https:\/\/jinhuaceramic.com\/es\/wp-json\/wp\/v2\/types\/product"}],"replies":[{"embeddable":true,"href":"https:\/\/jinhuaceramic.com\/es\/wp-json\/wp\/v2\/comments?post=10269"}],"version-history":[{"count":0,"href":"https:\/\/jinhuaceramic.com\/es\/wp-json\/wp\/v2\/product\/10269\/revisions"}],"wp:featuredmedia":[{"embeddable":true,"href":"https:\/\/jinhuaceramic.com\/es\/wp-json\/wp\/v2\/media\/10275"}],"wp:attachment":[{"href":"https:\/\/jinhuaceramic.com\/es\/wp-json\/wp\/v2\/media?parent=10269"}],"wp:term":[{"taxonomy":"product_brand","embeddable":true,"href":"https:\/\/jinhuaceramic.com\/es\/wp-json\/wp\/v2\/product_brand?post=10269"},{"taxonomy":"product_cat","embeddable":true,"href":"https:\/\/jinhuaceramic.com\/es\/wp-json\/wp\/v2\/product_cat?post=10269"},{"taxonomy":"product_tag","embeddable":true,"href":"https:\/\/jinhuaceramic.com\/es\/wp-json\/wp\/v2\/product_tag?post=10269"}],"curies":[{"name":"wp","href":"https:\/\/api.w.org\/{rel}","templated":true}]}}