{"id":10280,"date":"2025-09-04T03:08:59","date_gmt":"2025-09-04T03:08:59","guid":{"rendered":"https:\/\/jinhuaceramic.com\/?post_type=product&#038;p=10280"},"modified":"2025-11-12T03:52:27","modified_gmt":"2025-11-12T03:52:27","slug":"candle-jars-empty-bulk","status":"publish","type":"product","link":"https:\/\/jinhuaceramic.com\/es\/product\/candle-jars-empty-bulk\/","title":{"rendered":"Tarros de Velas en Relieve Vac\u00edos al por Mayor, Recipientes de Cer\u00e1mica para Velas al por Mayor"},"content":{"rendered":"<div class=\"wp-block-columns is-layout-flex wp-container-core-columns-is-layout-9d6595d7 wp-block-columns-is-layout-flex\">\n<div class=\"wp-block-column is-layout-flow wp-block-column-is-layout-flow\">\n<h3 class=\"wp-block-heading\">Tarros para velas Premium Embossed Vac\u00edos a Granel Caracter\u00edsticas:<\/h3>\n\n\n\n<ul class=\"wp-block-list\">\n<li><strong>Precioso estampado en relieve:<\/strong> La superficie exterior de los tarros de velas personalizados est\u00e1 repujada con motivos florales y cuadr\u00edculas de rombos. Esta textura tridimensional, convexa y c\u00f3ncava, a\u00f1ade profundidad a la estratificaci\u00f3n t\u00e1ctil y visual de los tarros, haciendo que los productos parezcan m\u00e1s artesanales y art\u00edsticos.<\/li>\n\n\n\n<li><strong>Color mate suave: <\/strong>Estos tarros de velas vac\u00edos a granel emplean tonos Morandi mate de baja saturaci\u00f3n: verde claro y rosa claro, que transmiten a la gente una sensaci\u00f3n de tranquilidad y confort, haci\u00e9ndoles sentir cerca del calor y la relajaci\u00f3n. Al mismo tiempo, el acabado mate es m\u00e1s tranquilo y tiene m\u00e1s clase que el acabado brillante original.<\/li>\n\n\n\n<li><strong>Material de alta calidad:<\/strong> Fabricados con material cer\u00e1mico duradero y de alta calidad, estos tarros para velas vac\u00edos a granel son resistentes a las altas temperaturas y pueden soportar grietas, lo que garantiza su durabilidad y longevidad, y los convierte en los recipientes para velas m\u00e1s adecuados.<\/li>\n\n\n\n<li><strong>Vers\u00e1til y reutilizable: <\/strong>Estos tarros de cer\u00e1mica para velas al por mayor son reutilizables. Una vez consumida la vela, su exquisita apariencia los hace adecuados para su uso como peque\u00f1os maceteros, portabol\u00edgrafos, portacepillos de maquillaje, portacepillos de dientes, etc., que son a la vez decorativos y pr\u00e1cticos.<\/li>\n<\/ul>\n<\/div>\n\n\n\n<div class=\"wp-block-column is-layout-flow wp-block-column-is-layout-flow\">\n<figure class=\"wp-block-image size-full\"><img fetchpriority=\"high\" decoding=\"async\" width=\"1194\" height=\"1194\" src=\"https:\/\/jinhuaceramic.com\/wp-content\/uploads\/2025\/09\/Embossed-Candle-Jars-Wholesale-Custom-Ceramic-Candle-Vessels-Bulk-6.webp\" alt=\"jarras-vela-gofradas-vac\u00edas-a-bultos-personalizadas-vasos-vela-de-cer\u00e1mica-mayorista-6\" class=\"wp-image-10285\" srcset=\"https:\/\/jinhuaceramic.com\/wp-content\/uploads\/2025\/09\/Embossed-Candle-Jars-Wholesale-Custom-Ceramic-Candle-Vessels-Bulk-6.webp 1194w, https:\/\/jinhuaceramic.com\/wp-content\/uploads\/2025\/09\/Embossed-Candle-Jars-Wholesale-Custom-Ceramic-Candle-Vessels-Bulk-6-300x300.webp 300w, https:\/\/jinhuaceramic.com\/wp-content\/uploads\/2025\/09\/Embossed-Candle-Jars-Wholesale-Custom-Ceramic-Candle-Vessels-Bulk-6-150x150.webp 150w, https:\/\/jinhuaceramic.com\/wp-content\/uploads\/2025\/09\/Embossed-Candle-Jars-Wholesale-Custom-Ceramic-Candle-Vessels-Bulk-6-768x768.webp 768w, https:\/\/jinhuaceramic.com\/wp-content\/uploads\/2025\/09\/Embossed-Candle-Jars-Wholesale-Custom-Ceramic-Candle-Vessels-Bulk-6-12x12.webp 12w, https:\/\/jinhuaceramic.com\/wp-content\/uploads\/2025\/09\/Embossed-Candle-Jars-Wholesale-Custom-Ceramic-Candle-Vessels-Bulk-6-285x285.webp 285w, https:\/\/jinhuaceramic.com\/wp-content\/uploads\/2025\/09\/Embossed-Candle-Jars-Wholesale-Custom-Ceramic-Candle-Vessels-Bulk-6-270x270.webp 270w, https:\/\/jinhuaceramic.com\/wp-content\/uploads\/2025\/09\/Embossed-Candle-Jars-Wholesale-Custom-Ceramic-Candle-Vessels-Bulk-6-540x540.webp 540w, https:\/\/jinhuaceramic.com\/wp-content\/uploads\/2025\/09\/Embossed-Candle-Jars-Wholesale-Custom-Ceramic-Candle-Vessels-Bulk-6-660x660.webp 660w\" sizes=\"(max-width: 1194px) 100vw, 1194px\" \/><\/figure>\n<\/div>\n<\/div>","protected":false},"excerpt":{"rendered":"<p>Bienvenido a comprar nuestros tarros de velas vac\u00edos a granel. Estos tarros de velas a granel crean un ambiente opulento con texturas suaves y colores claros. Al mismo tiempo, el material cer\u00e1mico de larga duraci\u00f3n los hace reutilizables. Son m\u00e1s que simples recipientes, tambi\u00e9n son art\u00edculos para el hogar que combinan decoraci\u00f3n, funciones protectoras y conceptos de protecci\u00f3n ecol\u00f3gica.<\/p>","protected":false},"featured_media":10284,"comment_status":"closed","ping_status":"closed","template":"","meta":{"_acf_changed":false},"product_brand":[],"product_cat":[52],"product_tag":[66],"class_list":{"0":"post-10280","1":"product","2":"type-product","3":"status-publish","4":"has-post-thumbnail","6":"product_cat-wholesale-candle-containers","7":"product_tag-candle-jars-wholesale","9":"first","10":"instock","11":"shipping-taxable","12":"product-type-simple"},"acf":[],"_links":{"self":[{"href":"https:\/\/jinhuaceramic.com\/es\/wp-json\/wp\/v2\/product\/10280","targetHints":{"allow":["GET"]}}],"collection":[{"href":"https:\/\/jinhuaceramic.com\/es\/wp-json\/wp\/v2\/product"}],"about":[{"href":"https:\/\/jinhuaceramic.com\/es\/wp-json\/wp\/v2\/types\/product"}],"replies":[{"embeddable":true,"href":"https:\/\/jinhuaceramic.com\/es\/wp-json\/wp\/v2\/comments?post=10280"}],"version-history":[{"count":0,"href":"https:\/\/jinhuaceramic.com\/es\/wp-json\/wp\/v2\/product\/10280\/revisions"}],"wp:featuredmedia":[{"embeddable":true,"href":"https:\/\/jinhuaceramic.com\/es\/wp-json\/wp\/v2\/media\/10284"}],"wp:attachment":[{"href":"https:\/\/jinhuaceramic.com\/es\/wp-json\/wp\/v2\/media?parent=10280"}],"wp:term":[{"taxonomy":"product_brand","embeddable":true,"href":"https:\/\/jinhuaceramic.com\/es\/wp-json\/wp\/v2\/product_brand?post=10280"},{"taxonomy":"product_cat","embeddable":true,"href":"https:\/\/jinhuaceramic.com\/es\/wp-json\/wp\/v2\/product_cat?post=10280"},{"taxonomy":"product_tag","embeddable":true,"href":"https:\/\/jinhuaceramic.com\/es\/wp-json\/wp\/v2\/product_tag?post=10280"}],"curies":[{"name":"wp","href":"https:\/\/api.w.org\/{rel}","templated":true}]}}