{"id":10312,"date":"2025-09-10T08:49:26","date_gmt":"2025-09-10T08:49:26","guid":{"rendered":"https:\/\/jinhuaceramic.com\/?post_type=product&#038;p=10312"},"modified":"2025-09-10T08:49:28","modified_gmt":"2025-09-10T08:49:28","slug":"ceramic-baking-dishes-wholesale","status":"publish","type":"product","link":"https:\/\/jinhuaceramic.com\/es\/product\/ceramic-baking-dishes-wholesale\/","title":{"rendered":"Refinado Platos de cer\u00e1mica para hornear al por mayor, altamente resistente al calor"},"content":{"rendered":"<div class=\"wp-block-columns is-layout-flex wp-container-core-columns-is-layout-9d6595d7 wp-block-columns-is-layout-flex\">\n<div class=\"wp-block-column is-layout-flow wp-block-column-is-layout-flow\">\n<h3 class=\"wp-block-heading\">Platos para hornear de cer\u00e1mica de primera calidad al por mayor Caracter\u00edsticas:<\/h3>\n\n\n\n<ul class=\"wp-block-list\">\n<li><strong>Dise\u00f1o elegante: <\/strong>Estos platos de cer\u00e1mica para hornear al por mayor cuentan con un dise\u00f1o de color contrastado, a\u00f1ade una sensaci\u00f3n de profundidad visual, pero el interior blanco tambi\u00e9n hace que sea m\u00e1s f\u00e1cil observar el estado de cocci\u00f3n de los alimentos.<\/li>\n\n\n\n<li><strong>Varios colores: <\/strong>Estos utensilios de cer\u00e1mica para hornear al por mayor est\u00e1n disponibles en una variedad de colores suaves, como el blanco puro, el tranquilo azul oscuro, el elegante verde militar y el beige natural.<\/li>\n\n\n\n<li><strong>Material de alta calidad: <\/strong>Estos platos de cer\u00e1mica para hornear al por mayor est\u00e1n hechos de cer\u00e1mica de alta calidad cocida a altas temperaturas, lo que los hace resistentes y duraderos, garantizando el mejor efecto de cocci\u00f3n y sabor.<\/li>\n\n\n\n<li><strong>Gran sentido pr\u00e1ctico: <\/strong>La cl\u00e1sica forma rectangular de estos moldes para hornear al por mayor es perfecta para hornear una gran variedad de alimentos, como verduras, carnes, lasa\u00f1a y brownies.<\/li>\n<\/ul>\n<\/div>\n\n\n\n<div class=\"wp-block-column is-layout-flow wp-block-column-is-layout-flow\">\n<figure class=\"wp-block-image size-full\"><img fetchpriority=\"high\" decoding=\"async\" width=\"1307\" height=\"1307\" src=\"https:\/\/jinhuaceramic.com\/wp-content\/uploads\/2025\/09\/Rectangular-Baking-Dishes-for-Oven-Ceramic-Lasagna-Pans-Wholesale-4.webp\" alt=\"Platos rectangulares para horno,-Sartenes de cer\u00e1mica para lasa\u00f1a-Mayorista\" class=\"wp-image-10315\" srcset=\"https:\/\/jinhuaceramic.com\/wp-content\/uploads\/2025\/09\/Rectangular-Baking-Dishes-for-Oven-Ceramic-Lasagna-Pans-Wholesale-4.webp 1307w, https:\/\/jinhuaceramic.com\/wp-content\/uploads\/2025\/09\/Rectangular-Baking-Dishes-for-Oven-Ceramic-Lasagna-Pans-Wholesale-4-300x300.webp 300w, https:\/\/jinhuaceramic.com\/wp-content\/uploads\/2025\/09\/Rectangular-Baking-Dishes-for-Oven-Ceramic-Lasagna-Pans-Wholesale-4-150x150.webp 150w, https:\/\/jinhuaceramic.com\/wp-content\/uploads\/2025\/09\/Rectangular-Baking-Dishes-for-Oven-Ceramic-Lasagna-Pans-Wholesale-4-768x768.webp 768w, https:\/\/jinhuaceramic.com\/wp-content\/uploads\/2025\/09\/Rectangular-Baking-Dishes-for-Oven-Ceramic-Lasagna-Pans-Wholesale-4-12x12.webp 12w, https:\/\/jinhuaceramic.com\/wp-content\/uploads\/2025\/09\/Rectangular-Baking-Dishes-for-Oven-Ceramic-Lasagna-Pans-Wholesale-4-285x285.webp 285w, https:\/\/jinhuaceramic.com\/wp-content\/uploads\/2025\/09\/Rectangular-Baking-Dishes-for-Oven-Ceramic-Lasagna-Pans-Wholesale-4-270x270.webp 270w, https:\/\/jinhuaceramic.com\/wp-content\/uploads\/2025\/09\/Rectangular-Baking-Dishes-for-Oven-Ceramic-Lasagna-Pans-Wholesale-4-540x540.webp 540w, https:\/\/jinhuaceramic.com\/wp-content\/uploads\/2025\/09\/Rectangular-Baking-Dishes-for-Oven-Ceramic-Lasagna-Pans-Wholesale-4-660x660.webp 660w\" sizes=\"(max-width: 1307px) 100vw, 1307px\" \/><\/figure>\n<\/div>\n<\/div>","protected":false},"excerpt":{"rendered":"<p>Bienvenido a pedir platos de cer\u00e1mica para hornear al por mayor. La belleza de estos utensilios para hornear de cer\u00e1mica al por mayor radica en su mezcla perfecta de elegancia cl\u00e1sica, combinaciones de colores vers\u00e1tiles, versatilidad y cer\u00e1mica de alta calidad resistente al calor.<\/p>","protected":false},"featured_media":10314,"comment_status":"closed","ping_status":"closed","template":"","meta":{"_acf_changed":false},"product_brand":[],"product_cat":[53],"product_tag":[71],"class_list":{"0":"post-10312","1":"product","2":"type-product","3":"status-publish","4":"has-post-thumbnail","6":"product_cat-bakeware-in-bulk","7":"product_tag-wholesale-baking-pans","9":"first","10":"instock","11":"shipping-taxable","12":"product-type-simple"},"acf":[],"_links":{"self":[{"href":"https:\/\/jinhuaceramic.com\/es\/wp-json\/wp\/v2\/product\/10312","targetHints":{"allow":["GET"]}}],"collection":[{"href":"https:\/\/jinhuaceramic.com\/es\/wp-json\/wp\/v2\/product"}],"about":[{"href":"https:\/\/jinhuaceramic.com\/es\/wp-json\/wp\/v2\/types\/product"}],"replies":[{"embeddable":true,"href":"https:\/\/jinhuaceramic.com\/es\/wp-json\/wp\/v2\/comments?post=10312"}],"version-history":[{"count":0,"href":"https:\/\/jinhuaceramic.com\/es\/wp-json\/wp\/v2\/product\/10312\/revisions"}],"wp:featuredmedia":[{"embeddable":true,"href":"https:\/\/jinhuaceramic.com\/es\/wp-json\/wp\/v2\/media\/10314"}],"wp:attachment":[{"href":"https:\/\/jinhuaceramic.com\/es\/wp-json\/wp\/v2\/media?parent=10312"}],"wp:term":[{"taxonomy":"product_brand","embeddable":true,"href":"https:\/\/jinhuaceramic.com\/es\/wp-json\/wp\/v2\/product_brand?post=10312"},{"taxonomy":"product_cat","embeddable":true,"href":"https:\/\/jinhuaceramic.com\/es\/wp-json\/wp\/v2\/product_cat?post=10312"},{"taxonomy":"product_tag","embeddable":true,"href":"https:\/\/jinhuaceramic.com\/es\/wp-json\/wp\/v2\/product_tag?post=10312"}],"curies":[{"name":"wp","href":"https:\/\/api.w.org\/{rel}","templated":true}]}}