{"id":10333,"date":"2025-09-10T08:58:47","date_gmt":"2025-09-10T08:58:47","guid":{"rendered":"https:\/\/jinhuaceramic.com\/?post_type=product&#038;p=10333"},"modified":"2025-09-10T08:58:48","modified_gmt":"2025-09-10T08:58:48","slug":"baking-dishes-set-wholesale","status":"publish","type":"product","link":"https:\/\/jinhuaceramic.com\/es\/product\/baking-dishes-set-wholesale\/","title":{"rendered":"3-Piece Baking Dishes Set Wholesale, Ceramic Bakeware Supply"},"content":{"rendered":"<div class=\"wp-block-columns is-layout-flex wp-container-core-columns-is-layout-9d6595d7 wp-block-columns-is-layout-flex\">\n<div class=\"wp-block-column is-layout-flow wp-block-column-is-layout-flow\">\n<h3 class=\"wp-block-heading\">Premium Baking Dishes Set Venta al por mayor Caracter\u00edsticas:<\/h3>\n\n\n\n<ul class=\"wp-block-list\">\n<li><strong>Dise\u00f1o minimalista:<\/strong> Estos platos para hornear al por mayor tienen una forma rectangular cl\u00e1sica con l\u00edneas limpias y elegantes, sin florituras. Este dise\u00f1o atemporal se integra sin esfuerzo en cualquier hogar o mesa, desde el minimalismo moderno al escandinavo y medieval.<\/li>\n\n\n\n<li><strong>Varios colores:<\/strong> Estos utensilios de cer\u00e1mica al por mayor est\u00e1n disponibles en una variedad de sofisticados colores, como el relajante verde intenso, el c\u00e1lido rojo ladrillo y el blanco roto puro. Estos colores proporcionan una amplia gama de opciones, lo que permite a los consumidores para que coincida con sus preferencias y estilo de la cocina.<\/li>\n\n\n\n<li><strong>Material de alta calidad: <\/strong>Estos platos de cer\u00e1mica de alta calidad para hornear al por mayor resisten altas temperaturas y son aptos para su uso en entornos con altas temperaturas, como hornos y microondas. Se pueden utilizar para hornear y asar una gran variedad de alimentos sin que se agrieten o deformen.<\/li>\n\n\n\n<li><strong>Alta practicidad: <\/strong>Estos juegos de fuentes para hornear al por mayor est\u00e1n disponibles en tres tama\u00f1os para adaptarse a las distintas necesidades culinarias y gastron\u00f3micas. Se adaptan f\u00e1cilmente tanto a la preparaci\u00f3n de peque\u00f1as raciones para una persona como de grandes platos principales para una reuni\u00f3n familiar. Las combinaciones de varios tama\u00f1os pueden apilarse para facilitar su almacenamiento y ahorrar espacio en la cocina.<\/li>\n<\/ul>\n<\/div>\n\n\n\n<div class=\"wp-block-column is-layout-flow wp-block-column-is-layout-flow\">\n<figure class=\"wp-block-image size-full\"><img fetchpriority=\"high\" decoding=\"async\" width=\"800\" height=\"800\" src=\"https:\/\/jinhuaceramic.com\/wp-content\/uploads\/2025\/09\/3-Piece-Custom-Baking-Dishes-Set-Wholesale-Ceramic-Bakeware-Set-in-Bulk.webp\" alt=\"3-Piece Baking Dishes Set Wholesale, Ceramic Bakeware Supply-1\" class=\"wp-image-10339\" srcset=\"https:\/\/jinhuaceramic.com\/wp-content\/uploads\/2025\/09\/3-Piece-Custom-Baking-Dishes-Set-Wholesale-Ceramic-Bakeware-Set-in-Bulk.webp 800w, https:\/\/jinhuaceramic.com\/wp-content\/uploads\/2025\/09\/3-Piece-Custom-Baking-Dishes-Set-Wholesale-Ceramic-Bakeware-Set-in-Bulk-300x300.webp 300w, https:\/\/jinhuaceramic.com\/wp-content\/uploads\/2025\/09\/3-Piece-Custom-Baking-Dishes-Set-Wholesale-Ceramic-Bakeware-Set-in-Bulk-150x150.webp 150w, https:\/\/jinhuaceramic.com\/wp-content\/uploads\/2025\/09\/3-Piece-Custom-Baking-Dishes-Set-Wholesale-Ceramic-Bakeware-Set-in-Bulk-768x768.webp 768w, https:\/\/jinhuaceramic.com\/wp-content\/uploads\/2025\/09\/3-Piece-Custom-Baking-Dishes-Set-Wholesale-Ceramic-Bakeware-Set-in-Bulk-12x12.webp 12w, https:\/\/jinhuaceramic.com\/wp-content\/uploads\/2025\/09\/3-Piece-Custom-Baking-Dishes-Set-Wholesale-Ceramic-Bakeware-Set-in-Bulk-285x285.webp 285w, https:\/\/jinhuaceramic.com\/wp-content\/uploads\/2025\/09\/3-Piece-Custom-Baking-Dishes-Set-Wholesale-Ceramic-Bakeware-Set-in-Bulk-270x270.webp 270w, https:\/\/jinhuaceramic.com\/wp-content\/uploads\/2025\/09\/3-Piece-Custom-Baking-Dishes-Set-Wholesale-Ceramic-Bakeware-Set-in-Bulk-540x540.webp 540w, https:\/\/jinhuaceramic.com\/wp-content\/uploads\/2025\/09\/3-Piece-Custom-Baking-Dishes-Set-Wholesale-Ceramic-Bakeware-Set-in-Bulk-660x660.webp 660w\" sizes=\"(max-width: 800px) 100vw, 800px\" \/><\/figure>\n<\/div>\n<\/div>","protected":false},"excerpt":{"rendered":"<p>Bienvenido a comprar utensilios de cer\u00e1mica para hornear. Estos juegos de platos para hornear al por mayor est\u00e1n dise\u00f1ados con una est\u00e9tica minimalista pero refinada. Con sus formas cl\u00e1sicas y sencillas, materiales duraderos y diversos tama\u00f1os y colores, combinan a la perfecci\u00f3n funcionalidad y est\u00e9tica.<\/p>","protected":false},"featured_media":10336,"comment_status":"closed","ping_status":"closed","template":"","meta":{"_acf_changed":false},"product_brand":[],"product_cat":[53],"product_tag":[71],"class_list":{"0":"post-10333","1":"product","2":"type-product","3":"status-publish","4":"has-post-thumbnail","6":"product_cat-bakeware-in-bulk","7":"product_tag-wholesale-baking-pans","9":"first","10":"instock","11":"shipping-taxable","12":"product-type-simple"},"acf":[],"_links":{"self":[{"href":"https:\/\/jinhuaceramic.com\/es\/wp-json\/wp\/v2\/product\/10333","targetHints":{"allow":["GET"]}}],"collection":[{"href":"https:\/\/jinhuaceramic.com\/es\/wp-json\/wp\/v2\/product"}],"about":[{"href":"https:\/\/jinhuaceramic.com\/es\/wp-json\/wp\/v2\/types\/product"}],"replies":[{"embeddable":true,"href":"https:\/\/jinhuaceramic.com\/es\/wp-json\/wp\/v2\/comments?post=10333"}],"version-history":[{"count":0,"href":"https:\/\/jinhuaceramic.com\/es\/wp-json\/wp\/v2\/product\/10333\/revisions"}],"wp:featuredmedia":[{"embeddable":true,"href":"https:\/\/jinhuaceramic.com\/es\/wp-json\/wp\/v2\/media\/10336"}],"wp:attachment":[{"href":"https:\/\/jinhuaceramic.com\/es\/wp-json\/wp\/v2\/media?parent=10333"}],"wp:term":[{"taxonomy":"product_brand","embeddable":true,"href":"https:\/\/jinhuaceramic.com\/es\/wp-json\/wp\/v2\/product_brand?post=10333"},{"taxonomy":"product_cat","embeddable":true,"href":"https:\/\/jinhuaceramic.com\/es\/wp-json\/wp\/v2\/product_cat?post=10333"},{"taxonomy":"product_tag","embeddable":true,"href":"https:\/\/jinhuaceramic.com\/es\/wp-json\/wp\/v2\/product_tag?post=10333"}],"curies":[{"name":"wp","href":"https:\/\/api.w.org\/{rel}","templated":true}]}}