{"id":10357,"date":"2025-09-10T09:09:38","date_gmt":"2025-09-10T09:09:38","guid":{"rendered":"https:\/\/jinhuaceramic.com\/?post_type=product&#038;p=10357"},"modified":"2025-09-10T09:09:40","modified_gmt":"2025-09-10T09:09:40","slug":"white-bathroom-accessories-wholesale","status":"publish","type":"product","link":"https:\/\/jinhuaceramic.com\/es\/product\/white-bathroom-accessories-wholesale\/","title":{"rendered":"Accesorios de Ba\u00f1o Blancos al por Mayor, Set Funcional de 5 Piezas"},"content":{"rendered":"<div class=\"wp-block-columns is-layout-flex wp-container-core-columns-is-layout-9d6595d7 wp-block-columns-is-layout-flex\">\n<div class=\"wp-block-column is-layout-flow wp-block-column-is-layout-flow\">\n<h3 class=\"wp-block-heading\">Accesorios de ba\u00f1o blancos de primera calidad al por mayor Caracter\u00edsticas:<\/h3>\n\n\n\n<ul class=\"wp-block-list\">\n<li><strong>Textura de rayas verticales: <\/strong>Estos accesorios de ba\u00f1o blancos al por mayor, desde dispensadores de jab\u00f3n y vasos para cepillos de dientes hasta tarros de almacenamiento, presentan una textura uniforme de rayas verticales. Este dise\u00f1o c\u00f3ncavo-convexo rompe la monoton\u00eda de la cer\u00e1mica lisa tradicional, a\u00f1adiendo una dimensi\u00f3n t\u00e1ctil y visual al producto.<\/li>\n\n\n\n<li><strong>Cer\u00e1mica de alta calidad: <\/strong>Estos juegos de ba\u00f1o personalizados a granel de alta calidad est\u00e1n fabricados con materiales cer\u00e1micos no t\u00f3xicos e inocuos. No liberan sustancias nocivas y son inocuos para la salud humana.<\/li>\n\n\n\n<li><strong>Totalmente funcional: <\/strong>Estos accesorios de ba\u00f1o blancos al por mayor proporcionan los accesorios esenciales para las necesidades diarias de aseo. La bandeja puede almacenar otros accesorios, la jabonera tiene un dise\u00f1o antideslizante y el tarro con tapa se puede utilizar para guardar peque\u00f1os objetos como bastoncillos de algod\u00f3n y discos desmaquillantes, manteniendo el lavabo ordenado.<\/li>\n\n\n\n<li><strong>F\u00e1cil de limpiar: <\/strong>A pesar de su superficie texturizada, el suave esmalte de estos juegos de ba\u00f1o personalizados a granel hace que sean f\u00e1ciles de limpiar. Basta con limpiarlos regularmente con agua o detergente para mantenerlos higi\u00e9nicos y libres de residuos.<\/li>\n<\/ul>\n<\/div>\n\n\n\n<div class=\"wp-block-column is-layout-flow wp-block-column-is-layout-flow\">\n<figure class=\"wp-block-image size-full\"><img fetchpriority=\"high\" decoding=\"async\" width=\"2000\" height=\"2000\" src=\"https:\/\/jinhuaceramic.com\/wp-content\/uploads\/2025\/09\/5-Piece-White-Bathroom-Accessories-Wholesale-Ceramic-Soap-Dispenser-and-Soap-Dish-Set.webp\" alt=\"Accesorios de ba\u00f1o blancos al por mayor, juego funcional de 5 piezas-7\" class=\"wp-image-10364\" srcset=\"https:\/\/jinhuaceramic.com\/wp-content\/uploads\/2025\/09\/5-Piece-White-Bathroom-Accessories-Wholesale-Ceramic-Soap-Dispenser-and-Soap-Dish-Set.webp 2000w, https:\/\/jinhuaceramic.com\/wp-content\/uploads\/2025\/09\/5-Piece-White-Bathroom-Accessories-Wholesale-Ceramic-Soap-Dispenser-and-Soap-Dish-Set-300x300.webp 300w, https:\/\/jinhuaceramic.com\/wp-content\/uploads\/2025\/09\/5-Piece-White-Bathroom-Accessories-Wholesale-Ceramic-Soap-Dispenser-and-Soap-Dish-Set-150x150.webp 150w, https:\/\/jinhuaceramic.com\/wp-content\/uploads\/2025\/09\/5-Piece-White-Bathroom-Accessories-Wholesale-Ceramic-Soap-Dispenser-and-Soap-Dish-Set-768x768.webp 768w, https:\/\/jinhuaceramic.com\/wp-content\/uploads\/2025\/09\/5-Piece-White-Bathroom-Accessories-Wholesale-Ceramic-Soap-Dispenser-and-Soap-Dish-Set-12x12.webp 12w, https:\/\/jinhuaceramic.com\/wp-content\/uploads\/2025\/09\/5-Piece-White-Bathroom-Accessories-Wholesale-Ceramic-Soap-Dispenser-and-Soap-Dish-Set-285x285.webp 285w, https:\/\/jinhuaceramic.com\/wp-content\/uploads\/2025\/09\/5-Piece-White-Bathroom-Accessories-Wholesale-Ceramic-Soap-Dispenser-and-Soap-Dish-Set-1600x1600.webp 1600w, https:\/\/jinhuaceramic.com\/wp-content\/uploads\/2025\/09\/5-Piece-White-Bathroom-Accessories-Wholesale-Ceramic-Soap-Dispenser-and-Soap-Dish-Set-270x270.webp 270w, https:\/\/jinhuaceramic.com\/wp-content\/uploads\/2025\/09\/5-Piece-White-Bathroom-Accessories-Wholesale-Ceramic-Soap-Dispenser-and-Soap-Dish-Set-540x540.webp 540w, https:\/\/jinhuaceramic.com\/wp-content\/uploads\/2025\/09\/5-Piece-White-Bathroom-Accessories-Wholesale-Ceramic-Soap-Dispenser-and-Soap-Dish-Set-660x660.webp 660w\" sizes=\"(max-width: 2000px) 100vw, 2000px\" \/><\/figure>\n<\/div>\n<\/div>","protected":false},"excerpt":{"rendered":"<p>Bienvenido a encargar un juego de ba\u00f1o de cer\u00e1mica personalizado. Estos accesorios de ba\u00f1o blancos al por mayor combinan a la perfecci\u00f3n rayas verticales art\u00edsticas, un blanco vers\u00e1til, caracter\u00edsticas pr\u00e1cticas y completas, y materiales cer\u00e1micos de alta calidad, logrando tanto practicidad como belleza. M\u00e1s que simples art\u00edculos de tocador, son refinados muebles para el hogar que aportan una sensaci\u00f3n de orden y modernidad al cuarto de ba\u00f1o.<\/p>","protected":false},"featured_media":10358,"comment_status":"closed","ping_status":"closed","template":"","meta":{"_acf_changed":false},"product_brand":[],"product_cat":[51],"product_tag":[74],"class_list":{"0":"post-10357","1":"product","2":"type-product","3":"status-publish","4":"has-post-thumbnail","6":"product_cat-bathroom-accessories-wholesale","7":"product_tag-ceramic-bath-accessories-wholesale","9":"first","10":"instock","11":"shipping-taxable","12":"product-type-simple"},"acf":[],"_links":{"self":[{"href":"https:\/\/jinhuaceramic.com\/es\/wp-json\/wp\/v2\/product\/10357","targetHints":{"allow":["GET"]}}],"collection":[{"href":"https:\/\/jinhuaceramic.com\/es\/wp-json\/wp\/v2\/product"}],"about":[{"href":"https:\/\/jinhuaceramic.com\/es\/wp-json\/wp\/v2\/types\/product"}],"replies":[{"embeddable":true,"href":"https:\/\/jinhuaceramic.com\/es\/wp-json\/wp\/v2\/comments?post=10357"}],"version-history":[{"count":0,"href":"https:\/\/jinhuaceramic.com\/es\/wp-json\/wp\/v2\/product\/10357\/revisions"}],"wp:featuredmedia":[{"embeddable":true,"href":"https:\/\/jinhuaceramic.com\/es\/wp-json\/wp\/v2\/media\/10358"}],"wp:attachment":[{"href":"https:\/\/jinhuaceramic.com\/es\/wp-json\/wp\/v2\/media?parent=10357"}],"wp:term":[{"taxonomy":"product_brand","embeddable":true,"href":"https:\/\/jinhuaceramic.com\/es\/wp-json\/wp\/v2\/product_brand?post=10357"},{"taxonomy":"product_cat","embeddable":true,"href":"https:\/\/jinhuaceramic.com\/es\/wp-json\/wp\/v2\/product_cat?post=10357"},{"taxonomy":"product_tag","embeddable":true,"href":"https:\/\/jinhuaceramic.com\/es\/wp-json\/wp\/v2\/product_tag?post=10357"}],"curies":[{"name":"wp","href":"https:\/\/api.w.org\/{rel}","templated":true}]}}