{"id":10400,"date":"2025-09-19T10:02:43","date_gmt":"2025-09-19T10:02:43","guid":{"rendered":"https:\/\/jinhuaceramic.com\/?post_type=product&#038;p=10400"},"modified":"2025-09-19T10:02:44","modified_gmt":"2025-09-19T10:02:44","slug":"black-bath-set-wholesale","status":"publish","type":"product","link":"https:\/\/jinhuaceramic.com\/es\/product\/black-bath-set-wholesale\/","title":{"rendered":"Set de Ba\u00f1o Negro al por mayor, dispensador y portacepillos de dientes a granel"},"content":{"rendered":"<div class=\"wp-block-columns is-layout-flex wp-container-core-columns-is-layout-9d6595d7 wp-block-columns-is-layout-flex\">\n<div class=\"wp-block-column is-layout-flow wp-block-column-is-layout-flow\">\n<h3 class=\"wp-block-heading\">Premium Unique Black Bath Set Wholesale\u00a0Features:<\/h3>\n\n\n\n<ul class=\"wp-block-list\">\n<li><strong>Forma \u00fanica: <\/strong>The black bath set wholesale features unique abstract geometric shapes. The soap dispenser is a flat, round object with an interior donut-like hole, while the toothbrush holder is an irregular U-shape, diverging from the conventional form of traditional bathroom accessories and making them look modern, sculptural.<\/li>\n\n\n\n<li><strong>Color elegante: <\/strong>This wholesale black bath set features a beautiful black and gold color. The matte black finish gives a sophisticated and understated look, while the pump on the soap dispenser is boldly gold in color, which gives an element of luxury to the product, adding to its eye-catching appeal.<\/li>\n\n\n\n<li><strong>Long-term Material: <\/strong>These bulk ceramic toothbrush holders &amp; dispensers are hard in texture, anti-wear and anti-rust, not easy to break and have a long service life; the surface is fine and easy to clean, and water marks and stains are hardly deposited, which is easy to maintain daily.<\/li>\n\n\n\n<li><strong>Alta practicidad:<\/strong> These custom bathroom sets come with two practical components: a soap bottle with a push-button pump for easy use, and a toothbrush holder with a unique U-shaped design that provides two separate areas for organizing multiple toothbrushes.<\/li>\n<\/ul>\n<\/div>\n\n\n\n<div class=\"wp-block-column is-layout-flow wp-block-column-is-layout-flow\">\n<figure class=\"wp-block-image size-full\"><img fetchpriority=\"high\" decoding=\"async\" width=\"600\" height=\"600\" src=\"https:\/\/jinhuaceramic.com\/wp-content\/uploads\/2025\/09\/black-bath-set-wholesale-dispenser-toothbrush-holder-bulk-7.webp\" alt=\"black-bath-set-wholesale-dispenser-&amp;-toothbrush-holder-bulk-7\" class=\"wp-image-10481\" srcset=\"https:\/\/jinhuaceramic.com\/wp-content\/uploads\/2025\/09\/black-bath-set-wholesale-dispenser-toothbrush-holder-bulk-7.webp 600w, https:\/\/jinhuaceramic.com\/wp-content\/uploads\/2025\/09\/black-bath-set-wholesale-dispenser-toothbrush-holder-bulk-7-300x300.webp 300w, https:\/\/jinhuaceramic.com\/wp-content\/uploads\/2025\/09\/black-bath-set-wholesale-dispenser-toothbrush-holder-bulk-7-150x150.webp 150w, https:\/\/jinhuaceramic.com\/wp-content\/uploads\/2025\/09\/black-bath-set-wholesale-dispenser-toothbrush-holder-bulk-7-12x12.webp 12w, https:\/\/jinhuaceramic.com\/wp-content\/uploads\/2025\/09\/black-bath-set-wholesale-dispenser-toothbrush-holder-bulk-7-285x285.webp 285w, https:\/\/jinhuaceramic.com\/wp-content\/uploads\/2025\/09\/black-bath-set-wholesale-dispenser-toothbrush-holder-bulk-7-270x270.webp 270w, https:\/\/jinhuaceramic.com\/wp-content\/uploads\/2025\/09\/black-bath-set-wholesale-dispenser-toothbrush-holder-bulk-7-540x540.webp 540w\" sizes=\"(max-width: 600px) 100vw, 600px\" \/><\/figure>\n<\/div>\n<\/div>","protected":false},"excerpt":{"rendered":"<p>Bienvenido a comprar nuestro juego de ba\u00f1o negro al por mayor es vanguardista y \u00fanico en dise\u00f1o. Con formas geom\u00e9tricas abstractas, texturas mate, colores de moda y materiales cer\u00e1micos de alta gama, combinan a la perfecci\u00f3n la utilidad pr\u00e1ctica y el arte moderno. El juego de ba\u00f1o negro no s\u00f3lo se ocupa sin esfuerzo de sus necesidades diarias de aseo, sino que tambi\u00e9n crea un fuerte sentido de personalizaci\u00f3n para un espacio de ba\u00f1o de lujo.<\/p>","protected":false},"featured_media":10480,"comment_status":"closed","ping_status":"closed","template":"","meta":{"_acf_changed":false},"product_brand":[],"product_cat":[51],"product_tag":[74],"class_list":{"0":"post-10400","1":"product","2":"type-product","3":"status-publish","4":"has-post-thumbnail","6":"product_cat-bathroom-accessories-wholesale","7":"product_tag-ceramic-bath-accessories-wholesale","9":"first","10":"instock","11":"shipping-taxable","12":"product-type-simple"},"acf":[],"_links":{"self":[{"href":"https:\/\/jinhuaceramic.com\/es\/wp-json\/wp\/v2\/product\/10400","targetHints":{"allow":["GET"]}}],"collection":[{"href":"https:\/\/jinhuaceramic.com\/es\/wp-json\/wp\/v2\/product"}],"about":[{"href":"https:\/\/jinhuaceramic.com\/es\/wp-json\/wp\/v2\/types\/product"}],"replies":[{"embeddable":true,"href":"https:\/\/jinhuaceramic.com\/es\/wp-json\/wp\/v2\/comments?post=10400"}],"version-history":[{"count":0,"href":"https:\/\/jinhuaceramic.com\/es\/wp-json\/wp\/v2\/product\/10400\/revisions"}],"wp:featuredmedia":[{"embeddable":true,"href":"https:\/\/jinhuaceramic.com\/es\/wp-json\/wp\/v2\/media\/10480"}],"wp:attachment":[{"href":"https:\/\/jinhuaceramic.com\/es\/wp-json\/wp\/v2\/media?parent=10400"}],"wp:term":[{"taxonomy":"product_brand","embeddable":true,"href":"https:\/\/jinhuaceramic.com\/es\/wp-json\/wp\/v2\/product_brand?post=10400"},{"taxonomy":"product_cat","embeddable":true,"href":"https:\/\/jinhuaceramic.com\/es\/wp-json\/wp\/v2\/product_cat?post=10400"},{"taxonomy":"product_tag","embeddable":true,"href":"https:\/\/jinhuaceramic.com\/es\/wp-json\/wp\/v2\/product_tag?post=10400"}],"curies":[{"name":"wp","href":"https:\/\/api.w.org\/{rel}","templated":true}]}}