{"id":10413,"date":"2025-09-19T09:24:40","date_gmt":"2025-09-19T09:24:40","guid":{"rendered":"https:\/\/jinhuaceramic.com\/?post_type=product&#038;p=10413"},"modified":"2025-09-19T09:24:41","modified_gmt":"2025-09-19T09:24:41","slug":"wholesale-casserole-set","status":"publish","type":"product","link":"https:\/\/jinhuaceramic.com\/es\/product\/wholesale-casserole-set\/","title":{"rendered":"Juego de Cacerola Rectangular al por mayor, Bakeware personalizado de 3"},"content":{"rendered":"<div class=\"wp-block-columns is-layout-flex wp-container-core-columns-is-layout-9d6595d7 wp-block-columns-is-layout-flex\">\n<div class=\"wp-block-column is-layout-flow wp-block-column-is-layout-flow\">\n<h3 class=\"wp-block-heading\">Premium Rectangular Wholesale Casserole Set Features:<\/h3>\n\n\n\n<ul class=\"wp-block-list\">\n<li><strong>Dise\u00f1o elegante:<\/strong> These wholesale casserole sets have a simple design and a classic rectangular shape. Outer sides are decorated with three-dimensional concave and convex strips running vertically, eliminating the dullness of solid-colored, smooth baking trays and adding to the visual and tactile layering of the goods.<\/li>\n\n\n\n<li><strong>Material de alta calidad:<\/strong> The wholesale casserole set is made of high-quality ceramic material. Ceramic material has good thermal conductivity, so food heats evenly when baking and avoids local overheating or burning, and thus achieves the best baking effect and food flavor.<\/li>\n\n\n\n<li><strong>Varios tama\u00f1os:<\/strong> There are three sizes in these custom ceramic bakeware sets to suit your cooking and serving requirements, whether individual portions or family meals: the large size is suitable for grilling main courses, the medium size is suitable for sides, and the small size is suitable for single servings.<\/li>\n\n\n\n<li><strong>Del horno a la mesa: <\/strong>These beautifully designed wholesale baking dishes have convenient handles on both sides for easy mobility and can be brought directly to the table as tableware, reducing the steps of transferring food from baking dish to plate, making dining simpler and more elegant.<\/li>\n<\/ul>\n<\/div>\n\n\n\n<div class=\"wp-block-column is-layout-flow wp-block-column-is-layout-flow\">\n<figure class=\"wp-block-image size-full\"><img fetchpriority=\"high\" decoding=\"async\" width=\"600\" height=\"600\" src=\"https:\/\/jinhuaceramic.com\/wp-content\/uploads\/2025\/09\/Rectangular-Casserole-Dishes-for-Oven-Custom-Ceramic-Bakeware-Set-of-3.webp\" alt=\"rectangular-wholesale-casserole-set-custom-bakeware-of-3-1\" class=\"wp-image-10421\" srcset=\"https:\/\/jinhuaceramic.com\/wp-content\/uploads\/2025\/09\/Rectangular-Casserole-Dishes-for-Oven-Custom-Ceramic-Bakeware-Set-of-3.webp 600w, https:\/\/jinhuaceramic.com\/wp-content\/uploads\/2025\/09\/Rectangular-Casserole-Dishes-for-Oven-Custom-Ceramic-Bakeware-Set-of-3-300x300.webp 300w, https:\/\/jinhuaceramic.com\/wp-content\/uploads\/2025\/09\/Rectangular-Casserole-Dishes-for-Oven-Custom-Ceramic-Bakeware-Set-of-3-150x150.webp 150w, https:\/\/jinhuaceramic.com\/wp-content\/uploads\/2025\/09\/Rectangular-Casserole-Dishes-for-Oven-Custom-Ceramic-Bakeware-Set-of-3-12x12.webp 12w, https:\/\/jinhuaceramic.com\/wp-content\/uploads\/2025\/09\/Rectangular-Casserole-Dishes-for-Oven-Custom-Ceramic-Bakeware-Set-of-3-285x285.webp 285w, https:\/\/jinhuaceramic.com\/wp-content\/uploads\/2025\/09\/Rectangular-Casserole-Dishes-for-Oven-Custom-Ceramic-Bakeware-Set-of-3-270x270.webp 270w, https:\/\/jinhuaceramic.com\/wp-content\/uploads\/2025\/09\/Rectangular-Casserole-Dishes-for-Oven-Custom-Ceramic-Bakeware-Set-of-3-540x540.webp 540w\" sizes=\"(max-width: 600px) 100vw, 600px\" \/><\/figure>\n<\/div>\n<\/div>\n\n\n\n<p><\/p>","protected":false},"excerpt":{"rendered":"<p>Bienvenido a comprar nuestro juego de cacerolas al por mayor. Estos juegos de cacerolas al por mayor tienen un dise\u00f1o excepcional, incluyendo formas cl\u00e1sicas, rayas verticales \u00fanicas, varios tama\u00f1os y materiales cer\u00e1micos de alta calidad que son a la vez pr\u00e1cticos y hermosos. Estos juegos de cacerola son utensilios de cocina esenciales para la cocina y una vajilla de buena calidad que embellece su mesa de moda y su experiencia gastron\u00f3mica.<\/p>","protected":false},"featured_media":10416,"comment_status":"closed","ping_status":"closed","template":"","meta":{"_acf_changed":false},"product_brand":[],"product_cat":[53],"product_tag":[71],"class_list":{"0":"post-10413","1":"product","2":"type-product","3":"status-publish","4":"has-post-thumbnail","6":"product_cat-bakeware-in-bulk","7":"product_tag-wholesale-baking-pans","9":"first","10":"instock","11":"shipping-taxable","12":"product-type-simple"},"acf":[],"_links":{"self":[{"href":"https:\/\/jinhuaceramic.com\/es\/wp-json\/wp\/v2\/product\/10413","targetHints":{"allow":["GET"]}}],"collection":[{"href":"https:\/\/jinhuaceramic.com\/es\/wp-json\/wp\/v2\/product"}],"about":[{"href":"https:\/\/jinhuaceramic.com\/es\/wp-json\/wp\/v2\/types\/product"}],"replies":[{"embeddable":true,"href":"https:\/\/jinhuaceramic.com\/es\/wp-json\/wp\/v2\/comments?post=10413"}],"version-history":[{"count":0,"href":"https:\/\/jinhuaceramic.com\/es\/wp-json\/wp\/v2\/product\/10413\/revisions"}],"wp:featuredmedia":[{"embeddable":true,"href":"https:\/\/jinhuaceramic.com\/es\/wp-json\/wp\/v2\/media\/10416"}],"wp:attachment":[{"href":"https:\/\/jinhuaceramic.com\/es\/wp-json\/wp\/v2\/media?parent=10413"}],"wp:term":[{"taxonomy":"product_brand","embeddable":true,"href":"https:\/\/jinhuaceramic.com\/es\/wp-json\/wp\/v2\/product_brand?post=10413"},{"taxonomy":"product_cat","embeddable":true,"href":"https:\/\/jinhuaceramic.com\/es\/wp-json\/wp\/v2\/product_cat?post=10413"},{"taxonomy":"product_tag","embeddable":true,"href":"https:\/\/jinhuaceramic.com\/es\/wp-json\/wp\/v2\/product_tag?post=10413"}],"curies":[{"name":"wp","href":"https:\/\/api.w.org\/{rel}","templated":true}]}}