{"id":10428,"date":"2025-09-19T09:13:46","date_gmt":"2025-09-19T09:13:46","guid":{"rendered":"https:\/\/jinhuaceramic.com\/?post_type=product&#038;p=10428"},"modified":"2025-09-19T09:13:47","modified_gmt":"2025-09-19T09:13:47","slug":"customized-round-baking-pan","status":"publish","type":"product","link":"https:\/\/jinhuaceramic.com\/es\/product\/customized-round-baking-pan\/","title":{"rendered":"Molde redondo a medida, Molde de cer\u00e1mica a granel para horno"},"content":{"rendered":"<div class=\"wp-block-columns is-layout-flex wp-container-core-columns-is-layout-9d6595d7 wp-block-columns-is-layout-flex\">\n<div class=\"wp-block-column is-layout-flow wp-block-column-is-layout-flow\">\n<h3 class=\"wp-block-heading\">Sart\u00e9n Redonda Personalizada Premium Caracter\u00edsticas:<\/h3>\n\n\n\n<ul class=\"wp-block-list\">\n<li><strong>Forma redondeada:<\/strong> Estos moldes redondos personalizados presentan una forma redonda tradicional con bordes rectos y un aspecto suave y hogare\u00f1o. Las asas tienen rayas verticales, que no solo a\u00f1aden una superficie m\u00e1s antideslizante, sino que tambi\u00e9n realzan la sofisticaci\u00f3n.<\/li>\n\n\n\n<li><strong>Variedad de colores: <\/strong>Estos moldes redondos personalizados tambi\u00e9n est\u00e1n disponibles en varios colores, como azul tranquilo, azul cielo p\u00e1lido, rojo brillante y blanco puro. La gama de colores profundos puede satisfacer las diversas preferencias est\u00e9ticas de los clientes y proporcionar oportunidades adicionales para la configuraci\u00f3n de la mesa.<\/li>\n\n\n\n<li><strong>Material de calidad: <\/strong>Estos platos de cer\u00e1mica para hornear al por mayor de calidad se cuecen a alta temperatura para obtener una gran dureza y resistencia al desgaste, y prolongar la vida \u00fatil. Adem\u00e1s, la superficie de la cer\u00e1mica lisa no absorbe los alimentos y cualquier olor, y es f\u00e1cil de limpiar.<\/li>\n\n\n\n<li><strong>Uso multifuncional: <\/strong>Estos moldes redondos para tartas al por mayor no s\u00f3lo se pueden utilizar para hornear tartas, pizzas, pasteles, arroz al horno y otros alimentos, sino que tambi\u00e9n se pueden utilizar como vajilla para servir directamente ensaladas, frutas o sopas, y son ampliamente aplicables.<\/li>\n<\/ul>\n<\/div>\n\n\n\n<div class=\"wp-block-column is-layout-flow wp-block-column-is-layout-flow\">\n<figure class=\"wp-block-image size-full\"><img fetchpriority=\"high\" decoding=\"async\" width=\"500\" height=\"500\" src=\"https:\/\/jinhuaceramic.com\/wp-content\/uploads\/2025\/09\/Wholesale-Round-Baking-Dish-Custom-Ceramic-Pie-Baking-Pan-For-Oven-7.webp\" alt=\"Mayorista-Plato-Redondo-Para-Horno,-Plato-Para-Horno-De-Cer\u00e1mica-Personalizado\" class=\"wp-image-10434\" srcset=\"https:\/\/jinhuaceramic.com\/wp-content\/uploads\/2025\/09\/Wholesale-Round-Baking-Dish-Custom-Ceramic-Pie-Baking-Pan-For-Oven-7.webp 500w, https:\/\/jinhuaceramic.com\/wp-content\/uploads\/2025\/09\/Wholesale-Round-Baking-Dish-Custom-Ceramic-Pie-Baking-Pan-For-Oven-7-300x300.webp 300w, https:\/\/jinhuaceramic.com\/wp-content\/uploads\/2025\/09\/Wholesale-Round-Baking-Dish-Custom-Ceramic-Pie-Baking-Pan-For-Oven-7-150x150.webp 150w, https:\/\/jinhuaceramic.com\/wp-content\/uploads\/2025\/09\/Wholesale-Round-Baking-Dish-Custom-Ceramic-Pie-Baking-Pan-For-Oven-7-12x12.webp 12w, https:\/\/jinhuaceramic.com\/wp-content\/uploads\/2025\/09\/Wholesale-Round-Baking-Dish-Custom-Ceramic-Pie-Baking-Pan-For-Oven-7-285x285.webp 285w, https:\/\/jinhuaceramic.com\/wp-content\/uploads\/2025\/09\/Wholesale-Round-Baking-Dish-Custom-Ceramic-Pie-Baking-Pan-For-Oven-7-270x270.webp 270w\" sizes=\"(max-width: 500px) 100vw, 500px\" \/><\/figure>\n<\/div>\n<\/div>\n\n\n\n<p><\/p>","protected":false},"excerpt":{"rendered":"<p>Bienvenido a comprar estos moldes redondos para hornear personalizados con diferentes colores, material cer\u00e1mico resistente y usos multifunci\u00f3n, utilidad y belleza. Estos platos para hornear no son s\u00f3lo utensilios pr\u00e1cticos para hornear en la cocina, pero tambi\u00e9n se puede utilizar como vajilla para mejorar la moda y la felicidad de tener comidas en la mesa. Admite servicio personalizado OEM\/ODM.<\/p>","protected":false},"featured_media":10430,"comment_status":"closed","ping_status":"closed","template":"","meta":{"_acf_changed":false},"product_brand":[],"product_cat":[53],"product_tag":[70,71],"class_list":{"0":"post-10428","1":"product","2":"type-product","3":"status-publish","4":"has-post-thumbnail","6":"product_cat-bakeware-in-bulk","7":"product_tag-custom-pie-pans","8":"product_tag-wholesale-baking-pans","10":"first","11":"instock","12":"shipping-taxable","13":"product-type-simple"},"acf":[],"_links":{"self":[{"href":"https:\/\/jinhuaceramic.com\/es\/wp-json\/wp\/v2\/product\/10428","targetHints":{"allow":["GET"]}}],"collection":[{"href":"https:\/\/jinhuaceramic.com\/es\/wp-json\/wp\/v2\/product"}],"about":[{"href":"https:\/\/jinhuaceramic.com\/es\/wp-json\/wp\/v2\/types\/product"}],"replies":[{"embeddable":true,"href":"https:\/\/jinhuaceramic.com\/es\/wp-json\/wp\/v2\/comments?post=10428"}],"version-history":[{"count":0,"href":"https:\/\/jinhuaceramic.com\/es\/wp-json\/wp\/v2\/product\/10428\/revisions"}],"wp:featuredmedia":[{"embeddable":true,"href":"https:\/\/jinhuaceramic.com\/es\/wp-json\/wp\/v2\/media\/10430"}],"wp:attachment":[{"href":"https:\/\/jinhuaceramic.com\/es\/wp-json\/wp\/v2\/media?parent=10428"}],"wp:term":[{"taxonomy":"product_brand","embeddable":true,"href":"https:\/\/jinhuaceramic.com\/es\/wp-json\/wp\/v2\/product_brand?post=10428"},{"taxonomy":"product_cat","embeddable":true,"href":"https:\/\/jinhuaceramic.com\/es\/wp-json\/wp\/v2\/product_cat?post=10428"},{"taxonomy":"product_tag","embeddable":true,"href":"https:\/\/jinhuaceramic.com\/es\/wp-json\/wp\/v2\/product_tag?post=10428"}],"curies":[{"name":"wp","href":"https:\/\/api.w.org\/{rel}","templated":true}]}}