{"id":10444,"date":"2025-09-19T08:58:35","date_gmt":"2025-09-19T08:58:35","guid":{"rendered":"https:\/\/jinhuaceramic.com\/?post_type=product&#038;p=10444"},"modified":"2025-09-19T08:58:37","modified_gmt":"2025-09-19T08:58:37","slug":"baking-pan-supplies","status":"publish","type":"product","link":"https:\/\/jinhuaceramic.com\/es\/product\/baking-pan-supplies\/","title":{"rendered":"Bandeja de cer\u00e1mica p\u00farpura para hornear Suministros, Custom Baking Dish for Food Service"},"content":{"rendered":"<div class=\"wp-block-columns is-layout-flex wp-container-core-columns-is-layout-9d6595d7 wp-block-columns-is-layout-flex\">\n<div class=\"wp-block-column is-layout-flow wp-block-column-is-layout-flow\">\n<h3 class=\"wp-block-heading\">Premium Purple Ceramic Baking Pan Supplies\u00a0Features:<\/h3>\n\n\n\n<ul class=\"wp-block-list\">\n<li><strong>Combinaci\u00f3n de colores \u00fanica: <\/strong>These wholesale ceramic baking pan supplies utilize a distinct color combination; the outside features a calming and sophisticated gradient purple, while the inside features a crisp off-white. The look breaks the blandness of the solid color and serves an aesthetic purpose to the baking pan.<\/li>\n\n\n\n<li><strong>Material cer\u00e1mico de alta calidad:<\/strong> The custom baking pans are made of high-quality ceramic material, which is heat-resistant and oven-proof, microwave-proof, and dishwasher-proof. Ceramic is non-toxic and harmless, thereby safe and healthy to use.<\/li>\n\n\n\n<li><strong>Multiple Uses: <\/strong>These wholesale ceramic baking pan supplies stocks have a proven rectangular design, perfect for baking all types of dishes, ranging from roasts and steaks to lasagna and roasted vegetables, brownies, and more. They are also perfect for use on the dining table because they have an aesthetic appearance.<\/li>\n\n\n\n<li><strong>F\u00e1cil limpieza:<\/strong> With their own smooth and fine glaze on both inner and outer sides, which resists food residue and grease spots and is easy to clean and maintain, these wholesale baking dishes offer the best cleaning ease.<\/li>\n<\/ul>\n<\/div>\n\n\n\n<div class=\"wp-block-column is-layout-flow wp-block-column-is-layout-flow\">\n<figure class=\"wp-block-image size-full\"><img fetchpriority=\"high\" decoding=\"async\" width=\"1001\" height=\"1001\" src=\"https:\/\/jinhuaceramic.com\/wp-content\/uploads\/2025\/09\/Purple-Ceramic-Baking-Dish-Wholesale-Custom-Baking-Pans-for-Food-Service-6.webp\" alt=\"purple-ceramic-baking-pan-supplies-custom-baking-dishes-6\" class=\"wp-image-10449\" srcset=\"https:\/\/jinhuaceramic.com\/wp-content\/uploads\/2025\/09\/Purple-Ceramic-Baking-Dish-Wholesale-Custom-Baking-Pans-for-Food-Service-6.webp 1001w, https:\/\/jinhuaceramic.com\/wp-content\/uploads\/2025\/09\/Purple-Ceramic-Baking-Dish-Wholesale-Custom-Baking-Pans-for-Food-Service-6-300x300.webp 300w, https:\/\/jinhuaceramic.com\/wp-content\/uploads\/2025\/09\/Purple-Ceramic-Baking-Dish-Wholesale-Custom-Baking-Pans-for-Food-Service-6-150x150.webp 150w, https:\/\/jinhuaceramic.com\/wp-content\/uploads\/2025\/09\/Purple-Ceramic-Baking-Dish-Wholesale-Custom-Baking-Pans-for-Food-Service-6-768x768.webp 768w, https:\/\/jinhuaceramic.com\/wp-content\/uploads\/2025\/09\/Purple-Ceramic-Baking-Dish-Wholesale-Custom-Baking-Pans-for-Food-Service-6-12x12.webp 12w, https:\/\/jinhuaceramic.com\/wp-content\/uploads\/2025\/09\/Purple-Ceramic-Baking-Dish-Wholesale-Custom-Baking-Pans-for-Food-Service-6-285x285.webp 285w, https:\/\/jinhuaceramic.com\/wp-content\/uploads\/2025\/09\/Purple-Ceramic-Baking-Dish-Wholesale-Custom-Baking-Pans-for-Food-Service-6-270x270.webp 270w, https:\/\/jinhuaceramic.com\/wp-content\/uploads\/2025\/09\/Purple-Ceramic-Baking-Dish-Wholesale-Custom-Baking-Pans-for-Food-Service-6-540x540.webp 540w, https:\/\/jinhuaceramic.com\/wp-content\/uploads\/2025\/09\/Purple-Ceramic-Baking-Dish-Wholesale-Custom-Baking-Pans-for-Food-Service-6-660x660.webp 660w\" sizes=\"(max-width: 1001px) 100vw, 1001px\" \/><\/figure>\n<\/div>\n<\/div>","protected":false},"excerpt":{"rendered":"<p>No dude en adquirir nuestros moldes de cer\u00e1mica al por mayor. Los moldes para hornear se caracterizan por una combinaci\u00f3n \u00fanica y contrastante de colores p\u00farpura y blanco, que los hace elegantes y exquisitos. La cer\u00e1mica es duradera y f\u00e1cil de limpiar. Combinando funcionalidad y belleza, los moldes no s\u00f3lo son utensilios de cocina que se pueden utilizar para hornear todo tipo de alimentos, sino tambi\u00e9n vajilla de alta calidad que aporta majestuosidad y belleza a su mesa de comedor.<\/p>","protected":false},"featured_media":10450,"comment_status":"closed","ping_status":"closed","template":"","meta":{"_acf_changed":false},"product_brand":[],"product_cat":[53],"product_tag":[71],"class_list":{"0":"post-10444","1":"product","2":"type-product","3":"status-publish","4":"has-post-thumbnail","6":"product_cat-bakeware-in-bulk","7":"product_tag-wholesale-baking-pans","9":"first","10":"instock","11":"shipping-taxable","12":"product-type-simple"},"acf":[],"_links":{"self":[{"href":"https:\/\/jinhuaceramic.com\/es\/wp-json\/wp\/v2\/product\/10444","targetHints":{"allow":["GET"]}}],"collection":[{"href":"https:\/\/jinhuaceramic.com\/es\/wp-json\/wp\/v2\/product"}],"about":[{"href":"https:\/\/jinhuaceramic.com\/es\/wp-json\/wp\/v2\/types\/product"}],"replies":[{"embeddable":true,"href":"https:\/\/jinhuaceramic.com\/es\/wp-json\/wp\/v2\/comments?post=10444"}],"version-history":[{"count":0,"href":"https:\/\/jinhuaceramic.com\/es\/wp-json\/wp\/v2\/product\/10444\/revisions"}],"wp:featuredmedia":[{"embeddable":true,"href":"https:\/\/jinhuaceramic.com\/es\/wp-json\/wp\/v2\/media\/10450"}],"wp:attachment":[{"href":"https:\/\/jinhuaceramic.com\/es\/wp-json\/wp\/v2\/media?parent=10444"}],"wp:term":[{"taxonomy":"product_brand","embeddable":true,"href":"https:\/\/jinhuaceramic.com\/es\/wp-json\/wp\/v2\/product_brand?post=10444"},{"taxonomy":"product_cat","embeddable":true,"href":"https:\/\/jinhuaceramic.com\/es\/wp-json\/wp\/v2\/product_cat?post=10444"},{"taxonomy":"product_tag","embeddable":true,"href":"https:\/\/jinhuaceramic.com\/es\/wp-json\/wp\/v2\/product_tag?post=10444"}],"curies":[{"name":"wp","href":"https:\/\/api.w.org\/{rel}","templated":true}]}}