{"id":10496,"date":"2025-09-25T10:03:30","date_gmt":"2025-09-25T10:03:30","guid":{"rendered":"https:\/\/jinhuaceramic.com\/?post_type=product&#038;p=10496"},"modified":"2025-09-25T10:03:32","modified_gmt":"2025-09-25T10:03:32","slug":"bathroom-set-3-piece-bulk","status":"publish","type":"product","link":"https:\/\/jinhuaceramic.com\/es\/product\/bathroom-set-3-piece-bulk\/","title":{"rendered":"Set de ba\u00f1o marr\u00f3n 3 piezas a granel, Art\u00edculos de ba\u00f1o de cer\u00e1mica"},"content":{"rendered":"<div class=\"wp-block-columns is-layout-flex wp-container-core-columns-is-layout-9d6595d7 wp-block-columns-is-layout-flex\">\n<div class=\"wp-block-column is-layout-flow wp-block-column-is-layout-flow\">\n<h3 class=\"wp-block-heading\">Premium Brown Set de Ba\u00f1o 3 Piezas a Granel Caracter\u00edsticas:<\/h3>\n\n\n\n<ul class=\"wp-block-list\">\n<li><strong>Material cer\u00e1mico de primera calidad:<\/strong> El juego de ba\u00f1o marr\u00f3n de 3 piezas a granel, fabricado en cer\u00e1mica de alta calidad, tiene una superficie lisa y f\u00e1cil de limpiar, es impermeable y resistente a la humedad, adem\u00e1s de duradero y resistente a la decoloraci\u00f3n.<\/li>\n\n\n\n<li><strong>Pr\u00e1ctico juego de tres piezas: <\/strong>El set de ba\u00f1o marr\u00f3n a granel de 3 piezas incluye una bandeja para el jab\u00f3n, un dispensador y un vaso para el enjuague bucal, satisfaciendo todas sus necesidades de aseo diario en un solo set.<\/li>\n\n\n\n<li><strong>Dise\u00f1o marr\u00f3n sencillo:<\/strong> Este juego de ba\u00f1o de cer\u00e1mica al por mayor ofrece un sofisticado y atemporal color marr\u00f3n que se adapta a m\u00faltiples dise\u00f1os de ba\u00f1o, ayudando a cualquier cuarto de ba\u00f1o a expresar grandeza y comodidad.<\/li>\n\n\n\n<li><strong>Opciones de personalizaci\u00f3n al por mayor:<\/strong> Estamos disponibles para la venta al por mayor al por mayor, logotipos y envases personalizados OEM\/ODM, y somos adecuados para hoteles, B&amp;B y minoristas que buscan compras a largo plazo.<\/li>\n<\/ul>\n<\/div>\n\n\n\n<div class=\"wp-block-column is-layout-flow wp-block-column-is-layout-flow\">\n<figure class=\"wp-block-image size-full\"><img fetchpriority=\"high\" decoding=\"async\" width=\"950\" height=\"950\" src=\"https:\/\/jinhuaceramic.com\/wp-content\/uploads\/2025\/09\/Brown-Ceramic-Bathroom-Accessories-Wholesale-Soap-Dispenser-and-Toothbrush-Holder-Set.webp\" alt=\"set-ba\u00f1o-marron-3-piezas-suministros-ba\u00f1o-ceramica-granel-1\" class=\"wp-image-10501\" srcset=\"https:\/\/jinhuaceramic.com\/wp-content\/uploads\/2025\/09\/Brown-Ceramic-Bathroom-Accessories-Wholesale-Soap-Dispenser-and-Toothbrush-Holder-Set.webp 950w, https:\/\/jinhuaceramic.com\/wp-content\/uploads\/2025\/09\/Brown-Ceramic-Bathroom-Accessories-Wholesale-Soap-Dispenser-and-Toothbrush-Holder-Set-300x300.webp 300w, https:\/\/jinhuaceramic.com\/wp-content\/uploads\/2025\/09\/Brown-Ceramic-Bathroom-Accessories-Wholesale-Soap-Dispenser-and-Toothbrush-Holder-Set-150x150.webp 150w, https:\/\/jinhuaceramic.com\/wp-content\/uploads\/2025\/09\/Brown-Ceramic-Bathroom-Accessories-Wholesale-Soap-Dispenser-and-Toothbrush-Holder-Set-768x768.webp 768w, https:\/\/jinhuaceramic.com\/wp-content\/uploads\/2025\/09\/Brown-Ceramic-Bathroom-Accessories-Wholesale-Soap-Dispenser-and-Toothbrush-Holder-Set-12x12.webp 12w, https:\/\/jinhuaceramic.com\/wp-content\/uploads\/2025\/09\/Brown-Ceramic-Bathroom-Accessories-Wholesale-Soap-Dispenser-and-Toothbrush-Holder-Set-285x285.webp 285w, https:\/\/jinhuaceramic.com\/wp-content\/uploads\/2025\/09\/Brown-Ceramic-Bathroom-Accessories-Wholesale-Soap-Dispenser-and-Toothbrush-Holder-Set-270x270.webp 270w, https:\/\/jinhuaceramic.com\/wp-content\/uploads\/2025\/09\/Brown-Ceramic-Bathroom-Accessories-Wholesale-Soap-Dispenser-and-Toothbrush-Holder-Set-540x540.webp 540w, https:\/\/jinhuaceramic.com\/wp-content\/uploads\/2025\/09\/Brown-Ceramic-Bathroom-Accessories-Wholesale-Soap-Dispenser-and-Toothbrush-Holder-Set-660x660.webp 660w\" sizes=\"(max-width: 950px) 100vw, 950px\" \/><\/figure>\n<\/div>\n<\/div>","protected":false},"excerpt":{"rendered":"<p>Bienvenido a comprar nuestro set de ba\u00f1o marr\u00f3n de 3 piezas al por mayor. El set de ba\u00f1o de cer\u00e1mica al por mayor ofrece una soluci\u00f3n pr\u00e1ctica y elegante para los aseos modernos. Incluye una bandeja de jab\u00f3n, dispensador, y la taza de enjuague bucal, este conjunto de cer\u00e1mica duradera es ideal para hoteles, minoristas y mayoristas que buscan suministros de ba\u00f1o de alta calidad a granel con opciones de personalizaci\u00f3n flexibles.<\/p>","protected":false},"featured_media":10501,"comment_status":"closed","ping_status":"closed","template":"","meta":{"_acf_changed":false},"product_brand":[],"product_cat":[51],"product_tag":[74],"class_list":{"0":"post-10496","1":"product","2":"type-product","3":"status-publish","4":"has-post-thumbnail","6":"product_cat-bathroom-accessories-wholesale","7":"product_tag-ceramic-bath-accessories-wholesale","9":"first","10":"instock","11":"shipping-taxable","12":"product-type-simple"},"acf":[],"_links":{"self":[{"href":"https:\/\/jinhuaceramic.com\/es\/wp-json\/wp\/v2\/product\/10496","targetHints":{"allow":["GET"]}}],"collection":[{"href":"https:\/\/jinhuaceramic.com\/es\/wp-json\/wp\/v2\/product"}],"about":[{"href":"https:\/\/jinhuaceramic.com\/es\/wp-json\/wp\/v2\/types\/product"}],"replies":[{"embeddable":true,"href":"https:\/\/jinhuaceramic.com\/es\/wp-json\/wp\/v2\/comments?post=10496"}],"version-history":[{"count":0,"href":"https:\/\/jinhuaceramic.com\/es\/wp-json\/wp\/v2\/product\/10496\/revisions"}],"wp:featuredmedia":[{"embeddable":true,"href":"https:\/\/jinhuaceramic.com\/es\/wp-json\/wp\/v2\/media\/10501"}],"wp:attachment":[{"href":"https:\/\/jinhuaceramic.com\/es\/wp-json\/wp\/v2\/media?parent=10496"}],"wp:term":[{"taxonomy":"product_brand","embeddable":true,"href":"https:\/\/jinhuaceramic.com\/es\/wp-json\/wp\/v2\/product_brand?post=10496"},{"taxonomy":"product_cat","embeddable":true,"href":"https:\/\/jinhuaceramic.com\/es\/wp-json\/wp\/v2\/product_cat?post=10496"},{"taxonomy":"product_tag","embeddable":true,"href":"https:\/\/jinhuaceramic.com\/es\/wp-json\/wp\/v2\/product_tag?post=10496"}],"curies":[{"name":"wp","href":"https:\/\/api.w.org\/{rel}","templated":true}]}}