{"id":10511,"date":"2025-09-25T09:23:15","date_gmt":"2025-09-25T09:23:15","guid":{"rendered":"https:\/\/jinhuaceramic.com\/?post_type=product&#038;p=10511"},"modified":"2025-09-25T09:23:17","modified_gmt":"2025-09-25T09:23:17","slug":"custom-bathroom-set-wholesale","status":"publish","type":"product","link":"https:\/\/jinhuaceramic.com\/es\/product\/custom-bathroom-set-wholesale\/","title":{"rendered":"Juego De Ba\u00f1o Al Por Mayor, Juego De Ba\u00f1o De Cer\u00e1mica Blanca Al Por Mayor"},"content":{"rendered":"<div class=\"wp-block-columns is-layout-flex wp-container-core-columns-is-layout-9d6595d7 wp-block-columns-is-layout-flex\">\n<div class=\"wp-block-column is-layout-flow wp-block-column-is-layout-flow\">\n<h3 class=\"wp-block-heading\">Juego de ba\u00f1o personalizado de primera calidad al por mayor Caracter\u00edsticas del juego de ba\u00f1o:<\/h3>\n\n\n\n<ul class=\"wp-block-list\">\n<li><strong>Dise\u00f1o minimalista: <\/strong>Estos juegos de ba\u00f1o personalizados al por mayor son completamente blancos y est\u00e1n compuestos por formas geom\u00e9tricas c\u00f3nicas simples y suaves, lo que facilita su aplicaci\u00f3n en el lavabo y otras \u00e1reas de su ba\u00f1o para mantener el espacio limpio y ordenado.<\/li>\n\n\n\n<li><strong>Juego completo:<\/strong> El juego de ba\u00f1o personalizado al por mayor incluye recipientes de diversas formas y funciones, como dispensadores de jab\u00f3n, portacepillos de dientes, jaboneras, tarros para algod\u00f3n y bandejas. Cumplen todas las funciones y satisfacen las necesidades de clasificaci\u00f3n y almacenamiento de los art\u00edculos de ba\u00f1o, para mantener organizada la encimera de su cuarto de ba\u00f1o.<\/li>\n\n\n\n<li><strong>Material duradero: <\/strong>Estos juegos de ba\u00f1o de cer\u00e1mica al por mayor de alta calidad tienen una textura dura, son resistentes al desgaste y a la corrosi\u00f3n y no se da\u00f1an f\u00e1cilmente, lo que garantiza su uso durante mucho tiempo.<\/li>\n\n\n\n<li><strong>F\u00e1cil de limpiar:<\/strong> Estos juegos de ba\u00f1o de cer\u00e1mica blanca a granel tienen una superficie lisa y densa, lo que hace que no se adhieran f\u00e1cilmente las manchas de agua y la suciedad. Cuando se limpia a diario, solo se necesita un pa\u00f1o h\u00famedo para eliminar las manchas y el juego de ba\u00f1o mantendr\u00e1 su aspecto limpio.<\/li>\n<\/ul>\n<\/div>\n\n\n\n<div class=\"wp-block-column is-layout-flow wp-block-column-is-layout-flow\">\n<figure class=\"wp-block-image size-full\"><img fetchpriority=\"high\" decoding=\"async\" width=\"1024\" height=\"1024\" src=\"https:\/\/jinhuaceramic.com\/wp-content\/uploads\/2025\/09\/White-Designer-Bathroom-Sets-Custom-Ceramic-Bath-Accessories-Wholesale.webp\" alt=\"juego de ba\u00f1o a medida - mayorista - juego de ba\u00f1o de cer\u00e1mica blanca - bulto-1\" class=\"wp-image-10518\" srcset=\"https:\/\/jinhuaceramic.com\/wp-content\/uploads\/2025\/09\/White-Designer-Bathroom-Sets-Custom-Ceramic-Bath-Accessories-Wholesale.webp 1024w, https:\/\/jinhuaceramic.com\/wp-content\/uploads\/2025\/09\/White-Designer-Bathroom-Sets-Custom-Ceramic-Bath-Accessories-Wholesale-300x300.webp 300w, https:\/\/jinhuaceramic.com\/wp-content\/uploads\/2025\/09\/White-Designer-Bathroom-Sets-Custom-Ceramic-Bath-Accessories-Wholesale-150x150.webp 150w, https:\/\/jinhuaceramic.com\/wp-content\/uploads\/2025\/09\/White-Designer-Bathroom-Sets-Custom-Ceramic-Bath-Accessories-Wholesale-768x768.webp 768w, https:\/\/jinhuaceramic.com\/wp-content\/uploads\/2025\/09\/White-Designer-Bathroom-Sets-Custom-Ceramic-Bath-Accessories-Wholesale-12x12.webp 12w, https:\/\/jinhuaceramic.com\/wp-content\/uploads\/2025\/09\/White-Designer-Bathroom-Sets-Custom-Ceramic-Bath-Accessories-Wholesale-285x285.webp 285w, https:\/\/jinhuaceramic.com\/wp-content\/uploads\/2025\/09\/White-Designer-Bathroom-Sets-Custom-Ceramic-Bath-Accessories-Wholesale-270x270.webp 270w, https:\/\/jinhuaceramic.com\/wp-content\/uploads\/2025\/09\/White-Designer-Bathroom-Sets-Custom-Ceramic-Bath-Accessories-Wholesale-540x540.webp 540w, https:\/\/jinhuaceramic.com\/wp-content\/uploads\/2025\/09\/White-Designer-Bathroom-Sets-Custom-Ceramic-Bath-Accessories-Wholesale-660x660.webp 660w\" sizes=\"(max-width: 1024px) 100vw, 1024px\" \/><\/figure>\n<\/div>\n<\/div>","protected":false},"excerpt":{"rendered":"<p>Bienvenido a comprar nuestros juegos de ba\u00f1o personalizados al por mayor. Estos conjuntos de ba\u00f1o personalizados blancos, con su dise\u00f1o minimalista y hermoso, funciones pr\u00e1cticas y completas, materiales cer\u00e1micos excelentes y duraderos y caracter\u00edsticas f\u00e1ciles de limpiar, pueden brindar a los usuarios una experiencia de ba\u00f1o c\u00f3moda, conveniente y de alta calidad, lo que los convierte en una opci\u00f3n de alta calidad para suministros de ba\u00f1o.<\/p>","protected":false},"featured_media":10518,"comment_status":"closed","ping_status":"closed","template":"","meta":{"_acf_changed":false},"product_brand":[],"product_cat":[51],"product_tag":[74],"class_list":{"0":"post-10511","1":"product","2":"type-product","3":"status-publish","4":"has-post-thumbnail","6":"product_cat-bathroom-accessories-wholesale","7":"product_tag-ceramic-bath-accessories-wholesale","9":"first","10":"instock","11":"shipping-taxable","12":"product-type-simple"},"acf":[],"_links":{"self":[{"href":"https:\/\/jinhuaceramic.com\/es\/wp-json\/wp\/v2\/product\/10511","targetHints":{"allow":["GET"]}}],"collection":[{"href":"https:\/\/jinhuaceramic.com\/es\/wp-json\/wp\/v2\/product"}],"about":[{"href":"https:\/\/jinhuaceramic.com\/es\/wp-json\/wp\/v2\/types\/product"}],"replies":[{"embeddable":true,"href":"https:\/\/jinhuaceramic.com\/es\/wp-json\/wp\/v2\/comments?post=10511"}],"version-history":[{"count":0,"href":"https:\/\/jinhuaceramic.com\/es\/wp-json\/wp\/v2\/product\/10511\/revisions"}],"wp:featuredmedia":[{"embeddable":true,"href":"https:\/\/jinhuaceramic.com\/es\/wp-json\/wp\/v2\/media\/10518"}],"wp:attachment":[{"href":"https:\/\/jinhuaceramic.com\/es\/wp-json\/wp\/v2\/media?parent=10511"}],"wp:term":[{"taxonomy":"product_brand","embeddable":true,"href":"https:\/\/jinhuaceramic.com\/es\/wp-json\/wp\/v2\/product_brand?post=10511"},{"taxonomy":"product_cat","embeddable":true,"href":"https:\/\/jinhuaceramic.com\/es\/wp-json\/wp\/v2\/product_cat?post=10511"},{"taxonomy":"product_tag","embeddable":true,"href":"https:\/\/jinhuaceramic.com\/es\/wp-json\/wp\/v2\/product_tag?post=10511"}],"curies":[{"name":"wp","href":"https:\/\/api.w.org\/{rel}","templated":true}]}}