{"id":10539,"date":"2025-09-30T10:05:32","date_gmt":"2025-09-30T10:05:32","guid":{"rendered":"https:\/\/jinhuaceramic.com\/?post_type=product&#038;p=10539"},"modified":"2025-09-30T10:05:33","modified_gmt":"2025-09-30T10:05:33","slug":"wholesale-baking-dish","status":"publish","type":"product","link":"https:\/\/jinhuaceramic.com\/es\/product\/wholesale-baking-dish\/","title":{"rendered":"Platos de Cer\u00e1mica para Hornear, Platos de Cer\u00e1mica para Cocina al por mayor"},"content":{"rendered":"<div class=\"wp-block-columns is-layout-flex wp-container-core-columns-is-layout-9d6595d7 wp-block-columns-is-layout-flex\">\n<div class=\"wp-block-column is-layout-flow wp-block-column-is-layout-flow\">\n<h3 class=\"wp-block-heading\">Caracter\u00edsticas de la fuente para hornear al por mayor de primera calidad:<\/h3>\n\n\n\n<ul class=\"wp-block-list\">\n<li><strong>Elegante combinaci\u00f3n de colores:<\/strong> Estos platos para hornear al por mayor est\u00e1n dise\u00f1ados con una combinaci\u00f3n de colores gris claro y decorados con l\u00edneas doradas en los bordes, que son sencillos pero elegantes, y se adaptan bien a diversos estilos de mesas de comedor y decoraci\u00f3n de cocinas.<\/li>\n\n\n\n<li><strong>Textura ondulada:<\/strong> La parte exterior de estas bandejas de cer\u00e1mica para hornear a granel tiene una textura ondulada, y estas texturas irregulares aumentan la textura t\u00e1ctil y visual de las bandejas, lo que las hace m\u00e1s distintivas en apariencia y diferentes de las bandejas de hornear comunes.<\/li>\n\n\n\n<li><strong>Material duradero:<\/strong> Estos moldes para hornear al por mayor est\u00e1n fabricados con materiales cer\u00e1micos de alta calidad que han sido cocidos a altas temperaturas. Tienen una textura dura, son resistentes al desgaste y a los ara\u00f1azos, no se da\u00f1an f\u00e1cilmente y tienen una larga vida \u00fatil.<\/li>\n\n\n\n<li><strong>Alta practicidad:<\/strong> Estas bandejas de cer\u00e1mica para hornear son adecuadas para hornear una gran variedad de recetas, como lasa\u00f1a, pollo, filete, brownies, etc. Est\u00e1n equipadas con asas antideslizantes a ambos lados, lo que resulta muy pr\u00e1ctico para trasladar la bandeja directamente del horno a la mesa como vajilla.<\/li>\n<\/ul>\n<\/div>\n\n\n\n<div class=\"wp-block-column is-layout-flow wp-block-column-is-layout-flow\">\n<figure class=\"wp-block-image size-full\"><img fetchpriority=\"high\" decoding=\"async\" width=\"1000\" height=\"1000\" src=\"https:\/\/jinhuaceramic.com\/wp-content\/uploads\/2025\/09\/Custom-Baking-Dish-with-Ripple-Texture-Ceramic-Kitchen-Bakeware-Wholesale.webp\" alt=\"Platos de Cer\u00e1mica para Hornear, Platos de Cer\u00e1mica para Cocina al por mayor\" class=\"wp-image-10545\" srcset=\"https:\/\/jinhuaceramic.com\/wp-content\/uploads\/2025\/09\/Custom-Baking-Dish-with-Ripple-Texture-Ceramic-Kitchen-Bakeware-Wholesale.webp 1000w, https:\/\/jinhuaceramic.com\/wp-content\/uploads\/2025\/09\/Custom-Baking-Dish-with-Ripple-Texture-Ceramic-Kitchen-Bakeware-Wholesale-300x300.webp 300w, https:\/\/jinhuaceramic.com\/wp-content\/uploads\/2025\/09\/Custom-Baking-Dish-with-Ripple-Texture-Ceramic-Kitchen-Bakeware-Wholesale-150x150.webp 150w, https:\/\/jinhuaceramic.com\/wp-content\/uploads\/2025\/09\/Custom-Baking-Dish-with-Ripple-Texture-Ceramic-Kitchen-Bakeware-Wholesale-768x768.webp 768w, https:\/\/jinhuaceramic.com\/wp-content\/uploads\/2025\/09\/Custom-Baking-Dish-with-Ripple-Texture-Ceramic-Kitchen-Bakeware-Wholesale-12x12.webp 12w, https:\/\/jinhuaceramic.com\/wp-content\/uploads\/2025\/09\/Custom-Baking-Dish-with-Ripple-Texture-Ceramic-Kitchen-Bakeware-Wholesale-285x285.webp 285w, https:\/\/jinhuaceramic.com\/wp-content\/uploads\/2025\/09\/Custom-Baking-Dish-with-Ripple-Texture-Ceramic-Kitchen-Bakeware-Wholesale-270x270.webp 270w, https:\/\/jinhuaceramic.com\/wp-content\/uploads\/2025\/09\/Custom-Baking-Dish-with-Ripple-Texture-Ceramic-Kitchen-Bakeware-Wholesale-540x540.webp 540w, https:\/\/jinhuaceramic.com\/wp-content\/uploads\/2025\/09\/Custom-Baking-Dish-with-Ripple-Texture-Ceramic-Kitchen-Bakeware-Wholesale-660x660.webp 660w\" sizes=\"(max-width: 1000px) 100vw, 1000px\" \/><\/figure>\n<\/div>\n<\/div>","protected":false},"excerpt":{"rendered":"<p>Bienvenido a la compra al por mayor de bandejas de cer\u00e1mica para hornear. Estos utensilios de cocina al por mayor se han convertido en herramientas esenciales para hornear en la cocina debido a su elegante color, exquisita textura, buena durabilidad y pr\u00e1cticas caracter\u00edsticas funcionales.<\/p>","protected":false},"featured_media":10543,"comment_status":"closed","ping_status":"closed","template":"","meta":{"_acf_changed":false},"product_brand":[],"product_cat":[53],"product_tag":[71],"class_list":{"0":"post-10539","1":"product","2":"type-product","3":"status-publish","4":"has-post-thumbnail","6":"product_cat-bakeware-in-bulk","7":"product_tag-wholesale-baking-pans","9":"first","10":"instock","11":"shipping-taxable","12":"product-type-simple"},"acf":[],"_links":{"self":[{"href":"https:\/\/jinhuaceramic.com\/es\/wp-json\/wp\/v2\/product\/10539","targetHints":{"allow":["GET"]}}],"collection":[{"href":"https:\/\/jinhuaceramic.com\/es\/wp-json\/wp\/v2\/product"}],"about":[{"href":"https:\/\/jinhuaceramic.com\/es\/wp-json\/wp\/v2\/types\/product"}],"replies":[{"embeddable":true,"href":"https:\/\/jinhuaceramic.com\/es\/wp-json\/wp\/v2\/comments?post=10539"}],"version-history":[{"count":0,"href":"https:\/\/jinhuaceramic.com\/es\/wp-json\/wp\/v2\/product\/10539\/revisions"}],"wp:featuredmedia":[{"embeddable":true,"href":"https:\/\/jinhuaceramic.com\/es\/wp-json\/wp\/v2\/media\/10543"}],"wp:attachment":[{"href":"https:\/\/jinhuaceramic.com\/es\/wp-json\/wp\/v2\/media?parent=10539"}],"wp:term":[{"taxonomy":"product_brand","embeddable":true,"href":"https:\/\/jinhuaceramic.com\/es\/wp-json\/wp\/v2\/product_brand?post=10539"},{"taxonomy":"product_cat","embeddable":true,"href":"https:\/\/jinhuaceramic.com\/es\/wp-json\/wp\/v2\/product_cat?post=10539"},{"taxonomy":"product_tag","embeddable":true,"href":"https:\/\/jinhuaceramic.com\/es\/wp-json\/wp\/v2\/product_tag?post=10539"}],"curies":[{"name":"wp","href":"https:\/\/api.w.org\/{rel}","templated":true}]}}