{"id":10548,"date":"2025-10-16T08:54:16","date_gmt":"2025-10-16T08:54:16","guid":{"rendered":"https:\/\/jinhuaceramic.com\/?post_type=product&#038;p=10548"},"modified":"2025-11-12T01:15:50","modified_gmt":"2025-11-12T01:15:50","slug":"ceramic-pie-pans-in-bulk","status":"publish","type":"product","link":"https:\/\/jinhuaceramic.com\/es\/product\/ceramic-pie-pans-in-bulk\/","title":{"rendered":"Moldes de cer\u00e1mica para tartas a granel, moldes a medida con bordes ondulados"},"content":{"rendered":"<div class=\"wp-block-columns is-layout-flex wp-container-core-columns-is-layout-9d6595d7 wp-block-columns-is-layout-flex\">\n<div class=\"wp-block-column is-layout-flow wp-block-column-is-layout-flow\">\n<h3 class=\"wp-block-heading\">Caracter\u00edsticas de los moldes de cer\u00e1mica para tartas a granel:<\/h3>\n\n\n\n<ul class=\"wp-block-list\">\n<li><strong>Bordes ondulados: <\/strong>Estos moldes personalizados tienen un dise\u00f1o ondulado caracter\u00edstico en los bordes, que no s\u00f3lo ayuda a que los bordes queden crujientes, sino que tambi\u00e9n rompe con el mon\u00f3tono perfil recto de los moldes normales, aportando flexibilidad y elegancia, como si se abriera una flor.<\/li>\n\n\n\n<li><strong>Look elegante:<\/strong> Los moldes de cer\u00e1mica para tartas a granel son principalmente de un cl\u00e1sico color blanco con bordes estampados de jengibre que tambi\u00e9n resultan visualmente atractivos y pueden ser un elemento decorativo en la mesa del comedor, mejorando la experiencia gastron\u00f3mica.<\/li>\n\n\n\n<li><strong>Calidad de construcci\u00f3n: <\/strong>Los moldes cer\u00e1micos de alta calidad para tartas a granel tienen una s\u00f3lida conductividad t\u00e9rmica, lo que permite que la placa distribuya uniformemente el calor dentro de los alimentos y la bandeja durante el horneado, consiguiendo un nivel adecuado de calor en los ingredientes y evitando al mismo tiempo la cocci\u00f3n insuficiente o las quemaduras locales.<\/li>\n\n\n\n<li><strong>Variedad de usos: <\/strong>Estas bandejas de hornear personalizadas de forma redonda son adecuadas para hornear una gran variedad de postres como tartas, pasteles, junto con carne, verduras y otros alimentos, para satisfacer muchas peticiones culinarias y en muchas situaciones de uso.<\/li>\n<\/ul>\n<\/div>\n\n\n\n<div class=\"wp-block-column is-layout-flow wp-block-column-is-layout-flow\">\n<figure class=\"wp-block-image size-full\"><img fetchpriority=\"high\" decoding=\"async\" width=\"1600\" height=\"1600\" src=\"https:\/\/jinhuaceramic.com\/wp-content\/uploads\/2025\/09\/Custom-Baking-Pan-with-Wavy-Edges-Ceramic-Kitchen-Bakeware-Wholesale-3.webp\" alt=\"moldes de cer\u00e1mica a granel con bordes ondulados para hornear-suministro-3\" class=\"wp-image-10550\" srcset=\"https:\/\/jinhuaceramic.com\/wp-content\/uploads\/2025\/09\/Custom-Baking-Pan-with-Wavy-Edges-Ceramic-Kitchen-Bakeware-Wholesale-3.webp 1600w, https:\/\/jinhuaceramic.com\/wp-content\/uploads\/2025\/09\/Custom-Baking-Pan-with-Wavy-Edges-Ceramic-Kitchen-Bakeware-Wholesale-3-300x300.webp 300w, https:\/\/jinhuaceramic.com\/wp-content\/uploads\/2025\/09\/Custom-Baking-Pan-with-Wavy-Edges-Ceramic-Kitchen-Bakeware-Wholesale-3-150x150.webp 150w, https:\/\/jinhuaceramic.com\/wp-content\/uploads\/2025\/09\/Custom-Baking-Pan-with-Wavy-Edges-Ceramic-Kitchen-Bakeware-Wholesale-3-768x768.webp 768w, https:\/\/jinhuaceramic.com\/wp-content\/uploads\/2025\/09\/Custom-Baking-Pan-with-Wavy-Edges-Ceramic-Kitchen-Bakeware-Wholesale-3-12x12.webp 12w, https:\/\/jinhuaceramic.com\/wp-content\/uploads\/2025\/09\/Custom-Baking-Pan-with-Wavy-Edges-Ceramic-Kitchen-Bakeware-Wholesale-3-285x285.webp 285w, https:\/\/jinhuaceramic.com\/wp-content\/uploads\/2025\/09\/Custom-Baking-Pan-with-Wavy-Edges-Ceramic-Kitchen-Bakeware-Wholesale-3-270x270.webp 270w, https:\/\/jinhuaceramic.com\/wp-content\/uploads\/2025\/09\/Custom-Baking-Pan-with-Wavy-Edges-Ceramic-Kitchen-Bakeware-Wholesale-3-540x540.webp 540w, https:\/\/jinhuaceramic.com\/wp-content\/uploads\/2025\/09\/Custom-Baking-Pan-with-Wavy-Edges-Ceramic-Kitchen-Bakeware-Wholesale-3-660x660.webp 660w\" sizes=\"(max-width: 1600px) 100vw, 1600px\" \/><\/figure>\n<\/div>\n<\/div>","protected":false},"excerpt":{"rendered":"<p>Bienvenido a comprar nuestros moldes de cer\u00e1mica para tartas al por mayor. Nuestros moldes redondos para hornear al por mayor son la mezcla ideal de bordes ondulados especiales, magn\u00edfica combinaci\u00f3n de colores, cer\u00e1mica de primera calidad y elementos pr\u00e1cticos funcionales. Magn\u00edficos y funcionales, estos moldes son una gran elecci\u00f3n tanto para cocinar a diario en familia como para decorar la mesa en fiestas especiales.<\/p>","protected":false},"featured_media":10556,"comment_status":"closed","ping_status":"closed","template":"","meta":{"_acf_changed":false},"product_brand":[],"product_cat":[53],"product_tag":[70,71],"class_list":{"0":"post-10548","1":"product","2":"type-product","3":"status-publish","4":"has-post-thumbnail","6":"product_cat-bakeware-in-bulk","7":"product_tag-custom-pie-pans","8":"product_tag-wholesale-baking-pans","10":"first","11":"instock","12":"shipping-taxable","13":"product-type-simple"},"acf":[],"_links":{"self":[{"href":"https:\/\/jinhuaceramic.com\/es\/wp-json\/wp\/v2\/product\/10548","targetHints":{"allow":["GET"]}}],"collection":[{"href":"https:\/\/jinhuaceramic.com\/es\/wp-json\/wp\/v2\/product"}],"about":[{"href":"https:\/\/jinhuaceramic.com\/es\/wp-json\/wp\/v2\/types\/product"}],"replies":[{"embeddable":true,"href":"https:\/\/jinhuaceramic.com\/es\/wp-json\/wp\/v2\/comments?post=10548"}],"version-history":[{"count":0,"href":"https:\/\/jinhuaceramic.com\/es\/wp-json\/wp\/v2\/product\/10548\/revisions"}],"wp:featuredmedia":[{"embeddable":true,"href":"https:\/\/jinhuaceramic.com\/es\/wp-json\/wp\/v2\/media\/10556"}],"wp:attachment":[{"href":"https:\/\/jinhuaceramic.com\/es\/wp-json\/wp\/v2\/media?parent=10548"}],"wp:term":[{"taxonomy":"product_brand","embeddable":true,"href":"https:\/\/jinhuaceramic.com\/es\/wp-json\/wp\/v2\/product_brand?post=10548"},{"taxonomy":"product_cat","embeddable":true,"href":"https:\/\/jinhuaceramic.com\/es\/wp-json\/wp\/v2\/product_cat?post=10548"},{"taxonomy":"product_tag","embeddable":true,"href":"https:\/\/jinhuaceramic.com\/es\/wp-json\/wp\/v2\/product_tag?post=10548"}],"curies":[{"name":"wp","href":"https:\/\/api.w.org\/{rel}","templated":true}]}}